{"id":10706,"date":"2022-08-12T12:46:42","date_gmt":"2022-08-12T12:46:42","guid":{"rendered":"https:\/\/emailtree.ai\/bpo\/"},"modified":"2022-09-13T08:56:32","modified_gmt":"2022-09-13T08:56:32","slug":"bpo-loesung","status":"publish","type":"page","link":"https:\/\/emailtree.ai\/de\/bpo-loesung\/","title":{"rendered":"Solution for BPOs"},"content":{"rendered":"<h1>    KI <span>Assistent<\/span> gewidmet f\u00fcr BPO- und SSC-Kundenserviceleiter<\/h1>\n<p style=\"\">Verbessern Sie Ihre Produktivit\u00e4t um ca. 30 % und sogar mehr mit einer KI-gesteuerten digitalen rechten Hand.<\/p>\n<p style=\"text-align: center;\"><strong>Welche Auswirkungen hat unsere KI-Automatisierungssoftware auf BPO ?<\/strong><\/p>\n<p><span><img decoding=\"async\" alt=\"\" data-id=\"9777\" data-init-width=\"15\" data-init-height=\"12\" title=\"Label\" src=\"https:\/\/emailtree.ai\/wp-content\/uploads\/Label.png\" data-width=\"15\" data-height=\"12\" style=\"\" loading=\"lazy\" width=\"15\" height=\"12\"><\/span><\/p>\n<p style=\"\"><span style=\"\">Betriebskosten senken<\/span><\/p>\n<p><span><img decoding=\"async\" alt=\"\" data-id=\"9783\" data-init-width=\"17\" data-init-height=\"12\" title=\"Label (1)\" src=\"https:\/\/emailtree.ai\/wp-content\/uploads\/Label-1.png\" data-width=\"15\" data-height=\"11\" style=\"\" loading=\"lazy\" width=\"15\" height=\"11\"><\/span><\/p>\n<p style=\"\"><span style=\"\">Menschliche Fehler reduzieren<\/span><\/p>\n<p><span><img decoding=\"async\" alt=\"\" data-id=\"9865\" data-init-width=\"19\" data-init-height=\"16\" title=\"Label (2)\" src=\"https:\/\/emailtree.ai\/wp-content\/uploads\/Label-2.png\" data-width=\"14\" data-height=\"12\" style=\"\" loading=\"lazy\" width=\"14\" height=\"12\"><\/span><\/p>\n<p style=\"\"><span style=\"\"><span lang=\"de\"><span data-language-for-alternatives=\"de\" data-language-to-translate-into=\"en\" data-number-of-phrases=\"1\" data-phrase-index=\"0\">Agentenbindung maximieren<\/span><\/span><\/span><\/p>\n<p><span><img decoding=\"async\" alt=\"\" data-id=\"9871\" data-init-width=\"16\" data-init-height=\"16\" title=\"Label (3)\" src=\"https:\/\/emailtree.ai\/wp-content\/uploads\/Label-3.png\" data-width=\"14\" data-height=\"14\" style=\"\" loading=\"lazy\" width=\"14\" height=\"14\"><\/span><\/p>\n<p style=\"\"><span style=\"\">Gesch\u00e4ftsabl\u00e4ufe verbessern<\/span><\/p>\n<p><span><img decoding=\"async\" alt=\"\" data-id=\"9909\" data-init-width=\"15\" data-init-height=\"15\" title=\"\uf017\" src=\"https:\/\/emailtree.ai\/wp-content\/uploads\/\uf017.png\" data-width=\"15\" data-height=\"15\" loading=\"lazy\" width=\"15\" height=\"15\"><\/span><\/p>\n<p style=\"text-align: left;\"><span><span style=\"font-size: 12px; font-family: &quot;Open Sans&quot;; font-weight: 400;\">30 min<\/span><\/span><\/p>\n<p><span><img decoding=\"async\" alt=\"\" data-id=\"9916\" data-init-width=\"17\" data-init-height=\"11\" title=\"\uf03d\" src=\"https:\/\/emailtree.ai\/wp-content\/uploads\/\uf03d.png\" data-width=\"15\" data-height=\"10\" loading=\"lazy\" width=\"15\" height=\"10\"><\/span><\/p>\n<p style=\"text-align: left;\"><span><span style=\"font-size: 12px; font-family: &quot;Open Sans&quot;; font-weight: 400;\">Einzelheiten zu Webkonferenzenwerden nach Best\u00e4tigung bereitgestellt.<\/span><\/span><\/p>\n<p><span><img decoding=\"async\" alt=\"\" data-id=\"9834\" data-init-width=\"46\" data-init-height=\"46\" title=\"Group 742\" src=\"https:\/\/emailtree.ai\/wp-content\/uploads\/Group-742.png\" data-width=\"46\" data-height=\"46\" loading=\"lazy\" width=\"46\" height=\"46\"><\/span><\/p>\n<p style=\"\"><strong>Erf\u00fcllen Sie immer das Budget Ihrer Kunden<\/strong><\/p>\n<p><span><img decoding=\"async\" alt=\"\" data-id=\"9925\" data-init-width=\"47\" data-init-height=\"46\" title=\"Group 739\" src=\"https:\/\/emailtree.ai\/wp-content\/uploads\/Group-739.png\" data-width=\"44\" data-height=\"44\" loading=\"lazy\" width=\"44\" height=\"44\"><\/span><\/p>\n<p style=\"\"><strong>Reduzieren Sie Ihren Arbeitsaufwand <\/strong><\/p>\n<p><span><img decoding=\"async\" alt=\"\" data-id=\"9931\" data-init-width=\"46\" data-init-height=\"46\" title=\"Group 740\" src=\"https:\/\/emailtree.ai\/wp-content\/uploads\/Group-740.png\" data-width=\"44\" data-height=\"44\" loading=\"lazy\" width=\"44\" height=\"44\"><\/span><\/p>\n<p style=\"\"><strong>Verbessern Sie die Leistung Ihrer Agenten<\/strong><\/p>\n<p style=\"\">Kundenservice f\u00fcr das digitale Zeitalter<\/p>\n<h3 style=\"\"><strong>Integrieren Sie unsere K\u00fcnstliche Intelligenz in jedes Tool die Ihre Kunden verwenden<\/strong><\/h3>\n<p><span style=\"font-size: 16px; font-family: &quot;Open Sans&quot;; font-weight: 400; color: rgb(59, 67, 84);\">EmailTree wurde entwickelt, um Ihrem Team zu helfen, die Produktivit\u00e4t zu steigern. Integrationen sind mit <strong>Outlook, Zendesk<\/strong>, <strong>Salesforce<\/strong> verf\u00fcgbar und mit einer agnostischen <strong>Chrome Erweiterung&nbsp;<\/strong>welche speziell f\u00fcr BPOs entwickelt wurde, k\u00f6nnen Sie automatisierte Antworten in jedes CRM-System oder jeden Kanal integrieren.Ihre Agenten profitieren von einer verbesserten Erfahrung im Umgang mit Ihren Kunden oder Interessenten.Mit der Chrome-Erweiterung haben Sie die M\u00f6glichkeit, sofort zu antworten und alle Ihre Kommunikationskan\u00e4le, beispielsweise Messaging, Chat oder andere soziale Medien, zu verwalten und dabei die Bindung Ihres Teams und Ihrer Kunden zu verbessern. Die Installation kann schnell, ohne dass eine Integration erforderlich ist, get\u00e4tigt werden.<\/span><span><img decoding=\"async\" alt=\"\" data-id=\"9842\" data-init-width=\"893\" data-init-height=\"870\" title=\"pana\" src=\"https:\/\/emailtree.ai\/wp-content\/uploads\/pana.png\" data-width=\"445\" data-height=\"433\" loading=\"lazy\" width=\"445\" height=\"433\"><\/span><span><img decoding=\"async\" alt=\"\" data-id=\"9849\" data-init-width=\"944\" data-init-height=\"1000\" title=\"Frame 767\" src=\"https:\/\/emailtree.ai\/wp-content\/uploads\/Frame-767.png\" data-width=\"465\" data-height=\"492\" loading=\"lazy\" width=\"465\" height=\"492\"><\/span><\/p>\n<p style=\"\"><strong>Ein Kanal, eine Antwort<\/strong><\/p>\n<h3 style=\"\"><strong>Jede Situation verlangt nach der besten Antwort<\/strong><\/h3>\n<p><span style=\"font-family: &quot;Open Sans&quot;; font-weight: 400; font-size: 16px; color: rgb(59, 67, 84);\">Wir verstehen, als BPO, dass sich Ihre Agenten an die Bed\u00fcrfnisse Ihrer Kunden und der Endnutzer ihrer Dienstleistungen oder Produkte anpassen m\u00fcssen.Es kann schwierig sein, den \u00dcberblick \u00fcber so viele verschiedene Kan\u00e4le zu behalten, die sie verwalten und auf die sie reagieren m\u00fcssen.Verschwenden Sie keine Zeit damit, Ihre Antwort an den vom Kunden verwendeten Kanal und die gestellte Frage anzupassen.Egal welchen Kanal Sie nutzen, die Anliegen Ihrer Kunden werden bestm\u00f6glich adressiert!<\/span><\/p>\n<h3 style=\"text-align: center;\">Entdecken Sie, warum Webhelp Emailtree.ai ausgew\u00e4hlt hat, um Webhelps Kunden zu betreuen.<\/h3>\n<p style=\"\">Automatisierung ist der Weg<\/p>\n<h3 style=\"\"><strong>Reduzieren Sie Ihre Betriebskosten<\/strong><\/h3>\n<p><span style=\"font-family: &quot;Open Sans&quot;; font-weight: 400; font-size: 16px; color: rgb(59, 67, 84);\">Kostensenkung ist ein zentrales Anliegen f\u00fcr BPO oder SSC. Eine der effektivsten M\u00f6glichkeiten, Kosten zu senken, besteht darin, Ihre Produktivit\u00e4t zu steigern, indem Sie sich wiederholende Aufgaben automatisieren, die wenig menschliche F\u00e4higkeiten erfordern.Von der Ticketklassifizierung bis hin zu automatisierten End-to-End-Antworten profitieren Sie von Kosteneinsparungen, indem Sie die gleiche Arbeitslast mit den gleichen Ressourcen produzieren.EmailTree bietet nach den ersten Verwendungen, eine qualitativ hochwertige Antwort auf neuen oder weniger experimentierten Agenten. Die Zeit des Onboardings wird erheblich verk\u00fcrzt und die Produktivit\u00e4t des Teams ohne Zeitverlust wird gesteigert.<\/span><span style=\"font-family: &quot;Open Sans&quot;; font-weight: 400; font-size: 14px; color: rgb(59, 67, 84);\"><\/span><\/p>\n<p><span><img decoding=\"async\" alt=\"\" data-id=\"10003\" data-init-width=\"1000\" data-init-height=\"1000\" title=\"Frame 768\" src=\"https:\/\/emailtree.ai\/wp-content\/uploads\/Frame-768.png\" data-width=\"445\" data-height=\"445\" loading=\"lazy\" width=\"445\" height=\"445\"><\/span><\/p>\n<h3 style=\"text-align: left;\"><strong>Verbessern Sie Ihre Prozesse in der BPO-Industrie<\/strong><\/h3>\n<p style=\"text-align: left;\">and build stronger relationship with your customers<\/p>\n<p><span><img decoding=\"async\" alt=\"Process improvement with EmailTree\" data-id=\"10513\" data-init-width=\"1970\" data-init-height=\"1164\" title=\"Process improvement with EmailTree\" src=\"https:\/\/emailtree.ai\/wp-content\/uploads\/Process-improvement-with-EmailTree.png\" data-width=\"944\" data-height=\"558\" style=\"\" loading=\"lazy\" width=\"944\" height=\"558\"><\/span><span><img decoding=\"async\" alt=\"Process improvement with EmailTree vertical\" data-id=\"10520\" data-init-width=\"722\" data-init-height=\"2500\" title=\"Process improvement with EmailTree vertical\" src=\"https:\/\/emailtree.ai\/wp-content\/uploads\/Process-improvement-with-EmailTree-vertical.png\" data-width=\"722\" data-height=\"2500\" loading=\"lazy\" width=\"722\" height=\"2500\"><\/span><\/p>\n<p style=\"\">Aktuelle Blogartikel<\/p>\n<p><a href=\"https:\/\/emailtree.ai\/de\/blog-de\/5-unterschiede-zwischen-kundendienst-und-kunden-support\/\" title=\"5 Unterschiede zwischen Kundendienst und Kundensupport\" data-type-url=\"post_url\" data-type-display=\"default_image\" data-size=\"large\" data-post_id=\"7621\"><img decoding=\"async\" width=\"1024\" height=\"655\" src=\"https:\/\/emailtree.ai\/wp-content\/uploads\/5-differences-between-customer-service-and-customer-support-high-def-1024x655.jpg\" alt=\"5-differences-between-customer-service-and-customer-support-high-def\" loading=\"lazy\" srcset=\"https:\/\/emailtree.ai\/wp-content\/uploads\/5-differences-between-customer-service-and-customer-support-high-def-1024x655.jpg 1024w, https:\/\/emailtree.ai\/wp-content\/uploads\/5-differences-between-customer-service-and-customer-support-high-def-300x192.jpg 300w, https:\/\/emailtree.ai\/wp-content\/uploads\/5-differences-between-customer-service-and-customer-support-high-def-768x491.jpg 768w, https:\/\/emailtree.ai\/wp-content\/uploads\/5-differences-between-customer-service-and-customer-support-high-def-1536x982.jpg 1536w, https:\/\/emailtree.ai\/wp-content\/uploads\/5-differences-between-customer-service-and-customer-support-high-def-2048x1309.jpg 2048w\" sizes=\"(max-width: 1024px) 100vw, 1024px\" \/><\/a><\/p>\n<h2 style=\"\"><span data-attr-link=\"0\" data-attr-rel=\"0\" data-attr-target=\"0\" data-extra_key=\"\" data-option-inline=\"1\" data-shortcode=\"tcb_post_title\" data-shortcode-name=\"Post title\" style=\"\">5 Unterschiede zwischen Kundendienst und Kundensupport<\/span> <\/h2>\n<p>Aktuell dreht sich alles um das Kundenerlebnis \u2013 selbst wenn der Kunde <a href=\"https:\/\/emailtree.ai\/de\/blog-de\/5-unterschiede-zwischen-kundendienst-und-kunden-support\/#more-7621\"><\/a><\/p>\n<p><a href=\"https:\/\/emailtree.ai\/de\/blog-de\/5-unterschiede-zwischen-kundendienst-und-kunden-support\/\" style=\"\"><span><span style=\"\"><strong>See More<\/strong><\/span><\/span><\/a><a href=\"https:\/\/emailtree.ai\/de\/blog-de\/13-besten-chrome-anwendungen\/\" title=\"Die 13 besten Chrome Erweiterungen f\u00fcr Ihren Kundendienst\" data-type-url=\"post_url\" data-type-display=\"default_image\" data-size=\"large\" data-post_id=\"3694\"><img decoding=\"async\" width=\"1024\" height=\"655\" src=\"https:\/\/emailtree.ai\/wp-content\/uploads\/13-best-chrome-extensions-1024x655.jpg\" alt=\"13-best-chrome-extensions\" loading=\"lazy\" srcset=\"https:\/\/emailtree.ai\/wp-content\/uploads\/13-best-chrome-extensions-1024x655.jpg 1024w, https:\/\/emailtree.ai\/wp-content\/uploads\/13-best-chrome-extensions-300x192.jpg 300w, https:\/\/emailtree.ai\/wp-content\/uploads\/13-best-chrome-extensions-768x491.jpg 768w, https:\/\/emailtree.ai\/wp-content\/uploads\/13-best-chrome-extensions-1536x982.jpg 1536w, https:\/\/emailtree.ai\/wp-content\/uploads\/13-best-chrome-extensions-2048x1309.jpg 2048w\" sizes=\"(max-width: 1024px) 100vw, 1024px\" \/><\/a><\/p>\n<h2 style=\"\"><span data-attr-link=\"0\" data-attr-rel=\"0\" data-attr-target=\"0\" data-extra_key=\"\" data-option-inline=\"1\" data-shortcode=\"tcb_post_title\" data-shortcode-name=\"Post title\" style=\"\">Die 13 besten Chrome Erweiterungen f\u00fcr Ihren Kundendienst<\/span> <\/h2>\n<p>\u200bKundenzufriedenheit ist ein wesentlicher Bestandteil jedes Unternehmens. \u200bUm so gl\u00fccklicher Ihre Kunden <a href=\"https:\/\/emailtree.ai\/de\/blog-de\/13-besten-chrome-anwendungen\/#more-3694\"><\/a><\/p>\n<p><a href=\"https:\/\/emailtree.ai\/de\/blog-de\/13-besten-chrome-anwendungen\/\" style=\"\"><span><span style=\"\"><strong>See More<\/strong><\/span><\/span><\/a><a href=\"https:\/\/emailtree.ai\/de\/blog-de\/25-kundenservice-e-mail-vorlagen\/\" title=\"25 E-Mail Vorlagen zur K\u00fcrzung der Antwortzeiten Ihres Kundenservices\" data-type-url=\"post_url\" data-type-display=\"default_image\" data-size=\"large\" data-post_id=\"3707\"><img decoding=\"async\" width=\"1024\" height=\"655\" src=\"https:\/\/emailtree.ai\/wp-content\/uploads\/25-customer-service-email-templates-1-1024x655.jpg\" alt=\"25-customer-service-email-templates\" loading=\"lazy\" srcset=\"https:\/\/emailtree.ai\/wp-content\/uploads\/25-customer-service-email-templates-1-1024x655.jpg 1024w, https:\/\/emailtree.ai\/wp-content\/uploads\/25-customer-service-email-templates-1-300x192.jpg 300w, https:\/\/emailtree.ai\/wp-content\/uploads\/25-customer-service-email-templates-1-768x491.jpg 768w, https:\/\/emailtree.ai\/wp-content\/uploads\/25-customer-service-email-templates-1-1536x982.jpg 1536w, https:\/\/emailtree.ai\/wp-content\/uploads\/25-customer-service-email-templates-1-2048x1309.jpg 2048w\" sizes=\"(max-width: 1024px) 100vw, 1024px\" \/><\/a><\/p>\n<h2 style=\"\"><span data-attr-link=\"0\" data-attr-rel=\"0\" data-attr-target=\"0\" data-extra_key=\"\" data-option-inline=\"1\" data-shortcode=\"tcb_post_title\" data-shortcode-name=\"Post title\" style=\"\">25 E-Mail Vorlagen zur K\u00fcrzung der Antwortzeiten Ihres Kundenservices<\/span> <\/h2>\n<p>F\u00fcr Kundendienstmitarbeiter sind E-Mails das A und O des Jobs. Gute E-Mails <a href=\"https:\/\/emailtree.ai\/de\/blog-de\/25-kundenservice-e-mail-vorlagen\/#more-3707\"><\/a><\/p>\n<p><a href=\"https:\/\/emailtree.ai\/de\/blog-de\/25-kundenservice-e-mail-vorlagen\/\" style=\"\"><span><span style=\"\"><strong>See More<\/strong><\/span><\/span><\/a><\/p>\n","protected":false},"excerpt":{"rendered":"<p>KI Assistent gewidmet f\u00fcr BPO- und SSC-Kundenserviceleiter Verbessern Sie Ihre Produktivit\u00e4t um ca. 30 % und sogar mehr mit einer KI-gesteuerten digitalen rechten Hand. Welche Auswirkungen hat unsere KI-Automatisierungssoftware auf BPO ? Betriebskosten senken Menschliche Fehler reduzieren Agentenbindung maximieren Gesch\u00e4ftsabl\u00e4ufe verbessern 30 min Einzelheiten zu Webkonferenzenwerden nach Best\u00e4tigung bereitgestellt. Erf\u00fcllen Sie immer das Budget Ihrer [&hellip;]<\/p>\n","protected":false},"author":8,"featured_media":10397,"parent":0,"menu_order":0,"comment_status":"closed","ping_status":"closed","template":"","meta":{"footnotes":""},"class_list":["post-10706","page","type-page","status-publish","has-post-thumbnail","hentry","post-wrapper","thrv_wrapper"],"yoast_head":"<!-- This site is optimized with the Yoast SEO plugin v23.6 - https:\/\/yoast.com\/wordpress\/plugins\/seo\/ -->\n<title>Automatisierungssoftware f\u00fcr BPO | Kundenverwaltung | EmailTree.ai<\/title>\n<meta name=\"description\" content=\"KI-L\u00f6sung f\u00fcr BPO zur Steigerung der Produktivit\u00e4t | Betriebskosten senken | Reduzieren Sie menschliche Fehler\" \/>\n<meta name=\"robots\" content=\"index, follow, max-snippet:-1, max-image-preview:large, max-video-preview:-1\" \/>\n<link rel=\"canonical\" href=\"https:\/\/emailtree.ai\/de\/bpo-loesung\/\" \/>\n<meta property=\"og:locale\" content=\"de_DE\" \/>\n<meta property=\"og:type\" content=\"article\" \/>\n<meta property=\"og:title\" content=\"Automatisierungssoftware f\u00fcr BPO | Kundenverwaltung | EmailTree.ai\" \/>\n<meta property=\"og:description\" content=\"KI-L\u00f6sung f\u00fcr BPO zur Steigerung der Produktivit\u00e4t | Betriebskosten senken | Reduzieren Sie menschliche Fehler\" \/>\n<meta property=\"og:url\" content=\"https:\/\/emailtree.ai\/de\/bpo-loesung\/\" \/>\n<meta property=\"og:site_name\" content=\"EmailTree AI\" \/>\n<meta property=\"article:modified_time\" content=\"2022-09-13T08:56:32+00:00\" \/>\n<meta property=\"og:image\" content=\"https:\/\/emailtree.ai\/wp-content\/uploads\/5-ways-you-can-leverage-automation-in-BPO-620x628-1.jpg\" \/>\n\t<meta property=\"og:image:width\" content=\"620\" \/>\n\t<meta property=\"og:image:height\" content=\"628\" \/>\n\t<meta property=\"og:image:type\" content=\"image\/jpeg\" \/>\n<meta name=\"twitter:card\" content=\"summary_large_image\" \/>\n<meta name=\"twitter:label1\" content=\"Gesch\u00e4tzte Lesezeit\" \/>\n\t<meta name=\"twitter:data1\" content=\"6\u00a0Minuten\" \/>\n<script type=\"application\/ld+json\" class=\"yoast-schema-graph\">{\"@context\":\"https:\/\/schema.org\",\"@graph\":[{\"@type\":\"WebPage\",\"@id\":\"https:\/\/emailtree.ai\/de\/bpo-loesung\/\",\"url\":\"https:\/\/emailtree.ai\/de\/bpo-loesung\/\",\"name\":\"Automatisierungssoftware f\u00fcr BPO | Kundenverwaltung | EmailTree.ai\",\"isPartOf\":{\"@id\":\"https:\/\/emailtree.ai\/de\/#website\"},\"primaryImageOfPage\":{\"@id\":\"https:\/\/emailtree.ai\/de\/bpo-loesung\/#primaryimage\"},\"image\":{\"@id\":\"https:\/\/emailtree.ai\/de\/bpo-loesung\/#primaryimage\"},\"thumbnailUrl\":\"https:\/\/emailtree.ai\/wp-content\/uploads\/5-ways-you-can-leverage-automation-in-BPO-620x628-1.jpg\",\"datePublished\":\"2022-08-12T12:46:42+00:00\",\"dateModified\":\"2022-09-13T08:56:32+00:00\",\"description\":\"KI-L\u00f6sung f\u00fcr BPO zur Steigerung der Produktivit\u00e4t | Betriebskosten senken | Reduzieren Sie menschliche Fehler\",\"breadcrumb\":{\"@id\":\"https:\/\/emailtree.ai\/de\/bpo-loesung\/#breadcrumb\"},\"inLanguage\":\"de\",\"potentialAction\":[{\"@type\":\"ReadAction\",\"target\":[\"https:\/\/emailtree.ai\/de\/bpo-loesung\/\"]}]},{\"@type\":\"ImageObject\",\"inLanguage\":\"de\",\"@id\":\"https:\/\/emailtree.ai\/de\/bpo-loesung\/#primaryimage\",\"url\":\"https:\/\/emailtree.ai\/wp-content\/uploads\/5-ways-you-can-leverage-automation-in-BPO-620x628-1.jpg\",\"contentUrl\":\"https:\/\/emailtree.ai\/wp-content\/uploads\/5-ways-you-can-leverage-automation-in-BPO-620x628-1.jpg\",\"width\":620,\"height\":628,\"caption\":\"AI assistant For BPO\"},{\"@type\":\"BreadcrumbList\",\"@id\":\"https:\/\/emailtree.ai\/de\/bpo-loesung\/#breadcrumb\",\"itemListElement\":[{\"@type\":\"ListItem\",\"position\":1,\"name\":\"Home\",\"item\":\"https:\/\/emailtree.ai\/de\/\"},{\"@type\":\"ListItem\",\"position\":2,\"name\":\"Solution for BPOs\"}]},{\"@type\":\"WebSite\",\"@id\":\"https:\/\/emailtree.ai\/de\/#website\",\"url\":\"https:\/\/emailtree.ai\/de\/\",\"name\":\"EmailTree AI\",\"description\":\"Customer Service Hyperautomation\",\"potentialAction\":[{\"@type\":\"SearchAction\",\"target\":{\"@type\":\"EntryPoint\",\"urlTemplate\":\"https:\/\/emailtree.ai\/de\/?s={search_term_string}\"},\"query-input\":{\"@type\":\"PropertyValueSpecification\",\"valueRequired\":true,\"valueName\":\"search_term_string\"}}],\"inLanguage\":\"de\"}]}<\/script>\n<!-- \/ Yoast SEO plugin. -->","yoast_head_json":{"title":"Automatisierungssoftware f\u00fcr BPO | Kundenverwaltung | EmailTree.ai","description":"KI-L\u00f6sung f\u00fcr BPO zur Steigerung der Produktivit\u00e4t | Betriebskosten senken | Reduzieren Sie menschliche Fehler","robots":{"index":"index","follow":"follow","max-snippet":"max-snippet:-1","max-image-preview":"max-image-preview:large","max-video-preview":"max-video-preview:-1"},"canonical":"https:\/\/emailtree.ai\/de\/bpo-loesung\/","og_locale":"de_DE","og_type":"article","og_title":"Automatisierungssoftware f\u00fcr BPO | Kundenverwaltung | EmailTree.ai","og_description":"KI-L\u00f6sung f\u00fcr BPO zur Steigerung der Produktivit\u00e4t | Betriebskosten senken | Reduzieren Sie menschliche Fehler","og_url":"https:\/\/emailtree.ai\/de\/bpo-loesung\/","og_site_name":"EmailTree AI","article_modified_time":"2022-09-13T08:56:32+00:00","og_image":[{"width":620,"height":628,"url":"https:\/\/emailtree.ai\/wp-content\/uploads\/5-ways-you-can-leverage-automation-in-BPO-620x628-1.jpg","type":"image\/jpeg"}],"twitter_card":"summary_large_image","twitter_misc":{"Gesch\u00e4tzte Lesezeit":"6\u00a0Minuten"},"schema":{"@context":"https:\/\/schema.org","@graph":[{"@type":"WebPage","@id":"https:\/\/emailtree.ai\/de\/bpo-loesung\/","url":"https:\/\/emailtree.ai\/de\/bpo-loesung\/","name":"Automatisierungssoftware f\u00fcr BPO | Kundenverwaltung | EmailTree.ai","isPartOf":{"@id":"https:\/\/emailtree.ai\/de\/#website"},"primaryImageOfPage":{"@id":"https:\/\/emailtree.ai\/de\/bpo-loesung\/#primaryimage"},"image":{"@id":"https:\/\/emailtree.ai\/de\/bpo-loesung\/#primaryimage"},"thumbnailUrl":"https:\/\/emailtree.ai\/wp-content\/uploads\/5-ways-you-can-leverage-automation-in-BPO-620x628-1.jpg","datePublished":"2022-08-12T12:46:42+00:00","dateModified":"2022-09-13T08:56:32+00:00","description":"KI-L\u00f6sung f\u00fcr BPO zur Steigerung der Produktivit\u00e4t | Betriebskosten senken | Reduzieren Sie menschliche Fehler","breadcrumb":{"@id":"https:\/\/emailtree.ai\/de\/bpo-loesung\/#breadcrumb"},"inLanguage":"de","potentialAction":[{"@type":"ReadAction","target":["https:\/\/emailtree.ai\/de\/bpo-loesung\/"]}]},{"@type":"ImageObject","inLanguage":"de","@id":"https:\/\/emailtree.ai\/de\/bpo-loesung\/#primaryimage","url":"https:\/\/emailtree.ai\/wp-content\/uploads\/5-ways-you-can-leverage-automation-in-BPO-620x628-1.jpg","contentUrl":"https:\/\/emailtree.ai\/wp-content\/uploads\/5-ways-you-can-leverage-automation-in-BPO-620x628-1.jpg","width":620,"height":628,"caption":"AI assistant For BPO"},{"@type":"BreadcrumbList","@id":"https:\/\/emailtree.ai\/de\/bpo-loesung\/#breadcrumb","itemListElement":[{"@type":"ListItem","position":1,"name":"Home","item":"https:\/\/emailtree.ai\/de\/"},{"@type":"ListItem","position":2,"name":"Solution for BPOs"}]},{"@type":"WebSite","@id":"https:\/\/emailtree.ai\/de\/#website","url":"https:\/\/emailtree.ai\/de\/","name":"EmailTree AI","description":"Customer Service Hyperautomation","potentialAction":[{"@type":"SearchAction","target":{"@type":"EntryPoint","urlTemplate":"https:\/\/emailtree.ai\/de\/?s={search_term_string}"},"query-input":{"@type":"PropertyValueSpecification","valueRequired":true,"valueName":"search_term_string"}}],"inLanguage":"de"}]}},"_links":{"self":[{"href":"https:\/\/emailtree.ai\/de\/wp-json\/wp\/v2\/pages\/10706"}],"collection":[{"href":"https:\/\/emailtree.ai\/de\/wp-json\/wp\/v2\/pages"}],"about":[{"href":"https:\/\/emailtree.ai\/de\/wp-json\/wp\/v2\/types\/page"}],"author":[{"embeddable":true,"href":"https:\/\/emailtree.ai\/de\/wp-json\/wp\/v2\/users\/8"}],"replies":[{"embeddable":true,"href":"https:\/\/emailtree.ai\/de\/wp-json\/wp\/v2\/comments?post=10706"}],"version-history":[{"count":0,"href":"https:\/\/emailtree.ai\/de\/wp-json\/wp\/v2\/pages\/10706\/revisions"}],"wp:featuredmedia":[{"embeddable":true,"href":"https:\/\/emailtree.ai\/de\/wp-json\/wp\/v2\/media\/10397"}],"wp:attachment":[{"href":"https:\/\/emailtree.ai\/de\/wp-json\/wp\/v2\/media?parent=10706"}],"curies":[{"name":"wp","href":"https:\/\/api.w.org\/{rel}","templated":true}]}}