{"id":20236,"date":"2022-12-05T12:29:37","date_gmt":"2022-12-05T12:29:37","guid":{"rendered":"https:\/\/emailtree.ai\/?page_id=20236"},"modified":"2024-03-21T16:06:12","modified_gmt":"2024-03-21T16:06:12","slug":"dogchef-success-story","status":"publish","type":"page","link":"https:\/\/emailtree.ai\/de\/erfolgsgeschichten\/dogchef-success-story\/","title":{"rendered":"Dog Chef Success Story"},"content":{"rendered":"<h1 style=\"text-align: left;\"><strong>Customer Success Story: Dog Chef<\/strong><\/h1>\n<p><span><img decoding=\"async\" alt=\"\" data-id=\"7819\" width=\"645\" data-init-width=\"939\" height=\"137\" data-init-height=\"200\" title=\"dog chef_logo\" src=\"https:\/\/emailtree.ai\/wp-content\/uploads\/5e1a3854a7d3a25756306d54_LOGO_DOGCHEF_1.png\" data-width=\"645\" data-height=\"137\" style=\"\" loading=\"lazy\"><\/span><\/p>\n<p>&nbsp;<!--EndFragment--><\/p>\n<p style=\"text-align: center;\"><em>\u201eThe strength of EmailTree in terms of AI is really this ultra-personalization side when faced with questions from customers. \u201d<\/em><\/p>\n<p style=\"text-align: center;\"><em>Charlotte Jacquet (Head of Community Delight)<\/em><\/p>\n<p><span><img decoding=\"async\" alt=\"\" data-id=\"7819\" width=\"150\" data-init-width=\"939\" height=\"32\" data-init-height=\"200\" title=\"dog chef_logo\" src=\"https:\/\/emailtree.ai\/wp-content\/uploads\/5e1a3854a7d3a25756306d54_LOGO_DOGCHEF_1.png\" data-width=\"150\" data-height=\"32\" data-link-wrap=\"true\" loading=\"lazy\"><\/span><\/p>\n<p>INDUSTRY: Ecommerce<\/p>\n<p>COUNTRY: Belgium<\/p>\n<p><span style=\"color: inherit;\">CLIENT DESCRIPTION<\/span><\/p>\n<p style=\"\"><span style=\"color: inherit;\">&#8222;We believe that food should be natural &amp; healthy for humans and animals. And guess what ? This is our mission. Dog Chef is a Belgian pet food scale-up cooking personalized fresh and healthy meals for dogs, ordered online &amp; delivered at home for free.&#8220;<\/span><\/p>\n<p><strong><span>1. What is Dog Chef&#8217;s primary activity?<\/span><\/strong>Dog chef is a company that prepares fresh, healthy meals for dogs. These meals are cooked transparently with fresh ingredients. The meals are highly digestible and contain good sources of fiber, which promotes beautiful poop! Dogchef&#8217;s meals are a fantastic source of energy for dogs and promote a healthy immune system.<\/p>\n<p dir=\"ltr\">Today, the company has grown from 4 employees to more than 100 and provides meals for 20,000 dogs. Dog chef&#8217;s mission is to ensure that each dog lives a well-balanced, happy, and healthy life by providing them with nutritious food.<\/p>\n<p><strong>2. <span>The challenge <\/span><\/strong><\/p>\n<p dir=\"ltr\">At Dog chef, we believe that our customers come first.&nbsp;<\/p>\n<p dir=\"ltr\">We are proud to serve over 20,000 dog owners throughout Europe with customizable packages of fresh food straight from their doorsteps.<\/p>\n<p dir=\"ltr\">Although we can&#8217;t know all of our customers individually, we want to treat them with a high level of personalization.<\/p>\n<p dir=\"ltr\">Getting back to our customers quickly and producing excellent quality is our priority so that our customers don&#8217;t feel discouraged and leave us.<\/p>\n<p dir=\"ltr\">Our customer service team is dedicated to delivering the highest quality of service. With a total of 15 members divided into two distinct groups, we offer both proactive advice and support for all incoming requests across numerous channels.<\/p>\n<p dir=\"ltr\">We understand that every customer request is unique and requires personalized attention. That&#8217;s why our dedicated agents take the time to personalize each response, while at the same time using the macros and shortcuts in place. We are always looking for ways to ensure that we provide fast but attentive service.<\/p>\n<p dir=\"ltr\">And that\u2019s where EmailTree comes in!<\/p>\n<p><strong><span>3. <\/span><span>The solution<\/span><\/strong><\/p>\n<p dir=\"ltr\">Experience a simpler and faster Zendesk experience with the EmailTree application. The AI delivers lightning-fast assistance, selecting the appropriate macro in no time at all while also customizing replies through dynamic text blocks for your exact needs.<\/p>\n<p dir=\"ltr\">Watch the latest Zendesk-Dog chef webinar below and learn how Charlotte Jacquet, Head of Community Delight, uses EmailTree in Zendesk to make the Dog chef experience more streamlined and efficient.<\/p>\n<p dir=\"ltr\">\n<p><strong><span>4. The Result<\/span><\/strong><\/p>\n<p dir=\"ltr\">EmailTree is set to revolutionize the way we work by freeing up our teams&#8216; time for tasks that require a human touch, allowing them to focus on tackling more complex issues.<\/p>\n<p dir=\"ltr\">By leveraging the power of artificial intelligence, our team can quickly and effectively identify areas where more complex solutions are required. This allows them to apply their expertise on higher value tasks while freeing up time for training &#8211; ensuring that they always remain one step ahead!<\/p>\n<p dir=\"ltr\">New agents can look forward to a stress-free onboarding experience with Emailtree.ai! Not only does it make the process smoother, but they&#8217;ll also have their very own dedicated assistant ready and waiting in Zendesk to provide smart suggested answers so that every customer query gets answered without hassle or worry &#8211; helping everyone enjoy more relaxed working conditions as soon as possible.<\/p>\n<p dir=\"ltr\">\n<p dir=\"ltr\">\n<h2 style=\"text-align: center;\"><strong>Ready for your own success story?<\/strong><\/h2>\n<p style=\"text-align: center;\">Let us answer your questions through our Hyperautomation Audit Workshop.<\/p>\n","protected":false},"excerpt":{"rendered":"<p>Customer Success Story: Dog Chef &nbsp; \u201eThe strength of EmailTree in terms of AI is really this ultra-personalization side when faced with questions from customers. \u201d Charlotte Jacquet (Head of Community Delight) INDUSTRY: Ecommerce COUNTRY: Belgium CLIENT DESCRIPTION &#8222;We believe that food should be natural &amp; healthy for humans and animals. And guess what ? [&hellip;]<\/p>\n","protected":false},"author":8,"featured_media":13183,"parent":2388,"menu_order":0,"comment_status":"closed","ping_status":"closed","template":"","meta":{"footnotes":""},"class_list":["post-20236","page","type-page","status-publish","has-post-thumbnail","hentry","post-wrapper","thrv_wrapper"],"yoast_head":"<!-- This site is optimized with the Yoast SEO plugin v23.6 - https:\/\/yoast.com\/wordpress\/plugins\/seo\/ -->\n<title>EmailTree&#039;s AI-App f\u00fcr Zendesk | Fallstudie Dog Chef<\/title>\n<meta name=\"description\" content=\"Die AI-App von EmailTree f\u00fcr Zendesk hilft Ihnen, Kundenanfragen innerhalb von Sekunden mithilfe k\u00fcnstlicher Intelligenz zu beantworten. Fallstudie von Dog Chef.\" \/>\n<meta name=\"robots\" content=\"index, follow, max-snippet:-1, max-image-preview:large, max-video-preview:-1\" \/>\n<link rel=\"canonical\" href=\"https:\/\/emailtree.ai\/de\/erfolgsgeschichten\/dogchef-success-story\/\" \/>\n<meta property=\"og:locale\" content=\"de_DE\" \/>\n<meta property=\"og:type\" content=\"article\" \/>\n<meta property=\"og:title\" content=\"EmailTree&#039;s AI-App f\u00fcr Zendesk | Fallstudie Dog Chef\" \/>\n<meta property=\"og:description\" content=\"Die AI-App von EmailTree f\u00fcr Zendesk hilft Ihnen, Kundenanfragen innerhalb von Sekunden mithilfe k\u00fcnstlicher Intelligenz zu beantworten. Fallstudie von Dog Chef.\" \/>\n<meta property=\"og:url\" content=\"https:\/\/emailtree.ai\/de\/erfolgsgeschichten\/dogchef-success-story\/\" \/>\n<meta property=\"og:site_name\" content=\"EmailTree AI\" \/>\n<meta property=\"article:modified_time\" content=\"2024-03-21T16:06:12+00:00\" \/>\n<meta property=\"og:image\" content=\"https:\/\/emailtree.ai\/wp-content\/uploads\/customers-success-stories-dogchef.jpg\" \/>\n\t<meta property=\"og:image:width\" content=\"1400\" \/>\n\t<meta property=\"og:image:height\" content=\"760\" \/>\n\t<meta property=\"og:image:type\" content=\"image\/jpeg\" \/>\n<meta name=\"twitter:card\" content=\"summary_large_image\" \/>\n<meta name=\"twitter:label1\" content=\"Gesch\u00e4tzte Lesezeit\" \/>\n\t<meta name=\"twitter:data1\" content=\"3\u00a0Minuten\" \/>\n<script type=\"application\/ld+json\" class=\"yoast-schema-graph\">{\"@context\":\"https:\/\/schema.org\",\"@graph\":[{\"@type\":\"WebPage\",\"@id\":\"https:\/\/emailtree.ai\/de\/erfolgsgeschichten\/dogchef-success-story\/\",\"url\":\"https:\/\/emailtree.ai\/de\/erfolgsgeschichten\/dogchef-success-story\/\",\"name\":\"EmailTree's AI-App f\u00fcr Zendesk | Fallstudie Dog Chef\",\"isPartOf\":{\"@id\":\"https:\/\/emailtree.ai\/de\/#website\"},\"primaryImageOfPage\":{\"@id\":\"https:\/\/emailtree.ai\/de\/erfolgsgeschichten\/dogchef-success-story\/#primaryimage\"},\"image\":{\"@id\":\"https:\/\/emailtree.ai\/de\/erfolgsgeschichten\/dogchef-success-story\/#primaryimage\"},\"thumbnailUrl\":\"https:\/\/emailtree.ai\/wp-content\/uploads\/customers-success-stories-dogchef.jpg\",\"datePublished\":\"2022-12-05T12:29:37+00:00\",\"dateModified\":\"2024-03-21T16:06:12+00:00\",\"description\":\"Die AI-App von EmailTree f\u00fcr Zendesk hilft Ihnen, Kundenanfragen innerhalb von Sekunden mithilfe k\u00fcnstlicher Intelligenz zu beantworten. Fallstudie von Dog Chef.\",\"breadcrumb\":{\"@id\":\"https:\/\/emailtree.ai\/de\/erfolgsgeschichten\/dogchef-success-story\/#breadcrumb\"},\"inLanguage\":\"de\",\"potentialAction\":[{\"@type\":\"ReadAction\",\"target\":[\"https:\/\/emailtree.ai\/de\/erfolgsgeschichten\/dogchef-success-story\/\"]}]},{\"@type\":\"ImageObject\",\"inLanguage\":\"de\",\"@id\":\"https:\/\/emailtree.ai\/de\/erfolgsgeschichten\/dogchef-success-story\/#primaryimage\",\"url\":\"https:\/\/emailtree.ai\/wp-content\/uploads\/customers-success-stories-dogchef.jpg\",\"contentUrl\":\"https:\/\/emailtree.ai\/wp-content\/uploads\/customers-success-stories-dogchef.jpg\",\"width\":1400,\"height\":760,\"caption\":\"Dogchef and EmailTree\"},{\"@type\":\"BreadcrumbList\",\"@id\":\"https:\/\/emailtree.ai\/de\/erfolgsgeschichten\/dogchef-success-story\/#breadcrumb\",\"itemListElement\":[{\"@type\":\"ListItem\",\"position\":1,\"name\":\"Home\",\"item\":\"https:\/\/emailtree.ai\/de\/\"},{\"@type\":\"ListItem\",\"position\":2,\"name\":\"Erfolgsgeschichten\",\"item\":\"https:\/\/emailtree.ai\/de\/erfolgsgeschichten\/\"},{\"@type\":\"ListItem\",\"position\":3,\"name\":\"Dog Chef Success Story\"}]},{\"@type\":\"WebSite\",\"@id\":\"https:\/\/emailtree.ai\/de\/#website\",\"url\":\"https:\/\/emailtree.ai\/de\/\",\"name\":\"EmailTree AI\",\"description\":\"Customer Service Hyperautomation\",\"potentialAction\":[{\"@type\":\"SearchAction\",\"target\":{\"@type\":\"EntryPoint\",\"urlTemplate\":\"https:\/\/emailtree.ai\/de\/?s={search_term_string}\"},\"query-input\":{\"@type\":\"PropertyValueSpecification\",\"valueRequired\":true,\"valueName\":\"search_term_string\"}}],\"inLanguage\":\"de\"}]}<\/script>\n<!-- \/ Yoast SEO plugin. -->","yoast_head_json":{"title":"EmailTree's AI-App f\u00fcr Zendesk | Fallstudie Dog Chef","description":"Die AI-App von EmailTree f\u00fcr Zendesk hilft Ihnen, Kundenanfragen innerhalb von Sekunden mithilfe k\u00fcnstlicher Intelligenz zu beantworten. Fallstudie von Dog Chef.","robots":{"index":"index","follow":"follow","max-snippet":"max-snippet:-1","max-image-preview":"max-image-preview:large","max-video-preview":"max-video-preview:-1"},"canonical":"https:\/\/emailtree.ai\/de\/erfolgsgeschichten\/dogchef-success-story\/","og_locale":"de_DE","og_type":"article","og_title":"EmailTree's AI-App f\u00fcr Zendesk | Fallstudie Dog Chef","og_description":"Die AI-App von EmailTree f\u00fcr Zendesk hilft Ihnen, Kundenanfragen innerhalb von Sekunden mithilfe k\u00fcnstlicher Intelligenz zu beantworten. Fallstudie von Dog Chef.","og_url":"https:\/\/emailtree.ai\/de\/erfolgsgeschichten\/dogchef-success-story\/","og_site_name":"EmailTree AI","article_modified_time":"2024-03-21T16:06:12+00:00","og_image":[{"width":1400,"height":760,"url":"https:\/\/emailtree.ai\/wp-content\/uploads\/customers-success-stories-dogchef.jpg","type":"image\/jpeg"}],"twitter_card":"summary_large_image","twitter_misc":{"Gesch\u00e4tzte Lesezeit":"3\u00a0Minuten"},"schema":{"@context":"https:\/\/schema.org","@graph":[{"@type":"WebPage","@id":"https:\/\/emailtree.ai\/de\/erfolgsgeschichten\/dogchef-success-story\/","url":"https:\/\/emailtree.ai\/de\/erfolgsgeschichten\/dogchef-success-story\/","name":"EmailTree's AI-App f\u00fcr Zendesk | Fallstudie Dog Chef","isPartOf":{"@id":"https:\/\/emailtree.ai\/de\/#website"},"primaryImageOfPage":{"@id":"https:\/\/emailtree.ai\/de\/erfolgsgeschichten\/dogchef-success-story\/#primaryimage"},"image":{"@id":"https:\/\/emailtree.ai\/de\/erfolgsgeschichten\/dogchef-success-story\/#primaryimage"},"thumbnailUrl":"https:\/\/emailtree.ai\/wp-content\/uploads\/customers-success-stories-dogchef.jpg","datePublished":"2022-12-05T12:29:37+00:00","dateModified":"2024-03-21T16:06:12+00:00","description":"Die AI-App von EmailTree f\u00fcr Zendesk hilft Ihnen, Kundenanfragen innerhalb von Sekunden mithilfe k\u00fcnstlicher Intelligenz zu beantworten. Fallstudie von Dog Chef.","breadcrumb":{"@id":"https:\/\/emailtree.ai\/de\/erfolgsgeschichten\/dogchef-success-story\/#breadcrumb"},"inLanguage":"de","potentialAction":[{"@type":"ReadAction","target":["https:\/\/emailtree.ai\/de\/erfolgsgeschichten\/dogchef-success-story\/"]}]},{"@type":"ImageObject","inLanguage":"de","@id":"https:\/\/emailtree.ai\/de\/erfolgsgeschichten\/dogchef-success-story\/#primaryimage","url":"https:\/\/emailtree.ai\/wp-content\/uploads\/customers-success-stories-dogchef.jpg","contentUrl":"https:\/\/emailtree.ai\/wp-content\/uploads\/customers-success-stories-dogchef.jpg","width":1400,"height":760,"caption":"Dogchef and EmailTree"},{"@type":"BreadcrumbList","@id":"https:\/\/emailtree.ai\/de\/erfolgsgeschichten\/dogchef-success-story\/#breadcrumb","itemListElement":[{"@type":"ListItem","position":1,"name":"Home","item":"https:\/\/emailtree.ai\/de\/"},{"@type":"ListItem","position":2,"name":"Erfolgsgeschichten","item":"https:\/\/emailtree.ai\/de\/erfolgsgeschichten\/"},{"@type":"ListItem","position":3,"name":"Dog Chef Success Story"}]},{"@type":"WebSite","@id":"https:\/\/emailtree.ai\/de\/#website","url":"https:\/\/emailtree.ai\/de\/","name":"EmailTree AI","description":"Customer Service Hyperautomation","potentialAction":[{"@type":"SearchAction","target":{"@type":"EntryPoint","urlTemplate":"https:\/\/emailtree.ai\/de\/?s={search_term_string}"},"query-input":{"@type":"PropertyValueSpecification","valueRequired":true,"valueName":"search_term_string"}}],"inLanguage":"de"}]}},"_links":{"self":[{"href":"https:\/\/emailtree.ai\/de\/wp-json\/wp\/v2\/pages\/20236"}],"collection":[{"href":"https:\/\/emailtree.ai\/de\/wp-json\/wp\/v2\/pages"}],"about":[{"href":"https:\/\/emailtree.ai\/de\/wp-json\/wp\/v2\/types\/page"}],"author":[{"embeddable":true,"href":"https:\/\/emailtree.ai\/de\/wp-json\/wp\/v2\/users\/8"}],"replies":[{"embeddable":true,"href":"https:\/\/emailtree.ai\/de\/wp-json\/wp\/v2\/comments?post=20236"}],"version-history":[{"count":0,"href":"https:\/\/emailtree.ai\/de\/wp-json\/wp\/v2\/pages\/20236\/revisions"}],"up":[{"embeddable":true,"href":"https:\/\/emailtree.ai\/de\/wp-json\/wp\/v2\/pages\/2388"}],"wp:featuredmedia":[{"embeddable":true,"href":"https:\/\/emailtree.ai\/de\/wp-json\/wp\/v2\/media\/13183"}],"wp:attachment":[{"href":"https:\/\/emailtree.ai\/de\/wp-json\/wp\/v2\/media?parent=20236"}],"curies":[{"name":"wp","href":"https:\/\/api.w.org\/{rel}","templated":true}]}}