{"id":2242,"date":"2020-02-20T14:35:26","date_gmt":"2020-02-20T14:35:26","guid":{"rendered":"https:\/\/emailtree.ai\/become-partner\/"},"modified":"2022-09-29T11:40:04","modified_gmt":"2022-09-29T11:40:04","slug":"partner-werden","status":"publish","type":"page","link":"https:\/\/emailtree.ai\/de\/partner-werden\/","title":{"rendered":"EmailTree Partner werden"},"content":{"rendered":"<h1 style=\"text-align: center;\"><strong>Bewerben Sie sich als EmailTree AI-Gesch\u00e4ftspartner<\/strong><\/h1>\n<p style=\"text-align: center;\"><!--StartFragment-->Helfen Sie Unternehmen auf ihrem Weg zur digitalen Transformation.<!--EndFragment--><\/p>\n<h2 style=\"text-align: center;\"><strong>EmailTree AI Partner<\/strong><\/h2>\n<p style=\"text-align: center;\"><strong>Eine wachsende Gemeinschaft von Organisationen, die sich der Bereitstellung der bestm\u00f6glichen F\u00e4higkeiten und Fachkenntnissen widmen und gleichzeitig den branchen\u00fcbergreifenden Qualit\u00e4tsma\u00dfstab erh\u00f6hen.<\/strong><\/p>\n<p style=\"text-align: center;\">Wir interessieren uns f\u00fcr unsere Partner und deren Unternehmen. Anstatt das Partnerschaftsniveau ausschlie\u00dflich auf der Grundlage des Umsatzes mit uns zu bestimmen, haben wir eine Reihe von Kriterien definiert, die den Partnerstatus verbessern k\u00f6nnen. Mit anderen Worten, wir passen uns dem Gesch\u00e4ftsmodell des Partners an, anstatt es an unser Gesch\u00e4ftsmodell anzupassen. Je mehr Verantwortlichkeiten ein Partnerunternehmen erf\u00fcllt, desto h\u00f6her ist Ihre Partnerschaftsstufe und desto mehr Vorteile erh\u00e4lt ein Partner.<\/p>\n<h3 style=\"\">Repr\u00e4sentativer Partner<\/h3>\n<p>Verantwortungen<\/p>\n<ul>\n<li style=\"\"><span style=\"\">Nehmen Sie Kontakt mit dem richtigen Interessenten auf<\/span><\/li>\n<li style=\"\"><span style=\"\">Pr\u00e4sentieren Sie dem potenziellen Kunden eine erste Pr\u00e4sentation der Produkte und Dienstleistungen von EmailTree.<\/span><\/li>\n<\/ul>\n<h3>Handelspartner<\/h3>\n<p style=\"\">Alles aus Repr\u00e4sentative Partner<\/p>\n<ul>\n<li style=\"\">                    <span style=\"\"><span style=\"font-weight: normal;\">Qualifizieren Sie die Gelegenheit, indem Sie die Bed\u00fcrfnisse entdecken.<\/span><\/span><\/li>\n<li style=\"\"><span style=\"\">\u00dcbernehmen Sie die Verantwortung f\u00fcr die Kommunikation und folgen Sie den Interessenten w\u00e4hrend der Qualifizierung.<\/span><\/li>\n<li style=\"\"><span style=\"\">Verhandlungen (verwaltet mit dem EmailTree AI-Verkaufsteam)<\/span><\/li>\n<\/ul>\n<h3><span lang=\"de\"><span data-language-for-alternatives=\"de\" data-language-to-translate-into=\"en\" data-phrase-index=\"0\">Volle Handelspartner<\/span><\/span><\/h3>\n<p style=\"\"><span lang=\"de\"><span data-language-for-alternatives=\"de\" data-language-to-translate-into=\"en\" data-phrase-index=\"0\">Alles aus Handelspartner<\/span><\/span><\/p>\n<ul>\n<li style=\"\">                    <span style=\"\">Machen Sie einen ersten kurzen \/ Online-Workshop und pr\u00e4sentieren Sie eine allgemeine Demo<\/span><\/li>\n<li style=\"\"><span style=\"\">Realisieren Sie das Angebot (verwaltet mit dem EmailTree AI-Verkaufsteam)<\/span><\/li>\n<\/ul>\n<h3>Technischer Partner<\/h3>\n<p style=\"\">Alles aus volle Handelspartner und<\/p>\n<ul>\n<li style=\"\">                    <span style=\"\">Machen Sie einen vollst\u00e4ndigen Workshop, eine Gesch\u00e4ftsanalyse und erstellen Sie anschlie\u00dfend den technischen Bericht<\/span><\/li>\n<\/ul>\n<h3>RPA Technischer Partner<\/h3>\n<p style=\"\">Alles aus Technische Partner<\/p>\n<ul>\n<li style=\"\">                    <span style=\"\">Volle RPA Implementation<\/span><\/li>\n<\/ul>\n<h3>Voll zertifizierte technische Partner<\/h3>\n<p style=\"\">Alles aus RPA Technischer Partner<\/p>\n<ul>\n<li style=\"\">                    <span style=\"\">Volle EmailTree integration (stellen Sie diese auf &nbsp;VMs, Privaten Clouds, etc., auf)<\/span><\/li>\n<\/ul>\n<h2 style=\"text-align: center;\"><strong>Reichen Sie Ihre Bewerbung ein<\/strong><\/h2>\n<p><!--[if lte IE 8]>[tcb-script charset=\"utf-8\" type=\"text\/javascript\" src=\"\/\/js.hsforms.net\/forms\/v2.js\"][\/tcb-script][tcb-script]  hbspt.forms.create({portalId: \"6753142\",formId: \"d3dc6d44-bdca-4e4f-8ab2-d8244be66f0d\"});[\/tcb-script]\n\n<p style=\"\">Unsere Partner<\/p>\n\n[smartslider3 slider=\"21\"]\n\n<h2 style=\"text-align: center;\"><strong>Bereit f\u00fcr Ihre eigene Erfolgsgeschichte?<\/strong><\/h2>\n\n\n\n<p style=\"text-align: center;\">Lassen Sie uns Ihre Fragen in unserem Hyperautomation Audit Workshop beantworten.<\/p>\n\n\n<\/p>\n","protected":false},"excerpt":{"rendered":"<p>Bewerben Sie sich als EmailTree AI-Gesch\u00e4ftspartner Helfen Sie Unternehmen auf ihrem Weg zur digitalen Transformation. EmailTree AI Partner Eine wachsende Gemeinschaft von Organisationen, die sich der Bereitstellung der bestm\u00f6glichen F\u00e4higkeiten und Fachkenntnissen widmen und gleichzeitig den branchen\u00fcbergreifenden Qualit\u00e4tsma\u00dfstab erh\u00f6hen. Wir interessieren uns f\u00fcr unsere Partner und deren Unternehmen. Anstatt das Partnerschaftsniveau ausschlie\u00dflich auf der Grundlage [&hellip;]<\/p>\n","protected":false},"author":1,"featured_media":10731,"parent":0,"menu_order":0,"comment_status":"closed","ping_status":"closed","template":"","meta":{"footnotes":""},"class_list":["post-2242","page","type-page","status-publish","has-post-thumbnail","hentry","post-wrapper","thrv_wrapper"],"yoast_head":"<!-- This site is optimized with the Yoast SEO plugin v23.6 - https:\/\/yoast.com\/wordpress\/plugins\/seo\/ -->\n<title>EmailTree Partner werden - EmailTree AI<\/title>\n<meta name=\"description\" content=\"Bewerben Sie sich als EmailTree AI-Gesch\u00e4ftspartner. Helfen Sie Unternehmen auf dem Weg zur Hyperautomation\" \/>\n<meta name=\"robots\" content=\"index, follow, max-snippet:-1, max-image-preview:large, max-video-preview:-1\" \/>\n<link rel=\"canonical\" href=\"https:\/\/emailtree.ai\/de\/partner-werden\/\" \/>\n<meta property=\"og:locale\" content=\"de_DE\" \/>\n<meta property=\"og:type\" content=\"article\" \/>\n<meta property=\"og:title\" content=\"EmailTree Partner werden - EmailTree AI\" \/>\n<meta property=\"og:description\" content=\"Bewerben Sie sich als EmailTree AI-Gesch\u00e4ftspartner. Helfen Sie Unternehmen auf dem Weg zur Hyperautomation\" \/>\n<meta property=\"og:url\" content=\"https:\/\/emailtree.ai\/de\/partner-werden\/\" \/>\n<meta property=\"og:site_name\" content=\"EmailTree AI\" \/>\n<meta property=\"article:modified_time\" content=\"2022-09-29T11:40:04+00:00\" \/>\n<meta name=\"twitter:card\" content=\"summary_large_image\" \/>\n<meta name=\"twitter:label1\" content=\"Gesch\u00e4tzte Lesezeit\" \/>\n\t<meta name=\"twitter:data1\" content=\"1\u00a0Minute\" \/>\n<script type=\"application\/ld+json\" class=\"yoast-schema-graph\">{\"@context\":\"https:\/\/schema.org\",\"@graph\":[{\"@type\":\"WebPage\",\"@id\":\"https:\/\/emailtree.ai\/de\/partner-werden\/\",\"url\":\"https:\/\/emailtree.ai\/de\/partner-werden\/\",\"name\":\"EmailTree Partner werden - EmailTree AI\",\"isPartOf\":{\"@id\":\"https:\/\/emailtree.ai\/de\/#website\"},\"primaryImageOfPage\":{\"@id\":\"https:\/\/emailtree.ai\/de\/partner-werden\/#primaryimage\"},\"image\":{\"@id\":\"https:\/\/emailtree.ai\/de\/partner-werden\/#primaryimage\"},\"thumbnailUrl\":\"https:\/\/emailtree.ai\/wp-content\/uploads\/emailtreelogo167px.png\",\"datePublished\":\"2020-02-20T14:35:26+00:00\",\"dateModified\":\"2022-09-29T11:40:04+00:00\",\"description\":\"Bewerben Sie sich als EmailTree AI-Gesch\u00e4ftspartner. Helfen Sie Unternehmen auf dem Weg zur Hyperautomation\",\"breadcrumb\":{\"@id\":\"https:\/\/emailtree.ai\/de\/partner-werden\/#breadcrumb\"},\"inLanguage\":\"de\",\"potentialAction\":[{\"@type\":\"ReadAction\",\"target\":[\"https:\/\/emailtree.ai\/de\/partner-werden\/\"]}]},{\"@type\":\"ImageObject\",\"inLanguage\":\"de\",\"@id\":\"https:\/\/emailtree.ai\/de\/partner-werden\/#primaryimage\",\"url\":\"https:\/\/emailtree.ai\/wp-content\/uploads\/emailtreelogo167px.png\",\"contentUrl\":\"https:\/\/emailtree.ai\/wp-content\/uploads\/emailtreelogo167px.png\",\"width\":167,\"height\":44},{\"@type\":\"BreadcrumbList\",\"@id\":\"https:\/\/emailtree.ai\/de\/partner-werden\/#breadcrumb\",\"itemListElement\":[{\"@type\":\"ListItem\",\"position\":1,\"name\":\"Home\",\"item\":\"https:\/\/emailtree.ai\/de\/\"},{\"@type\":\"ListItem\",\"position\":2,\"name\":\"EmailTree Partner werden\"}]},{\"@type\":\"WebSite\",\"@id\":\"https:\/\/emailtree.ai\/de\/#website\",\"url\":\"https:\/\/emailtree.ai\/de\/\",\"name\":\"EmailTree AI\",\"description\":\"Customer Service Hyperautomation\",\"potentialAction\":[{\"@type\":\"SearchAction\",\"target\":{\"@type\":\"EntryPoint\",\"urlTemplate\":\"https:\/\/emailtree.ai\/de\/?s={search_term_string}\"},\"query-input\":{\"@type\":\"PropertyValueSpecification\",\"valueRequired\":true,\"valueName\":\"search_term_string\"}}],\"inLanguage\":\"de\"}]}<\/script>\n<!-- \/ Yoast SEO plugin. -->","yoast_head_json":{"title":"EmailTree Partner werden - EmailTree AI","description":"Bewerben Sie sich als EmailTree AI-Gesch\u00e4ftspartner. Helfen Sie Unternehmen auf dem Weg zur Hyperautomation","robots":{"index":"index","follow":"follow","max-snippet":"max-snippet:-1","max-image-preview":"max-image-preview:large","max-video-preview":"max-video-preview:-1"},"canonical":"https:\/\/emailtree.ai\/de\/partner-werden\/","og_locale":"de_DE","og_type":"article","og_title":"EmailTree Partner werden - EmailTree AI","og_description":"Bewerben Sie sich als EmailTree AI-Gesch\u00e4ftspartner. Helfen Sie Unternehmen auf dem Weg zur Hyperautomation","og_url":"https:\/\/emailtree.ai\/de\/partner-werden\/","og_site_name":"EmailTree AI","article_modified_time":"2022-09-29T11:40:04+00:00","twitter_card":"summary_large_image","twitter_misc":{"Gesch\u00e4tzte Lesezeit":"1\u00a0Minute"},"schema":{"@context":"https:\/\/schema.org","@graph":[{"@type":"WebPage","@id":"https:\/\/emailtree.ai\/de\/partner-werden\/","url":"https:\/\/emailtree.ai\/de\/partner-werden\/","name":"EmailTree Partner werden - EmailTree AI","isPartOf":{"@id":"https:\/\/emailtree.ai\/de\/#website"},"primaryImageOfPage":{"@id":"https:\/\/emailtree.ai\/de\/partner-werden\/#primaryimage"},"image":{"@id":"https:\/\/emailtree.ai\/de\/partner-werden\/#primaryimage"},"thumbnailUrl":"https:\/\/emailtree.ai\/wp-content\/uploads\/emailtreelogo167px.png","datePublished":"2020-02-20T14:35:26+00:00","dateModified":"2022-09-29T11:40:04+00:00","description":"Bewerben Sie sich als EmailTree AI-Gesch\u00e4ftspartner. Helfen Sie Unternehmen auf dem Weg zur Hyperautomation","breadcrumb":{"@id":"https:\/\/emailtree.ai\/de\/partner-werden\/#breadcrumb"},"inLanguage":"de","potentialAction":[{"@type":"ReadAction","target":["https:\/\/emailtree.ai\/de\/partner-werden\/"]}]},{"@type":"ImageObject","inLanguage":"de","@id":"https:\/\/emailtree.ai\/de\/partner-werden\/#primaryimage","url":"https:\/\/emailtree.ai\/wp-content\/uploads\/emailtreelogo167px.png","contentUrl":"https:\/\/emailtree.ai\/wp-content\/uploads\/emailtreelogo167px.png","width":167,"height":44},{"@type":"BreadcrumbList","@id":"https:\/\/emailtree.ai\/de\/partner-werden\/#breadcrumb","itemListElement":[{"@type":"ListItem","position":1,"name":"Home","item":"https:\/\/emailtree.ai\/de\/"},{"@type":"ListItem","position":2,"name":"EmailTree Partner werden"}]},{"@type":"WebSite","@id":"https:\/\/emailtree.ai\/de\/#website","url":"https:\/\/emailtree.ai\/de\/","name":"EmailTree AI","description":"Customer Service Hyperautomation","potentialAction":[{"@type":"SearchAction","target":{"@type":"EntryPoint","urlTemplate":"https:\/\/emailtree.ai\/de\/?s={search_term_string}"},"query-input":{"@type":"PropertyValueSpecification","valueRequired":true,"valueName":"search_term_string"}}],"inLanguage":"de"}]}},"_links":{"self":[{"href":"https:\/\/emailtree.ai\/de\/wp-json\/wp\/v2\/pages\/2242"}],"collection":[{"href":"https:\/\/emailtree.ai\/de\/wp-json\/wp\/v2\/pages"}],"about":[{"href":"https:\/\/emailtree.ai\/de\/wp-json\/wp\/v2\/types\/page"}],"author":[{"embeddable":true,"href":"https:\/\/emailtree.ai\/de\/wp-json\/wp\/v2\/users\/1"}],"replies":[{"embeddable":true,"href":"https:\/\/emailtree.ai\/de\/wp-json\/wp\/v2\/comments?post=2242"}],"version-history":[{"count":0,"href":"https:\/\/emailtree.ai\/de\/wp-json\/wp\/v2\/pages\/2242\/revisions"}],"wp:featuredmedia":[{"embeddable":true,"href":"https:\/\/emailtree.ai\/de\/wp-json\/wp\/v2\/media\/10731"}],"wp:attachment":[{"href":"https:\/\/emailtree.ai\/de\/wp-json\/wp\/v2\/media?parent=2242"}],"curies":[{"name":"wp","href":"https:\/\/api.w.org\/{rel}","templated":true}]}}