{"id":2296,"date":"2020-01-27T09:00:08","date_gmt":"2020-01-27T09:00:08","guid":{"rendered":"https:\/\/emailtree.ai\/customer-service-hyperautomation\/"},"modified":"2021-11-17T14:42:27","modified_gmt":"2021-11-17T14:42:27","slug":"hyperautomatisierung","status":"publish","type":"page","link":"https:\/\/emailtree.ai\/de\/hyperautomatisierung\/","title":{"rendered":"Hyperautomatisierung"},"content":{"rendered":"<h2 style=\"text-align: center;\"><span>Kundendienst \u200bHyperautomation<\/span><strong><\/strong><\/h2>\n<p style=\"text-align: center; --tcb-applied-color:rgb(255, 255, 255); color: rgb(255, 255, 255) !important;\">Sekundenschnell Kundenanfragen l\u00f6sen und auf E-Mails antworten!<\/p>\n<ul>\n<li style=\"margin-bottom: 1px !important;\">                    <span style=\"\">Verstehen der E-Mails und Anfragen<\/span><\/li>\n<li>                    <span style=\"\">Aktionen Vorhersage<\/span><\/li>\n<li style=\"margin-bottom: 1px !important;\">                    <span style=\"\">Automatisierung der Aufgaben <\/span><\/li>\n<li style=\"margin-bottom: 1px !important;\">                    <span style=\"\">Antwortzusammensetzung<\/span><\/li>\n<\/ul>\n<h2 style=\"text-align: center;\"><strong>Wie funktioniert es?<\/strong><\/h2>\n<p style=\"text-align: left;\">EMAIL VERSTEHEN<\/p>\n<p><strong>Bedeutung aus E-Mails entziehen.<\/strong><\/p>\n<ul>\n<li style=\"\"><span style=\"\">Verarbeitung in nat\u00fcrlicher Sprache (NLP), um das Wesentliche der Nachricht zu entziehen.<\/span><\/li>\n<li style=\"\"><span style=\"\">Identifiziert Kundenprobleme bei Verwendung des Produkt\/Dienstleistung<\/span><\/li>\n<li style=\"\"><span style=\"\">Identifiziert die auszuf\u00fchrenden Aktionen \/ Aufgaben<\/span><\/li>\n<\/ul>\n<p>EmailTree versteht den Inhalt und generiert automatisch Berichte, um das Kundendienst- und Supportteam zu unterst\u00fctzen.<\/p>\n<p><span><img loading=\"lazy\" decoding=\"async\" alt=\"\" data-id=\"288\" title=\"email-understanding-emailtree\" src=\"https:\/\/emailtree.ai\/wp-content\/uploads\/2020\/01\/email-understanding-emailtree.png\" style=\"\" width=\"718\" height=\"284\"><\/span><\/p>\n<p><strong>Sammelt Zus\u00e4tzliche Informationen.<\/strong><\/p>\n<p>Beseitigen Sie die manuelle \u00dcberpr\u00fcfung aufzus\u00e4tzlichen internen und externen Informationen:<\/p>\n<ul>\n<li style=\"\"><span style=\"\">Bestehender Kunde in der Datenbank? Bestellstatus?<\/span><\/li>\n<li style=\"\"><span style=\"\">Verwenden Sie Kontextdaten, um die endg\u00fcltige Entscheidung zu automatisieren<\/span><\/li>\n<\/ul>\n<p><span><img loading=\"lazy\" decoding=\"async\" alt=\"\" data-id=\"296\" title=\"gathering-additional-information-emailtree\" src=\"https:\/\/emailtree.ai\/wp-content\/uploads\/2020\/01\/gathering-additional-information-emailtree.png\" style=\"\" width=\"722\" height=\"124\"><\/span><\/p>\n<p style=\"text-align: left;\">AUTOMATISIERUNG DER AUFGABEN<\/p>\n<p><strong>Aktions-Vorhersage<\/strong><\/p>\n<ul>\n<li><span>Identifiziert das Problem \/ die Situation<\/span><\/li>\n<li style=\"\"><span style=\"\">Versteht den Kontext<\/span><\/li>\n<li style=\"\"><span style=\"\">\u00dcberpr\u00fcft die internen \/ externen Informationen<\/span><\/li>\n<li><span>Generiert Aktionen<\/span><\/li>\n<\/ul>\n<p style=\"\"><strong>Aufgabenautomatisierung mithilfe RPA-Technologie<\/strong><\/p>\n<ul>\n<li><span>Den Roboter starten, um automatisch Aufgaben auszuf\u00fchren<\/span><\/li>\n<li style=\"\"><span style=\"\">Vorbereitet benutzerdefinierte Angebote, Zugriff auf andere Software, Plattformen und Datenbanken.<\/span><\/li>\n<li style=\"\"><span style=\"\">Eskaliert bei Bedarf zu anderen Support-Stufen<\/span><\/li>\n<\/ul>\n<p>EmailTree versteht den Inhalt und generiert automatisch Berichte, um den Kundendienst- und das Supportteam zu unterst\u00fctzen.<\/p>\n<p><span><img loading=\"lazy\" decoding=\"async\" alt=\"\" data-id=\"300\" title=\"tasks-automation-emailtree\" src=\"https:\/\/emailtree.ai\/wp-content\/uploads\/2020\/01\/tasks-automation-emailtree.png\" style=\"\" width=\"544\" height=\"415\"><\/span><\/p>\n<p style=\"text-align: left;\">ANTWORT-ZUSAMMENSETZUNG<\/p>\n<p style=\"\"><strong>Zusammensetzung der E-Mail-Antwort<\/strong><\/p>\n<ul>\n<li style=\"\"><span style=\"\">Generiert ein Konfidenzniveau basierend auf den vorherigen Schritten.<\/span><\/li>\n<li style=\"\"><span style=\"\">Verfasst den E-Mail-Inhalt und sendet E-Mails<\/span><\/li>\n<li style=\"\"><span style=\"\"><span>Der menschliche Benutzer kann eingreiffen, um spezifische Elemente der Email zu \u00e4ndern.<\/span><\/span><\/li>\n<li style=\"\"><span style=\"\">H\u00e4ngen Sie Dateien hinzu, falls ben\u00f6tigt.<\/span><\/li>\n<li style=\"\"><span style=\"\">Sendet die E-Mail automatisch, wenn das Konfidenzniveau einen bestimmten Prozentsatz erreicht.<\/span><\/li>\n<\/ul>\n<p><strong>Lernen und handeln<\/strong><\/p>\n<p>Lernt aus jeder Aktion des menschlichen Benutzers. Einige Aktionen wurden bereits von EmailTree ausgef\u00fchrt und E-Mails wurden versendet. Andere Aktionen m\u00fcssen vor dem Versenden der E-Mail vom menschlichen Benutzer \u00fcberpr\u00fcft werden. In einem \u00e4hnlichen Szenario sendet EmailTree das n\u00e4chste Mal automatisch die richtige E-Mail.<\/p>\n<p><span><img loading=\"lazy\" decoding=\"async\" alt=\"\" data-id=\"303\" title=\"email-composition-emailtree\" src=\"https:\/\/emailtree.ai\/wp-content\/uploads\/2020\/01\/email-composition-emailtree.png\" style=\"\" width=\"760\" height=\"428\"><\/span><\/p>\n<p style=\"\"><strong>Verbesserung der Lernergebnisse<\/strong><\/p>\n<p>Jede Entscheidung tr\u00e4gt zum Lernprozess bei. Tag f\u00fcr Tag verbessert sich das Konfidenzniveau und EmailTree bietet eine bessere Leistung.<\/p>\n<ul>\n<li style=\"\"><span style=\"\">Verwendet Kontextdaten, um die endg\u00fcltige Entscheidung zu automatisieren<\/span><\/li>\n<\/ul>\n<p><span><img loading=\"lazy\" decoding=\"async\" alt=\"\" data-id=\"304\" title=\"supervised-learning-emailtree\" src=\"https:\/\/emailtree.ai\/wp-content\/uploads\/2020\/01\/supervised-learning-emailtree.png\" style=\"\" width=\"449\" height=\"173\"><\/span><\/p>\n<h2 style=\"text-align: center;\"><strong>Warum sollten Sie sich f\u00fcr EmailTree AI entscheiden?<\/strong><\/h2>\n<p style=\"text-align: center;\"><strong><strong>Es steigert die E-Mail-Produktivit\u00e4t<\/strong><\/strong><\/p>\n<p style=\"text-align: center;\"><strong>Es verbessert den Kundenservice<\/strong><\/p>\n<p style=\"text-align: center;\"><strong>Es Reduziert die durchschnittliche Bearbeitungszeit (DBZ)<\/strong><\/p>\n<p style=\"text-align: center;\"><strong>RPA Integration<\/strong><\/p>\n<h2 style=\"text-align: center;\"><strong>Pakete:<\/strong><\/h2>\n<p><a href=\"#\"><span><span>Instance 1<\/span><\/span><\/a><\/p>\n<h5>Small Team<\/h5>\n<p>30 000 Emails<\/p>\n<p>Pro Jahr<\/p>\n<p>1 Year<\/p>\n<p>Lizenz<\/p>\n<p>30 Stunden<\/p>\n<p>Benutzerdefinierte CRM\/ERP <span lang=\"de\"><span data-language-for-alternatives=\"de\" data-language-to-translate-into=\"en\" data-phrase-index=\"0\">Entwicklung<\/span><\/span> und Integration<\/p>\n<h5>Small Team<\/h5>\n<p>100 000 Emails<\/p>\n<p>Pro Jahr<\/p>\n<p>1 Year<\/p>\n<p>Lizenz<\/p>\n<p>60 Stunden<\/p>\n<p>Benutzerdefinierte CRM\/ERP <span lang=\"de\"><span data-language-for-alternatives=\"de\" data-language-to-translate-into=\"en\" data-phrase-index=\"0\">Entwicklung<\/span><\/span> und Integration<\/p>\n<h5>LARGE Team<\/h5>\n<p>300 000 Emails<\/p>\n<p>Pro Jahr<\/p>\n<p>1 Year<\/p>\n<p>Lizenz<\/p>\n<p>100 Stunden<\/p>\n<p>Benutzerdefinierte CRM\/ERP <span lang=\"de\"><span data-language-for-alternatives=\"de\" data-language-to-translate-into=\"en\" data-phrase-index=\"0\">Entwicklung<\/span><\/span> und Integration<\/p>\n<h5>CORPORATION<\/h5>\n<p>Unlimited Emails<\/p>\n<p>Pro Jahr<\/p>\n<p>1 Year<\/p>\n<p>Lizenz<\/p>\n<p>200 Stunden<\/p>\n<p>Benutzerdefinierte CRM\/ERP <span lang=\"de\"><span data-language-for-alternatives=\"de\" data-language-to-translate-into=\"en\" data-phrase-index=\"0\">Entwicklung<\/span><\/span> und Integration<\/p>\n<h2 style=\"text-align: center;\"><strong><span lang=\"de\"><span data-language-for-alternatives=\"de\" data-language-to-translate-into=\"en\" data-phrase-index=\"0\">Kundenerfolgsgeschichte<\/span><\/span>n<\/strong><\/h2>\n<p><span style=\"\"><a href=\"http:\/\/emailtree.ai\/orange-and-emailtree-ai-the-customer-experience-reinvented\"><img loading=\"lazy\" decoding=\"async\" alt=\"\" data-id=\"28\" title=\"orange-logo\" src=\"\/\/emailtree.ai\/wp-content\/uploads\/2020\/01\/orange-logo.png\" style=\"\" ml-m=\"0\" mt-m=\"-27\" width=\"225\" height=\"225\"><\/a><\/span><\/p>\n<p style=\"text-align: center;\"><span lang=\"de\"><span data-language-for-alternatives=\"de\" data-language-to-translate-into=\"en\" data-phrase-index=\"0\">FALLSTUDIE<\/span><\/span><\/p>\n<h2><span lang=\"de\"><span data-language-for-alternatives=\"de\" data-language-to-translate-into=\"en\" data-phrase-index=\"0\">Orange und EmailTree: Das Kundenerlebnis neu erfunden<\/span><\/span><\/h2>\n<p style=\"\"><span lang=\"de\"><span data-language-for-alternatives=\"de\" data-language-to-translate-into=\"en\" data-phrase-index=\"0\">Erfahren Sie, wie Orange es geschafft hat, den Kundenservice zu entlasten, die Produktivit\u00e4t bei der Verwaltung von Textanfragen zu steigern und die Kundenzufriedenheit zu steigern.<\/span><\/span><\/p>\n<p style=\"text-align: left;\">Eine echte Auswirkung auf Ihren Workflow<\/p>\n<p style=\"text-align: center;\">60<\/p>\n<p style=\"text-align: center;\"><span style=\"font-size: 37px;\">%<\/span><\/p>\n<p style=\"text-align: center;\">Verringerung der durchschnittlichen L\u00f6sungszeit pro E-Mail<\/p>\n<p style=\"text-align: center;\">1<\/p>\n<p style=\"text-align: center;\"><span style=\"font-size: 37px;\">Minute<\/span><\/p>\n<p style=\"text-align: center;\">Durchschnittliche L\u00f6sungszeit pro E-Mail<\/p>\n<p style=\"text-align: center;\">25<\/p>\n<p style=\"text-align: center;\"><span style=\"font-size: 37px;\">%<\/span><\/p>\n<p style=\"text-align: center;\">Umsatzsteigerung<\/p>\n<h2 style=\"text-align: center;\"><strong>Kunden<\/strong><\/h2>\n<p><span style=\"\"><img loading=\"lazy\" decoding=\"async\" alt=\"\" data-id=\"28\" title=\"orange-logo\" src=\"https:\/\/emailtree.ai\/wp-content\/uploads\/2020\/01\/orange-logo.png\" style=\"\" ml-d=\"0\" mt-d=\"0\" width=\"225\" height=\"225\"><\/span><\/p>\n<p style=\"text-align: center;\">Orange Luxembourg<\/p>\n<p><span style=\"\"><img loading=\"lazy\" decoding=\"async\" alt=\"\" data-id=\"483\" title=\"1200px-E\u0301lectricite\u0301_de_France.svg\" src=\"https:\/\/emailtree.ai\/wp-content\/uploads\/2020\/01\/1200px-E\u0301lectricite\u0301_de_France.svg_.png\" style=\"\" ml-d=\"0\" mt-d=\"0\" width=\"227\" height=\"101\"><\/span><\/p>\n<p style=\"text-align: center;\">EDF France<\/p>\n<p><span style=\"\"><img loading=\"lazy\" decoding=\"async\" alt=\"\" data-id=\"478\" title=\"logo-bwm\" src=\"https:\/\/emailtree.ai\/wp-content\/uploads\/2020\/01\/logo-bwm.png\" style=\"\" ml-d=\"0\" mt-d=\"0\" width=\"169\" height=\"68\"><\/span><\/p>\n<p style=\"\">Official electronic software distributor of:<\/p>\n<p><span><img loading=\"lazy\" decoding=\"async\" alt=\"\" data-id=\"462\" title=\"Microsoft-logo\" src=\"https:\/\/emailtree.ai\/wp-content\/uploads\/2020\/01\/Microsoft-logo.png\" style=\"\" width=\"240\" height=\"51\"><\/span><span><img loading=\"lazy\" decoding=\"async\" alt=\"\" data-id=\"480\" title=\"Bitdefender-logo1\" src=\"https:\/\/emailtree.ai\/wp-content\/uploads\/2020\/01\/Bitdefender-logo1.png\" style=\"\" width=\"119\" height=\"64\"><\/span><span><img loading=\"lazy\" decoding=\"async\" alt=\"\" data-id=\"481\" title=\"1200px-ESET_logo.svg\" src=\"https:\/\/emailtree.ai\/wp-content\/uploads\/2020\/01\/1200px-ESET_logo.svg_.png\" style=\"\" width=\"114\" height=\"45\"><\/span><span><img loading=\"lazy\" decoding=\"async\" alt=\"\" data-id=\"482\" title=\"1200px-G_Data_Software_logo.svg\" src=\"https:\/\/emailtree.ai\/wp-content\/uploads\/2020\/01\/1200px-G_Data_Software_logo.svg_.png\" style=\"\" width=\"54\" height=\"74\"><\/span><\/p>\n<p style=\"text-align: center;\">BWM Mediasoft<\/p>\n<p><span style=\"\"><img loading=\"lazy\" decoding=\"async\" alt=\"\" data-id=\"484\" title=\"netregie-logo\" src=\"https:\/\/emailtree.ai\/wp-content\/uploads\/2020\/01\/netregie-logo.png\" style=\"\" ml-d=\"0\" mt-d=\"0\" width=\"217\" height=\"56\"><\/span><\/p>\n<p style=\"text-align: center;\">NETREGIE Luxembourg<\/p>\n<h2 style=\"text-align: center;\"><strong>Partner<\/strong><\/h2>\n<p><span style=\"\"><img loading=\"lazy\" decoding=\"async\" alt=\"\" data-id=\"462\" title=\"Microsoft-logo\" src=\"https:\/\/emailtree.ai\/wp-content\/uploads\/2020\/01\/Microsoft-logo.png\" style=\"margin-left: 0px;\" ml-d=\"0\" mt-d=\"-1\" width=\"240\" height=\"51\"><\/span><\/p>\n<p style=\"font-size: 15px !important;\"><span style=\"\">Microsoft <\/span>ISV Acceleration Lab<\/p>\n<p><span><img loading=\"lazy\" decoding=\"async\" alt=\"\" data-id=\"463\" title=\"NVIDIA-Inception-logo\" src=\"https:\/\/emailtree.ai\/wp-content\/uploads\/2020\/01\/NVIDIA-Inception-logo.png\" style=\"\" width=\"183\" height=\"63\"><\/span><\/p>\n<p style=\"\">Nvida Virtual Accelerator<\/p>\n<p><span><img loading=\"lazy\" decoding=\"async\" alt=\"\" data-id=\"464\" title=\"bnp-paribas\" src=\"https:\/\/emailtree.ai\/wp-content\/uploads\/2020\/01\/bnp-paribas.png\" style=\"\" width=\"237\" height=\"62\"><\/span><\/p>\n<p style=\"\">Lux Future Lab Incubator<\/p>\n<p><span><img loading=\"lazy\" decoding=\"async\" alt=\"\" data-id=\"465\" title=\"ey\" src=\"https:\/\/emailtree.ai\/wp-content\/uploads\/2020\/01\/ey.png\" style=\"\" width=\"101\" height=\"49\"><\/span><\/p>\n<p style=\"\">EY Novation Incubator<\/p>\n<p><span><img loading=\"lazy\" decoding=\"async\" alt=\"\" data-id=\"467\" title=\"orange\" src=\"https:\/\/emailtree.ai\/wp-content\/uploads\/2020\/01\/orange.png\" style=\"\" width=\"123\" height=\"51\"><\/span><\/p>\n<p style=\"\">Orange Business Accelerator<\/p>\n<h2 style=\"text-align: center;\"><strong>EmailTree \u200bHyperautomation Audit Workshop<\/strong><\/h2>\n<p style=\"text-align: center; --tcb-applied-color:rgb(255, 255, 255); color: rgb(255, 255, 255) !important;\">Entdecken Sie, welche Aufgaben Sie automatisieren k\u00f6nnen<\/p>\n<p>\u200bHyperautomation ist der Trend Nummer eins auf Gartner&#8217;s Liste der\u202f <a data-tcb_hover_state_parent=\"\" href=\"https:\/\/www.gartner.com\/smarterwithgartner\/gartner-top-10-strategic-technology-trends-for-2020\/\" style=\"outline: none;\" target=\"_blank\" rel=\"noopener\">Top 10 Strategischen Technologie-Trends f\u00fcr 2020<\/a>.\u202fSind Sie bereit f\u00fcr die \u200bHyperautomation?<\/p>\n","protected":false},"excerpt":{"rendered":"<p>Kundendienst \u200bHyperautomation Sekundenschnell Kundenanfragen l\u00f6sen und auf E-Mails antworten! Verstehen der E-Mails und Anfragen Aktionen Vorhersage Automatisierung der Aufgaben Antwortzusammensetzung Wie funktioniert es? EMAIL VERSTEHEN Bedeutung aus E-Mails entziehen. Verarbeitung in nat\u00fcrlicher Sprache (NLP), um das Wesentliche der Nachricht zu entziehen. Identifiziert Kundenprobleme bei Verwendung des Produkt\/Dienstleistung Identifiziert die auszuf\u00fchrenden Aktionen \/ Aufgaben EmailTree versteht [&hellip;]<\/p>\n","protected":false},"author":1,"featured_media":0,"parent":0,"menu_order":0,"comment_status":"closed","ping_status":"closed","template":"","meta":{"footnotes":""},"class_list":["post-2296","page","type-page","status-publish","hentry","post-wrapper","thrv_wrapper"],"yoast_head":"<!-- This site is optimized with the Yoast SEO plugin v23.6 - https:\/\/yoast.com\/wordpress\/plugins\/seo\/ -->\n<title>Hyperautomatisierung - EmailTree AI<\/title>\n<meta name=\"description\" content=\"Integration von k\u00fcnstlicher Intelligenz (KI) und Automatisierung der Robot-Process-Automation (RPA) zur Implementierung der Hyperautomation des Kundendienstes.\" \/>\n<meta name=\"robots\" content=\"index, follow, max-snippet:-1, max-image-preview:large, max-video-preview:-1\" \/>\n<link rel=\"canonical\" href=\"https:\/\/emailtree.ai\/de\/hyperautomatisierung\/\" \/>\n<meta property=\"og:locale\" content=\"de_DE\" \/>\n<meta property=\"og:type\" content=\"article\" \/>\n<meta property=\"og:title\" content=\"Hyperautomatisierung - EmailTree AI\" \/>\n<meta property=\"og:description\" content=\"Integration von k\u00fcnstlicher Intelligenz (KI) und Automatisierung der Robot-Process-Automation (RPA) zur Implementierung der Hyperautomation des Kundendienstes.\" \/>\n<meta property=\"og:url\" content=\"https:\/\/emailtree.ai\/de\/hyperautomatisierung\/\" \/>\n<meta property=\"og:site_name\" content=\"EmailTree AI\" \/>\n<meta property=\"article:modified_time\" content=\"2021-11-17T14:42:27+00:00\" \/>\n<meta property=\"og:image\" content=\"https:\/\/emailtree.ai\/wp-content\/uploads\/2020\/01\/email-understanding-emailtree.png\" \/>\n<meta name=\"twitter:card\" content=\"summary_large_image\" \/>\n<meta name=\"twitter:label1\" content=\"Gesch\u00e4tzte Lesezeit\" \/>\n\t<meta name=\"twitter:data1\" content=\"3\u00a0Minuten\" \/>\n<script type=\"application\/ld+json\" class=\"yoast-schema-graph\">{\"@context\":\"https:\/\/schema.org\",\"@graph\":[{\"@type\":\"WebPage\",\"@id\":\"https:\/\/emailtree.ai\/de\/hyperautomatisierung\/\",\"url\":\"https:\/\/emailtree.ai\/de\/hyperautomatisierung\/\",\"name\":\"Hyperautomatisierung - EmailTree AI\",\"isPartOf\":{\"@id\":\"https:\/\/emailtree.ai\/de\/#website\"},\"primaryImageOfPage\":{\"@id\":\"https:\/\/emailtree.ai\/de\/hyperautomatisierung\/#primaryimage\"},\"image\":{\"@id\":\"https:\/\/emailtree.ai\/de\/hyperautomatisierung\/#primaryimage\"},\"thumbnailUrl\":\"https:\/\/emailtree.ai\/wp-content\/uploads\/2020\/01\/email-understanding-emailtree.png\",\"datePublished\":\"2020-01-27T09:00:08+00:00\",\"dateModified\":\"2021-11-17T14:42:27+00:00\",\"description\":\"Integration von k\u00fcnstlicher Intelligenz (KI) und Automatisierung der Robot-Process-Automation (RPA) zur Implementierung der Hyperautomation des Kundendienstes.\",\"breadcrumb\":{\"@id\":\"https:\/\/emailtree.ai\/de\/hyperautomatisierung\/#breadcrumb\"},\"inLanguage\":\"de\",\"potentialAction\":[{\"@type\":\"ReadAction\",\"target\":[\"https:\/\/emailtree.ai\/de\/hyperautomatisierung\/\"]}]},{\"@type\":\"ImageObject\",\"inLanguage\":\"de\",\"@id\":\"https:\/\/emailtree.ai\/de\/hyperautomatisierung\/#primaryimage\",\"url\":\"https:\/\/emailtree.ai\/wp-content\/uploads\/2020\/01\/email-understanding-emailtree.png\",\"contentUrl\":\"https:\/\/emailtree.ai\/wp-content\/uploads\/2020\/01\/email-understanding-emailtree.png\"},{\"@type\":\"BreadcrumbList\",\"@id\":\"https:\/\/emailtree.ai\/de\/hyperautomatisierung\/#breadcrumb\",\"itemListElement\":[{\"@type\":\"ListItem\",\"position\":1,\"name\":\"Home\",\"item\":\"https:\/\/emailtree.ai\/de\/\"},{\"@type\":\"ListItem\",\"position\":2,\"name\":\"Hyperautomatisierung\"}]},{\"@type\":\"WebSite\",\"@id\":\"https:\/\/emailtree.ai\/de\/#website\",\"url\":\"https:\/\/emailtree.ai\/de\/\",\"name\":\"EmailTree AI\",\"description\":\"Customer Service Hyperautomation\",\"potentialAction\":[{\"@type\":\"SearchAction\",\"target\":{\"@type\":\"EntryPoint\",\"urlTemplate\":\"https:\/\/emailtree.ai\/de\/?s={search_term_string}\"},\"query-input\":{\"@type\":\"PropertyValueSpecification\",\"valueRequired\":true,\"valueName\":\"search_term_string\"}}],\"inLanguage\":\"de\"}]}<\/script>\n<!-- \/ Yoast SEO plugin. -->","yoast_head_json":{"title":"Hyperautomatisierung - EmailTree AI","description":"Integration von k\u00fcnstlicher Intelligenz (KI) und Automatisierung der Robot-Process-Automation (RPA) zur Implementierung der Hyperautomation des Kundendienstes.","robots":{"index":"index","follow":"follow","max-snippet":"max-snippet:-1","max-image-preview":"max-image-preview:large","max-video-preview":"max-video-preview:-1"},"canonical":"https:\/\/emailtree.ai\/de\/hyperautomatisierung\/","og_locale":"de_DE","og_type":"article","og_title":"Hyperautomatisierung - EmailTree AI","og_description":"Integration von k\u00fcnstlicher Intelligenz (KI) und Automatisierung der Robot-Process-Automation (RPA) zur Implementierung der Hyperautomation des Kundendienstes.","og_url":"https:\/\/emailtree.ai\/de\/hyperautomatisierung\/","og_site_name":"EmailTree AI","article_modified_time":"2021-11-17T14:42:27+00:00","og_image":[{"url":"https:\/\/emailtree.ai\/wp-content\/uploads\/2020\/01\/email-understanding-emailtree.png"}],"twitter_card":"summary_large_image","twitter_misc":{"Gesch\u00e4tzte Lesezeit":"3\u00a0Minuten"},"schema":{"@context":"https:\/\/schema.org","@graph":[{"@type":"WebPage","@id":"https:\/\/emailtree.ai\/de\/hyperautomatisierung\/","url":"https:\/\/emailtree.ai\/de\/hyperautomatisierung\/","name":"Hyperautomatisierung - EmailTree AI","isPartOf":{"@id":"https:\/\/emailtree.ai\/de\/#website"},"primaryImageOfPage":{"@id":"https:\/\/emailtree.ai\/de\/hyperautomatisierung\/#primaryimage"},"image":{"@id":"https:\/\/emailtree.ai\/de\/hyperautomatisierung\/#primaryimage"},"thumbnailUrl":"https:\/\/emailtree.ai\/wp-content\/uploads\/2020\/01\/email-understanding-emailtree.png","datePublished":"2020-01-27T09:00:08+00:00","dateModified":"2021-11-17T14:42:27+00:00","description":"Integration von k\u00fcnstlicher Intelligenz (KI) und Automatisierung der Robot-Process-Automation (RPA) zur Implementierung der Hyperautomation des Kundendienstes.","breadcrumb":{"@id":"https:\/\/emailtree.ai\/de\/hyperautomatisierung\/#breadcrumb"},"inLanguage":"de","potentialAction":[{"@type":"ReadAction","target":["https:\/\/emailtree.ai\/de\/hyperautomatisierung\/"]}]},{"@type":"ImageObject","inLanguage":"de","@id":"https:\/\/emailtree.ai\/de\/hyperautomatisierung\/#primaryimage","url":"https:\/\/emailtree.ai\/wp-content\/uploads\/2020\/01\/email-understanding-emailtree.png","contentUrl":"https:\/\/emailtree.ai\/wp-content\/uploads\/2020\/01\/email-understanding-emailtree.png"},{"@type":"BreadcrumbList","@id":"https:\/\/emailtree.ai\/de\/hyperautomatisierung\/#breadcrumb","itemListElement":[{"@type":"ListItem","position":1,"name":"Home","item":"https:\/\/emailtree.ai\/de\/"},{"@type":"ListItem","position":2,"name":"Hyperautomatisierung"}]},{"@type":"WebSite","@id":"https:\/\/emailtree.ai\/de\/#website","url":"https:\/\/emailtree.ai\/de\/","name":"EmailTree AI","description":"Customer Service Hyperautomation","potentialAction":[{"@type":"SearchAction","target":{"@type":"EntryPoint","urlTemplate":"https:\/\/emailtree.ai\/de\/?s={search_term_string}"},"query-input":{"@type":"PropertyValueSpecification","valueRequired":true,"valueName":"search_term_string"}}],"inLanguage":"de"}]}},"_links":{"self":[{"href":"https:\/\/emailtree.ai\/de\/wp-json\/wp\/v2\/pages\/2296"}],"collection":[{"href":"https:\/\/emailtree.ai\/de\/wp-json\/wp\/v2\/pages"}],"about":[{"href":"https:\/\/emailtree.ai\/de\/wp-json\/wp\/v2\/types\/page"}],"author":[{"embeddable":true,"href":"https:\/\/emailtree.ai\/de\/wp-json\/wp\/v2\/users\/1"}],"replies":[{"embeddable":true,"href":"https:\/\/emailtree.ai\/de\/wp-json\/wp\/v2\/comments?post=2296"}],"version-history":[{"count":0,"href":"https:\/\/emailtree.ai\/de\/wp-json\/wp\/v2\/pages\/2296\/revisions"}],"wp:attachment":[{"href":"https:\/\/emailtree.ai\/de\/wp-json\/wp\/v2\/media?parent=2296"}],"curies":[{"name":"wp","href":"https:\/\/api.w.org\/{rel}","templated":true}]}}