{"id":2321,"date":"2020-01-27T08:59:32","date_gmt":"2020-01-27T08:59:32","guid":{"rendered":"https:\/\/emailtree.ai\/enterprise\/"},"modified":"2022-09-21T14:38:30","modified_gmt":"2022-09-21T14:38:30","slug":"enterprise","status":"publish","type":"page","link":"https:\/\/emailtree.ai\/de\/enterprise\/","title":{"rendered":"EmailTree Enterprise"},"content":{"rendered":"<h1 style=\"text-align: left;\">EmailTree AI Enterprise<\/h1>\n<p style=\"text-align: left; --tcb-applied-color:rgb(255, 255, 255); color: rgb(255, 255, 255) !important;\">Wir helfen Ihrem Unternehmen<\/p>\n<p style=\"text-align: left; --tcb-applied-color:rgb(255, 255, 255); color: rgb(255, 255, 255) !important;\"><span data-colors=\"#ffffff\" data-highlight=\"0\" data-speed=\"500\" data-typist=\"die Kundenzufriedenheit zu erh\u00f6hen|die Kundenbindung zu verbessern.|Kosten zu sparen.|wiederholende Aufgaben zu automatisieren.\" style=\"text-align: left; --tcb-applied-color:rgb(255, 255, 255); color: rgb(255, 255, 255) !important;\">das Volumen des Kundenservices zu steigern.<\/span><\/p>\n<h2 style=\"text-align: center;\"><strong>Warum EmailTree?<\/strong><\/h2>\n<p style=\"text-align: center;\"><strong>Es steigert die E-Mail-Produktivit\u00e4t<\/strong><\/p>\n<p style=\"text-align: center;\"><strong>Es verbessert den Kundenservice<\/strong><\/p>\n<p style=\"text-align: center;\"><strong>Es Reduziert die durchschnittliche Bearbeitungszeit (DBZ)<\/strong><\/p>\n<p style=\"text-align: center;\"><strong>RPA Integration<\/strong><\/p>\n<h2 style=\"text-align: center;\"><strong>Wie funktioniert es?<\/strong><\/h2>\n<p style=\"text-align: left;\">EMAIL VERSTEHEN<\/p>\n<p style=\"\"><strong>Bedeutung aus E-Mails entziehen.<\/strong><\/p>\n<ul>\n<li style=\"\"><span style=\"\">Verarbeitung in nat\u00fcrlicher Sprache (NLP), um das Wesentliche der Nachricht zu entziehen.<\/span><\/li>\n<li style=\"\"><span style=\"\">Identifizieren Sie Kundenprobleme bei Verwendung des Produkt\/Dienstleistung<\/span><\/li>\n<li style=\"\"><span style=\"\">Identifiziert die auszuf\u00fchrenden Aktionen \/ Aufgaben<\/span><\/li>\n<\/ul>\n<p>EmailTree understands the content and automatically generates reports to help customer service and support team.<\/p>\n<p><span><img loading=\"lazy\" decoding=\"async\" alt=\"\" data-id=\"288\" title=\"email-understanding-emailtree\" src=\"https:\/\/emailtree.ai\/wp-content\/uploads\/2020\/01\/email-understanding-emailtree.png\" style=\"\" width=\"718\" height=\"284\"><\/span><\/p>\n<p style=\"\"><strong>Sammelt Zus\u00e4tzliche Informationen.<\/strong><\/p>\n<p>Beseitigen Sie die manuelle \u00dcberpr\u00fcfung aufzus\u00e4tzlichen internen und externen Informationen:<\/p>\n<ul>\n<li style=\"\"><span style=\"\">Bestehender Kunde in der Datenbank? Bestellstatus?<\/span><\/li>\n<li style=\"\"><span style=\"\">Verwenden Sie Kontextdaten, um die endg\u00fcltige Entscheidung zu automatisieren<\/span><\/li>\n<\/ul>\n<p><span><img loading=\"lazy\" decoding=\"async\" alt=\"\" data-id=\"296\" title=\"gathering-additional-information-emailtree\" src=\"https:\/\/emailtree.ai\/wp-content\/uploads\/2020\/01\/gathering-additional-information-emailtree.png\" style=\"\" width=\"722\" height=\"124\"><\/span>                    <\/p>\n<p style=\"text-align: left;\">AUTOMATISIERUNG DER AUFGABEN <\/p>\n<p style=\"\"><strong>Aktions-Vorhersage<\/strong><\/p>\n<ul>\n<li><span>Identifiziert das Problem \/ die Situation<\/span><\/li>\n<li style=\"\"><span style=\"\">Versteht den Kontext<\/span><\/li>\n<li style=\"\"><span style=\"\">\u00dcberpr\u00fcft die internen \/ externen Informationen<\/span><\/li>\n<li><span>Generiert Aktionen<\/span><\/li>\n<\/ul>\n<p style=\"\"><strong>Aufgabenautomatisierung mithilfe RPA-Technologie<\/strong><\/p>\n<ul>\n<li><span>Starten Sie Roboter, um automatisch Aufgaben auszuf\u00fchren<\/span><\/li>\n<li style=\"\"><span style=\"\">Vorbereitet benutzerdefinierte Angebote, Zugriff auf andere Software, Plattformen und Datenbanken.<\/span><\/li>\n<li style=\"\"><span style=\"\">Eskaliert bei Bedarf zu anderen Support-Stufen<\/span><\/li>\n<\/ul>\n<p>EmailTree versteht den Inhalt und generiert automatisch Berichte, um den Kundendienst- und das Supportteam zu unterst\u00fctzen.<\/p>\n<p><span><img loading=\"lazy\" decoding=\"async\" alt=\"\" data-id=\"300\" title=\"tasks-automation-emailtree\" src=\"https:\/\/emailtree.ai\/wp-content\/uploads\/2020\/01\/tasks-automation-emailtree.png\" style=\"\" width=\"544\" height=\"415\"><\/span>                    <\/p>\n<p style=\"text-align: left;\">ANTWORT-ZUSAMMENSETZUNG<\/p>\n<p style=\"\"><strong>Zusammensetzung der E-Mail-Antwort<\/strong><\/p>\n<ul>\n<li style=\"\"><span style=\"\">Generiert ein Konfidenzniveau basierend auf den vorherigen Schritten.<\/span><\/li>\n<li style=\"\"><span style=\"\">Verfasst den E-Mail-Inhalt und sendet E-Mails<\/span><\/li>\n<li style=\"\"><span style=\"\">Der menschliche Benutzer kann eingreiffen, um spezifische Elemente der Email zu \u00e4ndern.<\/span><\/li>\n<li style=\"\"><span style=\"\">H\u00e4ngt Dateien hinzu, falls ben\u00f6tigt.<\/span><\/li>\n<li style=\"\"><span style=\"\">Sendet die E-Mail automatisch, wenn das Konfidenzniveau einen bestimmten Prozentsatz erreicht.<\/span><\/li>\n<\/ul>\n<p style=\"\"><strong>Lernen und handeln<\/strong><\/p>\n<p>Lernt aus jeder Aktion des menschlichen Benutzers. Einige Aktionen wurden bereits von EmailTree ausgef\u00fchrt und E-Mails wurden versendet. Andere Aktionen m\u00fcssen vor dem Versenden der E-Mail vom menschlichen Benutzer \u00fcberpr\u00fcft werden. In einem \u00e4hnlichen Szenario sendet EmailTree das n\u00e4chste Mal automatisch die richtige E-Mail.<\/p>\n<p><span><img loading=\"lazy\" decoding=\"async\" alt=\"\" data-id=\"303\" title=\"email-composition-emailtree\" src=\"https:\/\/emailtree.ai\/wp-content\/uploads\/2020\/01\/email-composition-emailtree.png\" style=\"\" width=\"760\" height=\"428\"><\/span><\/p>\n<p style=\"\"><strong>Verbesserung der Lernergebnisse<\/strong><\/p>\n<p>Jede Entscheidung tr\u00e4gt zum Lernprozess bei. Tag f\u00fcr Tag verbessert sich das Konfidenzniveau und EmailTree bietet eine bessere Leistung.<\/p>\n<ul>\n<li style=\"\"><span style=\"\">Verwendet Kontextdaten, um die endg\u00fcltige Entscheidung zu automatisieren<\/span><\/li>\n<\/ul>\n<p><span><img loading=\"lazy\" decoding=\"async\" alt=\"\" data-id=\"304\" title=\"supervised-learning-emailtree\" src=\"https:\/\/emailtree.ai\/wp-content\/uploads\/2020\/01\/supervised-learning-emailtree.png\" style=\"\" width=\"449\" height=\"173\"><\/span><\/p>\n<h2 style=\"text-align: center;\"><strong>Kunden<\/strong><\/h2>\n<p><span style=\"\"><img loading=\"lazy\" decoding=\"async\" alt=\"\" data-id=\"28\" title=\"orange-logo\" src=\"https:\/\/emailtree.ai\/wp-content\/uploads\/2020\/01\/orange-logo.png\" style=\"\" ml-d=\"0\" mt-d=\"0\" width=\"225\" height=\"225\"><\/span><\/p>\n<p style=\"text-align: center;\">Orange Luxembourg<\/p>\n<p><span style=\"\"><img loading=\"lazy\" decoding=\"async\" alt=\"\" data-id=\"483\" title=\"1200px-E\u0301lectricite\u0301_de_France.svg\" src=\"https:\/\/emailtree.ai\/wp-content\/uploads\/2020\/01\/1200px-E\u0301lectricite\u0301_de_France.svg_.png\" style=\"\" ml-d=\"0\" mt-d=\"0\" width=\"227\" height=\"101\"><\/span><\/p>\n<p style=\"text-align: center;\">EDF France<\/p>\n<p><span style=\"\"><img loading=\"lazy\" decoding=\"async\" alt=\"\" data-id=\"478\" title=\"logo-bwm\" src=\"https:\/\/emailtree.ai\/wp-content\/uploads\/2020\/01\/logo-bwm.png\" style=\"\" ml-d=\"0\" mt-d=\"0\" width=\"169\" height=\"68\"><\/span><\/p>\n<p>Official electronic software distributor of:<\/p>\n<p><span><img loading=\"lazy\" decoding=\"async\" alt=\"\" data-id=\"462\" title=\"Microsoft-logo\" src=\"https:\/\/emailtree.ai\/wp-content\/uploads\/2020\/01\/Microsoft-logo.png\" style=\"\" width=\"240\" height=\"51\"><\/span><span><img loading=\"lazy\" decoding=\"async\" alt=\"\" data-id=\"480\" title=\"Bitdefender-logo1\" src=\"https:\/\/emailtree.ai\/wp-content\/uploads\/2020\/01\/Bitdefender-logo1.png\" style=\"\" width=\"119\" height=\"64\"><\/span><span><img loading=\"lazy\" decoding=\"async\" alt=\"\" data-id=\"481\" title=\"1200px-ESET_logo.svg\" src=\"https:\/\/emailtree.ai\/wp-content\/uploads\/2020\/01\/1200px-ESET_logo.svg_.png\" style=\"\" width=\"114\" height=\"45\"><\/span><span><img loading=\"lazy\" decoding=\"async\" alt=\"\" data-id=\"482\" title=\"1200px-G_Data_Software_logo.svg\" src=\"https:\/\/emailtree.ai\/wp-content\/uploads\/2020\/01\/1200px-G_Data_Software_logo.svg_.png\" style=\"\" width=\"54\" height=\"74\"><\/span><span style=\"\"><img loading=\"lazy\" decoding=\"async\" alt=\"\" data-id=\"484\" title=\"netregie-logo\" src=\"https:\/\/emailtree.ai\/wp-content\/uploads\/2020\/01\/netregie-logo.png\" style=\"\" ml-d=\"0\" mt-d=\"0\" width=\"217\" height=\"56\"><\/span><\/p>\n<p style=\"text-align: center;\">NETREGIE Luxembourg<\/p>\n<h2 style=\"text-align: center;\"><strong>Pakete<\/strong><\/h2>\n<p><a href=\"#\"><span><span>Instance 1<\/span><\/span><\/a><\/p>\n<h5>Small Team<\/h5>\n<p>30 000 Emails<\/p>\n<p>Pro Jahr<\/p>\n<p>1 Year<\/p>\n<p>Lizenz<\/p>\n<p>30 Stunden<\/p>\n<p>Benutzerdefinierte CRM\/ERP <span lang=\"de\"><span data-language-for-alternatives=\"de\" data-language-to-translate-into=\"en\" data-phrase-index=\"0\">Entwicklung<\/span><\/span> und Integration<\/p>\n<h5>MEDIUM Team<\/h5>\n<p>100 000 Emails<\/p>\n<p>Pro Jahr<\/p>\n<p>1 Year<\/p>\n<p>Lizenz<\/p>\n<p>60 Stunden<\/p>\n<p>Benutzerdefinierte CRM\/ERP <span lang=\"de\"><span data-language-for-alternatives=\"de\" data-language-to-translate-into=\"en\" data-phrase-index=\"0\">Entwicklung<\/span><\/span> und Integration<\/p>\n<h5>LARGE Team<\/h5>\n<p>300 000 Emails<\/p>\n<p>Pro Jahr<\/p>\n<p>1 Year<\/p>\n<p>Lizenz<\/p>\n<p>100 Stunden<\/p>\n<p>Benutzerdefinierte CRM\/ERP <span lang=\"de\"><span data-language-for-alternatives=\"de\" data-language-to-translate-into=\"en\" data-phrase-index=\"0\">Entwicklung<\/span><\/span> und Integration<\/p>\n<h5>CORPORATION<\/h5>\n<p>Unlimited Emails<\/p>\n<p>Pro Jahr<\/p>\n<p>1 Year<\/p>\n<p>Lizenz<\/p>\n<p>200 Stunden<\/p>\n<p>Benutzerdefinierte CRM\/ERP <span lang=\"de\"><span data-language-for-alternatives=\"de\" data-language-to-translate-into=\"en\" data-phrase-index=\"0\">Entwicklung<\/span><\/span> und Integration<\/p>\n<h2 style=\"text-align: center;\">Kundenreferenzen<\/h2>\n<p><a href=\"https:\/\/emailtree.ai\/de\/erfolgsgeschichten\/orange-luxembourg-hyperautomatisierung\/\" rel=\"noopener\" target=\"_blank\">    <span><img decoding=\"async\" alt=\"\" data-id=\"108\" title=\"\" src=\"https:\/\/emailtree.ai\/wp-content\/uploads\/2020\/01\/0004_Orange.png\" style=\"\" data-width=\"150\" data-height=\"150\" data-init-width=\"300\" data-init-height=\"300\" loading=\"lazy\" width=\"150\" height=\"150\"><\/span>   <\/p>\n<p style=\"text-align: center;\">TELEKOMMUNIKATION<\/p>\n<p style=\"text-align: center;\">Orange Luxembourg<\/p>\n<p style=\"text-align: center;\">Erfahren Sie, wie es Orange Luxembourg gelungen ist, den Kundenservice zu entlasten, die Produktivit\u00e4t bei der Bearbeitung von Textanfragen zu steigern und die Kundenzufriedenheit zu steigern.<\/p>\n<p>  <\/a><a href=\"https:\/\/emailtree.ai\/de\/erfolgsgeschichten\/bwm-mediasoft-hyperautomatisierung\/\" rel=\"noopener\" target=\"_blank\">    <span><img decoding=\"async\" alt=\"\" data-id=\"1228\" title=\"\" src=\"https:\/\/emailtree.ai\/wp-content\/uploads\/logo-bwm-white.png\" style=\"\" data-init-width=\"169\" data-init-height=\"68\" data-width=\"150\" data-height=\"61\" loading=\"lazy\" width=\"150\" height=\"61\"><\/span>   <\/p>\n<p style=\"text-align: center;\">E-KOMMERZ<\/p>\n<p style=\"text-align: center;\">BWM Mediasoft<\/p>\n<p style=\"text-align: center;\">Erfahren Sie, wie Hyperautomation der BWM Mediasoft dabei geholfen hat, die Effizienz \/ Produktivit\u00e4t zu steigern, die Reaktionszeit zu verk\u00fcrzen und gleichzeitig die Kundenzufriedenheit zu steigern.<\/p>\n<p>  <\/a><\/p>\n<p style=\"text-align: left;\">Eine echte Auswirkung auf Ihren Workflow<\/p>\n<p style=\"text-align: center;\">60<\/p>\n<p style=\"text-align: center;\"><span style=\"font-size: 37px;\">%<\/span><\/p>\n<p style=\"text-align: center;\">Verringerung der durchschnittlichen L\u00f6sungszeit pro E-Mail<\/p>\n<p style=\"text-align: center;\">1<\/p>\n<p style=\"text-align: center;\"><span style=\"font-size: 37px;\">Minute<\/span><\/p>\n<p style=\"text-align: center;\">Durchschnittliche L\u00f6sungszeit pro E-Mail<\/p>\n<p style=\"text-align: center;\">25<\/p>\n<p style=\"text-align: center;\"><span style=\"font-size: 37px;\">%<\/span><\/p>\n<p style=\"text-align: center;\">Umsatzsteigerung<\/p>\n<h2 style=\"text-align: center;\"><strong>Partner<\/strong><\/h2>\n<p><span style=\"\"><img loading=\"lazy\" decoding=\"async\" alt=\"\" data-id=\"462\" title=\"Microsoft-logo\" src=\"https:\/\/emailtree.ai\/wp-content\/uploads\/2020\/01\/Microsoft-logo.png\" style=\"margin-left: 0px;\" ml-d=\"0\" mt-d=\"-1\" width=\"240\" height=\"51\"><\/span><\/p>\n<p>Microsoft ISV Acceleration Lab<\/p>\n<p><span><img loading=\"lazy\" decoding=\"async\" alt=\"\" data-id=\"463\" title=\"NVIDIA-Inception-logo\" src=\"https:\/\/emailtree.ai\/wp-content\/uploads\/2020\/01\/NVIDIA-Inception-logo.png\" style=\"\" width=\"183\" height=\"63\"><\/span><\/p>\n<p>Nvida Virtual Accelerator<\/p>\n<p><span><img loading=\"lazy\" decoding=\"async\" alt=\"\" data-id=\"464\" title=\"bnp-paribas\" src=\"https:\/\/emailtree.ai\/wp-content\/uploads\/2020\/01\/bnp-paribas.png\" style=\"\" width=\"237\" height=\"62\"><\/span><\/p>\n<p>Lux Future Lab Incubator<\/p>\n<p><span><img loading=\"lazy\" decoding=\"async\" alt=\"\" data-id=\"465\" title=\"ey\" src=\"https:\/\/emailtree.ai\/wp-content\/uploads\/2020\/01\/ey.png\" style=\"\" width=\"101\" height=\"49\"><\/span><\/p>\n<p>EY Novation Incubator<\/p>\n<p><span><img loading=\"lazy\" decoding=\"async\" alt=\"\" data-id=\"467\" title=\"orange\" src=\"https:\/\/emailtree.ai\/wp-content\/uploads\/2020\/01\/orange.png\" style=\"\" width=\"123\" height=\"51\"><\/span><\/p>\n<p>Orange Business Accelerator<\/p>\n<h2 style=\"text-align: center;\"><strong>EmailTree Hyperautomation Audit Workshop<\/strong><\/h2>\n<p style=\"text-align: center; --tcb-applied-color:rgb(255, 255, 255); color: rgb(255, 255, 255) !important;\">Entdecken Sie, welche Aufgaben Sie automatisieren k\u00f6nnen<\/p>\n<p>Hyperautomation ist einer der Nummer eins Trends auf Gartner&#8217;s liste der\u202f <a data-tcb_hover_state_parent=\"\" href=\"https:\/\/www.gartner.com\/en\/information-technology\/insights\/top-technology-trends\" target=\"_blank\" style=\"outline: none;\" rel=\"noopener\">Top 10 Strategische Technologie-Trends f\u00fcr 2022<\/a>\u202fSind Sie bereit f\u00fcr die Hyperautomation?<\/p>\n","protected":false},"excerpt":{"rendered":"<p>EmailTree AI Enterprise Wir helfen Ihrem Unternehmen das Volumen des Kundenservices zu steigern. Warum EmailTree? Es steigert die E-Mail-Produktivit\u00e4t Es verbessert den Kundenservice Es Reduziert die durchschnittliche Bearbeitungszeit (DBZ) RPA Integration Wie funktioniert es? EMAIL VERSTEHEN Bedeutung aus E-Mails entziehen. Verarbeitung in nat\u00fcrlicher Sprache (NLP), um das Wesentliche der Nachricht zu entziehen. Identifizieren Sie Kundenprobleme [&hellip;]<\/p>\n","protected":false},"author":1,"featured_media":3746,"parent":0,"menu_order":0,"comment_status":"closed","ping_status":"closed","template":"","meta":{"footnotes":""},"class_list":["post-2321","page","type-page","status-publish","has-post-thumbnail","hentry","post-wrapper","thrv_wrapper"],"yoast_head":"<!-- This site is optimized with the Yoast SEO plugin v23.6 - https:\/\/yoast.com\/wordpress\/plugins\/seo\/ -->\n<title>EmailTree Enterprise - EmailTree AI<\/title>\n<meta name=\"description\" content=\"Die EmailTree AI-L\u00f6sung f\u00fcr Unternehmen hilft jedem Kundendienst- oder Supportteam, Zeit und Ressourcen zu sparen und die Kundenzufriedenheit zu steigern.\" \/>\n<meta name=\"robots\" content=\"index, follow, max-snippet:-1, max-image-preview:large, max-video-preview:-1\" \/>\n<link rel=\"canonical\" href=\"https:\/\/emailtree.ai\/de\/enterprise\/\" \/>\n<meta property=\"og:locale\" content=\"de_DE\" \/>\n<meta property=\"og:type\" content=\"article\" \/>\n<meta property=\"og:title\" content=\"EmailTree Enterprise - EmailTree AI\" \/>\n<meta property=\"og:description\" content=\"Die EmailTree AI-L\u00f6sung f\u00fcr Unternehmen hilft jedem Kundendienst- oder Supportteam, Zeit und Ressourcen zu sparen und die Kundenzufriedenheit zu steigern.\" \/>\n<meta property=\"og:url\" content=\"https:\/\/emailtree.ai\/de\/enterprise\/\" \/>\n<meta property=\"og:site_name\" content=\"EmailTree AI\" \/>\n<meta property=\"article:modified_time\" content=\"2022-09-21T14:38:30+00:00\" \/>\n<meta property=\"og:image\" content=\"https:\/\/emailtree.ai\/wp-content\/uploads\/ET-logo-2.png\" \/>\n\t<meta property=\"og:image:width\" content=\"1400\" \/>\n\t<meta property=\"og:image:height\" content=\"618\" \/>\n\t<meta property=\"og:image:type\" content=\"image\/png\" \/>\n<meta name=\"twitter:card\" content=\"summary_large_image\" \/>\n<meta name=\"twitter:label1\" content=\"Gesch\u00e4tzte Lesezeit\" \/>\n\t<meta name=\"twitter:data1\" content=\"2\u00a0Minuten\" \/>\n<script type=\"application\/ld+json\" class=\"yoast-schema-graph\">{\"@context\":\"https:\/\/schema.org\",\"@graph\":[{\"@type\":\"WebPage\",\"@id\":\"https:\/\/emailtree.ai\/de\/enterprise\/\",\"url\":\"https:\/\/emailtree.ai\/de\/enterprise\/\",\"name\":\"EmailTree Enterprise - EmailTree AI\",\"isPartOf\":{\"@id\":\"https:\/\/emailtree.ai\/de\/#website\"},\"primaryImageOfPage\":{\"@id\":\"https:\/\/emailtree.ai\/de\/enterprise\/#primaryimage\"},\"image\":{\"@id\":\"https:\/\/emailtree.ai\/de\/enterprise\/#primaryimage\"},\"thumbnailUrl\":\"https:\/\/emailtree.ai\/wp-content\/uploads\/ET-logo-2.png\",\"datePublished\":\"2020-01-27T08:59:32+00:00\",\"dateModified\":\"2022-09-21T14:38:30+00:00\",\"description\":\"Die EmailTree AI-L\u00f6sung f\u00fcr Unternehmen hilft jedem Kundendienst- oder Supportteam, Zeit und Ressourcen zu sparen und die Kundenzufriedenheit zu steigern.\",\"breadcrumb\":{\"@id\":\"https:\/\/emailtree.ai\/de\/enterprise\/#breadcrumb\"},\"inLanguage\":\"de\",\"potentialAction\":[{\"@type\":\"ReadAction\",\"target\":[\"https:\/\/emailtree.ai\/de\/enterprise\/\"]}]},{\"@type\":\"ImageObject\",\"inLanguage\":\"de\",\"@id\":\"https:\/\/emailtree.ai\/de\/enterprise\/#primaryimage\",\"url\":\"https:\/\/emailtree.ai\/wp-content\/uploads\/ET-logo-2.png\",\"contentUrl\":\"https:\/\/emailtree.ai\/wp-content\/uploads\/ET-logo-2.png\",\"width\":1400,\"height\":618},{\"@type\":\"BreadcrumbList\",\"@id\":\"https:\/\/emailtree.ai\/de\/enterprise\/#breadcrumb\",\"itemListElement\":[{\"@type\":\"ListItem\",\"position\":1,\"name\":\"Home\",\"item\":\"https:\/\/emailtree.ai\/de\/\"},{\"@type\":\"ListItem\",\"position\":2,\"name\":\"EmailTree Enterprise\"}]},{\"@type\":\"WebSite\",\"@id\":\"https:\/\/emailtree.ai\/de\/#website\",\"url\":\"https:\/\/emailtree.ai\/de\/\",\"name\":\"EmailTree AI\",\"description\":\"Customer Service Hyperautomation\",\"potentialAction\":[{\"@type\":\"SearchAction\",\"target\":{\"@type\":\"EntryPoint\",\"urlTemplate\":\"https:\/\/emailtree.ai\/de\/?s={search_term_string}\"},\"query-input\":{\"@type\":\"PropertyValueSpecification\",\"valueRequired\":true,\"valueName\":\"search_term_string\"}}],\"inLanguage\":\"de\"}]}<\/script>\n<!-- \/ Yoast SEO plugin. -->","yoast_head_json":{"title":"EmailTree Enterprise - EmailTree AI","description":"Die EmailTree AI-L\u00f6sung f\u00fcr Unternehmen hilft jedem Kundendienst- oder Supportteam, Zeit und Ressourcen zu sparen und die Kundenzufriedenheit zu steigern.","robots":{"index":"index","follow":"follow","max-snippet":"max-snippet:-1","max-image-preview":"max-image-preview:large","max-video-preview":"max-video-preview:-1"},"canonical":"https:\/\/emailtree.ai\/de\/enterprise\/","og_locale":"de_DE","og_type":"article","og_title":"EmailTree Enterprise - EmailTree AI","og_description":"Die EmailTree AI-L\u00f6sung f\u00fcr Unternehmen hilft jedem Kundendienst- oder Supportteam, Zeit und Ressourcen zu sparen und die Kundenzufriedenheit zu steigern.","og_url":"https:\/\/emailtree.ai\/de\/enterprise\/","og_site_name":"EmailTree AI","article_modified_time":"2022-09-21T14:38:30+00:00","og_image":[{"width":1400,"height":618,"url":"https:\/\/emailtree.ai\/wp-content\/uploads\/ET-logo-2.png","type":"image\/png"}],"twitter_card":"summary_large_image","twitter_misc":{"Gesch\u00e4tzte Lesezeit":"2\u00a0Minuten"},"schema":{"@context":"https:\/\/schema.org","@graph":[{"@type":"WebPage","@id":"https:\/\/emailtree.ai\/de\/enterprise\/","url":"https:\/\/emailtree.ai\/de\/enterprise\/","name":"EmailTree Enterprise - EmailTree AI","isPartOf":{"@id":"https:\/\/emailtree.ai\/de\/#website"},"primaryImageOfPage":{"@id":"https:\/\/emailtree.ai\/de\/enterprise\/#primaryimage"},"image":{"@id":"https:\/\/emailtree.ai\/de\/enterprise\/#primaryimage"},"thumbnailUrl":"https:\/\/emailtree.ai\/wp-content\/uploads\/ET-logo-2.png","datePublished":"2020-01-27T08:59:32+00:00","dateModified":"2022-09-21T14:38:30+00:00","description":"Die EmailTree AI-L\u00f6sung f\u00fcr Unternehmen hilft jedem Kundendienst- oder Supportteam, Zeit und Ressourcen zu sparen und die Kundenzufriedenheit zu steigern.","breadcrumb":{"@id":"https:\/\/emailtree.ai\/de\/enterprise\/#breadcrumb"},"inLanguage":"de","potentialAction":[{"@type":"ReadAction","target":["https:\/\/emailtree.ai\/de\/enterprise\/"]}]},{"@type":"ImageObject","inLanguage":"de","@id":"https:\/\/emailtree.ai\/de\/enterprise\/#primaryimage","url":"https:\/\/emailtree.ai\/wp-content\/uploads\/ET-logo-2.png","contentUrl":"https:\/\/emailtree.ai\/wp-content\/uploads\/ET-logo-2.png","width":1400,"height":618},{"@type":"BreadcrumbList","@id":"https:\/\/emailtree.ai\/de\/enterprise\/#breadcrumb","itemListElement":[{"@type":"ListItem","position":1,"name":"Home","item":"https:\/\/emailtree.ai\/de\/"},{"@type":"ListItem","position":2,"name":"EmailTree Enterprise"}]},{"@type":"WebSite","@id":"https:\/\/emailtree.ai\/de\/#website","url":"https:\/\/emailtree.ai\/de\/","name":"EmailTree AI","description":"Customer Service Hyperautomation","potentialAction":[{"@type":"SearchAction","target":{"@type":"EntryPoint","urlTemplate":"https:\/\/emailtree.ai\/de\/?s={search_term_string}"},"query-input":{"@type":"PropertyValueSpecification","valueRequired":true,"valueName":"search_term_string"}}],"inLanguage":"de"}]}},"_links":{"self":[{"href":"https:\/\/emailtree.ai\/de\/wp-json\/wp\/v2\/pages\/2321"}],"collection":[{"href":"https:\/\/emailtree.ai\/de\/wp-json\/wp\/v2\/pages"}],"about":[{"href":"https:\/\/emailtree.ai\/de\/wp-json\/wp\/v2\/types\/page"}],"author":[{"embeddable":true,"href":"https:\/\/emailtree.ai\/de\/wp-json\/wp\/v2\/users\/1"}],"replies":[{"embeddable":true,"href":"https:\/\/emailtree.ai\/de\/wp-json\/wp\/v2\/comments?post=2321"}],"version-history":[{"count":0,"href":"https:\/\/emailtree.ai\/de\/wp-json\/wp\/v2\/pages\/2321\/revisions"}],"wp:featuredmedia":[{"embeddable":true,"href":"https:\/\/emailtree.ai\/de\/wp-json\/wp\/v2\/media\/3746"}],"wp:attachment":[{"href":"https:\/\/emailtree.ai\/de\/wp-json\/wp\/v2\/media?parent=2321"}],"curies":[{"name":"wp","href":"https:\/\/api.w.org\/{rel}","templated":true}]}}