{"id":2328,"date":"2020-01-24T17:07:09","date_gmt":"2020-01-24T17:07:09","guid":{"rendered":"https:\/\/emailtree.ai\/private-smbs\/"},"modified":"2021-11-17T14:42:40","modified_gmt":"2021-11-17T14:42:40","slug":"private-kmus","status":"publish","type":"page","link":"https:\/\/emailtree.ai\/de\/private-kmus\/","title":{"rendered":"Privat und KMUs"},"content":{"rendered":"<h2 style=\"text-align: left;\"><span>Sekundenschnell auf E-Mails antworten!<\/span><\/h2>\n<p style=\"text-align: left; --tcb-applied-color:rgb(255, 255, 255); color: rgb(255, 255, 255) !important;\"><span style=\"font-weight: normal;\">Wir helfen Ihrem Unternehmen&nbsp;<\/span><\/p>\n<p><span data-colors=\"#ffffff\" data-highlight=\"0\" data-speed=\"500\" data-typist=\"die Kundenzufriedenheit zu erh\u00f6hen|die Kundenbindung zu verbessern.|Kosten zu sparen.|wiederholende Aufgaben zu automatisieren.|das Volumen des Kundenservices zu steigern.\">die Produktivit\u00e4t zu steigern.<\/span><\/p>\n<p><span><img loading=\"lazy\" decoding=\"async\" alt=\"\" data-id=\"538\" title=\"reply-email-multiple-languages-emailtree\" src=\"https:\/\/emailtree.ai\/wp-content\/uploads\/2020\/01\/reply-email-multiple-languages-emailtree.png\" width=\"2178\" height=\"698\"><\/span><\/p>\n<h3>Antworten Sie in mehreren Sprachen.<\/h3>\n<p>W\u00e4hlen Sie zwischen mehreren Sprachen:Englisch, Deutsch, Spanisch, Italienisch, Holl\u00e4ndisch, Protug\u00e4sisch, Luxembourgisch, etc. (Lateinische Alphabet-basierte Sprachen)<\/p>\n<h3>Drag, drop und senden!<\/h3>\n<p>Definieren Sie die kundenspezifische Ausdr\u00fccke und Textbl\u00f6cke, je nach Ihrer spezifischen Aktivit\u00e4t und der Industrie. Um zu antworten, ziehen Sie einfach Textbl\u00f6cke per Drag &amp; Drop und senden Sie die E-Mail in Sekunden.<\/p>\n<p><span><img loading=\"lazy\" decoding=\"async\" alt=\"\" data-id=\"535\" title=\"email-reply-drag-drop-emailtree\" src=\"https:\/\/emailtree.ai\/wp-content\/uploads\/2020\/01\/email-reply-drag-drop-emailtree.png\" style=\"\" width=\"2094\" height=\"1076\"><\/span><span><img loading=\"lazy\" decoding=\"async\" alt=\"\" data-id=\"539\" title=\"Machine Learning Email Reply EmailTree AI\" src=\"https:\/\/emailtree.ai\/wp-content\/uploads\/2020\/01\/learning-email-reply-emailtree.png\" width=\"1954\" height=\"1280\"><\/span><\/p>\n<h3>Lernt mit, w\u00e4hrend Sie antworten.<\/h3>\n<p>Trainieren Sie EmailTree, um die spezifischen Bed\u00fcrfnisse zu verstehen und um Antwortvorschl\u00e4ge mit h\u00f6herem Konfidenzniveau zu erhalten.<\/p>\n<h3>Daten Importieren<\/h3>\n<p>Generieren Sie hochgradig-angepasste Antworten, indem Sie angefertigte Daten einf\u00fcgen, die aus internen Datenbanken verwaltet werden, die in Ihr Profil importiert wurden.<\/p>\n<p><span><img loading=\"lazy\" decoding=\"async\" alt=\"\" data-id=\"541\" title=\"EmailTree.ai Import Data\" src=\"https:\/\/emailtree.ai\/wp-content\/uploads\/2020\/01\/emailtree-import-data.png\" width=\"1968\" height=\"1308\"><\/span><span><img loading=\"lazy\" decoding=\"async\" alt=\"\" data-id=\"542\" title=\"EmailTree.ai Outlook Plugin\" src=\"https:\/\/emailtree.ai\/wp-content\/uploads\/2020\/01\/emailtree-outlook-plugin.png\" width=\"1906\" height=\"1222\"><\/span><\/p>\n<h3>EmailTree Plug-ins<\/h3>\n<p>Integrieren Sie EmailTree in beliebte E-Mail-Verwaltungssoftware und Plattformen wie Outlook und Google Mail.<\/p>\n<h3>CRM integriert<\/h3>\n<p>EmailTree enth\u00e4lt eine Light-Version von CRM, mit der Sie E-Mails klassifizieren, verschiedenen Teammitgliedern zuweisen, Aufgaben planen, Warnungen, Aktionen und mehr, einrichten und verwalten k\u00f6nnen.<\/p>\n<p><span><img loading=\"lazy\" decoding=\"async\" alt=\"\" data-id=\"543\" title=\"Emailtree.ai CRM Integration\" src=\"https:\/\/emailtree.ai\/wp-content\/uploads\/2020\/01\/emailtree-crm-integration.png\" width=\"1950\" height=\"1310\"><\/span><span><img loading=\"lazy\" decoding=\"async\" alt=\"\" data-id=\"545\" title=\"EmailTree Tools Integration\" src=\"https:\/\/emailtree.ai\/wp-content\/uploads\/2020\/01\/emailtree-tools-integration.png\" width=\"1954\" height=\"1272\"><\/span><\/p>\n<h3>Integration mit anderen Tools<\/h3>\n<p>Mit EmailTree Connect k\u00f6nnen Sie eine Verbindung zur g\u00e4ngigen Software- und Produktivit\u00e4tstools wie CRM, Buchhaltung sowie zu beliebten RPA-Tools und -Plattformen (Robotic Process Automation) herstellen und integrieren.<\/p>\n<h3>EmailTree f\u00fcr Tesla-Browser<\/h3>\n<p>Verwenden Sie EmailTree auf dem Tesla-Armaturenbrett. Antworten Sie in Sekundenschnelle auf E-Mails, w\u00e4hrend Sie auf das gr\u00fcne Licht warten, und somit sparen Sie Zeit f\u00fcr sp\u00e4ter.<\/p>\n<p><span><img loading=\"lazy\" decoding=\"async\" alt=\"\" data-id=\"547\" title=\"EmailTree Tesla Browser Integration\" src=\"https:\/\/emailtree.ai\/wp-content\/uploads\/2020\/01\/emailtree-tesla-browser-integration.png\" width=\"1972\" height=\"1302\"><\/span><\/p>\n<h2 style=\"text-align: center;\"><strong>Warum sollten Sie sich f\u00fcr EmailTree AI entscheiden?<\/strong><\/h2>\n<p style=\"text-align: center;\"><strong><strong>Es steigert die E-Mail-Produktivit\u00e4t<\/strong><\/strong><\/p>\n<p><strong>Es verbessert den Kundenservice<\/strong><\/p>\n<p style=\"text-align: center;\"><strong><\/strong><strong>Es Reduziert die durchschnittliche Bearbeitungszeit (DBZ)<\/strong><\/p>\n<p style=\"text-align: center;\"><strong>RPA Integration<\/strong><\/p>\n<h2 style=\"text-align: center;\"><strong>Kunden<\/strong><\/h2>\n<p><span><img loading=\"lazy\" decoding=\"async\" alt=\"\" data-id=\"28\" title=\"orange-logo\" src=\"https:\/\/emailtree.ai\/wp-content\/uploads\/2020\/01\/orange-logo.png\" style=\"\" data-width=\"112\" data-height=\"112\" data-init-width=\"225\" data-init-height=\"225\" width=\"112\" height=\"112\"><\/span><\/p>\n<p style=\"text-align: center;\">Orange Luxembourg<\/p>\n<p><span><img loading=\"lazy\" decoding=\"async\" alt=\"\" data-id=\"483\" title=\"1200px-E\u0301lectricite\u0301_de_France.svg\" src=\"https:\/\/emailtree.ai\/wp-content\/uploads\/2020\/01\/1200px-E\u0301lectricite\u0301_de_France.svg_.png\" style=\"\" width=\"227\" height=\"101\"><\/span><\/p>\n<p style=\"text-align: center;\">EDF France<\/p>\n<p><span><img loading=\"lazy\" decoding=\"async\" alt=\"\" data-id=\"478\" title=\"logo-bwm\" src=\"https:\/\/emailtree.ai\/wp-content\/uploads\/2020\/01\/logo-bwm.png\" width=\"169\" height=\"68\"><\/span><\/p>\n<p>Official electronic software distributor of:<\/p>\n<p><span><img loading=\"lazy\" decoding=\"async\" alt=\"\" data-id=\"462\" title=\"Microsoft-logo\" src=\"https:\/\/emailtree.ai\/wp-content\/uploads\/2020\/01\/Microsoft-logo.png\" style=\"\" width=\"240\" height=\"51\"><\/span><span><img loading=\"lazy\" decoding=\"async\" alt=\"\" data-id=\"480\" title=\"Bitdefender-logo1\" src=\"https:\/\/emailtree.ai\/wp-content\/uploads\/2020\/01\/Bitdefender-logo1.png\" style=\"\" width=\"119\" height=\"64\"><\/span><span><img loading=\"lazy\" decoding=\"async\" alt=\"\" data-id=\"481\" title=\"1200px-ESET_logo.svg\" src=\"https:\/\/emailtree.ai\/wp-content\/uploads\/2020\/01\/1200px-ESET_logo.svg_.png\" style=\"\" width=\"114\" height=\"45\"><\/span><span><img loading=\"lazy\" decoding=\"async\" alt=\"\" data-id=\"482\" title=\"1200px-G_Data_Software_logo.svg\" src=\"https:\/\/emailtree.ai\/wp-content\/uploads\/2020\/01\/1200px-G_Data_Software_logo.svg_.png\" style=\"\" width=\"54\" height=\"74\"><\/span><span><img loading=\"lazy\" decoding=\"async\" alt=\"\" data-id=\"481\" title=\"1200px-ESET_logo.svg\" src=\"https:\/\/emailtree.ai\/wp-content\/uploads\/2020\/01\/1200px-ESET_logo.svg_.png\" style=\"\" width=\"114\" height=\"45\"><\/span><span><img loading=\"lazy\" decoding=\"async\" alt=\"\" data-id=\"484\" title=\"netregie-logo\" src=\"https:\/\/emailtree.ai\/wp-content\/uploads\/2020\/01\/netregie-logo.png\" style=\"\" width=\"217\" height=\"56\"><\/span><\/p>\n<p style=\"text-align: center;\">NETREGIE Luxembourg<\/p>\n<h2 style=\"text-align: center;\"><strong>Partner<\/strong><\/h2>\n<p><span style=\"\"><img loading=\"lazy\" decoding=\"async\" alt=\"\" data-id=\"462\" title=\"Microsoft-logo\" src=\"https:\/\/emailtree.ai\/wp-content\/uploads\/2020\/01\/Microsoft-logo.png\" style=\"\" ml-d=\"0\" mt-d=\"-2\" width=\"240\" height=\"51\"><\/span><\/p>\n<p>Microsoft ISV Acceleration Lab<\/p>\n<p><span style=\"\"><img loading=\"lazy\" decoding=\"async\" alt=\"\" data-id=\"463\" title=\"NVIDIA-Inception-logo\" src=\"https:\/\/emailtree.ai\/wp-content\/uploads\/2020\/01\/NVIDIA-Inception-logo.png\" style=\"\" ml-d=\"0\" mt-d=\"-2\" width=\"183\" height=\"63\"><\/span><\/p>\n<p>Nvida Virtual Accelerator<\/p>\n<p><span style=\"\"><img loading=\"lazy\" decoding=\"async\" alt=\"\" data-id=\"464\" title=\"bnp-paribas\" src=\"https:\/\/emailtree.ai\/wp-content\/uploads\/2020\/01\/bnp-paribas.png\" style=\"\" ml-d=\"0\" mt-d=\"0\" width=\"237\" height=\"62\"><\/span><\/p>\n<p>Lux Future Lab Incubator<\/p>\n<p><span style=\"\"><img loading=\"lazy\" decoding=\"async\" alt=\"\" data-id=\"465\" title=\"ey\" src=\"https:\/\/emailtree.ai\/wp-content\/uploads\/2020\/01\/ey.png\" style=\"\" ml-d=\"0\" mt-d=\"0\" width=\"101\" height=\"49\"><\/span><\/p>\n<p>EY Novation Incubator<\/p>\n<p><span><img loading=\"lazy\" decoding=\"async\" alt=\"\" data-id=\"467\" title=\"orange\" src=\"https:\/\/emailtree.ai\/wp-content\/uploads\/2020\/01\/orange.png\" style=\"\" width=\"123\" height=\"51\"><\/span><\/p>\n<p style=\"\">Orange Business Accelerator<\/p>\n<p style=\"text-align: left;\">Eine echte Auswirkung auf Ihren Workflow<\/p>\n<p style=\"text-align: center;\">60<\/p>\n<p style=\"text-align: center;\"><span style=\"font-size: 37px;\">%<\/span><\/p>\n<p style=\"text-align: center;\">Verringerung der durchschnittlichen L\u00f6sungszeit pro E-Mail<\/p>\n<p style=\"text-align: center;\">1<\/p>\n<p style=\"text-align: center;\"><span style=\"font-size: 37px;\">Minute<\/span><\/p>\n<p style=\"text-align: center;\">Durchschnittliche L\u00f6sungszeit pro E-Mail<\/p>\n<p style=\"text-align: center;\">25<\/p>\n<p style=\"text-align: center;\"><span style=\"font-size: 37px;\">%<\/span><\/p>\n<p style=\"text-align: center;\">Umsatzsteigerung<\/p>\n<h2 style=\"text-align: center;\"><strong>Feste Tarife. Jederzeit wechselbar.<\/strong><\/h2>\n<p><a href=\"#\"><span><span>Monthly<\/span><\/span><\/a><\/p>\n<h5>START<\/h5>\n<h5><span style=\"font-weight: normal;\">Allowances<\/span><\/h5>\n<p>1000<\/p>\n<p>Gesendete Emails pro Jahr<\/p>\n<p>2<\/p>\n<p>Email-Adressen<\/p>\n<p style=\"\">2<\/p>\n<p>Sprachen<\/p>\n<h5><span style=\"font-weight: normal;\">Enthaltene Features<\/span><\/h5>\n<ul>\n<li style=\"\"><span style=\"\">Lernt von Ihren Emails<\/span><\/li>\n<li style=\"\"><span style=\"\">Drag und drop Textbl\u00f6cke<\/span><\/li>\n<li style=\"\"><span style=\"\">Antwortvorschl\u00e4ge<\/span><\/li>\n<li style=\"\"><span style=\"\">Daten importieren<\/span><\/li>\n<li style=\"\"><span style=\"\">Outlook Add-on<\/span><\/li>\n<li style=\"\"><span style=\"\">CRM<\/span><\/li>\n<li style=\"\"><span style=\"\">Tesla browser<\/span><\/li>\n<\/ul>\n<h5><span style=\"font-weight: normal;\">Features die in K\u00fcrze folgen:<\/span><\/h5>\n<ul>\n<li style=\"\"><span style=\"\">iOS App<\/span><\/li>\n<li style=\"\"><span style=\"\">Android App<\/span><\/li>\n<li style=\"\">                    <span style=\"\">Office 365 plug-in<\/span><\/li>\n<li style=\"\">                    <span style=\"\">Gmail plug-in<\/span><\/li>\n<li style=\"\">                    <span style=\"\">EmailTree Roboter<\/span><\/li>\n<li style=\"\">                    <span style=\"\">Integration mit anderen Produktivit\u00e4ts-Tools<\/span><\/li>\n<li style=\"\">                    <span style=\"\">Integration mit anderen RPA-Tools<\/span><\/li>\n<li style=\"\">                    <span>Integration mit anderen Kundenanforderungskan\u00e4len (Facebook, Twitter, Instagram, OCR, Sprach-zu-Text)<\/span><\/li>\n<\/ul>\n<h5 style=\"color: var(--tcb-color-2)  !important; --tcb-applied-color:var$(--tcb-color-2)  !important;\">GROW<\/h5>\n<h5><span style=\"font-weight: normal;\">Allowances<\/span><\/h5>\n<p>2000<\/p>\n<p>Gesendete Emails pro Jahr<\/p>\n<p>2<\/p>\n<p>Email-Adressen<\/p>\n<p>2<\/p>\n<p>Sprachen<\/p>\n<h5><span style=\"font-weight: normal;\">Enthaltene Features<\/span><\/h5>\n<ul>\n<li style=\"\"><span style=\"\">Lernt von Ihren Emails<\/span><\/li>\n<li style=\"\"><span style=\"\">Drag und drop Textbl\u00f6cke<\/span><\/li>\n<li style=\"\"><span style=\"\">Antwortvorschl\u00e4ge<\/span><\/li>\n<li style=\"\"><span style=\"\">Daten importieren<\/span><\/li>\n<li style=\"\"><span style=\"\">Outlook Add-on<\/span><\/li>\n<li style=\"\"><span style=\"\">CRM<\/span><\/li>\n<li style=\"\"><span style=\"\">Tesla browser<\/span><\/li>\n<\/ul>\n<h5><span style=\"font-weight: normal;\">Features die in K\u00fcrze folgen:<\/span><\/h5>\n<ul>\n<li style=\"\"><span style=\"\">iOS App<\/span><\/li>\n<li style=\"\"><span style=\"\">Android App<\/span><\/li>\n<li style=\"\"><span style=\"\">Office 365 plug-in<\/span><\/li>\n<li style=\"\"><span style=\"\">Gmail plug-in<\/span><\/li>\n<li style=\"\">                    <span style=\"\">EmailTree Roboter<\/span><\/li>\n<li style=\"\">                    <span style=\"\">Integration mit anderen Produktivit\u00e4ts-Tools<\/span><\/li>\n<li style=\"\">                    <span style=\"\">Integration mit anderen RPA-Tools<\/span><\/li>\n<li style=\"\">                    <span>Integration mit anderen Kundenanforderungskan\u00e4len (Facebook, Twitter, Instagram, OCR, Sprach-zu-Text)<\/span><\/li>\n<\/ul>\n<h5 style=\"color: var(--tcb-color-3)  !important; --tcb-applied-color:var$(--tcb-color-3)  !important;\">SCALE<\/h5>\n<h5><span style=\"font-weight: normal;\">Allowances<\/span><\/h5>\n<p>5000<\/p>\n<p>Gesendete Emails pro Jahr<\/p>\n<p>3<\/p>\n<p>Email-Adressen<\/p>\n<p>3<\/p>\n<p>Sprachen<\/p>\n<h5><span style=\"font-weight: normal;\">Enthaltene Features<\/span><\/h5>\n<ul>\n<li style=\"\"><span style=\"\">Lernt von Ihren Emails<\/span><\/li>\n<li style=\"\"><span style=\"\">Drag und drop Textbl\u00f6cke<\/span><\/li>\n<li style=\"\"><span style=\"\">Antwortvorschl\u00e4ge<\/span><\/li>\n<li style=\"\"><span style=\"\">Daten importieren<\/span><\/li>\n<li style=\"\"><span style=\"\"><span>Outlook Add-on<\/span><\/span><\/li>\n<li style=\"\"><span style=\"\">CRM<\/span><\/li>\n<li style=\"\"><span style=\"\">Tesla browser<\/span><\/li>\n<\/ul>\n<h5><span style=\"font-weight: normal;\">Features die in K\u00fcrze folgen:<\/span><\/h5>\n<ul>\n<li style=\"\"><span style=\"\">iOS App<\/span><\/li>\n<li style=\"\"><span style=\"\">Android App<\/span><\/li>\n<li style=\"\"><span style=\"\">Office 365 plug-in<\/span><\/li>\n<li style=\"\"><span style=\"\">Gmail plug-in<\/span><\/li>\n<li style=\"\"><span style=\"\">EmailTree Roboter<\/span><\/li>\n<li style=\"\"><span style=\"\">Integration mit anderen Produktivit\u00e4ts-Tools<\/span><\/li>\n<li style=\"\">                    <span style=\"\">Integration mit anderen RPA-Tools<\/span><\/li>\n<li style=\"\">                    <span>Integration mit anderen Kundenanforderungskan\u00e4len (Facebook, Twitter, Instagram, OCR, Sprach-zu-Text)<\/span><\/li>\n<\/ul>\n<h5>PREMIUM<\/h5>\n<h5><span style=\"font-weight: normal;\">Allowances<\/span><\/h5>\n<p>10000<\/p>\n<p>Gesendete Emails pro Jahr<\/p>\n<p>3<\/p>\n<p>Email-Adressen<\/p>\n<p>3<\/p>\n<p>Sprachen<\/p>\n<h5><span style=\"font-weight: normal;\">Enthaltene Features<\/span><\/h5>\n<ul>\n<li style=\"\"><span style=\"\">Lernt von Ihren Emails<\/span><\/li>\n<li style=\"\"><span style=\"\">Drag und drop Textbl\u00f6cke<\/span><\/li>\n<li style=\"\"><span style=\"\"><span>Antwortvorschl\u00e4ge<\/span><\/span><\/li>\n<li style=\"\"><span style=\"\">Daten importieren<\/span><\/li>\n<li style=\"\"><span style=\"\">Outlook Add-on<\/span><\/li>\n<li style=\"\"><span style=\"\">CRM<\/span><\/li>\n<li style=\"\"><span style=\"\">Tesla browser<\/span><\/li>\n<\/ul>\n<h5><span style=\"font-weight: normal;\">Features die in K\u00fcrze folgen:<\/span><\/h5>\n<ul>\n<li style=\"\"><span style=\"\">iOS App<\/span><\/li>\n<li style=\"\"><span style=\"\">Android App<\/span><\/li>\n<li style=\"\"><span style=\"\">Office 365 plug-in<\/span><\/li>\n<li style=\"\"><span style=\"\">Gmail plug-in<\/span><\/li>\n<li style=\"\"><span style=\"\">EmailTree Roboter<\/span><\/li>\n<li style=\"\"><span style=\"\">Integration mit anderen Produktivit\u00e4ts-Tools<\/span><\/li>\n<li style=\"\"><span style=\"\">Integration mit anderen RPA-Tools<\/span><\/li>\n<li style=\"\"><span>Integration mit anderen Kundenanforderungskan\u00e4len (Facebook, Twitter, Instagram, OCR, Sprach-zu-Text)<\/span><\/li>\n<\/ul>\n<h2 style=\"text-align: center;\"><strong>EmailTree \u200bHyperautomation Audit Workshop<\/strong><\/h2>\n<p style=\"text-align: center; --tcb-applied-color:rgb(255, 255, 255); color: rgb(255, 255, 255) !important;\">Entdecken Sie, welche Aufgaben Sie automatisieren k\u00f6nnen<\/p>\n<p>\u200bHyperautomation ist der Trend Nummer eins auf Gartner&#8217;s Liste der\u202f <a data-tcb_hover_state_parent=\"\" href=\"https:\/\/www.gartner.com\/smarterwithgartner\/gartner-top-10-strategic-technology-trends-for-2020\/\" style=\"outline: none;\" target=\"_blank\" rel=\"noopener\">Top 10 Strategischen Technologie-Trends f\u00fcr 2020<\/a>.\u202fSind Sie bereit f\u00fcr die Hyperautomati\u200bon?<\/p>\n<h2 style=\"text-align: center;\"><strong>Kundenerfolgsgeschichten<\/strong><\/h2>\n<p><span style=\"\"><a href=\"http:\/\/emailtree.ai\/orange-and-emailtree-ai-the-customer-experience-reinvented\"><img loading=\"lazy\" decoding=\"async\" alt=\"\" data-id=\"28\" title=\"orange-logo\" src=\"\/\/emailtree.ai\/wp-content\/uploads\/2020\/01\/orange-logo.png\" style=\"\" ml-m=\"0\" mt-m=\"-27\" width=\"225\" height=\"225\"><\/a><\/span><\/p>\n<p style=\"text-align: center;\">FALL STUDIE<\/p>\n<h2>Orange und EmailTree: Das Kundenerlebnis neu erfunden<\/h2>\n<p>Erfahren Sie, wie Orange es geschafft hat, den Kundenservice zu entlasten, die Produktivit\u00e4t bei der Verwaltung von Textanfragen zu steigern und die Kundenzufriedenheit zu steigern.<\/p>\n<p><a href=\"https:\/\/emailtree.ai\/de\/erfolgsgeschichten\/orange-luxembourg-hyperautomatisierung\/\" style=\"\"> <span style=\"\"><span style=\"\">MEHR LESEN<\/span><\/span> <\/a><\/p>\n","protected":false},"excerpt":{"rendered":"<p>Sekundenschnell auf E-Mails antworten! Wir helfen Ihrem Unternehmen&nbsp; die Produktivit\u00e4t zu steigern. Antworten Sie in mehreren Sprachen. W\u00e4hlen Sie zwischen mehreren Sprachen:Englisch, Deutsch, Spanisch, Italienisch, Holl\u00e4ndisch, Protug\u00e4sisch, Luxembourgisch, etc. (Lateinische Alphabet-basierte Sprachen) Drag, drop und senden! Definieren Sie die kundenspezifische Ausdr\u00fccke und Textbl\u00f6cke, je nach Ihrer spezifischen Aktivit\u00e4t und der Industrie. Um zu antworten, ziehen [&hellip;]<\/p>\n","protected":false},"author":1,"featured_media":0,"parent":0,"menu_order":0,"comment_status":"closed","ping_status":"closed","template":"","meta":{"footnotes":""},"class_list":["post-2328","page","type-page","status-publish","hentry","post-wrapper","thrv_wrapper"],"yoast_head":"<!-- This site is optimized with the Yoast SEO plugin v23.6 - https:\/\/yoast.com\/wordpress\/plugins\/seo\/ -->\n<title>Privat und KMUs - EmailTree AI<\/title>\n<meta name=\"description\" content=\"Antworten Sie sekundenschnell auf E-Mails. Sparen Sie wertvolle Zeit und Ressourcen mit einer intelligenten Automatisierungs-L\u00f6sung\" \/>\n<meta name=\"robots\" content=\"index, follow, max-snippet:-1, max-image-preview:large, max-video-preview:-1\" \/>\n<link rel=\"canonical\" href=\"https:\/\/emailtree.ai\/de\/private-kmus\/\" \/>\n<meta property=\"og:locale\" content=\"de_DE\" \/>\n<meta property=\"og:type\" content=\"article\" \/>\n<meta property=\"og:title\" content=\"Privat und KMUs - EmailTree AI\" \/>\n<meta property=\"og:description\" content=\"Antworten Sie sekundenschnell auf E-Mails. Sparen Sie wertvolle Zeit und Ressourcen mit einer intelligenten Automatisierungs-L\u00f6sung\" \/>\n<meta property=\"og:url\" content=\"https:\/\/emailtree.ai\/de\/private-kmus\/\" \/>\n<meta property=\"og:site_name\" content=\"EmailTree AI\" \/>\n<meta property=\"article:modified_time\" content=\"2021-11-17T14:42:40+00:00\" \/>\n<meta property=\"og:image\" content=\"https:\/\/emailtree.ai\/wp-content\/uploads\/2020\/01\/reply-email-multiple-languages-emailtree.png\" \/>\n<meta name=\"twitter:card\" content=\"summary_large_image\" \/>\n<meta name=\"twitter:label1\" content=\"Gesch\u00e4tzte Lesezeit\" \/>\n\t<meta name=\"twitter:data1\" content=\"3\u00a0Minuten\" \/>\n<script type=\"application\/ld+json\" class=\"yoast-schema-graph\">{\"@context\":\"https:\/\/schema.org\",\"@graph\":[{\"@type\":\"WebPage\",\"@id\":\"https:\/\/emailtree.ai\/de\/private-kmus\/\",\"url\":\"https:\/\/emailtree.ai\/de\/private-kmus\/\",\"name\":\"Privat und KMUs - EmailTree AI\",\"isPartOf\":{\"@id\":\"https:\/\/emailtree.ai\/de\/#website\"},\"primaryImageOfPage\":{\"@id\":\"https:\/\/emailtree.ai\/de\/private-kmus\/#primaryimage\"},\"image\":{\"@id\":\"https:\/\/emailtree.ai\/de\/private-kmus\/#primaryimage\"},\"thumbnailUrl\":\"https:\/\/emailtree.ai\/wp-content\/uploads\/2020\/01\/reply-email-multiple-languages-emailtree.png\",\"datePublished\":\"2020-01-24T17:07:09+00:00\",\"dateModified\":\"2021-11-17T14:42:40+00:00\",\"description\":\"Antworten Sie sekundenschnell auf E-Mails. Sparen Sie wertvolle Zeit und Ressourcen mit einer intelligenten Automatisierungs-L\u00f6sung\",\"breadcrumb\":{\"@id\":\"https:\/\/emailtree.ai\/de\/private-kmus\/#breadcrumb\"},\"inLanguage\":\"de\",\"potentialAction\":[{\"@type\":\"ReadAction\",\"target\":[\"https:\/\/emailtree.ai\/de\/private-kmus\/\"]}]},{\"@type\":\"ImageObject\",\"inLanguage\":\"de\",\"@id\":\"https:\/\/emailtree.ai\/de\/private-kmus\/#primaryimage\",\"url\":\"https:\/\/emailtree.ai\/wp-content\/uploads\/2020\/01\/reply-email-multiple-languages-emailtree.png\",\"contentUrl\":\"https:\/\/emailtree.ai\/wp-content\/uploads\/2020\/01\/reply-email-multiple-languages-emailtree.png\"},{\"@type\":\"BreadcrumbList\",\"@id\":\"https:\/\/emailtree.ai\/de\/private-kmus\/#breadcrumb\",\"itemListElement\":[{\"@type\":\"ListItem\",\"position\":1,\"name\":\"Home\",\"item\":\"https:\/\/emailtree.ai\/de\/\"},{\"@type\":\"ListItem\",\"position\":2,\"name\":\"Privat und KMUs\"}]},{\"@type\":\"WebSite\",\"@id\":\"https:\/\/emailtree.ai\/de\/#website\",\"url\":\"https:\/\/emailtree.ai\/de\/\",\"name\":\"EmailTree AI\",\"description\":\"Customer Service Hyperautomation\",\"potentialAction\":[{\"@type\":\"SearchAction\",\"target\":{\"@type\":\"EntryPoint\",\"urlTemplate\":\"https:\/\/emailtree.ai\/de\/?s={search_term_string}\"},\"query-input\":{\"@type\":\"PropertyValueSpecification\",\"valueRequired\":true,\"valueName\":\"search_term_string\"}}],\"inLanguage\":\"de\"}]}<\/script>\n<!-- \/ Yoast SEO plugin. -->","yoast_head_json":{"title":"Privat und KMUs - EmailTree AI","description":"Antworten Sie sekundenschnell auf E-Mails. Sparen Sie wertvolle Zeit und Ressourcen mit einer intelligenten Automatisierungs-L\u00f6sung","robots":{"index":"index","follow":"follow","max-snippet":"max-snippet:-1","max-image-preview":"max-image-preview:large","max-video-preview":"max-video-preview:-1"},"canonical":"https:\/\/emailtree.ai\/de\/private-kmus\/","og_locale":"de_DE","og_type":"article","og_title":"Privat und KMUs - EmailTree AI","og_description":"Antworten Sie sekundenschnell auf E-Mails. Sparen Sie wertvolle Zeit und Ressourcen mit einer intelligenten Automatisierungs-L\u00f6sung","og_url":"https:\/\/emailtree.ai\/de\/private-kmus\/","og_site_name":"EmailTree AI","article_modified_time":"2021-11-17T14:42:40+00:00","og_image":[{"url":"https:\/\/emailtree.ai\/wp-content\/uploads\/2020\/01\/reply-email-multiple-languages-emailtree.png"}],"twitter_card":"summary_large_image","twitter_misc":{"Gesch\u00e4tzte Lesezeit":"3\u00a0Minuten"},"schema":{"@context":"https:\/\/schema.org","@graph":[{"@type":"WebPage","@id":"https:\/\/emailtree.ai\/de\/private-kmus\/","url":"https:\/\/emailtree.ai\/de\/private-kmus\/","name":"Privat und KMUs - EmailTree AI","isPartOf":{"@id":"https:\/\/emailtree.ai\/de\/#website"},"primaryImageOfPage":{"@id":"https:\/\/emailtree.ai\/de\/private-kmus\/#primaryimage"},"image":{"@id":"https:\/\/emailtree.ai\/de\/private-kmus\/#primaryimage"},"thumbnailUrl":"https:\/\/emailtree.ai\/wp-content\/uploads\/2020\/01\/reply-email-multiple-languages-emailtree.png","datePublished":"2020-01-24T17:07:09+00:00","dateModified":"2021-11-17T14:42:40+00:00","description":"Antworten Sie sekundenschnell auf E-Mails. Sparen Sie wertvolle Zeit und Ressourcen mit einer intelligenten Automatisierungs-L\u00f6sung","breadcrumb":{"@id":"https:\/\/emailtree.ai\/de\/private-kmus\/#breadcrumb"},"inLanguage":"de","potentialAction":[{"@type":"ReadAction","target":["https:\/\/emailtree.ai\/de\/private-kmus\/"]}]},{"@type":"ImageObject","inLanguage":"de","@id":"https:\/\/emailtree.ai\/de\/private-kmus\/#primaryimage","url":"https:\/\/emailtree.ai\/wp-content\/uploads\/2020\/01\/reply-email-multiple-languages-emailtree.png","contentUrl":"https:\/\/emailtree.ai\/wp-content\/uploads\/2020\/01\/reply-email-multiple-languages-emailtree.png"},{"@type":"BreadcrumbList","@id":"https:\/\/emailtree.ai\/de\/private-kmus\/#breadcrumb","itemListElement":[{"@type":"ListItem","position":1,"name":"Home","item":"https:\/\/emailtree.ai\/de\/"},{"@type":"ListItem","position":2,"name":"Privat und KMUs"}]},{"@type":"WebSite","@id":"https:\/\/emailtree.ai\/de\/#website","url":"https:\/\/emailtree.ai\/de\/","name":"EmailTree AI","description":"Customer Service Hyperautomation","potentialAction":[{"@type":"SearchAction","target":{"@type":"EntryPoint","urlTemplate":"https:\/\/emailtree.ai\/de\/?s={search_term_string}"},"query-input":{"@type":"PropertyValueSpecification","valueRequired":true,"valueName":"search_term_string"}}],"inLanguage":"de"}]}},"_links":{"self":[{"href":"https:\/\/emailtree.ai\/de\/wp-json\/wp\/v2\/pages\/2328"}],"collection":[{"href":"https:\/\/emailtree.ai\/de\/wp-json\/wp\/v2\/pages"}],"about":[{"href":"https:\/\/emailtree.ai\/de\/wp-json\/wp\/v2\/types\/page"}],"author":[{"embeddable":true,"href":"https:\/\/emailtree.ai\/de\/wp-json\/wp\/v2\/users\/1"}],"replies":[{"embeddable":true,"href":"https:\/\/emailtree.ai\/de\/wp-json\/wp\/v2\/comments?post=2328"}],"version-history":[{"count":0,"href":"https:\/\/emailtree.ai\/de\/wp-json\/wp\/v2\/pages\/2328\/revisions"}],"wp:attachment":[{"href":"https:\/\/emailtree.ai\/de\/wp-json\/wp\/v2\/media?parent=2328"}],"curies":[{"name":"wp","href":"https:\/\/api.w.org\/{rel}","templated":true}]}}