{"id":2433,"date":"2020-03-11T12:47:51","date_gmt":"2020-03-11T12:47:51","guid":{"rendered":"https:\/\/emailtree.ai\/business-partner-registration-confirmation\/"},"modified":"2021-11-17T14:42:03","modified_gmt":"2021-11-17T14:42:03","slug":"partner-bestaetigung","status":"publish","type":"page","link":"https:\/\/emailtree.ai\/de\/partner-bestaetigung\/","title":{"rendered":"Business Partner Registrierungs-Best\u00e4tigung"},"content":{"rendered":"<h1 style=\"text-align: center;\"><strong>Bewerben Sie sich als EmailTree AI-Gesch\u00e4ftspartner<\/strong><\/h1>\n<p style=\"text-align: center;\">Helfen Sie Unternehmen auf ihrem Weg zur digitalen Transformation.<\/p>\n<p style=\"\">Vielen Dank f\u00fcr Ihr Interesse an unserem Partnerschaftsprogramm.<\/p>\n<p style=\"\">In K\u00fcrze werden wir uns mit zus\u00e4tzlichen Informationen und den n\u00e4chsten Schritten bei Ihnen melden, um offiziell im EmailTree Business Partner Network registriert zu werden.<\/p>\n<p style=\"\">In der Zwischenzeit k\u00f6nnen Sie unsere <a href=\"https:\/\/emailtree.ai\/enterprise\/\" rel=\"noopener\" style=\"outline: none;\" target=\"_blank\">Enterprise-L\u00f6sung<\/a> f\u00fcr mittlere und gro\u00dfe Unternehmen, aber auch unsere L\u00f6sung f\u00fcr <a href=\"https:\/\/emailtree.ai\/private-smbs\/\" rel=\"noopener\" target=\"_blank\" style=\"outline: none;\">KMUs und Privatpersonen<\/a> ansehen.<\/p>\n<p style=\"\">Wenn Sie unsere L\u00f6sung ausprobieren und mehr dar\u00fcber erfahren m\u00f6chten, k\u00f6nnen Sie einen Workshop buchen. Der Workshop kann Ihnen helfen herauszufinden, welche Aufgaben Sie in Ihrem Unternehmen automatisieren k\u00f6nnen, und die Bereitschaft Ihres Unternehmens f\u00fcr die Hyperautomation zu \u00fcberpr\u00fcfen.<\/p>\n<h2 style=\"text-align: center;\"><strong>Bereit f\u00fcr Ihre eigene Erfolgsgeschichte?<\/strong><\/h2>\n<p style=\"text-align: center;\">Lassen Sie uns Ihre Fragen in unserem Hyperautomation Audit Workshop beantworten.<\/p>\n","protected":false},"excerpt":{"rendered":"<p>Bewerben Sie sich als EmailTree AI-Gesch\u00e4ftspartner Helfen Sie Unternehmen auf ihrem Weg zur digitalen Transformation. Vielen Dank f\u00fcr Ihr Interesse an unserem Partnerschaftsprogramm. In K\u00fcrze werden wir uns mit zus\u00e4tzlichen Informationen und den n\u00e4chsten Schritten bei Ihnen melden, um offiziell im EmailTree Business Partner Network registriert zu werden. In der Zwischenzeit k\u00f6nnen Sie unsere Enterprise-L\u00f6sung [&hellip;]<\/p>\n","protected":false},"author":1,"featured_media":0,"parent":0,"menu_order":0,"comment_status":"closed","ping_status":"closed","template":"","meta":{"footnotes":"","tve_updated_post":"","tve_custom_css":"","tve_user_custom_css":"","tve_globals":{},"tcb2_ready":1,"tcb_editor_enabled":1,"tve_landing_page":"blank_v2","_tve_header":"334","_tve_footer":"2244"},"class_list":["post-2433","page","type-page","status-publish","hentry","post-wrapper","thrv_wrapper"],"yoast_head":"<!-- This site is optimized with the Yoast SEO plugin v23.6 - https:\/\/yoast.com\/wordpress\/plugins\/seo\/ -->\n<title>Business Partner Registrierungs-Best\u00e4tigung - EmailTree AI<\/title>\n<meta name=\"description\" content=\"Bewerben Sie sich als EmailTree AI-Gesch\u00e4ftspartner. Helfen Sie Unternehmen auf ihrem Weg zur digitalen Transformation.\" \/>\n<meta name=\"robots\" content=\"index, follow, max-snippet:-1, max-image-preview:large, max-video-preview:-1\" \/>\n<link rel=\"canonical\" href=\"https:\/\/emailtree.ai\/de\/partner-bestaetigung\/\" \/>\n<meta property=\"og:locale\" content=\"de_DE\" \/>\n<meta property=\"og:type\" content=\"article\" \/>\n<meta property=\"og:title\" content=\"Business Partner Registrierungs-Best\u00e4tigung - EmailTree AI\" \/>\n<meta property=\"og:description\" content=\"Bewerben Sie sich als EmailTree AI-Gesch\u00e4ftspartner. Helfen Sie Unternehmen auf ihrem Weg zur digitalen Transformation.\" \/>\n<meta property=\"og:url\" content=\"https:\/\/emailtree.ai\/de\/partner-bestaetigung\/\" \/>\n<meta property=\"og:site_name\" content=\"EmailTree AI\" \/>\n<meta property=\"article:modified_time\" content=\"2021-11-17T14:42:03+00:00\" \/>\n<meta name=\"twitter:card\" content=\"summary_large_image\" \/>\n<meta name=\"twitter:label1\" content=\"Gesch\u00e4tzte Lesezeit\" \/>\n\t<meta name=\"twitter:data1\" content=\"1\u00a0Minute\" \/>\n<script type=\"application\/ld+json\" class=\"yoast-schema-graph\">{\"@context\":\"https:\/\/schema.org\",\"@graph\":[{\"@type\":\"WebPage\",\"@id\":\"https:\/\/emailtree.ai\/de\/partner-bestaetigung\/\",\"url\":\"https:\/\/emailtree.ai\/de\/partner-bestaetigung\/\",\"name\":\"Business Partner Registrierungs-Best\u00e4tigung - EmailTree AI\",\"isPartOf\":{\"@id\":\"https:\/\/emailtree.ai\/de\/#website\"},\"datePublished\":\"2020-03-11T12:47:51+00:00\",\"dateModified\":\"2021-11-17T14:42:03+00:00\",\"description\":\"Bewerben Sie sich als EmailTree AI-Gesch\u00e4ftspartner. Helfen Sie Unternehmen auf ihrem Weg zur digitalen Transformation.\",\"breadcrumb\":{\"@id\":\"https:\/\/emailtree.ai\/de\/partner-bestaetigung\/#breadcrumb\"},\"inLanguage\":\"de\",\"potentialAction\":[{\"@type\":\"ReadAction\",\"target\":[\"https:\/\/emailtree.ai\/de\/partner-bestaetigung\/\"]}]},{\"@type\":\"BreadcrumbList\",\"@id\":\"https:\/\/emailtree.ai\/de\/partner-bestaetigung\/#breadcrumb\",\"itemListElement\":[{\"@type\":\"ListItem\",\"position\":1,\"name\":\"Home\",\"item\":\"https:\/\/emailtree.ai\/de\/\"},{\"@type\":\"ListItem\",\"position\":2,\"name\":\"Business Partner Registrierungs-Best\u00e4tigung\"}]},{\"@type\":\"WebSite\",\"@id\":\"https:\/\/emailtree.ai\/de\/#website\",\"url\":\"https:\/\/emailtree.ai\/de\/\",\"name\":\"EmailTree AI\",\"description\":\"Customer Service Hyperautomation\",\"potentialAction\":[{\"@type\":\"SearchAction\",\"target\":{\"@type\":\"EntryPoint\",\"urlTemplate\":\"https:\/\/emailtree.ai\/de\/?s={search_term_string}\"},\"query-input\":{\"@type\":\"PropertyValueSpecification\",\"valueRequired\":true,\"valueName\":\"search_term_string\"}}],\"inLanguage\":\"de\"}]}<\/script>\n<!-- \/ Yoast SEO plugin. -->","yoast_head_json":{"title":"Business Partner Registrierungs-Best\u00e4tigung - EmailTree AI","description":"Bewerben Sie sich als EmailTree AI-Gesch\u00e4ftspartner. Helfen Sie Unternehmen auf ihrem Weg zur digitalen Transformation.","robots":{"index":"index","follow":"follow","max-snippet":"max-snippet:-1","max-image-preview":"max-image-preview:large","max-video-preview":"max-video-preview:-1"},"canonical":"https:\/\/emailtree.ai\/de\/partner-bestaetigung\/","og_locale":"de_DE","og_type":"article","og_title":"Business Partner Registrierungs-Best\u00e4tigung - EmailTree AI","og_description":"Bewerben Sie sich als EmailTree AI-Gesch\u00e4ftspartner. Helfen Sie Unternehmen auf ihrem Weg zur digitalen Transformation.","og_url":"https:\/\/emailtree.ai\/de\/partner-bestaetigung\/","og_site_name":"EmailTree AI","article_modified_time":"2021-11-17T14:42:03+00:00","twitter_card":"summary_large_image","twitter_misc":{"Gesch\u00e4tzte Lesezeit":"1\u00a0Minute"},"schema":{"@context":"https:\/\/schema.org","@graph":[{"@type":"WebPage","@id":"https:\/\/emailtree.ai\/de\/partner-bestaetigung\/","url":"https:\/\/emailtree.ai\/de\/partner-bestaetigung\/","name":"Business Partner Registrierungs-Best\u00e4tigung - EmailTree AI","isPartOf":{"@id":"https:\/\/emailtree.ai\/de\/#website"},"datePublished":"2020-03-11T12:47:51+00:00","dateModified":"2021-11-17T14:42:03+00:00","description":"Bewerben Sie sich als EmailTree AI-Gesch\u00e4ftspartner. Helfen Sie Unternehmen auf ihrem Weg zur digitalen Transformation.","breadcrumb":{"@id":"https:\/\/emailtree.ai\/de\/partner-bestaetigung\/#breadcrumb"},"inLanguage":"de","potentialAction":[{"@type":"ReadAction","target":["https:\/\/emailtree.ai\/de\/partner-bestaetigung\/"]}]},{"@type":"BreadcrumbList","@id":"https:\/\/emailtree.ai\/de\/partner-bestaetigung\/#breadcrumb","itemListElement":[{"@type":"ListItem","position":1,"name":"Home","item":"https:\/\/emailtree.ai\/de\/"},{"@type":"ListItem","position":2,"name":"Business Partner Registrierungs-Best\u00e4tigung"}]},{"@type":"WebSite","@id":"https:\/\/emailtree.ai\/de\/#website","url":"https:\/\/emailtree.ai\/de\/","name":"EmailTree AI","description":"Customer Service Hyperautomation","potentialAction":[{"@type":"SearchAction","target":{"@type":"EntryPoint","urlTemplate":"https:\/\/emailtree.ai\/de\/?s={search_term_string}"},"query-input":{"@type":"PropertyValueSpecification","valueRequired":true,"valueName":"search_term_string"}}],"inLanguage":"de"}]}},"_links":{"self":[{"href":"https:\/\/emailtree.ai\/de\/wp-json\/wp\/v2\/pages\/2433"}],"collection":[{"href":"https:\/\/emailtree.ai\/de\/wp-json\/wp\/v2\/pages"}],"about":[{"href":"https:\/\/emailtree.ai\/de\/wp-json\/wp\/v2\/types\/page"}],"author":[{"embeddable":true,"href":"https:\/\/emailtree.ai\/de\/wp-json\/wp\/v2\/users\/1"}],"replies":[{"embeddable":true,"href":"https:\/\/emailtree.ai\/de\/wp-json\/wp\/v2\/comments?post=2433"}],"version-history":[{"count":0,"href":"https:\/\/emailtree.ai\/de\/wp-json\/wp\/v2\/pages\/2433\/revisions"}],"wp:attachment":[{"href":"https:\/\/emailtree.ai\/de\/wp-json\/wp\/v2\/media?parent=2433"}],"curies":[{"name":"wp","href":"https:\/\/api.w.org\/{rel}","templated":true}]}}