{"id":2483,"date":"2020-01-14T09:36:04","date_gmt":"2020-01-14T09:36:04","guid":{"rendered":"https:\/\/emailtree.ai\/customer-success-stories\/orange-luxembourg-hyperautomation\/"},"modified":"2021-11-17T14:42:32","modified_gmt":"2021-11-17T14:42:32","slug":"orange-luxembourg-hyperautomatisierung","status":"publish","type":"page","link":"https:\/\/emailtree.ai\/de\/erfolgsgeschichten\/orange-luxembourg-hyperautomatisierung\/","title":{"rendered":"Orange und EmailTree: Das Kundenerlebnis neu erfunden"},"content":{"rendered":"<h1 style=\"text-align: left;\"><strong>Orange und EmailTree: Das Kundenerlebnis neu erfunden<\/strong><\/h1>\n<p style=\"text-align: left;\">Erfahren Sie, wie Unternehmen von den Hyperautomation-L\u00f6sungen des EmailTree-Kundendiensts profitieren<\/p>\n<p>Kunde: <strong>ORANGE<\/strong><\/p>\n<p>Land: <strong>LUXEMBOURG<\/strong><\/p>\n<p>Branche: <strong>TELEKOMMUNIKATION<\/strong><\/p>\n<p><span><img loading=\"lazy\" decoding=\"async\" alt=\"\" data-id=\"28\" title=\"orange-logo\" src=\"https:\/\/emailtree.ai\/wp-content\/uploads\/2020\/01\/orange-logo.png\" style=\"\" width=\"225\" height=\"225\"><\/span><\/p>\n<p><span style=\"color: var(--tcb-color-4);\">KUNDENBESCHREIBUNG<\/span><\/p>\n<p><span style=\"font-weight: normal;\">Orange Communications Luxembourg S.A. ist ein vollst\u00e4ndig konvergenter Telekommunikationsbetreiber, der Festnetz- und Mobiltelefondienste, sehr schnelles mobiles Internet, Glasfaser sowie Kabelfernsehen oder Internet f\u00fcr den professionellen und privaten Markt in Luxemburg anbietet. Orange Luxembourg SA ist eine hundertprozentige Tochtergesellschaft von Orange Belgium mit Sitz in Belgien und betreibt seit Mai 2004 den luxemburgischen Telekommunikationsmarkt. Orange Fab ist ein Start-up-Beschleuniger, der den Einsatz innovativer L\u00f6sungen f\u00fcr die Gruppe Orange und ihre Tochtergesellschaften unterst\u00fctzt und erm\u00f6glicht .<\/span><\/p>\n<p><span style=\"color: var(--tcb-color-4);\">L\u00d6SUNG<\/span><\/p>\n<p><span style=\"font-weight: normal;\">E-Mail-Zusammensetzung<\/span><\/p>\n<p><span><img loading=\"lazy\" decoding=\"async\" alt=\"\" data-id=\"28\" title=\"orange-logo\" src=\"https:\/\/emailtree.ai\/wp-content\/uploads\/2020\/01\/orange-logo.png\" style=\"\" width=\"225\" height=\"225\"><\/span><\/p>\n<p><span style=\"color: var(--tcb-color-4);\">CLIENT DESCRIPTION<\/span><\/p>\n<p><span style=\"font-weight: normal;\">Orange Communications Luxembourg S.A. is a fully convergent telecommunications operator offering fixed and mobile telephony services, very high-speed mobile internet, fibre as well as cable TV or internet for the professional and residential markets in Luxembourg. Orange Luxembourg S.A is a wholly-owned subsidiary of Orange Belgium established in Belgium and operates the Luxembourg telecommunications market since May 2004. Orange Fab is a start-up accelerator, which supports and enables the deployment of innovative solutions to the group Orange and its subsidiaries.<\/span><\/p>\n<p><span style=\"color: var(--tcb-color-4);\">SOLUTION<\/span><\/p>\n<p><span style=\"font-weight: normal;\">Email Composition<\/span><\/p>\n<p>Ein KI-Start-up hat auch Tr\u00e4ume: den Einsatz unserer fortschrittlichen Technologien unter dem Dach eines internationalen Telekommunikationskonzerns. Und dies geschieht beim Aufbau der Partnerschaft zwischen Orange und EmailTree AI.<\/p>\n<p>EmailTree AI ist eine durchg\u00e4ngige AI-gesteuerte L\u00f6sung, mit der Kundendienst- und Supportteams mit mehr Produktivit\u00e4tswerkzeugen ausgestattet und gleichzeitig die Kundenzufriedenheit erh\u00f6ht werden k\u00f6nnen.<\/p>\n<p>NLP- (Natural Language Processing), NLU- (Natural Language Understanding), ML- (Machine Learning) und RPA- (Robotic Process Automation) Techniken werden verwendet, um schneller auf E-Mails zu antworten, die E-Mail-Komposition zu automatisieren und automatische Aktionen in Datenbanken auszul\u00f6sen.<\/p>\n<p>In Orange Luxembourg bezieht sich die k\u00fcnstliche Intelligenz von EmailTree auf komplexe und technische Probleme und Fragen, die f\u00fcr die Telekommunikationsbranche spezifisch sind. Dar\u00fcber hinaus werden in den Dialogen zwischen den Kunden und den Kundendienst- und Supportteams 5 Sprachen verwendet. Es kommt h\u00e4ufig vor, dass eine Nachricht in einer Sprache (wie Franz\u00f6sisch) beginnt und in einer anderen Sprache endet (z. B. Englisch). Eine kosmopolitische Umgebung.<\/p>\n<h3><strong>Wie funktioniert EmailTree AI?<\/strong><\/h3>\n<p>Der Algorithmus kann die E-Mails lesen, die verschiedenen Situationen und Probleme verstehen, um optimale und schnelle Antwortvorschl\u00e4ge vorzubereiten. Anfragen und Austausch werden nach Aufgabentypen klassifiziert. Antwortvorschl\u00e4ge werden vorgeschlagen und die verschiedenen Teams (Kundendienst und Support) w\u00e4hlen die geeigneten aus. Jede Aktion und Antwort ist eine Ressource zum Lernen mithilfe des \u00fcberwachten und unbeaufsichtigten maschinellen Lernprozesses. EmailTree AI lernt Schritt f\u00fcr Schritt.<\/p>\n<h3><strong>Welche sind die Ziele f\u00fcr Orange?<\/strong><\/h3>\n<ul>\n<li>Reduzierung der Belastung des Kundendienstes<\/li>\n<li>Steigerung der Produktivit\u00e4t bei der Verwaltung von Textanforderungen<\/li>\n<li>Steigerung der Kundenzufriedenheit<\/li>\n<\/ul>\n<h3><strong>Welche sind die Ziele f\u00fcr EmailTree AI?<\/strong><\/h3>\n<ul>\n<li>Einsatz unserer fortschrittlichen Technologien in gro\u00dfem Ma\u00dfstab<\/li>\n<li>Verbessern Sie die verschiedenen Funktionen und entwickeln Sie neue<\/li>\n<li>Nachweis der Wirksamkeit in einem internationalen Telekommunikationskonzern<\/li>\n<\/ul>\n<p>EmailTree AI ist vor allem ein Produktivit\u00e4tswerkzeug. Die k\u00fcnstliche Intelligenz hilft dem Menschen, eine h\u00f6here Wertsch\u00f6pfung zu erreichen. Und es ist immer der Mensch, der die Kontrolle beh\u00e4lt. Die von der KI vorgeschlagenen Antwortvorschl\u00e4ge k\u00f6nnen immer durch die menschliche Ber\u00fchrung verbessert werden.<\/p>\n<p><span style=\"width: 100%;\"><img loading=\"lazy\" decoding=\"async\" alt=\"\" title=\"Quotation_marks_image_white_03\" data-id=\"41612\" src=\"\/\/emailtree.ai\/wp-content\/uploads\/tcb_content_templates\/contentblock\/images\/Quotation_marks_image_white_03.png\" style=\"\" width=\"106\" height=\"83\"><\/span><\/p>\n<p style=\"\">\u201eWir sind sehr stolz auf diese Leistung, die Innovation und die digitale Transformation sind das Herzst\u00fcck unserer Strategie und wir m\u00f6chten die Partnerschaften mit den Startups st\u00e4rken.\u201c<\/p>\n<p>Corinne Loz\u00e9, CEO Orange Luxembourg<\/p>\n<p>Entdecken Sie den vollst\u00e4ndigen Artikel in der Januar 2020-Ausgabe von #PaperJam ICT, <strong><a href=\"https:\/\/emailtree.ai\/news\/press\/paperjam-for-a-reinvented-customer-experience-orange-luxembourg\/\" style=\"outline: none;\">Sonderprognose: 25 Experten sprechen \u00fcber die Herausforderungen des Jahres&nbsp;<\/a>.<\/strong><span data-id=\"0\" data-type=\"true\" style=\"display: none; line-height: 0;\"><\/span><span data-id=\"0\" data-type=\"false\" style=\"display: none; line-height: 0;\"><\/span><\/p>\n<p>Lesen Sie die offizielle <a href=\"http:\/\/corporate.orange.lu\/fr\/actualites\/orange-luxembourg-innove-et-ouvre-son-service-client-a-l-intelligence-artificielle\" style=\"outline: none;\" target=\"_blank\" rel=\"noopener\">Pressemitteilung von Orange Luxembourg<\/a>.<\/p>\n<h2 style=\"text-align: center;\"><strong>Bereit f\u00fcr Ihre eigene Erfolgsgeschichte?<\/strong><\/h2>\n<p style=\"text-align: center;\">Lassen Sie uns Ihre Fragen in unserem Hyperautomation Audit Workshop beantworten.<\/p>\n","protected":false},"excerpt":{"rendered":"<p>Orange und EmailTree: Das Kundenerlebnis neu erfunden Erfahren Sie, wie Unternehmen von den Hyperautomation-L\u00f6sungen des EmailTree-Kundendiensts profitieren Kunde: ORANGE Land: LUXEMBOURG Branche: TELEKOMMUNIKATION KUNDENBESCHREIBUNG Orange Communications Luxembourg S.A. ist ein vollst\u00e4ndig konvergenter Telekommunikationsbetreiber, der Festnetz- und Mobiltelefondienste, sehr schnelles mobiles Internet, Glasfaser sowie Kabelfernsehen oder Internet f\u00fcr den professionellen und privaten Markt in Luxemburg anbietet. [&hellip;]<\/p>\n","protected":false},"author":1,"featured_media":0,"parent":2388,"menu_order":0,"comment_status":"closed","ping_status":"closed","template":"","meta":{"footnotes":""},"class_list":["post-2483","page","type-page","status-publish","hentry","post-wrapper","thrv_wrapper"],"yoast_head":"<!-- This site is optimized with the Yoast SEO plugin v23.6 - https:\/\/yoast.com\/wordpress\/plugins\/seo\/ -->\n<title>Orange und EmailTree: Das Kundenerlebnis neu erfunden - EmailTree AI<\/title>\n<meta name=\"description\" content=\"Erfahren Sie, wie Telekommunikations-Unternehmen den Kundenservice verbessern, die Produktivit\u00e4t und die Kundenzufriedenheit steigern k\u00f6nnen.\" \/>\n<meta name=\"robots\" content=\"index, follow, max-snippet:-1, max-image-preview:large, max-video-preview:-1\" \/>\n<link rel=\"canonical\" href=\"https:\/\/emailtree.ai\/de\/erfolgsgeschichten\/orange-luxembourg-hyperautomatisierung\/\" \/>\n<meta property=\"og:locale\" content=\"de_DE\" \/>\n<meta property=\"og:type\" content=\"article\" \/>\n<meta property=\"og:title\" content=\"Orange und EmailTree: Das Kundenerlebnis neu erfunden - EmailTree AI\" \/>\n<meta property=\"og:description\" content=\"Erfahren Sie, wie Telekommunikations-Unternehmen den Kundenservice verbessern, die Produktivit\u00e4t und die Kundenzufriedenheit steigern k\u00f6nnen.\" \/>\n<meta property=\"og:url\" content=\"https:\/\/emailtree.ai\/de\/erfolgsgeschichten\/orange-luxembourg-hyperautomatisierung\/\" \/>\n<meta property=\"og:site_name\" content=\"EmailTree AI\" \/>\n<meta property=\"article:modified_time\" content=\"2021-11-17T14:42:32+00:00\" \/>\n<meta property=\"og:image\" content=\"https:\/\/emailtree.ai\/wp-content\/uploads\/2020\/01\/orange-logo.png\" \/>\n<meta name=\"twitter:card\" content=\"summary_large_image\" \/>\n<meta name=\"twitter:label1\" content=\"Gesch\u00e4tzte Lesezeit\" \/>\n\t<meta name=\"twitter:data1\" content=\"3\u00a0Minuten\" \/>\n<script type=\"application\/ld+json\" class=\"yoast-schema-graph\">{\"@context\":\"https:\/\/schema.org\",\"@graph\":[{\"@type\":\"WebPage\",\"@id\":\"https:\/\/emailtree.ai\/de\/erfolgsgeschichten\/orange-luxembourg-hyperautomatisierung\/\",\"url\":\"https:\/\/emailtree.ai\/de\/erfolgsgeschichten\/orange-luxembourg-hyperautomatisierung\/\",\"name\":\"Orange und EmailTree: Das Kundenerlebnis neu erfunden - EmailTree AI\",\"isPartOf\":{\"@id\":\"https:\/\/emailtree.ai\/de\/#website\"},\"primaryImageOfPage\":{\"@id\":\"https:\/\/emailtree.ai\/de\/erfolgsgeschichten\/orange-luxembourg-hyperautomatisierung\/#primaryimage\"},\"image\":{\"@id\":\"https:\/\/emailtree.ai\/de\/erfolgsgeschichten\/orange-luxembourg-hyperautomatisierung\/#primaryimage\"},\"thumbnailUrl\":\"https:\/\/emailtree.ai\/wp-content\/uploads\/2020\/01\/orange-logo.png\",\"datePublished\":\"2020-01-14T09:36:04+00:00\",\"dateModified\":\"2021-11-17T14:42:32+00:00\",\"description\":\"Erfahren Sie, wie Telekommunikations-Unternehmen den Kundenservice verbessern, die Produktivit\u00e4t und die Kundenzufriedenheit steigern k\u00f6nnen.\",\"breadcrumb\":{\"@id\":\"https:\/\/emailtree.ai\/de\/erfolgsgeschichten\/orange-luxembourg-hyperautomatisierung\/#breadcrumb\"},\"inLanguage\":\"de\",\"potentialAction\":[{\"@type\":\"ReadAction\",\"target\":[\"https:\/\/emailtree.ai\/de\/erfolgsgeschichten\/orange-luxembourg-hyperautomatisierung\/\"]}]},{\"@type\":\"ImageObject\",\"inLanguage\":\"de\",\"@id\":\"https:\/\/emailtree.ai\/de\/erfolgsgeschichten\/orange-luxembourg-hyperautomatisierung\/#primaryimage\",\"url\":\"https:\/\/emailtree.ai\/wp-content\/uploads\/2020\/01\/orange-logo.png\",\"contentUrl\":\"https:\/\/emailtree.ai\/wp-content\/uploads\/2020\/01\/orange-logo.png\"},{\"@type\":\"BreadcrumbList\",\"@id\":\"https:\/\/emailtree.ai\/de\/erfolgsgeschichten\/orange-luxembourg-hyperautomatisierung\/#breadcrumb\",\"itemListElement\":[{\"@type\":\"ListItem\",\"position\":1,\"name\":\"Home\",\"item\":\"https:\/\/emailtree.ai\/de\/\"},{\"@type\":\"ListItem\",\"position\":2,\"name\":\"Erfolgsgeschichten\",\"item\":\"https:\/\/emailtree.ai\/de\/erfolgsgeschichten\/\"},{\"@type\":\"ListItem\",\"position\":3,\"name\":\"Orange und EmailTree: Das Kundenerlebnis neu erfunden\"}]},{\"@type\":\"WebSite\",\"@id\":\"https:\/\/emailtree.ai\/de\/#website\",\"url\":\"https:\/\/emailtree.ai\/de\/\",\"name\":\"EmailTree AI\",\"description\":\"Customer Service Hyperautomation\",\"potentialAction\":[{\"@type\":\"SearchAction\",\"target\":{\"@type\":\"EntryPoint\",\"urlTemplate\":\"https:\/\/emailtree.ai\/de\/?s={search_term_string}\"},\"query-input\":{\"@type\":\"PropertyValueSpecification\",\"valueRequired\":true,\"valueName\":\"search_term_string\"}}],\"inLanguage\":\"de\"}]}<\/script>\n<!-- \/ Yoast SEO plugin. -->","yoast_head_json":{"title":"Orange und EmailTree: Das Kundenerlebnis neu erfunden - EmailTree AI","description":"Erfahren Sie, wie Telekommunikations-Unternehmen den Kundenservice verbessern, die Produktivit\u00e4t und die Kundenzufriedenheit steigern k\u00f6nnen.","robots":{"index":"index","follow":"follow","max-snippet":"max-snippet:-1","max-image-preview":"max-image-preview:large","max-video-preview":"max-video-preview:-1"},"canonical":"https:\/\/emailtree.ai\/de\/erfolgsgeschichten\/orange-luxembourg-hyperautomatisierung\/","og_locale":"de_DE","og_type":"article","og_title":"Orange und EmailTree: Das Kundenerlebnis neu erfunden - EmailTree AI","og_description":"Erfahren Sie, wie Telekommunikations-Unternehmen den Kundenservice verbessern, die Produktivit\u00e4t und die Kundenzufriedenheit steigern k\u00f6nnen.","og_url":"https:\/\/emailtree.ai\/de\/erfolgsgeschichten\/orange-luxembourg-hyperautomatisierung\/","og_site_name":"EmailTree AI","article_modified_time":"2021-11-17T14:42:32+00:00","og_image":[{"url":"https:\/\/emailtree.ai\/wp-content\/uploads\/2020\/01\/orange-logo.png"}],"twitter_card":"summary_large_image","twitter_misc":{"Gesch\u00e4tzte Lesezeit":"3\u00a0Minuten"},"schema":{"@context":"https:\/\/schema.org","@graph":[{"@type":"WebPage","@id":"https:\/\/emailtree.ai\/de\/erfolgsgeschichten\/orange-luxembourg-hyperautomatisierung\/","url":"https:\/\/emailtree.ai\/de\/erfolgsgeschichten\/orange-luxembourg-hyperautomatisierung\/","name":"Orange und EmailTree: Das Kundenerlebnis neu erfunden - EmailTree AI","isPartOf":{"@id":"https:\/\/emailtree.ai\/de\/#website"},"primaryImageOfPage":{"@id":"https:\/\/emailtree.ai\/de\/erfolgsgeschichten\/orange-luxembourg-hyperautomatisierung\/#primaryimage"},"image":{"@id":"https:\/\/emailtree.ai\/de\/erfolgsgeschichten\/orange-luxembourg-hyperautomatisierung\/#primaryimage"},"thumbnailUrl":"https:\/\/emailtree.ai\/wp-content\/uploads\/2020\/01\/orange-logo.png","datePublished":"2020-01-14T09:36:04+00:00","dateModified":"2021-11-17T14:42:32+00:00","description":"Erfahren Sie, wie Telekommunikations-Unternehmen den Kundenservice verbessern, die Produktivit\u00e4t und die Kundenzufriedenheit steigern k\u00f6nnen.","breadcrumb":{"@id":"https:\/\/emailtree.ai\/de\/erfolgsgeschichten\/orange-luxembourg-hyperautomatisierung\/#breadcrumb"},"inLanguage":"de","potentialAction":[{"@type":"ReadAction","target":["https:\/\/emailtree.ai\/de\/erfolgsgeschichten\/orange-luxembourg-hyperautomatisierung\/"]}]},{"@type":"ImageObject","inLanguage":"de","@id":"https:\/\/emailtree.ai\/de\/erfolgsgeschichten\/orange-luxembourg-hyperautomatisierung\/#primaryimage","url":"https:\/\/emailtree.ai\/wp-content\/uploads\/2020\/01\/orange-logo.png","contentUrl":"https:\/\/emailtree.ai\/wp-content\/uploads\/2020\/01\/orange-logo.png"},{"@type":"BreadcrumbList","@id":"https:\/\/emailtree.ai\/de\/erfolgsgeschichten\/orange-luxembourg-hyperautomatisierung\/#breadcrumb","itemListElement":[{"@type":"ListItem","position":1,"name":"Home","item":"https:\/\/emailtree.ai\/de\/"},{"@type":"ListItem","position":2,"name":"Erfolgsgeschichten","item":"https:\/\/emailtree.ai\/de\/erfolgsgeschichten\/"},{"@type":"ListItem","position":3,"name":"Orange und EmailTree: Das Kundenerlebnis neu erfunden"}]},{"@type":"WebSite","@id":"https:\/\/emailtree.ai\/de\/#website","url":"https:\/\/emailtree.ai\/de\/","name":"EmailTree AI","description":"Customer Service Hyperautomation","potentialAction":[{"@type":"SearchAction","target":{"@type":"EntryPoint","urlTemplate":"https:\/\/emailtree.ai\/de\/?s={search_term_string}"},"query-input":{"@type":"PropertyValueSpecification","valueRequired":true,"valueName":"search_term_string"}}],"inLanguage":"de"}]}},"_links":{"self":[{"href":"https:\/\/emailtree.ai\/de\/wp-json\/wp\/v2\/pages\/2483"}],"collection":[{"href":"https:\/\/emailtree.ai\/de\/wp-json\/wp\/v2\/pages"}],"about":[{"href":"https:\/\/emailtree.ai\/de\/wp-json\/wp\/v2\/types\/page"}],"author":[{"embeddable":true,"href":"https:\/\/emailtree.ai\/de\/wp-json\/wp\/v2\/users\/1"}],"replies":[{"embeddable":true,"href":"https:\/\/emailtree.ai\/de\/wp-json\/wp\/v2\/comments?post=2483"}],"version-history":[{"count":0,"href":"https:\/\/emailtree.ai\/de\/wp-json\/wp\/v2\/pages\/2483\/revisions"}],"up":[{"embeddable":true,"href":"https:\/\/emailtree.ai\/de\/wp-json\/wp\/v2\/pages\/2388"}],"wp:attachment":[{"href":"https:\/\/emailtree.ai\/de\/wp-json\/wp\/v2\/media?parent=2483"}],"curies":[{"name":"wp","href":"https:\/\/api.w.org\/{rel}","templated":true}]}}