{"id":2500,"date":"2020-03-16T10:11:16","date_gmt":"2020-03-16T10:11:16","guid":{"rendered":"https:\/\/emailtree.ai\/privacy-policy\/"},"modified":"2021-11-17T14:43:43","modified_gmt":"2021-11-17T14:43:43","slug":"datenschutz","status":"publish","type":"page","link":"https:\/\/emailtree.ai\/de\/datenschutz\/","title":{"rendered":"Datenschutz"},"content":{"rendered":"<p dir=\"ltr\">Bei emailtree.ai, das \u00fcber www.emailtree.ai zug\u00e4nglich ist, ist die Privatsph\u00e4re unserer Besucher eine unserer Hauptpriorit\u00e4ten. Dieses Datenschutzdokument enth\u00e4lt Arten von Informationen, die von emailtree.ai gesammelt und aufgezeichnet werden, und wie wir sie verwenden.<\/p>\n<p dir=\"ltr\">Falls Sie weitere Fragen haben oder weitere Informationen zu unserer Datenschutzrichtlinie ben\u00f6tigen, z\u00f6gern Sie nicht, uns zu kontaktieren.<\/p>\n<p dir=\"ltr\">Diese Datenschutzrichtlinie gilt nur f\u00fcr unsere Online-Aktivit\u00e4ten und gilt f\u00fcr Besucher unserer Website in Bezug auf die Informationen, die sie in emailtree.ai geteilt und \/ oder gesammelt haben. Diese Richtlinie gilt nicht f\u00fcr Informationen, die offline oder \u00fcber andere Kan\u00e4le als diese Website gesammelt werden.<\/p>\n<h2 dir=\"ltr\"><span lang=\"de\"><span data-language-for-alternatives=\"de\" data-language-to-translate-into=\"en\" data-phrase-index=\"0\">Zustimmung<\/span><\/span><\/h2>\n<p dir=\"ltr\">Durch die Nutzung unserer Website stimmen Sie hiermit unserer Datenschutzrichtlinien zu und stimmen deren Bedingungen zu.<\/p>\n<h2 dir=\"ltr\">Informationen, die wir sammeln<\/h2>\n<p dir=\"ltr\">Die angeforderten pers\u00f6nlichen Daten und die Gr\u00fcnde, warum Sie zur Angabe aufgefordert werden, werden Ihnen an dem Punkt klargestellt, an dem wir Sie auffordern, Ihre pers\u00f6nlichen Daten anzugeben.<\/p>\n<p dir=\"ltr\">Falls Sie uns direkt kontaktieren, erhalten wir m\u00f6glicherweise zus\u00e4tzliche Informationen \u00fcber Sie, wie z. B. Ihren Namen, Ihre E-Mail-Adresse, Ihre Telefonnummer, den Inhalt der Nachricht und \/ oder der Anh\u00e4nge, die Sie uns senden, sowie weitere Informationen, die Sie m\u00f6glicherweise angeben.<\/p>\n<p dir=\"ltr\">Wenn Sie sich f\u00fcr ein Konto registrieren, werden Sie m\u00f6glicherweise nach Ihren Kontaktinformationen gefragt, einschlie\u00dflich Namen, Firmenname, Adresse, E-Mail-Adresse und Telefonnummer.<\/p>\n<h2 dir=\"ltr\">Wie wir Ihre Daten verwenden<\/h2>\n<p dir=\"ltr\">Wir verwenden die von uns gesammelten Informationen auf verschiedene Weise, unter anderem um:<\/p>\n<ul>\n<li dir=\"ltr\">Bereitstellung, Betrieb und Wartung unserer Website<\/li>\n<li dir=\"ltr\">Verbesserung, Personalisierung und Erweiterung unsere Website<\/li>\n<li dir=\"ltr\">Verstehen und analysieren, wie Sie unsere Website nutzen<\/li>\n<li dir=\"ltr\">Entwickelung neuer Produkte, Dienstleistungen, Features und Funktionen<\/li>\n<li dir=\"ltr\">Communicate with you, either directly or through one of our partners, including for customer service, to provide you with updates and other information relating to the website, and for marketing and promotional purposes<\/li>\n<li dir=\"ltr\">Ihnen Emails senden<\/li>\n<li dir=\"ltr\">Betrug finden und verhindern<\/li>\n<\/ul>\n<h2 dir=\"ltr\">Protokolldateien<\/h2>\n<p dir=\"ltr\">emailtree.ai folgt einem Standardverfahren zur Verwendung von Protokolldateien. Diese Dateien protokollieren Besucher, wenn sie Websites besuchen. Alle Hosting-Unternehmen tun dies und sind Teil der Analyse der Hosting-Services. Zu den von Protokolldateien gesammelten Informationen geh\u00f6ren IP-Adressen (Internet Protocol), Browsertyp, Internet Service Provider (ISP), Datums- und Zeitstempel, Verweis- \/ Beendigungsseiten und m\u00f6glicherweise die Anzahl der Klicks. Diese sind nicht mit Informationen verkn\u00fcpft, die pers\u00f6nlich identifizierbar sind. Der Zweck der Informationen besteht darin, Trends zu analysieren, die Website zu verwalten, die Bewegung der Benutzer auf der Website zu verfolgen und demografische Informationen zu sammeln.<\/p>\n<h2 dir=\"ltr\">Cookies&nbsp;<\/h2>\n<p dir=\"ltr\">Wie jede andere Website verwendet emailtree.ai &#8222;Cookies&#8220;. Diese Cookies werden verwendet, um Informationen zu speichern, einschlie\u00dflich der Pr\u00e4ferenzen der Besucher und der Seiten auf der Website, auf die der Besucher zugegriffen oder die er besucht hat. Die Informationen werden verwendet, um die Benutzererfahrung zu optimieren, indem der Inhalt unserer Webseite basierend auf dem Browsertyp der Besucher und \/ oder anderen Informationen angepasst wird. Verwendete Cookies: Google Analytics, Google Ads, Leadfeeder, LinkdIn Ads.<\/p>\n<h2 dir=\"ltr\">CCPA-Datenschutzrechte (Verkaufen Sie nicht meine pers\u00f6nlichen Daten)<\/h2>\n<p dir=\"ltr\">Im Rahmen der CCPA haben kalifornische Verbraucher unter anderem das Recht:<\/p>\n<p dir=\"ltr\">Fordern Sie ein Unternehmen auf, die personenbezogenen Daten eines Verbrauchers erfasst, die Kategorien und spezifischen personenbezogenen Daten offenzulegen, die ein Unternehmen \u00fcber Verbraucher erfasst hat.<\/p>\n<p dir=\"ltr\">Fordern Sie ein Unternehmen auf, alle pers\u00f6nlichen Daten \u00fcber den Verbraucher zu l\u00f6schen, die ein Unternehmen gesammelt hat.<\/p>\n<p dir=\"ltr\">Fordern Sie ein Unternehmen auf, die personenbezogenen Daten eines Verbrauchers verkauft und nicht die personenbezogenen Daten des Verbrauchers.<\/p>\n<p dir=\"ltr\">Wenn Sie eine Anfrage stellen, haben wir einen Monat Zeit, um Ihnen zu antworten. Wenn Sie eines dieser Rechte aus\u00fcben m\u00f6chten, kontaktieren Sie uns bitte.<\/p>\n<h2 dir=\"ltr\">Datenschutzrechte der GDPR<\/h2>\n<p dir=\"ltr\">Wir m\u00f6chten sicherstellen, dass Sie alle Ihre Datenschutzrechte vollst\u00e4ndig kennen. Jeder Benutzer hat Anspruch auf Folgendes:<\/p>\n<p dir=\"ltr\">Zugriffsrecht &#8211; Sie haben das Recht, Kopien Ihrer pers\u00f6nlichen Daten anzufordern. Wir k\u00f6nnen Ihnen eine geringe Geb\u00fchr f\u00fcr diesen Service berechnen.<\/p>\n<p dir=\"ltr\">Das Recht auf Berichtigung &#8211; Sie haben das Recht zu verlangen, dass wir alle Informationen korrigieren, die Sie f\u00fcr ungenau halten. Sie haben auch das Recht zu verlangen, dass wir die Informationen vervollst\u00e4ndigen, die Sie f\u00fcr unvollst\u00e4ndig halten.<\/p>\n<p dir=\"ltr\">Das Recht auf L\u00f6schung &#8211; Sie haben das Recht, unter bestimmten Bedingungen zu verlangen, dass wir Ihre pers\u00f6nlichen Daten l\u00f6schen.<\/p>\n<p dir=\"ltr\">Das Recht, die Verarbeitung einzuschr\u00e4nken &#8211; Sie haben das Recht, zu verlangen, dass wir die Verarbeitung Ihrer pers\u00f6nlichen Daten unter bestimmten Bedingungen einschr\u00e4nken.<\/p>\n<p dir=\"ltr\">Widerspruchsrecht &#8211; Sie haben unter bestimmten Bedingungen das Recht, der Verarbeitung Ihrer personenbezogenen Daten zu widersprechen.<\/p>\n<p dir=\"ltr\">Das Recht auf Daten\u00fcbertragbarkeit &#8211; Sie haben das Recht zu verlangen, dass wir die von uns gesammelten Daten unter bestimmten Bedingungen an eine andere Organisation oder direkt an Sie \u00fcbertragen.<\/p>\n<p dir=\"ltr\">Wenn Sie eine Anfrage stellen, haben wir einen Monat Zeit, um Ihnen zu antworten. Wenn Sie eines dieser Rechte aus\u00fcben m\u00f6chten, kontaktieren Sie uns bitte.<\/p>\n","protected":false},"excerpt":{"rendered":"<p>Bei emailtree.ai, das \u00fcber www.emailtree.ai zug\u00e4nglich ist, ist die Privatsph\u00e4re unserer Besucher eine unserer Hauptpriorit\u00e4ten. Dieses Datenschutzdokument enth\u00e4lt Arten von Informationen, die von emailtree.ai gesammelt und aufgezeichnet werden, und wie wir sie verwenden. Falls Sie weitere Fragen haben oder weitere Informationen zu unserer Datenschutzrichtlinie ben\u00f6tigen, z\u00f6gern Sie nicht, uns zu kontaktieren. Diese Datenschutzrichtlinie gilt nur [&hellip;]<\/p>\n","protected":false},"author":1,"featured_media":0,"parent":0,"menu_order":0,"comment_status":"closed","ping_status":"closed","template":"","meta":{"footnotes":""},"class_list":["post-2500","page","type-page","status-publish","hentry","post-wrapper","thrv_wrapper"],"yoast_head":"<!-- This site is optimized with the Yoast SEO plugin v23.6 - https:\/\/yoast.com\/wordpress\/plugins\/seo\/ -->\n<title>Datenschutz - EmailTree AI<\/title>\n<meta name=\"description\" content=\"Der EmailTree AI Datenschutz\" \/>\n<meta name=\"robots\" content=\"index, follow, max-snippet:-1, max-image-preview:large, max-video-preview:-1\" \/>\n<link rel=\"canonical\" href=\"https:\/\/emailtree.ai\/de\/datenschutz\/\" \/>\n<meta property=\"og:locale\" content=\"de_DE\" \/>\n<meta property=\"og:type\" content=\"article\" \/>\n<meta property=\"og:title\" content=\"Datenschutz - EmailTree AI\" \/>\n<meta property=\"og:description\" content=\"Der EmailTree AI Datenschutz\" \/>\n<meta property=\"og:url\" content=\"https:\/\/emailtree.ai\/de\/datenschutz\/\" \/>\n<meta property=\"og:site_name\" content=\"EmailTree AI\" \/>\n<meta property=\"article:modified_time\" content=\"2021-11-17T14:43:43+00:00\" \/>\n<meta name=\"twitter:card\" content=\"summary_large_image\" \/>\n<meta name=\"twitter:label1\" content=\"Gesch\u00e4tzte Lesezeit\" \/>\n\t<meta name=\"twitter:data1\" content=\"4\u00a0Minuten\" \/>\n<script type=\"application\/ld+json\" class=\"yoast-schema-graph\">{\"@context\":\"https:\/\/schema.org\",\"@graph\":[{\"@type\":\"WebPage\",\"@id\":\"https:\/\/emailtree.ai\/de\/datenschutz\/\",\"url\":\"https:\/\/emailtree.ai\/de\/datenschutz\/\",\"name\":\"Datenschutz - EmailTree AI\",\"isPartOf\":{\"@id\":\"https:\/\/emailtree.ai\/de\/#website\"},\"datePublished\":\"2020-03-16T10:11:16+00:00\",\"dateModified\":\"2021-11-17T14:43:43+00:00\",\"description\":\"Der EmailTree AI Datenschutz\",\"breadcrumb\":{\"@id\":\"https:\/\/emailtree.ai\/de\/datenschutz\/#breadcrumb\"},\"inLanguage\":\"de\",\"potentialAction\":[{\"@type\":\"ReadAction\",\"target\":[\"https:\/\/emailtree.ai\/de\/datenschutz\/\"]}]},{\"@type\":\"BreadcrumbList\",\"@id\":\"https:\/\/emailtree.ai\/de\/datenschutz\/#breadcrumb\",\"itemListElement\":[{\"@type\":\"ListItem\",\"position\":1,\"name\":\"Home\",\"item\":\"https:\/\/emailtree.ai\/de\/\"},{\"@type\":\"ListItem\",\"position\":2,\"name\":\"Datenschutz\"}]},{\"@type\":\"WebSite\",\"@id\":\"https:\/\/emailtree.ai\/de\/#website\",\"url\":\"https:\/\/emailtree.ai\/de\/\",\"name\":\"EmailTree AI\",\"description\":\"Customer Service Hyperautomation\",\"potentialAction\":[{\"@type\":\"SearchAction\",\"target\":{\"@type\":\"EntryPoint\",\"urlTemplate\":\"https:\/\/emailtree.ai\/de\/?s={search_term_string}\"},\"query-input\":{\"@type\":\"PropertyValueSpecification\",\"valueRequired\":true,\"valueName\":\"search_term_string\"}}],\"inLanguage\":\"de\"}]}<\/script>\n<!-- \/ Yoast SEO plugin. -->","yoast_head_json":{"title":"Datenschutz - EmailTree AI","description":"Der EmailTree AI Datenschutz","robots":{"index":"index","follow":"follow","max-snippet":"max-snippet:-1","max-image-preview":"max-image-preview:large","max-video-preview":"max-video-preview:-1"},"canonical":"https:\/\/emailtree.ai\/de\/datenschutz\/","og_locale":"de_DE","og_type":"article","og_title":"Datenschutz - EmailTree AI","og_description":"Der EmailTree AI Datenschutz","og_url":"https:\/\/emailtree.ai\/de\/datenschutz\/","og_site_name":"EmailTree AI","article_modified_time":"2021-11-17T14:43:43+00:00","twitter_card":"summary_large_image","twitter_misc":{"Gesch\u00e4tzte Lesezeit":"4\u00a0Minuten"},"schema":{"@context":"https:\/\/schema.org","@graph":[{"@type":"WebPage","@id":"https:\/\/emailtree.ai\/de\/datenschutz\/","url":"https:\/\/emailtree.ai\/de\/datenschutz\/","name":"Datenschutz - EmailTree AI","isPartOf":{"@id":"https:\/\/emailtree.ai\/de\/#website"},"datePublished":"2020-03-16T10:11:16+00:00","dateModified":"2021-11-17T14:43:43+00:00","description":"Der EmailTree AI Datenschutz","breadcrumb":{"@id":"https:\/\/emailtree.ai\/de\/datenschutz\/#breadcrumb"},"inLanguage":"de","potentialAction":[{"@type":"ReadAction","target":["https:\/\/emailtree.ai\/de\/datenschutz\/"]}]},{"@type":"BreadcrumbList","@id":"https:\/\/emailtree.ai\/de\/datenschutz\/#breadcrumb","itemListElement":[{"@type":"ListItem","position":1,"name":"Home","item":"https:\/\/emailtree.ai\/de\/"},{"@type":"ListItem","position":2,"name":"Datenschutz"}]},{"@type":"WebSite","@id":"https:\/\/emailtree.ai\/de\/#website","url":"https:\/\/emailtree.ai\/de\/","name":"EmailTree AI","description":"Customer Service Hyperautomation","potentialAction":[{"@type":"SearchAction","target":{"@type":"EntryPoint","urlTemplate":"https:\/\/emailtree.ai\/de\/?s={search_term_string}"},"query-input":{"@type":"PropertyValueSpecification","valueRequired":true,"valueName":"search_term_string"}}],"inLanguage":"de"}]}},"_links":{"self":[{"href":"https:\/\/emailtree.ai\/de\/wp-json\/wp\/v2\/pages\/2500"}],"collection":[{"href":"https:\/\/emailtree.ai\/de\/wp-json\/wp\/v2\/pages"}],"about":[{"href":"https:\/\/emailtree.ai\/de\/wp-json\/wp\/v2\/types\/page"}],"author":[{"embeddable":true,"href":"https:\/\/emailtree.ai\/de\/wp-json\/wp\/v2\/users\/1"}],"replies":[{"embeddable":true,"href":"https:\/\/emailtree.ai\/de\/wp-json\/wp\/v2\/comments?post=2500"}],"version-history":[{"count":0,"href":"https:\/\/emailtree.ai\/de\/wp-json\/wp\/v2\/pages\/2500\/revisions"}],"wp:attachment":[{"href":"https:\/\/emailtree.ai\/de\/wp-json\/wp\/v2\/media?parent=2500"}],"curies":[{"name":"wp","href":"https:\/\/api.w.org\/{rel}","templated":true}]}}