{"id":2501,"date":"2020-01-16T08:20:10","date_gmt":"2020-01-16T08:20:10","guid":{"rendered":"https:\/\/emailtree.ai\/newsroom\/"},"modified":"2021-01-29T08:51:37","modified_gmt":"2021-01-29T08:51:37","slug":"newsroom","status":"publish","type":"page","link":"https:\/\/emailtree.ai\/de\/newsroom\/","title":{"rendered":"Newsroom"},"content":{"rendered":"<h1 style=\"text-align: left;\"><span>EMAILTREE NEWSROOM<\/span><\/h1>\n<p>Neuigkeiten<\/p>\n<div class=\"tcb-post-list tve-content-list thrv_wrapper\" data-type=\"grid\" data-pagination-type=\"none\" data-pages_near_current=\"2\" data-css=\"tve-u-16ffc040656\" data-total_post_count=\"3\" data-total_sticky_count=\"0\" data-disabled-links=\"0\" data-featured-list=\"tve-u-16fa0edabe4\" data-no_posts_text=\"There are no posts to display.\"><article id=\"post-2463\" class=\"post-2463 post type-post status-publish format-video has-post-thumbnail hentry category-news-de post_format-post-format-video post-wrapper thrv_wrapper thrive-animated-item \" tcb_hover_state_parent=\"\" shortcode=\"tcb_post_list\" data-id=\"2463\" data-selector=\".post-wrapper\"><style class=\"tcb-post-list-dynamic-style\" type=\"text\/css\">@media (min-width: 300px){[].tcb-post-list #post-2463 []{background-image: url(&#8222;https:\/\/emailtree.ai\/wp-content\/uploads\/emailtree-finalist-village-awards-2020-scaled.jpg&#8222;) !important;}[].tcb-post-list #post-2463 []{background-image: url(&#8222;https:\/\/emailtree.ai\/wp-content\/uploads\/emailtree-finalist-village-awards-2020-scaled.jpg&#8222;) !important;}}<\/style><a href=\"https:\/\/emailtree.ai\/de\/news-de\/emailtree-gewaehlter-finalist\/\" dynamic-postlink=\"tcb_post_the_permalink\" data-shortcode-id=\"731\"><\/a><\/p>\n<p><span style=\"text-decoration: none; display: inline-block;\"><span data-extra_key=\"\" data-option-inline=\"1\" data-shortcode=\"tcb_post_title\" data-shortcode-name=\"Post Title\" data-attr-static-link=\"{&quot;className&quot;:&quot;tve-dynamic-link tve-froala fr-basic&quot;,&quot;class&quot;:&quot;tve-dynamic-link tve-froala fr-basic&quot;,&quot;data-css&quot;:&quot;tve-u-16ffc040668&quot;,&quot;data-dynamic-link&quot;:&quot;tcb_post_the_permalink&quot;,&quot;data-shortcode-id&quot;:&quot;731&quot;,&quot;dynamic-postlink&quot;:&quot;tcb_post_the_permalink&quot;,&quot;href&quot;:&quot;((tcb_post_the_permalink))&quot;,&quot;style&quot;:&quot;outline: none;&quot;}\"><a class=\"tve-dynamic-link tve-froala fr-basic\" class=\"tve-dynamic-link tve-froala fr-basic\" data-css=\"tve-u-16ffc040668\" data-dynamic-link=\"tcb_post_the_permalink\" data-shortcode-id=\"731\" dynamic-postlink=\"tcb_post_the_permalink\" href=\"https:\/\/emailtree.ai\/de\/news-de\/emailtree-gewaehlter-finalist\/\" style=\"outline: none;\">EmailTree AI: gew\u00e4hlter Finalist der Village Awards 2020<\/a><\/span><\/span><\/p>\n<p><span data-attr-link=\"0\" data-extra_key=\"\" data-option-inline=\"1\" data-shortcode=\"tcb_post_categories\" data-shortcode-name=\"Post Categories\" style=\"font-size: 15px;\">News<\/span><a href=\"https:\/\/emailtree.ai\/newsroom\/press\/\" style=\"outline: none;\" target=\"_blank\" title=\"Press\" rel=\"noopener noreferrer\"><\/a><\/p>\n<p><section class=\"tcb-post-content tcb-shortcode thrv_wrapper\" data-css=\"tve-u-16ffc040659\"><p>The Village Awards erkennt die beste Zusammenarbeit zwischen Startups und gro\u00dfen Unternehmen an und hilft Startups, sich zu entwickeln und zu wachsen, <a class=\"more-link\" href=\"https:\/\/emailtree.ai\/de\/news-de\/emailtree-gewaehlter-finalist\/#more-2463\"><\/a><\/p><\/section><a href=\"https:\/\/emailtree.ai\/de\/news-de\/emailtree-gewaehlter-finalist\/\" style=\"border-radius: 5px; overflow: hidden;\"><span style=\"\">                    <\/span><span style=\"\"><span style=\"\" data-tcb_hover_state_parent=\"\">Read More<\/span><\/span><\/a><\/article><article id=\"post-2583\" class=\"post-2583 post type-post status-publish format-standard has-post-thumbnail hentry category-news-de post-wrapper thrv_wrapper thrive-animated-item \" tcb_hover_state_parent=\"\" shortcode=\"tcb_post_list\" data-id=\"2583\" data-selector=\".post-wrapper\"><style class=\"tcb-post-list-dynamic-style\" type=\"text\/css\">@media (min-width: 300px){[].tcb-post-list #post-2583 []{background-image: url(&#8222;https:\/\/emailtree.ai\/wp-content\/uploads\/qmlqxcsahdqmetdofhes-scaled.jpg&#8222;) !important;}[].tcb-post-list #post-2583 []{background-image: url(&#8222;https:\/\/emailtree.ai\/wp-content\/uploads\/qmlqxcsahdqmetdofhes-scaled.jpg&#8222;) !important;}}<\/style><a href=\"https:\/\/emailtree.ai\/de\/news-de\/emailtree-ai-blue-turtle-partnershaft-afrika\/\" dynamic-postlink=\"tcb_post_the_permalink\" data-shortcode-id=\"731\"><\/a><\/p>\n<p><span style=\"text-decoration: none; display: inline-block;\"><span data-extra_key=\"\" data-option-inline=\"1\" data-shortcode=\"tcb_post_title\" data-shortcode-name=\"Post Title\" data-attr-static-link=\"{&quot;className&quot;:&quot;tve-dynamic-link tve-froala fr-basic&quot;,&quot;class&quot;:&quot;tve-dynamic-link tve-froala fr-basic&quot;,&quot;data-css&quot;:&quot;tve-u-16ffc040668&quot;,&quot;data-dynamic-link&quot;:&quot;tcb_post_the_permalink&quot;,&quot;data-shortcode-id&quot;:&quot;731&quot;,&quot;dynamic-postlink&quot;:&quot;tcb_post_the_permalink&quot;,&quot;href&quot;:&quot;((tcb_post_the_permalink))&quot;,&quot;style&quot;:&quot;outline: none;&quot;}\"><a class=\"tve-dynamic-link tve-froala fr-basic\" class=\"tve-dynamic-link tve-froala fr-basic\" data-css=\"tve-u-16ffc040668\" data-dynamic-link=\"tcb_post_the_permalink\" data-shortcode-id=\"731\" dynamic-postlink=\"tcb_post_the_permalink\" href=\"https:\/\/emailtree.ai\/de\/news-de\/emailtree-ai-blue-turtle-partnershaft-afrika\/\" style=\"outline: none;\">EmailTree AI: Partner mit Blue Turtle Technologies in Afrika<\/a><\/span><\/span><\/p>\n<p><span data-attr-link=\"0\" data-extra_key=\"\" data-option-inline=\"1\" data-shortcode=\"tcb_post_categories\" data-shortcode-name=\"Post Categories\" style=\"font-size: 15px;\">News<\/span><a href=\"https:\/\/emailtree.ai\/newsroom\/press\/\" style=\"outline: none;\" target=\"_blank\" title=\"Press\" rel=\"noopener noreferrer\"><\/a><\/p>\n<p><section class=\"tcb-post-content tcb-shortcode thrv_wrapper\" data-css=\"tve-u-16ffc040659\"><p>Am 11. Juni 2020 gaben EmailTree AI, die durchg\u00e4ngige AI-gesteuerte&nbsp;Hyperautomationsl\u00f6sung&nbsp;zur Neuerfindung des Kundendienstes, und &nbsp;Blue Turtle Technologies, S\u00fcdafrikas f\u00fchrendes Unternehmen f\u00fcr das <a class=\"more-link\" href=\"https:\/\/emailtree.ai\/de\/news-de\/emailtree-ai-blue-turtle-partnershaft-afrika\/#more-2583\"><\/a><\/p><\/section><a href=\"https:\/\/emailtree.ai\/de\/news-de\/emailtree-ai-blue-turtle-partnershaft-afrika\/\" style=\"border-radius: 5px; overflow: hidden;\"><span style=\"\">                    <\/span><span style=\"\"><span style=\"\" data-tcb_hover_state_parent=\"\">Read More<\/span><\/span><\/a><\/article><article id=\"post-2585\" class=\"post-2585 post type-post status-publish format-standard has-post-thumbnail hentry category-events-de category-news-de tag-past-events-de post-wrapper thrv_wrapper thrive-animated-item \" tcb_hover_state_parent=\"\" shortcode=\"tcb_post_list\" data-id=\"2585\" data-selector=\".post-wrapper\"><style class=\"tcb-post-list-dynamic-style\" type=\"text\/css\">@media (min-width: 300px){[].tcb-post-list #post-2585 []{background-image: url(&#8222;https:\/\/emailtree.ai\/wp-content\/uploads\/emailtree-winner-hack-the-crisis-luxembourg.jpg&#8222;) !important;}[].tcb-post-list #post-2585 []{background-image: url(&#8222;https:\/\/emailtree.ai\/wp-content\/uploads\/emailtree-winner-hack-the-crisis-luxembourg.jpg&#8222;) !important;}}<\/style><a href=\"https:\/\/emailtree.ai\/de\/news-de\/emailtree-ai-gewinner-hackathon\/\" dynamic-postlink=\"tcb_post_the_permalink\" data-shortcode-id=\"731\"><\/a><\/p>\n<p><span style=\"text-decoration: none; display: inline-block;\"><span data-extra_key=\"\" data-option-inline=\"1\" data-shortcode=\"tcb_post_title\" data-shortcode-name=\"Post Title\" data-attr-static-link=\"{&quot;className&quot;:&quot;tve-dynamic-link tve-froala fr-basic&quot;,&quot;class&quot;:&quot;tve-dynamic-link tve-froala fr-basic&quot;,&quot;data-css&quot;:&quot;tve-u-16ffc040668&quot;,&quot;data-dynamic-link&quot;:&quot;tcb_post_the_permalink&quot;,&quot;data-shortcode-id&quot;:&quot;731&quot;,&quot;dynamic-postlink&quot;:&quot;tcb_post_the_permalink&quot;,&quot;href&quot;:&quot;((tcb_post_the_permalink))&quot;,&quot;style&quot;:&quot;outline: none;&quot;}\"><a class=\"tve-dynamic-link tve-froala fr-basic\" class=\"tve-dynamic-link tve-froala fr-basic\" data-css=\"tve-u-16ffc040668\" data-dynamic-link=\"tcb_post_the_permalink\" data-shortcode-id=\"731\" dynamic-postlink=\"tcb_post_the_permalink\" href=\"https:\/\/emailtree.ai\/de\/news-de\/emailtree-ai-gewinner-hackathon\/\" style=\"outline: none;\">EmailTree AI: gewinner bei Hack The Crisis Hackathon<\/a><\/span><\/span><\/p>\n<p><span data-attr-link=\"0\" data-extra_key=\"\" data-option-inline=\"1\" data-shortcode=\"tcb_post_categories\" data-shortcode-name=\"Post Categories\" style=\"font-size: 15px;\">Events, News<\/span><a href=\"https:\/\/emailtree.ai\/newsroom\/press\/\" style=\"outline: none;\" target=\"_blank\" title=\"Press\" rel=\"noopener noreferrer\"><\/a><\/p>\n<p><section class=\"tcb-post-content tcb-shortcode thrv_wrapper\" data-css=\"tve-u-16ffc040659\"><p>25 April 2020 - EmailTree AI, die durchg\u00e4ngige AI-gesteuerte L\u00f6sung f\u00fcr die&nbsp;\u200b\u200bHyperautomation\u200b, des Kundendienstes, wurde als Gewinner des Hack The Crisis hackathon <a class=\"more-link\" href=\"https:\/\/emailtree.ai\/de\/news-de\/emailtree-ai-gewinner-hackathon\/#more-2585\"><\/a><\/p><\/section><a href=\"https:\/\/emailtree.ai\/de\/news-de\/emailtree-ai-gewinner-hackathon\/\" style=\"border-radius: 5px; overflow: hidden;\"><span style=\"\">                    <\/span><span style=\"\"><span style=\"\" data-tcb_hover_state_parent=\"\">Read More<\/span><\/span><\/a><\/article><\/div>\n<p>Entdecken Sie weitere Artikel im EmailTree NewsRoom<\/p>\n<div class=\"tcb-post-list tve-content-list thrv_wrapper\" data-type=\"list\" data-pagination-type=\"none\" data-pages_near_current=\"2\" data-css=\"tve-u-16ffc001608\" data-total_post_count=\"3\" data-total_sticky_count=\"0\" data-disabled-links=\"1\" data-featured-list=\"tve-u-16fa0edabe4\" data-no_posts_text=\"There are no posts to display.\"><article id=\"post-2463\" class=\"post-2463 post type-post status-publish format-video has-post-thumbnail hentry category-news-de post_format-post-format-video post-wrapper thrv_wrapper thrive-animated-item \" tcb_hover_state_parent=\"\" data-id=\"2463\" data-selector=\".post-wrapper\"><style class=\"tcb-post-list-dynamic-style\" type=\"text\/css\">@media (min-width: 300px){[].tcb-post-list #post-2463 []{background-image: url(&#8222;https:\/\/emailtree.ai\/wp-content\/uploads\/emailtree-finalist-village-awards-2020-scaled.jpg&#8222;) !important;}[].tcb-post-list #post-2463 []{background-image: url(&#8222;https:\/\/emailtree.ai\/wp-content\/uploads\/emailtree-finalist-village-awards-2020-scaled.jpg&#8222;) !important;}}<\/style><span class=\"tcb-post-categories tcb-shortcode tcb-plain-text thrv_wrapper\" data-css=\"tve-u-16ffc00160e\"><a href=\"https:\/\/emailtree.ai\/de\/category\/news-de\/\" title=\"News\" data-css=\"tve-u-16ffc00160e\">News<\/a><\/span><h2 class=\"tcb-post-title tcb-shortcode thrv_wrapper tcb-shortcode thrive-shortcode\" data-css=\"tve-u-16ffc001610\"><a href=\"https:\/\/emailtree.ai\/de\/news-de\/emailtree-gewaehlter-finalist\/\" title=\"EmailTree AI: gew\u00e4hlter Finalist der Village Awards 2020\" data-css=\"tve-u-16ffc001610\">EmailTree AI: gew\u00e4hlter Finalist der Village Awards 2020<\/a><\/h2><section class=\"tcb-post-content tcb-shortcode thrv_wrapper\" data-css=\"tve-u-16ffc001611\"><p>The Village Awards erkennt die beste Zusammenarbeit zwischen Startups und gro\u00dfen Unternehmen <a class=\"more-link\" href=\"https:\/\/emailtree.ai\/de\/news-de\/emailtree-gewaehlter-finalist\/#more-2463\"><\/a><\/p><\/section><div class=\"tve-article-cover\"><a class=\"tcb-article-cover-link\" href=\"https:\/\/emailtree.ai\/de\/news-de\/emailtree-gewaehlter-finalist\/\">EmailTree AI: gew\u00e4hlter Finalist der Village Awards 2020<\/a><\/div><\/article><article id=\"post-2583\" class=\"post-2583 post type-post status-publish format-standard has-post-thumbnail hentry category-news-de post-wrapper thrv_wrapper thrive-animated-item \" tcb_hover_state_parent=\"\" data-id=\"2583\" data-selector=\".post-wrapper\"><style class=\"tcb-post-list-dynamic-style\" type=\"text\/css\">@media (min-width: 300px){[].tcb-post-list #post-2583 []{background-image: url(&#8222;https:\/\/emailtree.ai\/wp-content\/uploads\/qmlqxcsahdqmetdofhes-scaled.jpg&#8222;) !important;}[].tcb-post-list #post-2583 []{background-image: url(&#8222;https:\/\/emailtree.ai\/wp-content\/uploads\/qmlqxcsahdqmetdofhes-scaled.jpg&#8222;) !important;}}<\/style><span class=\"tcb-post-categories tcb-shortcode tcb-plain-text thrv_wrapper\" data-css=\"tve-u-16ffc00160e\"><a href=\"https:\/\/emailtree.ai\/de\/category\/news-de\/\" title=\"News\" data-css=\"tve-u-16ffc00160e\">News<\/a><\/span><h2 class=\"tcb-post-title tcb-shortcode thrv_wrapper tcb-shortcode thrive-shortcode\" data-css=\"tve-u-16ffc001610\"><a href=\"https:\/\/emailtree.ai\/de\/news-de\/emailtree-ai-blue-turtle-partnershaft-afrika\/\" title=\"EmailTree AI: Partner mit Blue Turtle Technologies in Afrika\" data-css=\"tve-u-16ffc001610\">EmailTree AI: Partner mit Blue Turtle Technologies in Afrika<\/a><\/h2><section class=\"tcb-post-content tcb-shortcode thrv_wrapper\" data-css=\"tve-u-16ffc001611\"><p>Am 11. Juni 2020 gaben EmailTree AI, die durchg\u00e4ngige AI-gesteuerte&nbsp;Hyperautomationsl\u00f6sung&nbsp;zur Neuerfindung des <a class=\"more-link\" href=\"https:\/\/emailtree.ai\/de\/news-de\/emailtree-ai-blue-turtle-partnershaft-afrika\/#more-2583\"><\/a><\/p><\/section><div class=\"tve-article-cover\"><a class=\"tcb-article-cover-link\" href=\"https:\/\/emailtree.ai\/de\/news-de\/emailtree-ai-blue-turtle-partnershaft-afrika\/\">EmailTree AI: Partner mit Blue Turtle Technologies in Afrika<\/a><\/div><\/article><article id=\"post-2585\" class=\"post-2585 post type-post status-publish format-standard has-post-thumbnail hentry category-events-de category-news-de tag-past-events-de post-wrapper thrv_wrapper thrive-animated-item \" tcb_hover_state_parent=\"\" data-id=\"2585\" data-selector=\".post-wrapper\"><style class=\"tcb-post-list-dynamic-style\" type=\"text\/css\">@media (min-width: 300px){[].tcb-post-list #post-2585 []{background-image: url(&#8222;https:\/\/emailtree.ai\/wp-content\/uploads\/emailtree-winner-hack-the-crisis-luxembourg.jpg&#8222;) !important;}[].tcb-post-list #post-2585 []{background-image: url(&#8222;https:\/\/emailtree.ai\/wp-content\/uploads\/emailtree-winner-hack-the-crisis-luxembourg.jpg&#8222;) !important;}}<\/style><span class=\"tcb-post-categories tcb-shortcode tcb-plain-text thrv_wrapper\" data-css=\"tve-u-16ffc00160e\"><a href=\"https:\/\/emailtree.ai\/de\/category\/events-de\/\" title=\"Events\" data-css=\"tve-u-16ffc00160e\">Events<\/a>, <a href=\"https:\/\/emailtree.ai\/de\/category\/news-de\/\" title=\"News\" data-css=\"tve-u-16ffc00160e\">News<\/a><\/span><h2 class=\"tcb-post-title tcb-shortcode thrv_wrapper tcb-shortcode thrive-shortcode\" data-css=\"tve-u-16ffc001610\"><a href=\"https:\/\/emailtree.ai\/de\/news-de\/emailtree-ai-gewinner-hackathon\/\" title=\"EmailTree AI: gewinner bei Hack The Crisis Hackathon\" data-css=\"tve-u-16ffc001610\">EmailTree AI: gewinner bei Hack The Crisis Hackathon<\/a><\/h2><section class=\"tcb-post-content tcb-shortcode thrv_wrapper\" data-css=\"tve-u-16ffc001611\"><p>25 April 2020 - EmailTree AI, die durchg\u00e4ngige AI-gesteuerte L\u00f6sung f\u00fcr die&nbsp;\u200b\u200bHyperautomation\u200b, <a class=\"more-link\" href=\"https:\/\/emailtree.ai\/de\/news-de\/emailtree-ai-gewinner-hackathon\/#more-2585\"><\/a><\/p><\/section><div class=\"tve-article-cover\"><a class=\"tcb-article-cover-link\" href=\"https:\/\/emailtree.ai\/de\/news-de\/emailtree-ai-gewinner-hackathon\/\">EmailTree AI: gewinner bei Hack The Crisis Hackathon<\/a><\/div><\/article><\/div>\n<h2 style=\"text-align: center;\"><strong>Bereit f\u00fcr Ihre eigene Erfolgsgeschichte?<\/strong><\/h2>\n<p style=\"text-align: center;\">Lassen Sie uns Ihre Fragen in unserem Hyperautomation Audit Workshop beantworten.<\/p>\n","protected":false},"excerpt":{"rendered":"<p>EMAILTREE NEWSROOM Neuigkeiten Entdecken Sie weitere Artikel im EmailTree NewsRoom Bereit f\u00fcr Ihre eigene Erfolgsgeschichte? Lassen Sie uns Ihre Fragen in unserem Hyperautomation Audit Workshop beantworten.<\/p>\n","protected":false},"author":1,"featured_media":0,"parent":0,"menu_order":0,"comment_status":"closed","ping_status":"closed","template":"","meta":{"footnotes":""},"class_list":{"0":"post-2501","1":"page","2":"type-page","3":"status-publish","4":"hentry","5":"post-wrapper","6":"thrv_wrapper","9":"thrive-animated-item"},"yoast_head":"<!-- This site is optimized with the Yoast SEO plugin v23.6 - https:\/\/yoast.com\/wordpress\/plugins\/seo\/ -->\n<title>Newsroom - EmailTree AI<\/title>\n<meta name=\"description\" content=\"Lesen Sie die Nachrichten, Unternehmensank\u00fcndigungen, Trendgeschichten und mehr. Genie\u00dfen Sie beliebte Artikel im EmailTree AI-Newsroom.\" \/>\n<meta name=\"robots\" content=\"index, follow, max-snippet:-1, max-image-preview:large, max-video-preview:-1\" \/>\n<link rel=\"canonical\" href=\"https:\/\/emailtree.ai\/de\/newsroom\/\" \/>\n<meta property=\"og:locale\" content=\"de_DE\" \/>\n<meta property=\"og:type\" content=\"article\" \/>\n<meta property=\"og:title\" content=\"Newsroom - EmailTree AI\" \/>\n<meta property=\"og:description\" content=\"Lesen Sie die Nachrichten, Unternehmensank\u00fcndigungen, Trendgeschichten und mehr. Genie\u00dfen Sie beliebte Artikel im EmailTree AI-Newsroom.\" \/>\n<meta property=\"og:url\" content=\"https:\/\/emailtree.ai\/de\/newsroom\/\" \/>\n<meta property=\"og:site_name\" content=\"EmailTree AI\" \/>\n<meta property=\"article:modified_time\" content=\"2021-01-29T08:51:37+00:00\" \/>\n<meta name=\"twitter:card\" content=\"summary_large_image\" \/>\n<meta name=\"twitter:label1\" content=\"Gesch\u00e4tzte Lesezeit\" \/>\n\t<meta name=\"twitter:data1\" content=\"2\u00a0Minuten\" \/>\n<script type=\"application\/ld+json\" class=\"yoast-schema-graph\">{\"@context\":\"https:\/\/schema.org\",\"@graph\":[{\"@type\":\"WebPage\",\"@id\":\"https:\/\/emailtree.ai\/de\/newsroom\/\",\"url\":\"https:\/\/emailtree.ai\/de\/newsroom\/\",\"name\":\"Newsroom - EmailTree AI\",\"isPartOf\":{\"@id\":\"https:\/\/emailtree.ai\/de\/#website\"},\"datePublished\":\"2020-01-16T08:20:10+00:00\",\"dateModified\":\"2021-01-29T08:51:37+00:00\",\"description\":\"Lesen Sie die Nachrichten, Unternehmensank\u00fcndigungen, Trendgeschichten und mehr. Genie\u00dfen Sie beliebte Artikel im EmailTree AI-Newsroom.\",\"breadcrumb\":{\"@id\":\"https:\/\/emailtree.ai\/de\/newsroom\/#breadcrumb\"},\"inLanguage\":\"de\",\"potentialAction\":[{\"@type\":\"ReadAction\",\"target\":[\"https:\/\/emailtree.ai\/de\/newsroom\/\"]}]},{\"@type\":\"BreadcrumbList\",\"@id\":\"https:\/\/emailtree.ai\/de\/newsroom\/#breadcrumb\",\"itemListElement\":[{\"@type\":\"ListItem\",\"position\":1,\"name\":\"Home\",\"item\":\"https:\/\/emailtree.ai\/de\/\"},{\"@type\":\"ListItem\",\"position\":2,\"name\":\"Newsroom\"}]},{\"@type\":\"WebSite\",\"@id\":\"https:\/\/emailtree.ai\/de\/#website\",\"url\":\"https:\/\/emailtree.ai\/de\/\",\"name\":\"EmailTree AI\",\"description\":\"Customer Service Hyperautomation\",\"potentialAction\":[{\"@type\":\"SearchAction\",\"target\":{\"@type\":\"EntryPoint\",\"urlTemplate\":\"https:\/\/emailtree.ai\/de\/?s={search_term_string}\"},\"query-input\":{\"@type\":\"PropertyValueSpecification\",\"valueRequired\":true,\"valueName\":\"search_term_string\"}}],\"inLanguage\":\"de\"}]}<\/script>\n<!-- \/ Yoast SEO plugin. -->","yoast_head_json":{"title":"Newsroom - EmailTree AI","description":"Lesen Sie die Nachrichten, Unternehmensank\u00fcndigungen, Trendgeschichten und mehr. Genie\u00dfen Sie beliebte Artikel im EmailTree AI-Newsroom.","robots":{"index":"index","follow":"follow","max-snippet":"max-snippet:-1","max-image-preview":"max-image-preview:large","max-video-preview":"max-video-preview:-1"},"canonical":"https:\/\/emailtree.ai\/de\/newsroom\/","og_locale":"de_DE","og_type":"article","og_title":"Newsroom - EmailTree AI","og_description":"Lesen Sie die Nachrichten, Unternehmensank\u00fcndigungen, Trendgeschichten und mehr. Genie\u00dfen Sie beliebte Artikel im EmailTree AI-Newsroom.","og_url":"https:\/\/emailtree.ai\/de\/newsroom\/","og_site_name":"EmailTree AI","article_modified_time":"2021-01-29T08:51:37+00:00","twitter_card":"summary_large_image","twitter_misc":{"Gesch\u00e4tzte Lesezeit":"2\u00a0Minuten"},"schema":{"@context":"https:\/\/schema.org","@graph":[{"@type":"WebPage","@id":"https:\/\/emailtree.ai\/de\/newsroom\/","url":"https:\/\/emailtree.ai\/de\/newsroom\/","name":"Newsroom - EmailTree AI","isPartOf":{"@id":"https:\/\/emailtree.ai\/de\/#website"},"datePublished":"2020-01-16T08:20:10+00:00","dateModified":"2021-01-29T08:51:37+00:00","description":"Lesen Sie die Nachrichten, Unternehmensank\u00fcndigungen, Trendgeschichten und mehr. Genie\u00dfen Sie beliebte Artikel im EmailTree AI-Newsroom.","breadcrumb":{"@id":"https:\/\/emailtree.ai\/de\/newsroom\/#breadcrumb"},"inLanguage":"de","potentialAction":[{"@type":"ReadAction","target":["https:\/\/emailtree.ai\/de\/newsroom\/"]}]},{"@type":"BreadcrumbList","@id":"https:\/\/emailtree.ai\/de\/newsroom\/#breadcrumb","itemListElement":[{"@type":"ListItem","position":1,"name":"Home","item":"https:\/\/emailtree.ai\/de\/"},{"@type":"ListItem","position":2,"name":"Newsroom"}]},{"@type":"WebSite","@id":"https:\/\/emailtree.ai\/de\/#website","url":"https:\/\/emailtree.ai\/de\/","name":"EmailTree AI","description":"Customer Service Hyperautomation","potentialAction":[{"@type":"SearchAction","target":{"@type":"EntryPoint","urlTemplate":"https:\/\/emailtree.ai\/de\/?s={search_term_string}"},"query-input":{"@type":"PropertyValueSpecification","valueRequired":true,"valueName":"search_term_string"}}],"inLanguage":"de"}]}},"_links":{"self":[{"href":"https:\/\/emailtree.ai\/de\/wp-json\/wp\/v2\/pages\/2501"}],"collection":[{"href":"https:\/\/emailtree.ai\/de\/wp-json\/wp\/v2\/pages"}],"about":[{"href":"https:\/\/emailtree.ai\/de\/wp-json\/wp\/v2\/types\/page"}],"author":[{"embeddable":true,"href":"https:\/\/emailtree.ai\/de\/wp-json\/wp\/v2\/users\/1"}],"replies":[{"embeddable":true,"href":"https:\/\/emailtree.ai\/de\/wp-json\/wp\/v2\/comments?post=2501"}],"version-history":[{"count":0,"href":"https:\/\/emailtree.ai\/de\/wp-json\/wp\/v2\/pages\/2501\/revisions"}],"wp:attachment":[{"href":"https:\/\/emailtree.ai\/de\/wp-json\/wp\/v2\/media?parent=2501"}],"curies":[{"name":"wp","href":"https:\/\/api.w.org\/{rel}","templated":true}]}}