{"id":6722,"date":"2022-03-22T13:10:59","date_gmt":"2022-03-22T13:10:59","guid":{"rendered":"https:\/\/emailtree.ai\/hyperautomation-center-of-excellence\/"},"modified":"2022-08-02T12:03:05","modified_gmt":"2022-08-02T12:03:05","slug":"hyperautomatisierungs-zentrum","status":"publish","type":"page","link":"https:\/\/emailtree.ai\/de\/hyperautomatisierungs-zentrum\/","title":{"rendered":"Integration"},"content":{"rendered":"<h1 style=\"text-align: left;\">Integrieren und verbinden Sie Ihre Daten schnell<\/h1>\n<h2 style=\"\"><span>Bauen Sie Ihr Kompetenzzentrum f\u00fcr Hyperautomatisierung auf und automatisieren Sie innerhalb des ersten Monats bis zu 80% Ihrer Arbeit.<\/span><\/h2>\n<p><span><img decoding=\"async\" alt=\"Automated workflows in customer service\" data-id=\"5972\" data-init-width=\"101\" data-init-height=\"100\" title=\"Automated workflows in customer service\" src=\"https:\/\/emailtree.ai\/wp-content\/uploads\/Frame-556-1.png\" data-width=\"101\" data-height=\"100\" style=\"\" loading=\"lazy\" width=\"101\" height=\"100\"><\/span><\/p>\n<h3 style=\"text-align: left; color: var(--tcb-color-10)                    !important; --tcb-applied-color: var$(--tcb-color-10)                    !important;\"><span lang=\"de\"><span data-language-for-alternatives=\"de\" data-language-to-translate-into=\"en\" data-number-of-phrases=\"1\" data-phrase-index=\"0\">Automatisierte Arbeitsabl\u00e4ufe<\/span><\/span><\/h3>\n<p style=\"text-align: left; color: var(--tcb-color-5)  !important; --tcb-applied-color:var$(--tcb-color-5)  !important;\">Erleben Sie unsere End-to-End-Kundendienst-Automatisierung und profitieren Sie von sofortiger L\u00f6sungszeit.<\/p>\n<p><span><img decoding=\"async\" alt=\"Increase productivity with Customer service automation\" data-id=\"5978\" data-init-width=\"101\" data-init-height=\"100\" title=\"Increase productivity with Customer service automation\" src=\"https:\/\/emailtree.ai\/wp-content\/uploads\/Frame-554.png\" data-width=\"101\" data-height=\"100\" style=\"\" loading=\"lazy\" width=\"101\" height=\"100\"><\/span><\/p>\n<h3 style=\"text-align: left;\">Produktivit\u00e4t steigern<\/h3>\n<p style=\"text-align: left; color: var(--tcb-color-5)  !important; --tcb-applied-color:var$(--tcb-color-5)  !important;\">Verschaffen Sie sich einen Wettbewerbsvorteil und senken Sie Ihre Kosten, indem Sie Ihren Agenten erm\u00f6glichen, proaktiv und schneller Hilfe zu leisten.<\/p>\n<p><span><img decoding=\"async\" alt=\"Happier customers with AI Customer service\" data-id=\"5984\" data-init-width=\"101\" data-init-height=\"100\" title=\"Happier customers with AI Customer service\" src=\"https:\/\/emailtree.ai\/wp-content\/uploads\/Frame-555-1.png\" data-width=\"101\" data-height=\"100\" style=\"\" loading=\"lazy\" width=\"101\" height=\"100\"><\/span><\/p>\n<h3 style=\"text-align: left;\">Gl\u00fccklichere Kunden<\/h3>\n<p style=\"text-align: left; color: var(--tcb-color-5)  !important; --tcb-applied-color:var$(--tcb-color-5)  !important;\">Bieten Sie ein konsistentes Kundenerlebnis, indem Sie Kundenfragen mit Automatisierungsfunktionen genauer und effektiver beantworten<\/p>\n<h2 style=\"\">Branchenf\u00fchrendes Kundenerlebnis vom Feinsten<\/h2>\n<h3 style=\"\"><strong>Emailtree erm\u00f6glicht Unternehmen,den Kundensupport rund um die Uhr zu entwerfen, bereitzustellen und auszuf\u00fchren<\/strong><\/h3>\n<p dir=\"ltr\">Die meisten Unternehmen verpassen M\u00f6glichkeiten der digitalen Transformation aufgrund von L\u00fccken in ihrer Automatisierungsfunktionalit\u00e4t. Sie stehen vor gro\u00dfen Herausforderungen beim Aufbau, der Skalierung und Wartung von Automatisierungsprozessen. Aus diesem Grund ist Emailtree ein perfekter Ausgangspunkt auf dem Weg zum Aufbau Ihres Hyperautomatisierungs-Technologieportfolios.<\/p>\n<h3 style=\"\"><strong>Entwickeln Sie sich in Richtung Exzellenz im Kundenservice.<\/strong><\/h3>\n<p>Wir helfen Ihnen, ein sogenanntes Hyperautomation Center of Excellence (CoE) in Ihrem Kundenservice einzurichten, welches die Zusammenarbeit f\u00f6rdert, Risiken senkt und Ihren Erfolg durch eine vollst\u00e4ndigere End-to-End-Prozessautomatisierung maximiert. Wir unterst\u00fctzen Organisationen bei der Entwicklung des internen Fachwissens und der Change-Management-F\u00e4higkeiten, die zum Erstellen, Ausf\u00fchren, Verwalten, Skalieren und Steuern von Hyperautomatisierungsl\u00f6sungen f\u00fcr den Kundenservice erforderlich sind, die einen gesch\u00e4ftlichen Mehrwert bieten. Lassen Sie unsere k\u00fcnstliche Intelligenz im Hintergrund arbeiten, w\u00e4hrend Sie sich auf Ihre Kernaufgaben konzentrieren.<\/p>\n<p><span><img decoding=\"async\" alt=\"Evolve toward excellence in customer service.\" data-id=\"5991\" data-init-width=\"474\" data-init-height=\"474\" title=\"Evolve toward excellence in customer service\" src=\"https:\/\/emailtree.ai\/wp-content\/uploads\/Frame-542-2.png\" data-width=\"474\" data-height=\"474\" loading=\"lazy\" width=\"474\" height=\"474\"><\/span><\/p>\n\n<h2 style=\"\">Beeindrucken Sie Ihre Kunden mit unserer durchg\u00e4ngigen KI-Kundendienstautomatisierung<\/h2>\n<p style=\"\">Skalieren Sie Ihre Kundenservice-Teams, um h\u00f6here Volumen und anspruchsvolle Anfragen zu bew\u00e4ltigen. Unsere hochmoderne KI-Engine k\u00fcmmert sich um Ihre Kunden: rund um die Uhr, auf Abruf und ohne dass ein Agent eingreifen muss.Unabh\u00e4ngig davon, ob Ihre Kunden per E-Mail, Sprachanrufe, Messaging oder Social Media f\u00fcr Kunden-Onboarding, Bestellannahme, Aktualisierung, Zahlungen, R\u00fccksendungen oder eine R\u00fcckerstattung und Aktualisierung der Kundendaten usw. Kontakt aufnehmen, EmailTree-Hyperautomatisierung erm\u00f6glicht die erforderliche Skalierbarkeit, um ihre Probleme sofort und proaktiv zu l\u00f6sen .H\u00e4ufige Anwendungsf\u00e4lle f\u00fcr Hyperautomatisierung finden sich in den meisten Front-, Middle- und Back-Office-Prozessen, die alle in der Regel sehr manuell sind und mehrere Systeme umfassen.<\/p>\n<h2 style=\"\">Verbinden und automatisieren Sie Ihren gesamten Support-Stack an einem Ort.<\/h2>\n<p style=\"\"><span>EmailTree bietet eine nahtlose Integration in alle wichtigen Support- und Ticketing-Plattformen wie Zendesk, ServiceNow und Salesforce, damit Ihre Agenten ihre Produktivit\u00e4t steigern und ihre Arbeit genie\u00dfen k\u00f6nnen.Zu den Hyperautomatisierungskomponenten von EmailTree geh\u00f6ren auch Robotic Process Automation (RPA) wie UiPath, Automation Anywhere, Blueprism, Power Automate usw. sowie Microsoft Office 365 und Google.Reduzieren Sie die Reaktionszeit um bis zu 80 % mit End-to-End-Prozessautomatisierung und verbessern Sie die Kundenzufriedenheit, indem Sie Ihre sich wiederholenden Tickets und Workflows automatisieren.<\/span><\/p>\n<p><span style=\"\"><img decoding=\"async\" alt=\"Connect EmailTree to ticketing platforms like Zendesk, ServiceNow\" data-id=\"6009\" title=\"Connect EmailTree to ticketing platforms like Zendesk, ServiceNow\" src=\"https:\/\/emailtree.ai\/wp-content\/uploads\/Frame-572.png\" style=\"\" data-width=\"475\" data-height=\"475\" data-init-width=\"475\" data-init-height=\"475\" mt-d=\"0\" mt-t=\"0\" ml-m=\"-3\" mt-m=\"-4.114000000000004\" loading=\"lazy\" width=\"475\" height=\"475\"><\/span><span style=\"\"><img decoding=\"async\" alt=\"80% of your customer service work automated\" data-id=\"6015\" title=\"80% of your customer service work automated\" src=\"https:\/\/emailtree.ai\/wp-content\/uploads\/Frame-550-2.png\" style=\"\" data-width=\"474\" data-height=\"474\" data-init-width=\"474\" data-init-height=\"474\" mt-d=\"-1.25\" mt-t=\"-5\" mt-m=\"-0.06900000000001683\" ml-m=\"0\" loading=\"lazy\" width=\"474\" height=\"474\"><\/span><\/p>\n<h2 style=\"\">Automatisieren Sie bis zu 80% Ihrer Arbeit innerhalb des ersten Monats<\/h2>\n<p style=\"color: var(--tcb-color-5)  !important; --tcb-applied-color:var$(--tcb-color-5)  !important;\">Mit unserer propriet\u00e4ren NLP-Engine und unserem Leistungs-Dashboard erm\u00f6glichen wir eine skalierbare und agile Hyperautomatisierung, sodass Ihre Mitarbeiter mehr wertsch\u00f6pfende Arbeit leisten k\u00f6nnen.Wir helfen Ihnen, Quick-Wins f\u00fcr Anwendungsf\u00e4lle der Prozessautomatisierung im Kundenservice zu identifizieren, die es Ihnen erm\u00f6glichen, Ihre F\u00e4higkeiten in der Hyperautomatisierung in Ihrem Unternehmen, in den Kan\u00e4len zur Kundenbindung und in Ihrer IT-Infrastruktur zu erweitern.Wir sparen Ihnen wichtige Kosten und Zeit, indem wir die komplexen, unstrukturierten Workflows der End-to-End-Kundendienstprozesse orchestrieren und verbessern. Dies wird Ihre Kundenbindung und das Gesamterlebnis erheblich steigern.<\/p>\n<p style=\"\">Unsere Kunden<\/p>\n<p><span><img decoding=\"async\" alt=\"Orange Luxembourg Logo\" data-id=\"5833\" data-init-width=\"150\" data-init-height=\"150\" title=\"Orange Luxembourg Logo\" src=\"https:\/\/emailtree.ai\/wp-content\/uploads\/orange-logo-150x150-4.png\" data-width=\"105\" data-height=\"105\" style=\"\" loading=\"lazy\" width=\"105\" height=\"105\"><\/span><span><img decoding=\"async\" alt=\"EDF logo\" data-id=\"5839\" data-init-width=\"150\" data-init-height=\"67\" title=\"EDF logo\" src=\"https:\/\/emailtree.ai\/wp-content\/uploads\/1200px-E\u0301lectricite\u0301_de_France.svg_-150x67-1-3.png\" data-width=\"150\" data-height=\"67\" loading=\"lazy\" width=\"150\" height=\"67\"><\/span><span><img decoding=\"async\" alt=\"BWM Mediasoft Logo\" data-id=\"5845\" data-init-width=\"149\" data-init-height=\"60\" title=\"BWM Mediasoft Logo\" src=\"https:\/\/emailtree.ai\/wp-content\/uploads\/logo-bwm-150x60-4.png\" data-width=\"150\" data-height=\"60\" loading=\"lazy\" width=\"150\" height=\"60\"><\/span><span><img decoding=\"async\" alt=\"Samsung Electronics Logo\" data-id=\"5851\" data-init-width=\"120\" data-init-height=\"60\" title=\"Samsung Electronics Logo\" src=\"https:\/\/emailtree.ai\/wp-content\/uploads\/Rectangle-101-1-3.png\" data-width=\"120\" data-height=\"60\" loading=\"lazy\" width=\"120\" height=\"60\"><\/span><span><img decoding=\"async\" alt=\"Webhelp Logo\" data-id=\"5857\" data-init-width=\"120\" data-init-height=\"60\" title=\"Webhelp Logo\" src=\"https:\/\/emailtree.ai\/wp-content\/uploads\/Rectangle-102-3.png\" data-width=\"120\" data-height=\"60\" loading=\"lazy\" width=\"120\" height=\"60\"><\/span><span><img decoding=\"async\" alt=\"CFL Logo\" data-id=\"5863\" data-init-width=\"120\" data-init-height=\"14\" title=\"CFL Logo\" src=\"https:\/\/emailtree.ai\/wp-content\/uploads\/CFL-3.png\" data-width=\"120\" data-height=\"14\" loading=\"lazy\" width=\"120\" height=\"14\"><\/span><span><img decoding=\"async\" alt=\"Eltrona Logo\" data-id=\"5869\" data-init-width=\"121\" data-init-height=\"60\" title=\"Eltrona Logo\" src=\"https:\/\/emailtree.ai\/wp-content\/uploads\/Rectangle-104-3.png\" data-width=\"121\" data-height=\"60\" loading=\"lazy\" width=\"121\" height=\"60\"><\/span><span><img decoding=\"async\" alt=\"\" data-id=\"4802\" data-init-width=\"120\" data-init-height=\"60\" title=\"Rectangle 105\" src=\"https:\/\/emailtree.ai\/wp-content\/uploads\/Rectangle-105-3.png\" data-width=\"120\" data-height=\"60\" style=\"\" loading=\"lazy\" width=\"120\" height=\"60\"><\/span><span><img decoding=\"async\" alt=\"One Life Logo\" data-id=\"5881\" data-init-width=\"121\" data-init-height=\"60\" title=\"One Life Logo\" src=\"https:\/\/emailtree.ai\/wp-content\/uploads\/Rectangle-106-3.png\" data-width=\"121\" data-height=\"60\" style=\"\" loading=\"lazy\" width=\"121\" height=\"60\"><\/span><span><img decoding=\"async\" alt=\"\" data-id=\"6306\" data-init-width=\"1600\" data-init-height=\"596\" title=\"Logo_kompass_transparent_HD\" src=\"https:\/\/emailtree.ai\/wp-content\/uploads\/Logo_kompass_transparent_HD-1.png\" data-width=\"150\" data-height=\"56\" style=\"\" loading=\"lazy\" width=\"150\" height=\"56\"><\/span><span><img decoding=\"async\" alt=\"\" data-id=\"7792\" width=\"198\" data-init-width=\"467\" height=\"46\" data-init-height=\"108\" title=\"image_2022_06_17T11_11_51_368Z\" loading=\"lazy\" src=\"https:\/\/emailtree.ai\/wp-content\/uploads\/image_2022_06_17T11_11_51_368Z.png\" data-width=\"198\" data-height=\"46\"><\/span><\/p>\n<p style=\"\">Unsere Partner<\/p>\n<p><span><img decoding=\"async\" alt=\"\" data-id=\"5893\" data-init-width=\"150\" data-init-height=\"32\" title=\"Microsoft-logo-150x32-1\" src=\"https:\/\/emailtree.ai\/wp-content\/uploads\/Microsoft-logo-150x32-1-3.png\" data-width=\"150\" data-height=\"32\" loading=\"lazy\" width=\"150\" height=\"32\"><\/span><span><img decoding=\"async\" alt=\"\" data-id=\"5899\" data-init-width=\"150\" data-init-height=\"52\" title=\"NVIDIA-Inception-logo-150x52-1\" src=\"https:\/\/emailtree.ai\/wp-content\/uploads\/NVIDIA-Inception-logo-150x52-1-3.png\" data-width=\"150\" data-height=\"52\" loading=\"lazy\" width=\"150\" height=\"52\"><\/span><span><img decoding=\"async\" alt=\"\" data-id=\"5905\" data-init-width=\"149\" data-init-height=\"39\" title=\"bnp-paribas-logo\" src=\"https:\/\/emailtree.ai\/wp-content\/uploads\/bnp-paribas-150x39-1-3.png\" data-width=\"149\" data-height=\"39\" loading=\"lazy\" width=\"149\" height=\"39\"><\/span><span><img decoding=\"async\" alt=\"\" data-id=\"5911\" data-init-width=\"101\" data-init-height=\"49\" title=\"ey\" src=\"https:\/\/emailtree.ai\/wp-content\/uploads\/ey-3.png\" data-width=\"101\" data-height=\"49\" loading=\"lazy\" width=\"101\" height=\"49\"><\/span><\/p>\n<h2 style=\"text-align: center;\">Es geht uns nicht nur um die E-Mail-Klassifizierung <\/h2>\n<h3 style=\"text-align: center;\">EmailTree.ai hilft Ihnen, Ihre Kunden mit h\u00f6herer Qualit\u00e4t und Konsistenz effizienter zu verstehen und darauf zu reagieren, und erm\u00f6glicht auch personalisierte und empathische Antworten.<\/h3>\n<h4 style=\"color: var(--tcb-color-11)  !important; --tcb-applied-color:var$(--tcb-color-11)  !important;\">Verstehen Sie Ihre Kundenanfragen<\/h4>\n<p style=\"color: var(--tcb-color-11)  !important; --tcb-applied-color:var$(--tcb-color-11)  !important;\">Identifizieren Sie Schl\u00fcsseldaten, indem Sie die Fragen und Schl\u00fcsselinformationen Ihrer Kunden wie Sprache und Stimmung kontextualisieren, um Ihre \u201eMomente der Wahrheit\u201c im Kundenservice erheblich zu verbessern<\/p>\n<h4 style=\"color: var(--tcb-color-11)  !important; --tcb-applied-color:var$(--tcb-color-11)  !important;\">Integrieren Sie Ihre Daten schnell<\/h4>\n<p style=\"color: var(--tcb-color-11)  !important; --tcb-applied-color:var$(--tcb-color-11)  !important;\">Beschleunigen Sie die Suche nach Informationen\/Dokumenten zur Beantwortung Ihrer E-Mails durch die nahtlose Integration in O365, Google, gro\u00dfe Ticketing-Plattformen wie Zendesk, ServiceNow und Salesforce sowie RPA-Tools<\/p>\n<h4 style=\"color: var(--tcb-color-11)  !important; --tcb-applied-color:var$(--tcb-color-11)  !important;\">Klassifikation<\/h4>\n<p style=\"color: var(--tcb-color-11)  !important; --tcb-applied-color:var$(--tcb-color-11)  !important;\">Automatisieren Sie die Geschwindigkeit, Filterung und Priorisierung Ihrer E-Mail-Klassifizierung, damit Ihr Unternehmen E-Mails automatisch dem richtigen Service, Team oder der richtigen Person zuweisen kann<\/p>\n<h4 style=\"color: var(--tcb-color-11)  !important; --tcb-applied-color:var$(--tcb-color-11)  !important;\">Smart-Antwort mit KI<\/h4>\n<p style=\"color: var(--tcb-color-11)  !important; --tcb-applied-color:var$(--tcb-color-11)  !important;\">Bef\u00e4higen Sie Ihr First-Level-Team um Ihre Kundenbindung effizienter zu gestalten, indem Sie die \u201eSmart Antwort\u201c-KI verwenden. Sparen Sie bis zu 40 % Kosten und steigern die Antwortqualit\u00e4t um bis zu 70 %.<\/p>\n<p style=\"text-align: center;\">Es geht uns nicht nur um die E-Mail-Klassifizierung<\/p>\n<p style=\"text-align: center;\">EmailTree.ai hilft Ihnen, Ihre Kunden mit h\u00f6herer Qualit\u00e4t und Konsistenz effizienter zu verstehen und darauf zu reagieren, und erm\u00f6glicht auch personalisierte und empathische Antworten.<\/p>\n<p style=\"font-size: 27px !important;\">Verstehen Sie Ihre Kundenanfragen<\/p>\n<p style=\"\">Identifizieren Sie Schl\u00fcsseldaten, indem Sie die Fragen und Schl\u00fcsselinformationen Ihrer Kunden wie Sprache und Stimmung kontextualisieren, um Ihre \u201eMomente der Wahrheit\u201c im Kundenservice erheblich zu verbessern<\/p>\n<p style=\"\">Klassifikation<\/p>\n<p style=\"\">Automatisieren Sie die Geschwindigkeit, Filterung und Priorisierung Ihrer E-Mail-Klassifizierung, damit Ihr Unternehmen E-Mails automatisch dem richtigen Service, Team oder der richtigen Person zuweisen kann<\/p>\n<p style=\"\">Integrieren Sie Ihre Daten schnell<\/p>\n<p style=\"\">Beschleunigen Sie die Suche nach Informationen\/Dokumenten zur Beantwortung Ihrer E-Mails durch die nahtlose Integration in O365, Google, gro\u00dfe Ticketing-Plattformen wie Zendesk, ServiceNow und Salesforce sowie RPA-Tools<\/p>\n<p style=\"\">Smart-Antwort mit KI<\/p>\n<p style=\"\">Bef\u00e4higen Sie Ihr First-Level-Team um Ihre Kundenbindung effizienter zu gestalten, indem Sie die \u201eSmart Antwort\u201c-KI verwenden. Sparen Sie bis zu 40 % Kosten und steigern die Antwortqualit\u00e4t um bis zu 70 %.<\/p>\n","protected":false},"excerpt":{"rendered":"<p>Integrieren und verbinden Sie Ihre Daten schnell Bauen Sie Ihr Kompetenzzentrum f\u00fcr Hyperautomatisierung auf und automatisieren Sie innerhalb des ersten Monats bis zu 80% Ihrer Arbeit. Automatisierte Arbeitsabl\u00e4ufe Erleben Sie unsere End-to-End-Kundendienst-Automatisierung und profitieren Sie von sofortiger L\u00f6sungszeit. Produktivit\u00e4t steigern Verschaffen Sie sich einen Wettbewerbsvorteil und senken Sie Ihre Kosten, indem Sie Ihren Agenten erm\u00f6glichen, [&hellip;]<\/p>\n","protected":false},"author":8,"featured_media":6261,"parent":0,"menu_order":0,"comment_status":"closed","ping_status":"closed","template":"","meta":{"footnotes":""},"class_list":["post-6722","page","type-page","status-publish","has-post-thumbnail","hentry","post-wrapper","thrv_wrapper"],"yoast_head":"<!-- This site is optimized with the Yoast SEO plugin v23.6 - https:\/\/yoast.com\/wordpress\/plugins\/seo\/ -->\n<title>Integrieren und verbinden Sie Ihre Daten | CX-Hyperautomatisierung |<\/title>\n<meta name=\"description\" content=\"Bauen Sie Ihr Kompetenzzentrum f\u00fcr Hyperautomation auf und automatisieren Sie innerhalb des ersten Monats 80 % Ihrer Arbeit.\" \/>\n<meta name=\"robots\" content=\"index, follow, max-snippet:-1, max-image-preview:large, max-video-preview:-1\" \/>\n<link rel=\"canonical\" href=\"https:\/\/emailtree.ai\/de\/hyperautomatisierungs-zentrum\/\" \/>\n<meta property=\"og:locale\" content=\"de_DE\" \/>\n<meta property=\"og:type\" content=\"article\" \/>\n<meta property=\"og:title\" content=\"Integrieren und verbinden Sie Ihre Daten | CX-Hyperautomatisierung |\" \/>\n<meta property=\"og:description\" content=\"Bauen Sie Ihr Kompetenzzentrum f\u00fcr Hyperautomation auf und automatisieren Sie innerhalb des ersten Monats 80 % Ihrer Arbeit.\" \/>\n<meta property=\"og:url\" content=\"https:\/\/emailtree.ai\/de\/hyperautomatisierungs-zentrum\/\" \/>\n<meta property=\"og:site_name\" content=\"EmailTree AI\" \/>\n<meta property=\"article:modified_time\" content=\"2022-08-02T12:03:05+00:00\" \/>\n<meta property=\"og:image\" content=\"https:\/\/emailtree.ai\/wp-content\/uploads\/Feature-image-ET-quickly-integrate-620x628-1.png\" \/>\n\t<meta property=\"og:image:width\" content=\"620\" \/>\n\t<meta property=\"og:image:height\" content=\"628\" \/>\n\t<meta property=\"og:image:type\" content=\"image\/png\" \/>\n<meta name=\"twitter:card\" content=\"summary_large_image\" \/>\n<meta name=\"twitter:label1\" content=\"Gesch\u00e4tzte Lesezeit\" \/>\n\t<meta name=\"twitter:data1\" content=\"8\u00a0Minuten\" \/>\n<script type=\"application\/ld+json\" class=\"yoast-schema-graph\">{\"@context\":\"https:\/\/schema.org\",\"@graph\":[{\"@type\":\"WebPage\",\"@id\":\"https:\/\/emailtree.ai\/de\/hyperautomatisierungs-zentrum\/\",\"url\":\"https:\/\/emailtree.ai\/de\/hyperautomatisierungs-zentrum\/\",\"name\":\"Integrieren und verbinden Sie Ihre Daten | CX-Hyperautomatisierung |\",\"isPartOf\":{\"@id\":\"https:\/\/emailtree.ai\/de\/#website\"},\"primaryImageOfPage\":{\"@id\":\"https:\/\/emailtree.ai\/de\/hyperautomatisierungs-zentrum\/#primaryimage\"},\"image\":{\"@id\":\"https:\/\/emailtree.ai\/de\/hyperautomatisierungs-zentrum\/#primaryimage\"},\"thumbnailUrl\":\"https:\/\/emailtree.ai\/wp-content\/uploads\/Feature-image-ET-quickly-integrate-620x628-1.png\",\"datePublished\":\"2022-03-22T13:10:59+00:00\",\"dateModified\":\"2022-08-02T12:03:05+00:00\",\"description\":\"Bauen Sie Ihr Kompetenzzentrum f\u00fcr Hyperautomation auf und automatisieren Sie innerhalb des ersten Monats 80 % Ihrer Arbeit.\",\"breadcrumb\":{\"@id\":\"https:\/\/emailtree.ai\/de\/hyperautomatisierungs-zentrum\/#breadcrumb\"},\"inLanguage\":\"de\",\"potentialAction\":[{\"@type\":\"ReadAction\",\"target\":[\"https:\/\/emailtree.ai\/de\/hyperautomatisierungs-zentrum\/\"]}]},{\"@type\":\"ImageObject\",\"inLanguage\":\"de\",\"@id\":\"https:\/\/emailtree.ai\/de\/hyperautomatisierungs-zentrum\/#primaryimage\",\"url\":\"https:\/\/emailtree.ai\/wp-content\/uploads\/Feature-image-ET-quickly-integrate-620x628-1.png\",\"contentUrl\":\"https:\/\/emailtree.ai\/wp-content\/uploads\/Feature-image-ET-quickly-integrate-620x628-1.png\",\"width\":620,\"height\":628,\"caption\":\"Quickly integrate your data into EmailTree.ai\"},{\"@type\":\"BreadcrumbList\",\"@id\":\"https:\/\/emailtree.ai\/de\/hyperautomatisierungs-zentrum\/#breadcrumb\",\"itemListElement\":[{\"@type\":\"ListItem\",\"position\":1,\"name\":\"Home\",\"item\":\"https:\/\/emailtree.ai\/de\/\"},{\"@type\":\"ListItem\",\"position\":2,\"name\":\"Integration\"}]},{\"@type\":\"WebSite\",\"@id\":\"https:\/\/emailtree.ai\/de\/#website\",\"url\":\"https:\/\/emailtree.ai\/de\/\",\"name\":\"EmailTree AI\",\"description\":\"Customer Service Hyperautomation\",\"potentialAction\":[{\"@type\":\"SearchAction\",\"target\":{\"@type\":\"EntryPoint\",\"urlTemplate\":\"https:\/\/emailtree.ai\/de\/?s={search_term_string}\"},\"query-input\":{\"@type\":\"PropertyValueSpecification\",\"valueRequired\":true,\"valueName\":\"search_term_string\"}}],\"inLanguage\":\"de\"}]}<\/script>\n<!-- \/ Yoast SEO plugin. -->","yoast_head_json":{"title":"Integrieren und verbinden Sie Ihre Daten | CX-Hyperautomatisierung |","description":"Bauen Sie Ihr Kompetenzzentrum f\u00fcr Hyperautomation auf und automatisieren Sie innerhalb des ersten Monats 80 % Ihrer Arbeit.","robots":{"index":"index","follow":"follow","max-snippet":"max-snippet:-1","max-image-preview":"max-image-preview:large","max-video-preview":"max-video-preview:-1"},"canonical":"https:\/\/emailtree.ai\/de\/hyperautomatisierungs-zentrum\/","og_locale":"de_DE","og_type":"article","og_title":"Integrieren und verbinden Sie Ihre Daten | CX-Hyperautomatisierung |","og_description":"Bauen Sie Ihr Kompetenzzentrum f\u00fcr Hyperautomation auf und automatisieren Sie innerhalb des ersten Monats 80 % Ihrer Arbeit.","og_url":"https:\/\/emailtree.ai\/de\/hyperautomatisierungs-zentrum\/","og_site_name":"EmailTree AI","article_modified_time":"2022-08-02T12:03:05+00:00","og_image":[{"width":620,"height":628,"url":"https:\/\/emailtree.ai\/wp-content\/uploads\/Feature-image-ET-quickly-integrate-620x628-1.png","type":"image\/png"}],"twitter_card":"summary_large_image","twitter_misc":{"Gesch\u00e4tzte Lesezeit":"8\u00a0Minuten"},"schema":{"@context":"https:\/\/schema.org","@graph":[{"@type":"WebPage","@id":"https:\/\/emailtree.ai\/de\/hyperautomatisierungs-zentrum\/","url":"https:\/\/emailtree.ai\/de\/hyperautomatisierungs-zentrum\/","name":"Integrieren und verbinden Sie Ihre Daten | CX-Hyperautomatisierung |","isPartOf":{"@id":"https:\/\/emailtree.ai\/de\/#website"},"primaryImageOfPage":{"@id":"https:\/\/emailtree.ai\/de\/hyperautomatisierungs-zentrum\/#primaryimage"},"image":{"@id":"https:\/\/emailtree.ai\/de\/hyperautomatisierungs-zentrum\/#primaryimage"},"thumbnailUrl":"https:\/\/emailtree.ai\/wp-content\/uploads\/Feature-image-ET-quickly-integrate-620x628-1.png","datePublished":"2022-03-22T13:10:59+00:00","dateModified":"2022-08-02T12:03:05+00:00","description":"Bauen Sie Ihr Kompetenzzentrum f\u00fcr Hyperautomation auf und automatisieren Sie innerhalb des ersten Monats 80 % Ihrer Arbeit.","breadcrumb":{"@id":"https:\/\/emailtree.ai\/de\/hyperautomatisierungs-zentrum\/#breadcrumb"},"inLanguage":"de","potentialAction":[{"@type":"ReadAction","target":["https:\/\/emailtree.ai\/de\/hyperautomatisierungs-zentrum\/"]}]},{"@type":"ImageObject","inLanguage":"de","@id":"https:\/\/emailtree.ai\/de\/hyperautomatisierungs-zentrum\/#primaryimage","url":"https:\/\/emailtree.ai\/wp-content\/uploads\/Feature-image-ET-quickly-integrate-620x628-1.png","contentUrl":"https:\/\/emailtree.ai\/wp-content\/uploads\/Feature-image-ET-quickly-integrate-620x628-1.png","width":620,"height":628,"caption":"Quickly integrate your data into EmailTree.ai"},{"@type":"BreadcrumbList","@id":"https:\/\/emailtree.ai\/de\/hyperautomatisierungs-zentrum\/#breadcrumb","itemListElement":[{"@type":"ListItem","position":1,"name":"Home","item":"https:\/\/emailtree.ai\/de\/"},{"@type":"ListItem","position":2,"name":"Integration"}]},{"@type":"WebSite","@id":"https:\/\/emailtree.ai\/de\/#website","url":"https:\/\/emailtree.ai\/de\/","name":"EmailTree AI","description":"Customer Service Hyperautomation","potentialAction":[{"@type":"SearchAction","target":{"@type":"EntryPoint","urlTemplate":"https:\/\/emailtree.ai\/de\/?s={search_term_string}"},"query-input":{"@type":"PropertyValueSpecification","valueRequired":true,"valueName":"search_term_string"}}],"inLanguage":"de"}]}},"_links":{"self":[{"href":"https:\/\/emailtree.ai\/de\/wp-json\/wp\/v2\/pages\/6722"}],"collection":[{"href":"https:\/\/emailtree.ai\/de\/wp-json\/wp\/v2\/pages"}],"about":[{"href":"https:\/\/emailtree.ai\/de\/wp-json\/wp\/v2\/types\/page"}],"author":[{"embeddable":true,"href":"https:\/\/emailtree.ai\/de\/wp-json\/wp\/v2\/users\/8"}],"replies":[{"embeddable":true,"href":"https:\/\/emailtree.ai\/de\/wp-json\/wp\/v2\/comments?post=6722"}],"version-history":[{"count":0,"href":"https:\/\/emailtree.ai\/de\/wp-json\/wp\/v2\/pages\/6722\/revisions"}],"wp:featuredmedia":[{"embeddable":true,"href":"https:\/\/emailtree.ai\/de\/wp-json\/wp\/v2\/media\/6261"}],"wp:attachment":[{"href":"https:\/\/emailtree.ai\/de\/wp-json\/wp\/v2\/media?parent=6722"}],"curies":[{"name":"wp","href":"https:\/\/api.w.org\/{rel}","templated":true}]}}