{"id":7288,"date":"2022-04-21T15:39:20","date_gmt":"2022-04-21T15:39:20","guid":{"rendered":"https:\/\/emailtree.ai\/book-a-demo-today\/"},"modified":"2022-05-02T09:02:17","modified_gmt":"2022-05-02T09:02:17","slug":"heute-demo-buchen","status":"publish","type":"page","link":"https:\/\/emailtree.ai\/de\/heute-demo-buchen\/","title":{"rendered":"Heute noch eine Demo Buchen"},"content":{"rendered":"<a class=\"tcb-logo thrv_wrapper\" href=\"https:\/\/emailtree.ai\/de\/\" data-dynamic-link=\"thrive_global_shortcode_url\" data-shortcode-id=\"0\" data-img-style=\"\"><img decoding=\"async\" src=\"https:\/\/emailtree.ai\/wp-content\/uploads\/Logo-Dark-1.png\" height=\"185\" width=\"704\" alt=\"\" style=\"\" class=\"tve-not-lazy-loaded\"><\/img><\/a>\n<h1 style=\"\">Holen Sie sich noch heute Ihre kostenlose, unverbindliche Demo von EmailTree.<\/h1>\n<h2 style=\"\"><span>Verwenden Sie einfach die Calendly-Einbettung unten, um Ihre Zeit zu buchen. \ud83d\udc49<\/span><\/h2>\n<h2 style=\"\"><span>Verwenden Sie einfach die Calendly-Einbettung unten, um Uhrzeit und Datum zu buchen. \ud83d\udc47<\/span><\/h2>\n<p style=\"\">In dem Demo werden wir:<\/p>\n<ul>\n<li style=\"\"><span style=\"\">Die <strong>wichtigsten Herausforderungen<\/strong> behandeln, denen Sie in Ihrer Organisation gegen\u00fcberstehen<\/span><\/li>\n<li style=\"\"><span style=\"\">Herausfinden, wie wir unsere <strong>L\u00f6sung an Ihre Bed\u00fcrfnisse<\/strong> anpassen k\u00f6nnen<\/span><\/li>\n<li style=\"\"><span style=\"\">Erleben Sie unsere <strong>End to End Kundenservice-L\u00f6sung<\/strong> in aktion<\/span><\/li>\n<li style=\"\"><span style=\"\">Profitieren Sie von unserem einzigartigen<strong>&nbsp;ROI-Simulator<\/strong><\/span><\/li>\n<li style=\"\"><span style=\"\">Alle Ihre Fragen, bez\u00fcglich<span><strong>&nbsp;EmailTree, <span>beantworten<\/span><\/strong><\/span><\/span><\/li>\n<\/ul>\n<p style=\"\">95% Erkennung der Fragen unserer Kunden dank KI und strukturierte Antworten unabh\u00e4ngig vom Korrespondenten, in f\u00fcnf Sprachen und f\u00fcnfmal schneller als zuvor.<\/p>\n<p><span><img decoding=\"async\" alt=\"\" data-id=\"7220\" data-init-width=\"400\" data-init-height=\"400\" title=\"2MUFzDKR_400x400\" src=\"https:\/\/emailtree.ai\/wp-content\/uploads\/2MUFzDKR_400x400.jpg\" data-width=\"99\" data-height=\"99\" style=\"\" width=\"99\" height=\"99\" loading=\"lazy\"><\/span><\/p>\n<p><strong><span style=\"font-size: 16px;\">France-Diane Hardy<\/span><\/strong><span style=\"font-size: 14px;\">Kundenbindung-DirektorOrange Luxembourg<\/span><\/p>\n<p><!-- Calendly inline widget begin -->[tcb-script type=&#8220;text\/javascript&#8220; src=&#8220;https:\/\/assets.calendly.com\/assets\/external\/widget.js&#8220; async=&#8220;&#8220;][\/tcb-script]<!-- Calendly inline widget end --><\/p>\n<p style=\"\">In dem Demo werden wir:<\/p>\n<ul>\n<li><span style=\"\"><span>Die <strong>wichtigsten Herausforderungen<\/strong> behandeln, denen Sie in Ihrer Organisation gegen\u00fcberstehen<\/span><\/span><\/li>\n<li><span style=\"\"><span>Herausfinden, wie wir unsere <strong>L\u00f6sung an Ihre Bed\u00fcrfnisse<\/strong> anpassen k\u00f6nnen<\/span><\/span><\/li>\n<li><span style=\"\"><span>Erleben Sie unsere <strong>End to End Kundenservice-L\u00f6sung<\/strong> in aktion<\/span><\/span><\/li>\n<li><span style=\"\"><span>Profitieren Sie von unserem einzigartigen<strong> ROI-Simulator<\/strong><\/span><\/span><\/li>\n<li><span style=\"\"><span>Alle Ihre Fragen, bez\u00fcglich<span><strong>&nbsp;EmailTree AI, <span>beantworten<\/span><\/strong><\/span><\/span><\/span><\/li>\n<\/ul>\n<p style=\"\">95% Erkennung der Fragen unserer Kunden dank KI und strukturierte Antworten unabh\u00e4ngig vom Korrespondenten, in f\u00fcnf Sprachen und f\u00fcnfmal schneller als zuvor.<\/p>\n<p><span><img decoding=\"async\" alt=\"\" data-id=\"7220\" data-init-width=\"400\" data-init-height=\"400\" title=\"2MUFzDKR_400x400\" src=\"https:\/\/emailtree.ai\/wp-content\/uploads\/2MUFzDKR_400x400.jpg\" data-width=\"0\" data-height=\"0\" style=\"\" width=\"0\" height=\"0\" loading=\"lazy\"><\/span><\/p>\n<p><strong><span>France-Diane Hardy<\/span><\/strong><span>Kundenbindung-DirektorOrange Luxembourg<\/span><\/p>\n<p style=\"\">Unsere Kunden<\/p>\n<p><span><img decoding=\"async\" alt=\"\" data-id=\"28\" data-init-width=\"150\" data-init-height=\"150\" title=\"orange-logo\" src=\"https:\/\/emailtree.ai\/wp-content\/uploads\/2020\/01\/orange-logo-150x150.png\" data-width=\"101\" data-height=\"101\" width=\"101\" height=\"101\" loading=\"lazy\"><\/span><span><img decoding=\"async\" alt=\"\" data-id=\"3935\" data-init-width=\"150\" data-init-height=\"67\" title=\"1200px-E\u0301lectricite\u0301_de_France.svg_-150x67\" src=\"https:\/\/emailtree.ai\/wp-content\/uploads\/1200px-E\u0301lectricite\u0301_de_France.svg_-150x67-1.png\" data-width=\"150\" data-height=\"67\" width=\"150\" height=\"67\" loading=\"lazy\"><\/span><span><img decoding=\"async\" alt=\"\" data-id=\"478\" data-init-width=\"150\" data-init-height=\"60\" title=\"logo-bwm\" src=\"https:\/\/emailtree.ai\/wp-content\/uploads\/2020\/01\/logo-bwm-150x60.png\" data-width=\"150\" data-height=\"60\" width=\"150\" height=\"60\" loading=\"lazy\"><\/span><span><img decoding=\"async\" alt=\"\" data-id=\"4778\" data-init-width=\"120\" data-init-height=\"60\" title=\"Rectangle 101 (1)\" src=\"https:\/\/emailtree.ai\/wp-content\/uploads\/Rectangle-101-1.png\" data-width=\"120\" data-height=\"60\" style=\"\" width=\"120\" height=\"60\" loading=\"lazy\"><\/span><span><img decoding=\"async\" alt=\"\" data-id=\"4808\" data-init-width=\"121\" data-init-height=\"60\" title=\"Rectangle 106\" src=\"https:\/\/emailtree.ai\/wp-content\/uploads\/Rectangle-106.png\" data-width=\"153\" data-height=\"76\" style=\"\" width=\"153\" height=\"76\" loading=\"lazy\"><\/span><span><img decoding=\"async\" alt=\"\" data-id=\"4784\" data-init-width=\"120\" data-init-height=\"60\" title=\"Rectangle 102\" src=\"https:\/\/emailtree.ai\/wp-content\/uploads\/Rectangle-102.png\" data-width=\"120\" data-height=\"60\" width=\"120\" height=\"60\" loading=\"lazy\"><\/span><span><img decoding=\"async\" alt=\"\" data-id=\"4790\" data-init-width=\"120\" data-init-height=\"14\" title=\"CFL\" src=\"https:\/\/emailtree.ai\/wp-content\/uploads\/CFL.png\" data-width=\"150\" data-height=\"18\" style=\"\" width=\"150\" height=\"18\" loading=\"lazy\"><\/span><span><img decoding=\"async\" alt=\"\" data-id=\"4796\" data-init-width=\"121\" data-init-height=\"60\" title=\"Rectangle 104\" src=\"https:\/\/emailtree.ai\/wp-content\/uploads\/Rectangle-104.png\" data-width=\"150\" data-height=\"74\" width=\"150\" height=\"74\" loading=\"lazy\"><\/span><span><img decoding=\"async\" alt=\"\" data-id=\"4802\" data-init-width=\"120\" data-init-height=\"60\" title=\"Rectangle 105\" src=\"https:\/\/emailtree.ai\/wp-content\/uploads\/Rectangle-105.png\" data-width=\"120\" data-height=\"60\" style=\"\" width=\"120\" height=\"60\" loading=\"lazy\"><\/span><span><img decoding=\"async\" alt=\"\" data-id=\"7079\" data-init-width=\"153\" data-init-height=\"52\" title=\"montley zoo 1\" src=\"https:\/\/emailtree.ai\/wp-content\/uploads\/montley-zoo-1.png\" data-width=\"153\" data-height=\"52\" width=\"153\" height=\"52\" loading=\"lazy\"><\/span><span><img decoding=\"async\" alt=\"\" data-id=\"6299\" data-init-width=\"1600\" data-init-height=\"596\" title=\"Logo_kompass_transparent_HD\" src=\"https:\/\/emailtree.ai\/wp-content\/uploads\/Logo_kompass_transparent_HD.png\" data-width=\"150\" data-height=\"56\" width=\"150\" height=\"56\" loading=\"lazy\"><\/span><\/p>\n<p style=\"\">Unsere Partner<\/p>\n<p><span><img decoding=\"async\" alt=\"\" data-id=\"3953\" data-init-width=\"150\" data-init-height=\"32\" title=\"Microsoft-logo-150x32\" src=\"https:\/\/emailtree.ai\/wp-content\/uploads\/Microsoft-logo-150x32-1.png\" data-width=\"150\" data-height=\"32\" width=\"150\" height=\"32\" loading=\"lazy\"><\/span><span><img decoding=\"async\" alt=\"\" data-id=\"3959\" data-init-width=\"150\" data-init-height=\"52\" title=\"NVIDIA-Inception-logo-150x52\" src=\"https:\/\/emailtree.ai\/wp-content\/uploads\/NVIDIA-Inception-logo-150x52-1.png\" data-width=\"150\" data-height=\"52\" width=\"150\" height=\"52\" loading=\"lazy\"><\/span><span><img decoding=\"async\" alt=\"\" data-id=\"3965\" data-init-width=\"149\" data-init-height=\"39\" title=\"bnp-paribas-150x39\" src=\"https:\/\/emailtree.ai\/wp-content\/uploads\/bnp-paribas-150x39-1.png\" data-width=\"149\" data-height=\"39\" width=\"149\" height=\"39\" loading=\"lazy\"><\/span><span><img decoding=\"async\" alt=\"\" data-id=\"3971\" data-init-width=\"101\" data-init-height=\"49\" title=\"ey\" src=\"https:\/\/emailtree.ai\/wp-content\/uploads\/ey.png\" data-width=\"101\" data-height=\"49\" width=\"101\" height=\"49\" loading=\"lazy\"><\/span><\/p>\n","protected":false},"excerpt":{"rendered":"<p>Holen Sie sich noch heute Ihre kostenlose, unverbindliche Demo von EmailTree. Verwenden Sie einfach die Calendly-Einbettung unten, um Ihre Zeit zu buchen. \ud83d\udc49 Verwenden Sie einfach die Calendly-Einbettung unten, um Uhrzeit und Datum zu buchen. \ud83d\udc47 In dem Demo werden wir: Die wichtigsten Herausforderungen behandeln, denen Sie in Ihrer Organisation gegen\u00fcberstehen Herausfinden, wie wir unsere [&hellip;]<\/p>\n","protected":false},"author":8,"featured_media":4882,"parent":0,"menu_order":0,"comment_status":"closed","ping_status":"closed","template":"","meta":{"footnotes":""},"class_list":["post-7288","page","type-page","status-publish","has-post-thumbnail","hentry","post-wrapper","thrv_wrapper"],"yoast_head":"<!-- This site is optimized with the Yoast SEO plugin v23.6 - https:\/\/yoast.com\/wordpress\/plugins\/seo\/ -->\n<title>Buchen Sie heute eine Demo | AI-Kundendienst | EmailTree.ai<\/title>\n<meta name=\"description\" content=\"EmailTree: Mit Kunden durch Automatisierung und KI in Kontakt treten oder den Kundendienst mithilfe von KI zu automatisieren.\" \/>\n<meta name=\"robots\" content=\"index, follow, max-snippet:-1, max-image-preview:large, max-video-preview:-1\" \/>\n<link rel=\"canonical\" href=\"https:\/\/emailtree.ai\/de\/heute-demo-buchen\/\" \/>\n<meta property=\"og:locale\" content=\"de_DE\" \/>\n<meta property=\"og:type\" content=\"article\" \/>\n<meta property=\"og:title\" content=\"Buchen Sie heute eine Demo | AI-Kundendienst | EmailTree.ai\" \/>\n<meta property=\"og:description\" content=\"EmailTree: Mit Kunden durch Automatisierung und KI in Kontakt treten oder den Kundendienst mithilfe von KI zu automatisieren.\" \/>\n<meta property=\"og:url\" content=\"https:\/\/emailtree.ai\/de\/heute-demo-buchen\/\" \/>\n<meta property=\"og:site_name\" content=\"EmailTree AI\" \/>\n<meta property=\"article:modified_time\" content=\"2022-05-02T09:02:17+00:00\" \/>\n<meta property=\"og:image\" content=\"https:\/\/emailtree.ai\/wp-content\/uploads\/Frame-523.png\" \/>\n\t<meta property=\"og:image:width\" content=\"474\" \/>\n\t<meta property=\"og:image:height\" content=\"475\" \/>\n\t<meta property=\"og:image:type\" content=\"image\/png\" \/>\n<meta name=\"twitter:card\" content=\"summary_large_image\" \/>\n<meta name=\"twitter:label1\" content=\"Gesch\u00e4tzte Lesezeit\" \/>\n\t<meta name=\"twitter:data1\" content=\"5\u00a0Minuten\" \/>\n<script type=\"application\/ld+json\" class=\"yoast-schema-graph\">{\"@context\":\"https:\/\/schema.org\",\"@graph\":[{\"@type\":\"WebPage\",\"@id\":\"https:\/\/emailtree.ai\/de\/heute-demo-buchen\/\",\"url\":\"https:\/\/emailtree.ai\/de\/heute-demo-buchen\/\",\"name\":\"Buchen Sie heute eine Demo | AI-Kundendienst | EmailTree.ai\",\"isPartOf\":{\"@id\":\"https:\/\/emailtree.ai\/de\/#website\"},\"primaryImageOfPage\":{\"@id\":\"https:\/\/emailtree.ai\/de\/heute-demo-buchen\/#primaryimage\"},\"image\":{\"@id\":\"https:\/\/emailtree.ai\/de\/heute-demo-buchen\/#primaryimage\"},\"thumbnailUrl\":\"https:\/\/emailtree.ai\/wp-content\/uploads\/Frame-523.png\",\"datePublished\":\"2022-04-21T15:39:20+00:00\",\"dateModified\":\"2022-05-02T09:02:17+00:00\",\"description\":\"EmailTree: Mit Kunden durch Automatisierung und KI in Kontakt treten oder den Kundendienst mithilfe von KI zu automatisieren.\",\"breadcrumb\":{\"@id\":\"https:\/\/emailtree.ai\/de\/heute-demo-buchen\/#breadcrumb\"},\"inLanguage\":\"de\",\"potentialAction\":[{\"@type\":\"ReadAction\",\"target\":[\"https:\/\/emailtree.ai\/de\/heute-demo-buchen\/\"]}]},{\"@type\":\"ImageObject\",\"inLanguage\":\"de\",\"@id\":\"https:\/\/emailtree.ai\/de\/heute-demo-buchen\/#primaryimage\",\"url\":\"https:\/\/emailtree.ai\/wp-content\/uploads\/Frame-523.png\",\"contentUrl\":\"https:\/\/emailtree.ai\/wp-content\/uploads\/Frame-523.png\",\"width\":474,\"height\":475,\"caption\":\"Book a demo of EmailTree\"},{\"@type\":\"BreadcrumbList\",\"@id\":\"https:\/\/emailtree.ai\/de\/heute-demo-buchen\/#breadcrumb\",\"itemListElement\":[{\"@type\":\"ListItem\",\"position\":1,\"name\":\"Home\",\"item\":\"https:\/\/emailtree.ai\/de\/\"},{\"@type\":\"ListItem\",\"position\":2,\"name\":\"Heute noch eine Demo Buchen\"}]},{\"@type\":\"WebSite\",\"@id\":\"https:\/\/emailtree.ai\/de\/#website\",\"url\":\"https:\/\/emailtree.ai\/de\/\",\"name\":\"EmailTree AI\",\"description\":\"Customer Service Hyperautomation\",\"potentialAction\":[{\"@type\":\"SearchAction\",\"target\":{\"@type\":\"EntryPoint\",\"urlTemplate\":\"https:\/\/emailtree.ai\/de\/?s={search_term_string}\"},\"query-input\":{\"@type\":\"PropertyValueSpecification\",\"valueRequired\":true,\"valueName\":\"search_term_string\"}}],\"inLanguage\":\"de\"}]}<\/script>\n<!-- \/ Yoast SEO plugin. -->","yoast_head_json":{"title":"Buchen Sie heute eine Demo | AI-Kundendienst | EmailTree.ai","description":"EmailTree: Mit Kunden durch Automatisierung und KI in Kontakt treten oder den Kundendienst mithilfe von KI zu automatisieren.","robots":{"index":"index","follow":"follow","max-snippet":"max-snippet:-1","max-image-preview":"max-image-preview:large","max-video-preview":"max-video-preview:-1"},"canonical":"https:\/\/emailtree.ai\/de\/heute-demo-buchen\/","og_locale":"de_DE","og_type":"article","og_title":"Buchen Sie heute eine Demo | AI-Kundendienst | EmailTree.ai","og_description":"EmailTree: Mit Kunden durch Automatisierung und KI in Kontakt treten oder den Kundendienst mithilfe von KI zu automatisieren.","og_url":"https:\/\/emailtree.ai\/de\/heute-demo-buchen\/","og_site_name":"EmailTree AI","article_modified_time":"2022-05-02T09:02:17+00:00","og_image":[{"width":474,"height":475,"url":"https:\/\/emailtree.ai\/wp-content\/uploads\/Frame-523.png","type":"image\/png"}],"twitter_card":"summary_large_image","twitter_misc":{"Gesch\u00e4tzte Lesezeit":"5\u00a0Minuten"},"schema":{"@context":"https:\/\/schema.org","@graph":[{"@type":"WebPage","@id":"https:\/\/emailtree.ai\/de\/heute-demo-buchen\/","url":"https:\/\/emailtree.ai\/de\/heute-demo-buchen\/","name":"Buchen Sie heute eine Demo | AI-Kundendienst | EmailTree.ai","isPartOf":{"@id":"https:\/\/emailtree.ai\/de\/#website"},"primaryImageOfPage":{"@id":"https:\/\/emailtree.ai\/de\/heute-demo-buchen\/#primaryimage"},"image":{"@id":"https:\/\/emailtree.ai\/de\/heute-demo-buchen\/#primaryimage"},"thumbnailUrl":"https:\/\/emailtree.ai\/wp-content\/uploads\/Frame-523.png","datePublished":"2022-04-21T15:39:20+00:00","dateModified":"2022-05-02T09:02:17+00:00","description":"EmailTree: Mit Kunden durch Automatisierung und KI in Kontakt treten oder den Kundendienst mithilfe von KI zu automatisieren.","breadcrumb":{"@id":"https:\/\/emailtree.ai\/de\/heute-demo-buchen\/#breadcrumb"},"inLanguage":"de","potentialAction":[{"@type":"ReadAction","target":["https:\/\/emailtree.ai\/de\/heute-demo-buchen\/"]}]},{"@type":"ImageObject","inLanguage":"de","@id":"https:\/\/emailtree.ai\/de\/heute-demo-buchen\/#primaryimage","url":"https:\/\/emailtree.ai\/wp-content\/uploads\/Frame-523.png","contentUrl":"https:\/\/emailtree.ai\/wp-content\/uploads\/Frame-523.png","width":474,"height":475,"caption":"Book a demo of EmailTree"},{"@type":"BreadcrumbList","@id":"https:\/\/emailtree.ai\/de\/heute-demo-buchen\/#breadcrumb","itemListElement":[{"@type":"ListItem","position":1,"name":"Home","item":"https:\/\/emailtree.ai\/de\/"},{"@type":"ListItem","position":2,"name":"Heute noch eine Demo Buchen"}]},{"@type":"WebSite","@id":"https:\/\/emailtree.ai\/de\/#website","url":"https:\/\/emailtree.ai\/de\/","name":"EmailTree AI","description":"Customer Service Hyperautomation","potentialAction":[{"@type":"SearchAction","target":{"@type":"EntryPoint","urlTemplate":"https:\/\/emailtree.ai\/de\/?s={search_term_string}"},"query-input":{"@type":"PropertyValueSpecification","valueRequired":true,"valueName":"search_term_string"}}],"inLanguage":"de"}]}},"_links":{"self":[{"href":"https:\/\/emailtree.ai\/de\/wp-json\/wp\/v2\/pages\/7288"}],"collection":[{"href":"https:\/\/emailtree.ai\/de\/wp-json\/wp\/v2\/pages"}],"about":[{"href":"https:\/\/emailtree.ai\/de\/wp-json\/wp\/v2\/types\/page"}],"author":[{"embeddable":true,"href":"https:\/\/emailtree.ai\/de\/wp-json\/wp\/v2\/users\/8"}],"replies":[{"embeddable":true,"href":"https:\/\/emailtree.ai\/de\/wp-json\/wp\/v2\/comments?post=7288"}],"version-history":[{"count":0,"href":"https:\/\/emailtree.ai\/de\/wp-json\/wp\/v2\/pages\/7288\/revisions"}],"wp:featuredmedia":[{"embeddable":true,"href":"https:\/\/emailtree.ai\/de\/wp-json\/wp\/v2\/media\/4882"}],"wp:attachment":[{"href":"https:\/\/emailtree.ai\/de\/wp-json\/wp\/v2\/media?parent=7288"}],"curies":[{"name":"wp","href":"https:\/\/api.w.org\/{rel}","templated":true}]}}