{"id":11088,"date":"2022-08-12T12:46:42","date_gmt":"2022-08-12T12:46:42","guid":{"rendered":"https:\/\/emailtree.ai\/produit\/bpo\/"},"modified":"2022-09-13T08:55:15","modified_gmt":"2022-09-13T08:55:15","slug":"bpo","status":"publish","type":"page","link":"https:\/\/emailtree.ai\/fr\/produit\/bpo\/","title":{"rendered":"Solution pour BPO"},"content":{"rendered":"<h1>    Un assistant <span>intelligent <\/span> d\u00e9di\u00e9 aux BPO et Centre de services partag\u00e9s<\/h1>\n<p style=\"\">Am\u00e9liorez votre productivit\u00e9 de 30 % et plus avec du personnel dot\u00e9 de solutions d&rsquo;intelligence artificielle.<\/p>\n<p style=\"text-align: center;\"><strong><strong>Quel est l&rsquo;impact de notre logiciel d&rsquo;automatisation sur les BPO ?<\/strong><\/strong><\/p>\n<p><span><img decoding=\"async\" alt=\"\" data-id=\"9777\" width=\"15\" data-init-width=\"15\" height=\"12\" data-init-height=\"12\" title=\"Label\" src=\"https:\/\/emailtree.ai\/wp-content\/uploads\/Label.png\" data-width=\"15\" data-height=\"12\" style=\"\" loading=\"lazy\"><\/span><\/p>\n<p style=\"\"><span style=\"\">R\u00e9duire les co\u00fbts d&rsquo;exploitation<\/span><\/p>\n<p><span><img decoding=\"async\" alt=\"\" data-id=\"9783\" width=\"15\" data-init-width=\"17\" height=\"11\" data-init-height=\"12\" title=\"Label (1)\" src=\"https:\/\/emailtree.ai\/wp-content\/uploads\/Label-1.png\" data-width=\"15\" data-height=\"11\" style=\"\" loading=\"lazy\"><\/span><\/p>\n<p style=\"\"><span style=\"\">R\u00e9duire les erreurs humaines<\/span><\/p>\n<p><span><img decoding=\"async\" alt=\"\" data-id=\"9865\" width=\"14\" data-init-width=\"19\" height=\"12\" data-init-height=\"16\" title=\"Label (2)\" src=\"https:\/\/emailtree.ai\/wp-content\/uploads\/Label-2.png\" data-width=\"14\" data-height=\"12\" style=\"\" loading=\"lazy\"><\/span><\/p>\n<p style=\"\"><span style=\"\">Optimiser la r\u00e9tention des agents<\/span><\/p>\n<p><span><img decoding=\"async\" alt=\"\" data-id=\"9871\" width=\"14\" data-init-width=\"16\" height=\"14\" data-init-height=\"16\" title=\"Label (3)\" src=\"https:\/\/emailtree.ai\/wp-content\/uploads\/Label-3.png\" data-width=\"14\" data-height=\"14\" style=\"\" loading=\"lazy\"><\/span><\/p>\n<p style=\"\"><span style=\"\">Am\u00e9liorer les rendements<\/span><\/p>\n<p><span><img decoding=\"async\" alt=\"\" data-id=\"9909\" width=\"15\" data-init-width=\"15\" height=\"15\" data-init-height=\"15\" title=\"\uf017\" src=\"https:\/\/emailtree.ai\/wp-content\/uploads\/\uf017.png\" data-width=\"15\" data-height=\"15\" loading=\"lazy\"><\/span><\/p>\n<p style=\"text-align: left;\"><span><span style=\"font-size: 12px; font-family: &quot;Open Sans&quot;; font-weight: 400;\">30 minutes<\/span><\/span><\/p>\n<p><span><img decoding=\"async\" alt=\"\" data-id=\"9916\" width=\"15\" data-init-width=\"17\" height=\"10\" data-init-height=\"11\" title=\"\uf03d\" src=\"https:\/\/emailtree.ai\/wp-content\/uploads\/\uf03d.png\" data-width=\"15\" data-height=\"10\" loading=\"lazy\"><\/span><\/p>\n<p style=\"text-align: left;\"><span><span style=\"font-size: 12px; font-family: &quot;Open Sans&quot;; font-weight: 400;\">D\u00e9tails relatifs \u00e0 la web-conf\u00e9rence fournis lors de la confirmation.<\/span><\/span><\/p>\n<p><span><img decoding=\"async\" alt=\"\" data-id=\"9834\" width=\"46\" data-init-width=\"46\" height=\"46\" data-init-height=\"46\" title=\"Group 742\" src=\"https:\/\/emailtree.ai\/wp-content\/uploads\/Group-742.png\" data-width=\"46\" data-height=\"46\" loading=\"lazy\"><\/span><\/p>\n<p style=\"\"><strong>Respectez toujours le budget de vos client<\/strong><\/p>\n<p><span><img decoding=\"async\" alt=\"\" data-id=\"9925\" width=\"44\" data-init-width=\"47\" height=\"44\" data-init-height=\"46\" title=\"Group 739\" src=\"https:\/\/emailtree.ai\/wp-content\/uploads\/Group-739.png\" data-width=\"44\" data-height=\"44\" loading=\"lazy\"><\/span><\/p>\n<p style=\"\"><strong>R\u00e9duisez votre charge de travail \u00e0 z\u00e9ro<\/strong><\/p>\n<p><span><img decoding=\"async\" alt=\"\" data-id=\"9931\" width=\"44\" data-init-width=\"46\" height=\"44\" data-init-height=\"46\" title=\"Group 740\" src=\"https:\/\/emailtree.ai\/wp-content\/uploads\/Group-740.png\" data-width=\"44\" data-height=\"44\" loading=\"lazy\"><\/span><\/p>\n<p style=\"\"><strong>Am\u00e9liorer les performances de vos agents<\/strong><\/p>\n<p style=\"\">UN SERVICE CLIENT\u00c8LE \u00c0 L&rsquo;\u00c8RE NUM\u00c9RIQUE<\/p>\n<h3 style=\"\"><strong>Int\u00e9grer notre IA avec les outils utilis\u00e9s par vos clients.<\/strong><\/h3>\n<p><span style=\"font-size: 16px; font-family: &quot;Open Sans&quot;; font-weight: 400; color: rgb(59, 67, 84);\">EmailTree a \u00e9t\u00e9 con\u00e7u pour aider vos \u00e9quipes \u00e0 am\u00e9liorer leur productivit\u00e9. Il est disponible sur <strong>Outlook<\/strong>, <strong>Zendesk <\/strong>et <strong>Salesforce<\/strong>, et gr\u00e2ce \u00e0 notre extension Chrome agnostique d\u00e9velopp\u00e9e pour les BPO, vous pouvez \u00e9galement int\u00e9grer des r\u00e9ponses automatis\u00e9es \u00e0 tout canal ou CRM.Vos agents b\u00e9n\u00e9ficieront d&rsquo;une exp\u00e9rience am\u00e9lior\u00e9e lorsqu&rsquo;ils communiqueront avec vos clients ou prospects.Avec l&rsquo;extension Chrome, vous avez la puissance de r\u00e9ponse instantan\u00e9e \u00e0 port\u00e9e de main, en g\u00e9rant tous vos canaux de communication, tels que la messagerie, le chat ou les m\u00e9dias sociaux.&nbsp;<\/span><\/p>\n<p style=\"\"><span style=\"font-size: 16px; font-family: &quot;Open Sans&quot;; font-weight: 400; color: rgb(59, 67, 84);\">Rapide \u00e0 installer et ne n\u00e9cessitant aucune int\u00e9gration, elle am\u00e9liorera le niveau d&rsquo;engagement de votre \u00e9quipe et de vos clients.<\/span><\/p>\n<p><span><img decoding=\"async\" alt=\"\" data-id=\"9842\" width=\"445\" data-init-width=\"893\" height=\"433\" data-init-height=\"870\" title=\"pana\" src=\"https:\/\/emailtree.ai\/wp-content\/uploads\/pana.png\" data-width=\"445\" data-height=\"433\" loading=\"lazy\"><\/span><span><img decoding=\"async\" alt=\"\" data-id=\"9849\" width=\"465\" data-init-width=\"944\" height=\"492\" data-init-height=\"1000\" title=\"Frame 767\" src=\"https:\/\/emailtree.ai\/wp-content\/uploads\/Frame-767.png\" data-width=\"465\" data-height=\"492\" loading=\"lazy\"><\/span><\/p>\n<p style=\"\"><strong>UN CANAL, UNE R\u00c9PONSE<\/strong><\/p>\n<h3 style=\"\"><strong>Chaque situation requiert la meilleure r\u00e9ponse<\/strong><\/h3>\n<p style=\"\"><span style=\"font-family: &quot;Open Sans&quot;; font-weight: 400; font-size: 16px; color: rgb(59, 67, 84);\">Nous comprenons qu&rsquo;en tant que BPO, vos agents doivent s&rsquo;adapter aux besoins de vos clients et des utilisateurs finaux de leurs services ou produits.Il peut \u00eatre compliqu\u00e9 pour eux de g\u00e9rer un si grand nombre de canaux diff\u00e9rents et d&rsquo;y r\u00e9pondre.Ne perdez plus de temps \u00e0 adapter votre r\u00e9ponse selon le canal utilis\u00e9 par le client et sa question.Quel que soit le canal utilis\u00e9, les demandes de vos clients seront trait\u00e9es de la meilleure fa\u00e7on possible !<\/span><\/p>\n<h3 style=\"text-align: center;\">D\u00e9couvrez pourquoi Webhelp a choisi Emailtree.ai pour s&rsquo;occuper de certains de ses plus grands comptes.<\/h3>\n<p style=\"\">L&rsquo;AUTOMATISATION EST LA VOIE \u00c0 SUIVRE<\/p>\n<h3 style=\"\"><strong>R\u00e9duisez vos co\u00fbts op\u00e9rationnels<\/strong><\/h3>\n<p><span style=\"font-family: &quot;Open Sans&quot;; font-weight: 400; font-size: 16px; color: rgb(59, 67, 84);\">Limiter les co\u00fbts est une pr\u00e9occupation majeure pour les BPO ou les centre de services partag\u00e9s. L&rsquo;un des moyens les plus efficaces de ma\u00eetriser les co\u00fbts est d&rsquo;augmenter votre productivit\u00e9, en automatisant les t\u00e2ches r\u00e9p\u00e9titives qui n\u00e9cessitent peu de comp\u00e9tences humaines.De la classification des tickets aux r\u00e9ponses automatis\u00e9es de bout en bout, vous b\u00e9n\u00e9ficierez d&rsquo;une r\u00e9duction des co\u00fbts en produisant la m\u00eame charge de travail avec des ressources \u00e9quivalentes.EmailTree fournira \u00e0 chaque fois une r\u00e9ponse optimale \u00e0 chaque agent, qu&rsquo;il soit nouveau ou peu exp\u00e9riment\u00e9.Vous r\u00e9duisez ainsi de mani\u00e8re significative le temps d&rsquo;onboarding, et augmentez la productivit\u00e9 de vos \u00e9quipes sans perte de temps.<\/span><span style=\"font-family: &quot;Open Sans&quot;; font-weight: 400; font-size: 14px; color: rgb(59, 67, 84);\"><\/span><\/p>\n<p><span><img decoding=\"async\" alt=\"\" data-id=\"10003\" width=\"445\" data-init-width=\"1000\" height=\"445\" data-init-height=\"1000\" title=\"Frame 768\" src=\"https:\/\/emailtree.ai\/wp-content\/uploads\/Frame-768.png\" data-width=\"445\" data-height=\"445\" loading=\"lazy\"><\/span><\/p>\n<h3 style=\"text-align: left;\"><strong>Am\u00e9liorer les processus de votre BPO<\/strong><\/h3>\n<p style=\"text-align: left;\">et construisez une relation plus forte avec vos clients<\/p>\n<p><span><img decoding=\"async\" alt=\"Process improvement with EmailTree\" data-id=\"10513\" width=\"986\" data-init-width=\"1970\" height=\"583\" data-init-height=\"1164\" title=\"Process improvement with EmailTree\" src=\"https:\/\/emailtree.ai\/wp-content\/uploads\/Process-improvement-with-EmailTree.png\" data-width=\"986\" data-height=\"583\" loading=\"lazy\"><\/span><span><img decoding=\"async\" alt=\"Process improvement with EmailTree vertical\" data-id=\"10520\" width=\"722\" data-init-width=\"722\" height=\"2500\" data-init-height=\"2500\" title=\"Process improvement with EmailTree vertical\" src=\"https:\/\/emailtree.ai\/wp-content\/uploads\/Process-improvement-with-EmailTree-vertical.png\" data-width=\"722\" data-height=\"2500\" loading=\"lazy\"><\/span><\/p>\n<p style=\"\">Articles de blog r\u00e9cents<\/p>\n<p><a href=\"https:\/\/emailtree.ai\/fr\/blog-fr\/5-ways-you-can-leverage-automation-in-bpo\/\" title=\"5 fa\u00e7ons de tirer parti de l&#8217;automatisation pour les BPO\" data-type-url=\"post_url\" data-type-display=\"default_image\" data-size=\"large\" data-post_id=\"11108\"><img decoding=\"async\" width=\"1024\" height=\"655\" src=\"https:\/\/emailtree.ai\/wp-content\/uploads\/5-ways-you-can-leverage-automation-in-BPO-high-def-1024x655.jpg\" alt=\"\" loading=\"lazy\" srcset=\"https:\/\/emailtree.ai\/wp-content\/uploads\/5-ways-you-can-leverage-automation-in-BPO-high-def-1024x655.jpg 1024w, https:\/\/emailtree.ai\/wp-content\/uploads\/5-ways-you-can-leverage-automation-in-BPO-high-def-300x192.jpg 300w, https:\/\/emailtree.ai\/wp-content\/uploads\/5-ways-you-can-leverage-automation-in-BPO-high-def-768x491.jpg 768w, https:\/\/emailtree.ai\/wp-content\/uploads\/5-ways-you-can-leverage-automation-in-BPO-high-def-1536x982.jpg 1536w, https:\/\/emailtree.ai\/wp-content\/uploads\/5-ways-you-can-leverage-automation-in-BPO-high-def-2048x1309.jpg 2048w\" sizes=\"(max-width: 1024px) 100vw, 1024px\" \/><\/a><\/p>\n<h2 style=\"\"><span data-attr-link=\"0\" data-attr-rel=\"0\" data-attr-target=\"0\" data-extra_key=\"\" data-option-inline=\"1\" data-shortcode=\"tcb_post_title\" data-shortcode-name=\"Post title\" style=\"\">5 fa\u00e7ons de tirer parti de l&#8217;automatisation pour les BPO<\/span> <\/h2>\n<p>L&rsquo;externalisation des processus d&rsquo;entreprise (BPO) est un terme utilis\u00e9 pour la sous-traitance <a href=\"https:\/\/emailtree.ai\/fr\/blog-fr\/5-ways-you-can-leverage-automation-in-bpo\/#more-11108\"><\/a><\/p>\n<p><a href=\"https:\/\/emailtree.ai\/fr\/blog-fr\/5-ways-you-can-leverage-automation-in-bpo\/\" style=\"\"><span><span style=\"\"><strong>See More<\/strong><\/span><\/span><\/a><a href=\"https:\/\/emailtree.ai\/fr\/blog-fr\/components-of-good-customer-service\/\" title=\"12 \u00e9l\u00e9ments cl\u00e9s d\u2019un bon service client\" data-type-url=\"post_url\" data-type-display=\"default_image\" data-size=\"large\" data-post_id=\"9624\"><img decoding=\"async\" width=\"1024\" height=\"655\" src=\"https:\/\/emailtree.ai\/wp-content\/uploads\/12-Key-Components-of-Good-Customer-Service-1024x655.jpg\" alt=\"Make sure your customers love you\" loading=\"lazy\" srcset=\"https:\/\/emailtree.ai\/wp-content\/uploads\/12-Key-Components-of-Good-Customer-Service-1024x655.jpg 1024w, https:\/\/emailtree.ai\/wp-content\/uploads\/12-Key-Components-of-Good-Customer-Service-300x192.jpg 300w, https:\/\/emailtree.ai\/wp-content\/uploads\/12-Key-Components-of-Good-Customer-Service-768x491.jpg 768w, https:\/\/emailtree.ai\/wp-content\/uploads\/12-Key-Components-of-Good-Customer-Service-1536x982.jpg 1536w, https:\/\/emailtree.ai\/wp-content\/uploads\/12-Key-Components-of-Good-Customer-Service-2048x1309.jpg 2048w\" sizes=\"(max-width: 1024px) 100vw, 1024px\" \/><\/a><\/p>\n<h2 style=\"\"><span data-attr-link=\"0\" data-attr-rel=\"0\" data-attr-target=\"0\" data-extra_key=\"\" data-option-inline=\"1\" data-shortcode=\"tcb_post_title\" data-shortcode-name=\"Post title\" style=\"\">12 \u00e9l\u00e9ments cl\u00e9s d\u2019un bon service client<\/span> <\/h2>\n<p>Le service \u00e0 la client\u00e8le regroupe toutes les activit\u00e9s qu&rsquo;une entreprise doit <a href=\"https:\/\/emailtree.ai\/fr\/blog-fr\/components-of-good-customer-service\/#more-9624\"><\/a><\/p>\n<p><a href=\"https:\/\/emailtree.ai\/fr\/blog-fr\/components-of-good-customer-service\/\" style=\"\"><span><span style=\"\"><strong>See More<\/strong><\/span><\/span><\/a><a href=\"https:\/\/emailtree.ai\/fr\/events-fr\/ai-conversationnelle-chatbot-pour-entreprises\/\" title=\"Un seul but, un seul objectif, la satisfaction du client !\" data-type-url=\"post_url\" data-type-display=\"default_image\" data-size=\"large\" data-post_id=\"7336\"><img decoding=\"async\" width=\"1024\" height=\"655\" src=\"https:\/\/emailtree.ai\/wp-content\/uploads\/One-goal-one-objective-customer-satisfaction-high-def-1024x655.jpg\" alt=\"One-goal,-one-objective,-customer-satisfaction!-high-def\" loading=\"lazy\" srcset=\"https:\/\/emailtree.ai\/wp-content\/uploads\/One-goal-one-objective-customer-satisfaction-high-def-1024x655.jpg 1024w, https:\/\/emailtree.ai\/wp-content\/uploads\/One-goal-one-objective-customer-satisfaction-high-def-300x192.jpg 300w, https:\/\/emailtree.ai\/wp-content\/uploads\/One-goal-one-objective-customer-satisfaction-high-def-768x491.jpg 768w, https:\/\/emailtree.ai\/wp-content\/uploads\/One-goal-one-objective-customer-satisfaction-high-def-1536x982.jpg 1536w, https:\/\/emailtree.ai\/wp-content\/uploads\/One-goal-one-objective-customer-satisfaction-high-def-2048x1309.jpg 2048w\" sizes=\"(max-width: 1024px) 100vw, 1024px\" \/><\/a><\/p>\n<h2 style=\"\"><span data-attr-link=\"0\" data-attr-rel=\"0\" data-attr-target=\"0\" data-extra_key=\"\" data-option-inline=\"1\" data-shortcode=\"tcb_post_title\" data-shortcode-name=\"Post title\" style=\"\">Un seul but, un seul objectif, la satisfaction du client !<\/span> <\/h2>\n<p>Du 28 au 30 mars, nous avons particip\u00e9 au salon \u00ab\u00a0Strategie Clients\u00a0\u00bb, <a href=\"https:\/\/emailtree.ai\/fr\/events-fr\/ai-conversationnelle-chatbot-pour-entreprises\/#more-7336\"><\/a><\/p>\n<p><a href=\"https:\/\/emailtree.ai\/fr\/events-fr\/ai-conversationnelle-chatbot-pour-entreprises\/\" style=\"\"><span><span style=\"\"><strong>See More<\/strong><\/span><\/span><\/a><\/p>\n","protected":false},"excerpt":{"rendered":"<p>Un assistant intelligent d\u00e9di\u00e9 aux BPO et Centre de services partag\u00e9s Am\u00e9liorez votre productivit\u00e9 de 30 % et plus avec du personnel dot\u00e9 de solutions d&rsquo;intelligence artificielle. Quel est l&rsquo;impact de notre logiciel d&rsquo;automatisation sur les BPO ? R\u00e9duire les co\u00fbts d&rsquo;exploitation R\u00e9duire les erreurs humaines Optimiser la r\u00e9tention des agents Am\u00e9liorer les rendements 30 [&hellip;]<\/p>\n","protected":false},"author":8,"featured_media":10396,"parent":2518,"menu_order":0,"comment_status":"closed","ping_status":"closed","template":"","meta":{"footnotes":""},"class_list":["post-11088","page","type-page","status-publish","has-post-thumbnail","hentry","post-wrapper","thrv_wrapper"],"yoast_head":"<!-- This site is optimized with the Yoast SEO plugin v23.6 - https:\/\/yoast.com\/wordpress\/plugins\/seo\/ -->\n<title>Logiciel d&#039;automatisation pour BPO | Gestion client | EmailTree.ai<\/title>\n<meta name=\"description\" content=\"Solution d&#039;IA pour BPO afin d&#039;am\u00e9liorer la productivit\u00e9 de 30 %, r\u00e9duire les co\u00fbts d&#039;exploitation et les erreurs humaines\" \/>\n<meta name=\"robots\" content=\"index, follow, max-snippet:-1, max-image-preview:large, max-video-preview:-1\" \/>\n<link rel=\"canonical\" href=\"https:\/\/emailtree.ai\/fr\/produit\/bpo\/\" \/>\n<meta property=\"og:locale\" content=\"fr_FR\" \/>\n<meta property=\"og:type\" content=\"article\" \/>\n<meta property=\"og:title\" content=\"Logiciel d&#039;automatisation pour BPO | Gestion client | EmailTree.ai\" \/>\n<meta property=\"og:description\" content=\"Solution d&#039;IA pour BPO afin d&#039;am\u00e9liorer la productivit\u00e9 de 30 %, r\u00e9duire les co\u00fbts d&#039;exploitation et les erreurs humaines\" \/>\n<meta property=\"og:url\" content=\"https:\/\/emailtree.ai\/fr\/produit\/bpo\/\" \/>\n<meta property=\"og:site_name\" content=\"EmailTree AI\" \/>\n<meta property=\"article:modified_time\" content=\"2022-09-13T08:55:15+00:00\" \/>\n<meta property=\"og:image\" content=\"https:\/\/emailtree.ai\/wp-content\/uploads\/5-ways-you-can-leverage-automation-in-BPO-620x628-1.jpg\" \/>\n\t<meta property=\"og:image:width\" content=\"620\" \/>\n\t<meta property=\"og:image:height\" content=\"628\" \/>\n\t<meta property=\"og:image:type\" content=\"image\/jpeg\" \/>\n<meta name=\"twitter:card\" content=\"summary_large_image\" \/>\n<meta name=\"twitter:label1\" content=\"Dur\u00e9e de lecture estim\u00e9e\" \/>\n\t<meta name=\"twitter:data1\" content=\"6 minutes\" \/>\n<script type=\"application\/ld+json\" class=\"yoast-schema-graph\">{\"@context\":\"https:\/\/schema.org\",\"@graph\":[{\"@type\":\"WebPage\",\"@id\":\"https:\/\/emailtree.ai\/fr\/produit\/bpo\/\",\"url\":\"https:\/\/emailtree.ai\/fr\/produit\/bpo\/\",\"name\":\"Logiciel d'automatisation pour BPO | Gestion client | EmailTree.ai\",\"isPartOf\":{\"@id\":\"https:\/\/emailtree.ai\/fr\/#website\"},\"primaryImageOfPage\":{\"@id\":\"https:\/\/emailtree.ai\/fr\/produit\/bpo\/#primaryimage\"},\"image\":{\"@id\":\"https:\/\/emailtree.ai\/fr\/produit\/bpo\/#primaryimage\"},\"thumbnailUrl\":\"https:\/\/emailtree.ai\/wp-content\/uploads\/5-ways-you-can-leverage-automation-in-BPO-620x628-1.jpg\",\"datePublished\":\"2022-08-12T12:46:42+00:00\",\"dateModified\":\"2022-09-13T08:55:15+00:00\",\"description\":\"Solution d'IA pour BPO afin d'am\u00e9liorer la productivit\u00e9 de 30 %, r\u00e9duire les co\u00fbts d'exploitation et les erreurs humaines\",\"breadcrumb\":{\"@id\":\"https:\/\/emailtree.ai\/fr\/produit\/bpo\/#breadcrumb\"},\"inLanguage\":\"fr-FR\",\"potentialAction\":[{\"@type\":\"ReadAction\",\"target\":[\"https:\/\/emailtree.ai\/fr\/produit\/bpo\/\"]}]},{\"@type\":\"ImageObject\",\"inLanguage\":\"fr-FR\",\"@id\":\"https:\/\/emailtree.ai\/fr\/produit\/bpo\/#primaryimage\",\"url\":\"https:\/\/emailtree.ai\/wp-content\/uploads\/5-ways-you-can-leverage-automation-in-BPO-620x628-1.jpg\",\"contentUrl\":\"https:\/\/emailtree.ai\/wp-content\/uploads\/5-ways-you-can-leverage-automation-in-BPO-620x628-1.jpg\",\"width\":620,\"height\":628,\"caption\":\"AI assistant For BPO\"},{\"@type\":\"BreadcrumbList\",\"@id\":\"https:\/\/emailtree.ai\/fr\/produit\/bpo\/#breadcrumb\",\"itemListElement\":[{\"@type\":\"ListItem\",\"position\":1,\"name\":\"Home\",\"item\":\"https:\/\/emailtree.ai\/fr\/\"},{\"@type\":\"ListItem\",\"position\":2,\"name\":\"Produit\",\"item\":\"https:\/\/emailtree.ai\/fr\/produit\/\"},{\"@type\":\"ListItem\",\"position\":3,\"name\":\"Solution pour BPO\"}]},{\"@type\":\"WebSite\",\"@id\":\"https:\/\/emailtree.ai\/fr\/#website\",\"url\":\"https:\/\/emailtree.ai\/fr\/\",\"name\":\"EmailTree AI\",\"description\":\"Customer Service Hyperautomation\",\"potentialAction\":[{\"@type\":\"SearchAction\",\"target\":{\"@type\":\"EntryPoint\",\"urlTemplate\":\"https:\/\/emailtree.ai\/fr\/?s={search_term_string}\"},\"query-input\":{\"@type\":\"PropertyValueSpecification\",\"valueRequired\":true,\"valueName\":\"search_term_string\"}}],\"inLanguage\":\"fr-FR\"}]}<\/script>\n<!-- \/ Yoast SEO plugin. -->","yoast_head_json":{"title":"Logiciel d'automatisation pour BPO | Gestion client | EmailTree.ai","description":"Solution d'IA pour BPO afin d'am\u00e9liorer la productivit\u00e9 de 30 %, r\u00e9duire les co\u00fbts d'exploitation et les erreurs humaines","robots":{"index":"index","follow":"follow","max-snippet":"max-snippet:-1","max-image-preview":"max-image-preview:large","max-video-preview":"max-video-preview:-1"},"canonical":"https:\/\/emailtree.ai\/fr\/produit\/bpo\/","og_locale":"fr_FR","og_type":"article","og_title":"Logiciel d'automatisation pour BPO | Gestion client | EmailTree.ai","og_description":"Solution d'IA pour BPO afin d'am\u00e9liorer la productivit\u00e9 de 30 %, r\u00e9duire les co\u00fbts d'exploitation et les erreurs humaines","og_url":"https:\/\/emailtree.ai\/fr\/produit\/bpo\/","og_site_name":"EmailTree AI","article_modified_time":"2022-09-13T08:55:15+00:00","og_image":[{"width":620,"height":628,"url":"https:\/\/emailtree.ai\/wp-content\/uploads\/5-ways-you-can-leverage-automation-in-BPO-620x628-1.jpg","type":"image\/jpeg"}],"twitter_card":"summary_large_image","twitter_misc":{"Dur\u00e9e de lecture estim\u00e9e":"6 minutes"},"schema":{"@context":"https:\/\/schema.org","@graph":[{"@type":"WebPage","@id":"https:\/\/emailtree.ai\/fr\/produit\/bpo\/","url":"https:\/\/emailtree.ai\/fr\/produit\/bpo\/","name":"Logiciel d'automatisation pour BPO | Gestion client | EmailTree.ai","isPartOf":{"@id":"https:\/\/emailtree.ai\/fr\/#website"},"primaryImageOfPage":{"@id":"https:\/\/emailtree.ai\/fr\/produit\/bpo\/#primaryimage"},"image":{"@id":"https:\/\/emailtree.ai\/fr\/produit\/bpo\/#primaryimage"},"thumbnailUrl":"https:\/\/emailtree.ai\/wp-content\/uploads\/5-ways-you-can-leverage-automation-in-BPO-620x628-1.jpg","datePublished":"2022-08-12T12:46:42+00:00","dateModified":"2022-09-13T08:55:15+00:00","description":"Solution d'IA pour BPO afin d'am\u00e9liorer la productivit\u00e9 de 30 %, r\u00e9duire les co\u00fbts d'exploitation et les erreurs humaines","breadcrumb":{"@id":"https:\/\/emailtree.ai\/fr\/produit\/bpo\/#breadcrumb"},"inLanguage":"fr-FR","potentialAction":[{"@type":"ReadAction","target":["https:\/\/emailtree.ai\/fr\/produit\/bpo\/"]}]},{"@type":"ImageObject","inLanguage":"fr-FR","@id":"https:\/\/emailtree.ai\/fr\/produit\/bpo\/#primaryimage","url":"https:\/\/emailtree.ai\/wp-content\/uploads\/5-ways-you-can-leverage-automation-in-BPO-620x628-1.jpg","contentUrl":"https:\/\/emailtree.ai\/wp-content\/uploads\/5-ways-you-can-leverage-automation-in-BPO-620x628-1.jpg","width":620,"height":628,"caption":"AI assistant For BPO"},{"@type":"BreadcrumbList","@id":"https:\/\/emailtree.ai\/fr\/produit\/bpo\/#breadcrumb","itemListElement":[{"@type":"ListItem","position":1,"name":"Home","item":"https:\/\/emailtree.ai\/fr\/"},{"@type":"ListItem","position":2,"name":"Produit","item":"https:\/\/emailtree.ai\/fr\/produit\/"},{"@type":"ListItem","position":3,"name":"Solution pour BPO"}]},{"@type":"WebSite","@id":"https:\/\/emailtree.ai\/fr\/#website","url":"https:\/\/emailtree.ai\/fr\/","name":"EmailTree AI","description":"Customer Service Hyperautomation","potentialAction":[{"@type":"SearchAction","target":{"@type":"EntryPoint","urlTemplate":"https:\/\/emailtree.ai\/fr\/?s={search_term_string}"},"query-input":{"@type":"PropertyValueSpecification","valueRequired":true,"valueName":"search_term_string"}}],"inLanguage":"fr-FR"}]}},"_links":{"self":[{"href":"https:\/\/emailtree.ai\/fr\/wp-json\/wp\/v2\/pages\/11088"}],"collection":[{"href":"https:\/\/emailtree.ai\/fr\/wp-json\/wp\/v2\/pages"}],"about":[{"href":"https:\/\/emailtree.ai\/fr\/wp-json\/wp\/v2\/types\/page"}],"author":[{"embeddable":true,"href":"https:\/\/emailtree.ai\/fr\/wp-json\/wp\/v2\/users\/8"}],"replies":[{"embeddable":true,"href":"https:\/\/emailtree.ai\/fr\/wp-json\/wp\/v2\/comments?post=11088"}],"version-history":[{"count":0,"href":"https:\/\/emailtree.ai\/fr\/wp-json\/wp\/v2\/pages\/11088\/revisions"}],"up":[{"embeddable":true,"href":"https:\/\/emailtree.ai\/fr\/wp-json\/wp\/v2\/pages\/2518"}],"wp:featuredmedia":[{"embeddable":true,"href":"https:\/\/emailtree.ai\/fr\/wp-json\/wp\/v2\/media\/10396"}],"wp:attachment":[{"href":"https:\/\/emailtree.ai\/fr\/wp-json\/wp\/v2\/media?parent=11088"}],"curies":[{"name":"wp","href":"https:\/\/api.w.org\/{rel}","templated":true}]}}