{"id":13908,"date":"2022-12-08T09:27:12","date_gmt":"2022-12-08T09:27:12","guid":{"rendered":"https:\/\/emailtree.ai\/produit\/zendesk-ai\/"},"modified":"2022-12-15T10:22:10","modified_gmt":"2022-12-15T10:22:10","slug":"zendesk-ai","status":"publish","type":"page","link":"https:\/\/emailtree.ai\/fr\/produit\/zendesk-ai\/","title":{"rendered":"zendesk"},"content":{"rendered":"<h1>Ne perdez pas une minute de plus <span>\u00e0 chercher la bonne macro.<\/span><\/h1>\n<p style=\"\">Gagnez du temps et cl\u00f4turez les tickets plus rapidement avec notre app Zendesk pilot\u00e9e par AI.<\/p>\n<p style=\"\">Faites une pause de 15 minutes et devenez plus productif.<\/p>\n<p><span><img decoding=\"async\" alt=\"\" data-id=\"13350\" data-init-width=\"888\" data-init-height=\"888\" title=\"Frame 813\" src=\"https:\/\/emailtree.ai\/wp-content\/uploads\/Frame-813-1.png\" data-width=\"445\" data-height=\"445\" style=\"\" width=\"445\" height=\"445\" loading=\"lazy\"><\/span><span><img decoding=\"async\" alt=\"\" data-id=\"13359\" data-init-width=\"46\" data-init-height=\"46\" title=\"Group 742\" src=\"https:\/\/emailtree.ai\/wp-content\/uploads\/Group-742-4.png\" data-width=\"44\" data-height=\"44\" width=\"44\" height=\"44\" loading=\"lazy\"><\/span><\/p>\n<p style=\"\"><strong>Efficacit\u00e9 accrue<\/strong><\/p>\n<p style=\"\">L&rsquo;IA vous aident \u00e0 vous concentrer sur les questions plus complexes.<\/p>\n<p><span><img decoding=\"async\" alt=\"\" data-id=\"13365\" data-init-width=\"46\" data-init-height=\"46\" title=\"Group 742 (1)\" src=\"https:\/\/emailtree.ai\/wp-content\/uploads\/Group-742-1-2.png\" data-width=\"44\" data-height=\"44\" width=\"44\" height=\"44\" loading=\"lazy\"><\/span><\/p>\n<p style=\"\"><strong>Pr\u00e9cision am\u00e9lior\u00e9e<\/strong><\/p>\n<p style=\"\">Misez sur la bonne r\u00e9ponse aux demandes des clients \u00e0 chaque fois.<\/p>\n<p><span><img decoding=\"async\" alt=\"\" data-id=\"13371\" data-init-width=\"46\" data-init-height=\"46\" title=\"Group 742 (2)\" src=\"https:\/\/emailtree.ai\/wp-content\/uploads\/Group-742-2-1.png\" data-width=\"44\" data-height=\"44\" width=\"44\" height=\"44\" loading=\"lazy\"><\/span><\/p>\n<p><strong>Scalabilit\u00e9 renforc\u00e9e<\/strong><\/p>\n<p style=\"\">Augmentez votre productivit\u00e9 d\u00e9l\u00e9gant une partie de la charge de travail.<\/p>\n<p style=\"text-align: center;\"><strong>Pensez-vous que rechercher une macro pendant 25 secondes est vraiment synonyme de service client efficace ?<\/strong><\/p>\n<p style=\"text-align: center;\"><strong>Nous comprenons que le fait de devoir chercher parmi 250 macros et plus dans votre compte est chronophage, inefficace et stressant.<\/strong><\/p>\n<p><span style=\"\"><img decoding=\"async\" alt=\"\" data-id=\"13557\" width=\"944\" data-init-width=\"1772\" height=\"304\" data-init-height=\"570\" title=\"Frame 2277 (2)\" src=\"https:\/\/emailtree.ai\/wp-content\/uploads\/Frame-2277-2-1.png\" data-width=\"944\" data-height=\"304\" style=\"\" mt-d=\"0\" loading=\"lazy\"><\/span><\/p>\n<p>*Sur la base de plus de <strong>7000 interactions<\/strong><\/p>\n<p><span style=\"\"><img decoding=\"async\" alt=\"\" data-id=\"13814\" width=\"513\" data-init-width=\"600\" height=\"384\" data-init-height=\"450\" title=\"Et in Zendesk preview\" src=\"https:\/\/emailtree.ai\/wp-content\/uploads\/Et-in-Zendesk-preview.gif\" data-width=\"513\" data-height=\"384\" style=\"\" mt-d=\"0\" ml-d=\"0\" loading=\"lazy\"><\/span><\/p>\n<p style=\"\"><b>Nous avons con\u00e7u une app automatis\u00e9e en trois \u00e9tapes qui cl\u00f4ture vos tickets \u00e0 l&rsquo;aide de macros en moins de 15 secondes.<\/b><\/p>\n<p>            <span><\/span><\/p>\n<p style=\"width: 280px; font-family: 'Open Sans';font-style: normal;font-weight: 400;font-size: 16px;line-height: 24px;color: #3B4354;margin:10px 0 0 20px;\"><b>Ouvrez votre ticket<\/b> normalement dans Zendesk. La seule nuance tient au fait que vous n&rsquo;avez pas besoin de taper \u00ab\u00a0\/\u00a0\u00bb ou d&rsquo;utiliser Ctrl+M pour ouvrir la recherche d&rsquo;une macro.<\/p>\n<p>      <span><\/span><\/p>\n<p style=\"width: 280px; font-family: 'Open Sans';font-style: normal;font-weight: 400;font-size: 16px;line-height: 24px;color: #3B4354;margin:10px 0 0 20px;\">D\u00e8s que vous ouvrez le ticket, votre assistant intelligent va <b>lire, comprendre et sugg\u00e9rer<\/b> la plus macro \u00e0 utiliser en moins d&rsquo;une seconde.<\/p>\n<p>      <span><\/span><\/p>\n<p style=\"width: 280px; font-family: 'Open Sans';font-style: normal;font-weight: 400;font-size: 16px;line-height: 24px;color: #3B4354;margin:10px 0 0 20px;\">Utilisez la fonction <b>\u00ab\u00a0Copy to Chat\u00a0\u00bb<\/b>, affiner la r\u00e9ponse si n\u00e9cessaire, et cliquez sur \u00ab\u00a0Submit\u00a0\u00bb.<\/p>\n<p>              <a id=\"prev\"><\/a>  <a id=\"next\"><\/a><\/p>\n<p style=\"text-align: center;\">It\u2019s all happening without leaving <strong>Zendesk<\/strong><\/p>\n<p><span><img decoding=\"async\" alt=\"\" data-id=\"13879\" width=\"245\" data-init-width=\"245\" height=\"66\" data-init-height=\"66\" title=\"Group 2278\" src=\"https:\/\/emailtree.ai\/wp-content\/uploads\/Group-2278.png\" data-width=\"245\" data-height=\"66\" loading=\"lazy\"><\/span><span><img decoding=\"async\" alt=\"\" data-id=\"13516\" width=\"33\" data-init-width=\"67\" height=\"32\" data-init-height=\"65\" title=\"speech-bubble (1)\" src=\"https:\/\/emailtree.ai\/wp-content\/uploads\/speech-bubble-1-1.png\" data-width=\"33\" data-height=\"32\" style=\"\" loading=\"lazy\"><\/span><\/p>\n<p style=\"\">par des \u00e9quipes comme la v\u00f4tre<\/p>\n<p><span><img decoding=\"async\" alt=\"\" data-id=\"13516\" width=\"33\" data-init-width=\"67\" height=\"32\" data-init-height=\"65\" title=\"speech-bubble (1)\" src=\"https:\/\/emailtree.ai\/wp-content\/uploads\/speech-bubble-1-1.png\" data-width=\"33\" data-height=\"32\" style=\"\" loading=\"lazy\"><\/span><\/p>\n<p style=\"\"><strong>by teams like yours<\/strong><\/p>\n\n<p style=\"text-align: center;\"><b>Gagnez du temps et simplifiez le traitement de vos tickets. Concentrez vous&nbsp;plus rapidement sur ce que vous aimez.<\/b><\/p>\n<p style=\"text-align: center;\">Essai gratuit &#8211; D\u00e9marrez en 15 minutes avec votre session de formation gratuite.Facile \u00e0 utiliser &#8211; Ouvrez un ticket et l&rsquo;IA s&rsquo;occupe du reste.Rapide &#8211; Entra\u00eenez l&rsquo;IA et voyez le r\u00e9sultat en moins de 30 minutes.Fiabilit\u00e9 &#8211; EmalTree est un nom de confiance dans le domaine de l&rsquo;IA.<\/p>\n<p style=\"\"><strong>Articles de blog&nbsp;<\/strong><b>r\u00e9cents<\/b><\/p>\n<p><a href=\"https:\/\/emailtree.ai\/fr\/blog-fr\/16-refund-request-email-response-templates-to-refund-your-customer-like-a-pro\/\" title=\"16 Refund Request Email Response Templates To Refund Your Customer Like A Pro\" data-type-url=\"post_url\" data-type-display=\"default_image\" data-size=\"large\" data-post_id=\"13237\"><img decoding=\"async\" width=\"1024\" height=\"655\" src=\"https:\/\/emailtree.ai\/wp-content\/uploads\/16-Refund-Request-Response-Email-Templates-To-Refund-Your-Customer-Like-A-Pro1-1024x655.png\" alt=\"\" loading=\"lazy\" srcset=\"https:\/\/emailtree.ai\/wp-content\/uploads\/16-Refund-Request-Response-Email-Templates-To-Refund-Your-Customer-Like-A-Pro1-1024x655.png 1024w, https:\/\/emailtree.ai\/wp-content\/uploads\/16-Refund-Request-Response-Email-Templates-To-Refund-Your-Customer-Like-A-Pro1-300x192.png 300w, https:\/\/emailtree.ai\/wp-content\/uploads\/16-Refund-Request-Response-Email-Templates-To-Refund-Your-Customer-Like-A-Pro1-768x491.png 768w, https:\/\/emailtree.ai\/wp-content\/uploads\/16-Refund-Request-Response-Email-Templates-To-Refund-Your-Customer-Like-A-Pro1-1536x982.png 1536w, https:\/\/emailtree.ai\/wp-content\/uploads\/16-Refund-Request-Response-Email-Templates-To-Refund-Your-Customer-Like-A-Pro1.png 1700w\" sizes=\"(max-width: 1024px) 100vw, 1024px\"><\/a><\/p>\n<h2 style=\"\"><span data-attr-link=\"0\" data-attr-rel=\"0\" data-attr-target=\"0\" data-extra_key=\"\" data-option-inline=\"1\" data-shortcode=\"tcb_post_title\" data-shortcode-name=\"Post title\" style=\"\">16 Refund Request Email Response Templates To Refund Your Customer Like A Pro<\/span><\/h2>\n<p>Refund requests are part of any business. This is why it&rsquo;s important <a href=\"https:\/\/emailtree.ai\/fr\/blog-fr\/16-refund-request-email-response-templates-to-refund-your-customer-like-a-pro\/#more-13237\"><\/a><\/p>\n<p><a href=\"https:\/\/emailtree.ai\/fr\/blog-fr\/16-refund-request-email-response-templates-to-refund-your-customer-like-a-pro\/\" style=\"\"><span><span style=\"\"><strong>See More<\/strong><\/span><\/span><\/a><a href=\"https:\/\/emailtree.ai\/fr\/blog-fr\/5-ways-you-can-leverage-automation-in-bpo\/\" title=\"5 fa\u00e7ons de tirer parti de l\u2019automatisation pour les BPO\" data-type-url=\"post_url\" data-type-display=\"default_image\" data-size=\"large\" data-post_id=\"11108\"><img decoding=\"async\" width=\"1024\" height=\"655\" src=\"https:\/\/emailtree.ai\/wp-content\/uploads\/5-ways-you-can-leverage-automation-in-BPO-high-def-1024x655.jpg\" alt=\"\" loading=\"lazy\" srcset=\"https:\/\/emailtree.ai\/wp-content\/uploads\/5-ways-you-can-leverage-automation-in-BPO-high-def-1024x655.jpg 1024w, https:\/\/emailtree.ai\/wp-content\/uploads\/5-ways-you-can-leverage-automation-in-BPO-high-def-300x192.jpg 300w, https:\/\/emailtree.ai\/wp-content\/uploads\/5-ways-you-can-leverage-automation-in-BPO-high-def-768x491.jpg 768w, https:\/\/emailtree.ai\/wp-content\/uploads\/5-ways-you-can-leverage-automation-in-BPO-high-def-1536x982.jpg 1536w, https:\/\/emailtree.ai\/wp-content\/uploads\/5-ways-you-can-leverage-automation-in-BPO-high-def-2048x1309.jpg 2048w\" sizes=\"(max-width: 1024px) 100vw, 1024px\"><\/a><\/p>\n<h2 style=\"\"><span data-attr-link=\"0\" data-attr-rel=\"0\" data-attr-target=\"0\" data-extra_key=\"\" data-option-inline=\"1\" data-shortcode=\"tcb_post_title\" data-shortcode-name=\"Post title\" style=\"\">5 fa\u00e7ons de tirer parti de l\u2019automatisation pour les BPO<\/span><\/h2>\n<p>L&rsquo;externalisation des processus d&rsquo;entreprise (BPO) est un terme utilis\u00e9 pour la sous-traitance <a href=\"https:\/\/emailtree.ai\/fr\/blog-fr\/5-ways-you-can-leverage-automation-in-bpo\/#more-11108\"><\/a><\/p>\n<p><a href=\"https:\/\/emailtree.ai\/fr\/blog-fr\/5-ways-you-can-leverage-automation-in-bpo\/\" style=\"\"><span><span style=\"\"><strong>See More<\/strong><\/span><\/span><\/a><a href=\"https:\/\/emailtree.ai\/fr\/blog-fr\/components-of-good-customer-service\/\" title=\"12 \u00e9l\u00e9ments cl\u00e9s d\u2019un bon service client\" data-type-url=\"post_url\" data-type-display=\"default_image\" data-size=\"large\" data-post_id=\"9624\"><img decoding=\"async\" width=\"1024\" height=\"655\" src=\"https:\/\/emailtree.ai\/wp-content\/uploads\/12-Key-Components-of-Good-Customer-Service-1024x655.jpg\" alt=\"Make sure your customers love you\" loading=\"lazy\" srcset=\"https:\/\/emailtree.ai\/wp-content\/uploads\/12-Key-Components-of-Good-Customer-Service-1024x655.jpg 1024w, https:\/\/emailtree.ai\/wp-content\/uploads\/12-Key-Components-of-Good-Customer-Service-300x192.jpg 300w, https:\/\/emailtree.ai\/wp-content\/uploads\/12-Key-Components-of-Good-Customer-Service-768x491.jpg 768w, https:\/\/emailtree.ai\/wp-content\/uploads\/12-Key-Components-of-Good-Customer-Service-1536x982.jpg 1536w, https:\/\/emailtree.ai\/wp-content\/uploads\/12-Key-Components-of-Good-Customer-Service-2048x1309.jpg 2048w\" sizes=\"(max-width: 1024px) 100vw, 1024px\"><\/a><\/p>\n<h2 style=\"\"><span data-attr-link=\"0\" data-attr-rel=\"0\" data-attr-target=\"0\" data-extra_key=\"\" data-option-inline=\"1\" data-shortcode=\"tcb_post_title\" data-shortcode-name=\"Post title\" style=\"\">12 \u00e9l\u00e9ments cl\u00e9s d\u2019un bon service client<\/span><\/h2>\n<p>Le service \u00e0 la client\u00e8le regroupe toutes les activit\u00e9s qu&rsquo;une entreprise doit <a href=\"https:\/\/emailtree.ai\/fr\/blog-fr\/components-of-good-customer-service\/#more-9624\"><\/a><\/p>\n<p><a href=\"https:\/\/emailtree.ai\/fr\/blog-fr\/components-of-good-customer-service\/\" style=\"\"><span><span style=\"\"><strong>See More<\/strong><\/span><\/span><\/a><\/p>\n","protected":false},"excerpt":{"rendered":"<p>Ne perdez pas une minute de plus \u00e0 chercher la bonne macro. Gagnez du temps et cl\u00f4turez les tickets plus rapidement avec notre app Zendesk pilot\u00e9e par AI. Faites une pause de 15 minutes et devenez plus productif. Efficacit\u00e9 accrue L&rsquo;IA vous aident \u00e0 vous concentrer sur les questions plus complexes. Pr\u00e9cision am\u00e9lior\u00e9e Misez sur [&hellip;]<\/p>\n","protected":false},"author":8,"featured_media":13868,"parent":2518,"menu_order":0,"comment_status":"closed","ping_status":"closed","template":"","meta":{"footnotes":""},"class_list":["post-13908","page","type-page","status-publish","has-post-thumbnail","hentry","post-wrapper","thrv_wrapper"],"yoast_head":"<!-- This site is optimized with the Yoast SEO plugin v23.6 - https:\/\/yoast.com\/wordpress\/plugins\/seo\/ -->\n<title>App Zendesk Pour Automatiser Les Macros Avec IA | EmailTree.ai<\/title>\n<meta name=\"description\" content=\"Macros Zendesk avec l&#039;IA d&#039;EmailTree | Fermer les tickets rapidement avec l&#039;une des meilleures applications de productivit\u00e9 du marketplace\" \/>\n<meta name=\"robots\" content=\"index, follow, max-snippet:-1, max-image-preview:large, max-video-preview:-1\" \/>\n<link rel=\"canonical\" href=\"https:\/\/emailtree.ai\/fr\/produit\/zendesk-ai\/\" \/>\n<meta property=\"og:locale\" content=\"fr_FR\" \/>\n<meta property=\"og:type\" content=\"article\" \/>\n<meta property=\"og:title\" content=\"App Zendesk Pour Automatiser Les Macros Avec IA | EmailTree.ai\" \/>\n<meta property=\"og:description\" content=\"Macros Zendesk avec l&#039;IA d&#039;EmailTree | Fermer les tickets rapidement avec l&#039;une des meilleures applications de productivit\u00e9 du marketplace\" \/>\n<meta property=\"og:url\" content=\"https:\/\/emailtree.ai\/fr\/produit\/zendesk-ai\/\" \/>\n<meta property=\"og:site_name\" content=\"EmailTree AI\" \/>\n<meta property=\"article:modified_time\" content=\"2022-12-15T10:22:10+00:00\" \/>\n<meta property=\"og:image\" content=\"https:\/\/emailtree.ai\/wp-content\/uploads\/AI-Zendesk-Macro-Automation-1200x1200-1.png\" \/>\n\t<meta property=\"og:image:width\" content=\"1200\" \/>\n\t<meta property=\"og:image:height\" content=\"1200\" \/>\n\t<meta property=\"og:image:type\" content=\"image\/png\" \/>\n<meta name=\"twitter:card\" content=\"summary_large_image\" \/>\n<meta name=\"twitter:label1\" content=\"Dur\u00e9e de lecture estim\u00e9e\" \/>\n\t<meta name=\"twitter:data1\" content=\"5 minutes\" \/>\n<script type=\"application\/ld+json\" class=\"yoast-schema-graph\">{\"@context\":\"https:\/\/schema.org\",\"@graph\":[{\"@type\":\"WebPage\",\"@id\":\"https:\/\/emailtree.ai\/fr\/produit\/zendesk-ai\/\",\"url\":\"https:\/\/emailtree.ai\/fr\/produit\/zendesk-ai\/\",\"name\":\"App Zendesk Pour Automatiser Les Macros Avec IA | EmailTree.ai\",\"isPartOf\":{\"@id\":\"https:\/\/emailtree.ai\/fr\/#website\"},\"primaryImageOfPage\":{\"@id\":\"https:\/\/emailtree.ai\/fr\/produit\/zendesk-ai\/#primaryimage\"},\"image\":{\"@id\":\"https:\/\/emailtree.ai\/fr\/produit\/zendesk-ai\/#primaryimage\"},\"thumbnailUrl\":\"https:\/\/emailtree.ai\/wp-content\/uploads\/AI-Zendesk-Macro-Automation-1200x1200-1.png\",\"datePublished\":\"2022-12-08T09:27:12+00:00\",\"dateModified\":\"2022-12-15T10:22:10+00:00\",\"description\":\"Macros Zendesk avec l'IA d'EmailTree | Fermer les tickets rapidement avec l'une des meilleures applications de productivit\u00e9 du marketplace\",\"breadcrumb\":{\"@id\":\"https:\/\/emailtree.ai\/fr\/produit\/zendesk-ai\/#breadcrumb\"},\"inLanguage\":\"fr-FR\",\"potentialAction\":[{\"@type\":\"ReadAction\",\"target\":[\"https:\/\/emailtree.ai\/fr\/produit\/zendesk-ai\/\"]}]},{\"@type\":\"ImageObject\",\"inLanguage\":\"fr-FR\",\"@id\":\"https:\/\/emailtree.ai\/fr\/produit\/zendesk-ai\/#primaryimage\",\"url\":\"https:\/\/emailtree.ai\/wp-content\/uploads\/AI-Zendesk-Macro-Automation-1200x1200-1.png\",\"contentUrl\":\"https:\/\/emailtree.ai\/wp-content\/uploads\/AI-Zendesk-Macro-Automation-1200x1200-1.png\",\"width\":1200,\"height\":1200,\"caption\":\"AI-Zendesk-Macro-Automation-1200x1200\"},{\"@type\":\"BreadcrumbList\",\"@id\":\"https:\/\/emailtree.ai\/fr\/produit\/zendesk-ai\/#breadcrumb\",\"itemListElement\":[{\"@type\":\"ListItem\",\"position\":1,\"name\":\"Home\",\"item\":\"https:\/\/emailtree.ai\/fr\/\"},{\"@type\":\"ListItem\",\"position\":2,\"name\":\"Produit\",\"item\":\"https:\/\/emailtree.ai\/fr\/produit\/\"},{\"@type\":\"ListItem\",\"position\":3,\"name\":\"zendesk\"}]},{\"@type\":\"WebSite\",\"@id\":\"https:\/\/emailtree.ai\/fr\/#website\",\"url\":\"https:\/\/emailtree.ai\/fr\/\",\"name\":\"EmailTree AI\",\"description\":\"Customer Service Hyperautomation\",\"potentialAction\":[{\"@type\":\"SearchAction\",\"target\":{\"@type\":\"EntryPoint\",\"urlTemplate\":\"https:\/\/emailtree.ai\/fr\/?s={search_term_string}\"},\"query-input\":{\"@type\":\"PropertyValueSpecification\",\"valueRequired\":true,\"valueName\":\"search_term_string\"}}],\"inLanguage\":\"fr-FR\"}]}<\/script>\n<!-- \/ Yoast SEO plugin. -->","yoast_head_json":{"title":"App Zendesk Pour Automatiser Les Macros Avec IA | EmailTree.ai","description":"Macros Zendesk avec l'IA d'EmailTree | Fermer les tickets rapidement avec l'une des meilleures applications de productivit\u00e9 du marketplace","robots":{"index":"index","follow":"follow","max-snippet":"max-snippet:-1","max-image-preview":"max-image-preview:large","max-video-preview":"max-video-preview:-1"},"canonical":"https:\/\/emailtree.ai\/fr\/produit\/zendesk-ai\/","og_locale":"fr_FR","og_type":"article","og_title":"App Zendesk Pour Automatiser Les Macros Avec IA | EmailTree.ai","og_description":"Macros Zendesk avec l'IA d'EmailTree | Fermer les tickets rapidement avec l'une des meilleures applications de productivit\u00e9 du marketplace","og_url":"https:\/\/emailtree.ai\/fr\/produit\/zendesk-ai\/","og_site_name":"EmailTree AI","article_modified_time":"2022-12-15T10:22:10+00:00","og_image":[{"width":1200,"height":1200,"url":"https:\/\/emailtree.ai\/wp-content\/uploads\/AI-Zendesk-Macro-Automation-1200x1200-1.png","type":"image\/png"}],"twitter_card":"summary_large_image","twitter_misc":{"Dur\u00e9e de lecture estim\u00e9e":"5 minutes"},"schema":{"@context":"https:\/\/schema.org","@graph":[{"@type":"WebPage","@id":"https:\/\/emailtree.ai\/fr\/produit\/zendesk-ai\/","url":"https:\/\/emailtree.ai\/fr\/produit\/zendesk-ai\/","name":"App Zendesk Pour Automatiser Les Macros Avec IA | EmailTree.ai","isPartOf":{"@id":"https:\/\/emailtree.ai\/fr\/#website"},"primaryImageOfPage":{"@id":"https:\/\/emailtree.ai\/fr\/produit\/zendesk-ai\/#primaryimage"},"image":{"@id":"https:\/\/emailtree.ai\/fr\/produit\/zendesk-ai\/#primaryimage"},"thumbnailUrl":"https:\/\/emailtree.ai\/wp-content\/uploads\/AI-Zendesk-Macro-Automation-1200x1200-1.png","datePublished":"2022-12-08T09:27:12+00:00","dateModified":"2022-12-15T10:22:10+00:00","description":"Macros Zendesk avec l'IA d'EmailTree | Fermer les tickets rapidement avec l'une des meilleures applications de productivit\u00e9 du marketplace","breadcrumb":{"@id":"https:\/\/emailtree.ai\/fr\/produit\/zendesk-ai\/#breadcrumb"},"inLanguage":"fr-FR","potentialAction":[{"@type":"ReadAction","target":["https:\/\/emailtree.ai\/fr\/produit\/zendesk-ai\/"]}]},{"@type":"ImageObject","inLanguage":"fr-FR","@id":"https:\/\/emailtree.ai\/fr\/produit\/zendesk-ai\/#primaryimage","url":"https:\/\/emailtree.ai\/wp-content\/uploads\/AI-Zendesk-Macro-Automation-1200x1200-1.png","contentUrl":"https:\/\/emailtree.ai\/wp-content\/uploads\/AI-Zendesk-Macro-Automation-1200x1200-1.png","width":1200,"height":1200,"caption":"AI-Zendesk-Macro-Automation-1200x1200"},{"@type":"BreadcrumbList","@id":"https:\/\/emailtree.ai\/fr\/produit\/zendesk-ai\/#breadcrumb","itemListElement":[{"@type":"ListItem","position":1,"name":"Home","item":"https:\/\/emailtree.ai\/fr\/"},{"@type":"ListItem","position":2,"name":"Produit","item":"https:\/\/emailtree.ai\/fr\/produit\/"},{"@type":"ListItem","position":3,"name":"zendesk"}]},{"@type":"WebSite","@id":"https:\/\/emailtree.ai\/fr\/#website","url":"https:\/\/emailtree.ai\/fr\/","name":"EmailTree AI","description":"Customer Service Hyperautomation","potentialAction":[{"@type":"SearchAction","target":{"@type":"EntryPoint","urlTemplate":"https:\/\/emailtree.ai\/fr\/?s={search_term_string}"},"query-input":{"@type":"PropertyValueSpecification","valueRequired":true,"valueName":"search_term_string"}}],"inLanguage":"fr-FR"}]}},"_links":{"self":[{"href":"https:\/\/emailtree.ai\/fr\/wp-json\/wp\/v2\/pages\/13908"}],"collection":[{"href":"https:\/\/emailtree.ai\/fr\/wp-json\/wp\/v2\/pages"}],"about":[{"href":"https:\/\/emailtree.ai\/fr\/wp-json\/wp\/v2\/types\/page"}],"author":[{"embeddable":true,"href":"https:\/\/emailtree.ai\/fr\/wp-json\/wp\/v2\/users\/8"}],"replies":[{"embeddable":true,"href":"https:\/\/emailtree.ai\/fr\/wp-json\/wp\/v2\/comments?post=13908"}],"version-history":[{"count":0,"href":"https:\/\/emailtree.ai\/fr\/wp-json\/wp\/v2\/pages\/13908\/revisions"}],"up":[{"embeddable":true,"href":"https:\/\/emailtree.ai\/fr\/wp-json\/wp\/v2\/pages\/2518"}],"wp:featuredmedia":[{"embeddable":true,"href":"https:\/\/emailtree.ai\/fr\/wp-json\/wp\/v2\/media\/13868"}],"wp:attachment":[{"href":"https:\/\/emailtree.ai\/fr\/wp-json\/wp\/v2\/media?parent=13908"}],"curies":[{"name":"wp","href":"https:\/\/api.w.org\/{rel}","templated":true}]}}