{"id":2006,"date":"2020-05-04T07:37:53","date_gmt":"2020-05-04T07:37:53","guid":{"rendered":"https:\/\/emailtree.ai\/customer-service-automation\/"},"modified":"2022-05-18T10:32:35","modified_gmt":"2022-05-18T10:32:35","slug":"customer-service-automation","status":"publish","type":"page","link":"https:\/\/emailtree.ai\/fr\/customer-service-automation\/","title":{"rendered":"Customer Service Automation"},"content":{"rendered":"<h2 style=\"text-align: left;\"><span style=\"font-weight: normal;\"><span>R\u00e9pondez aux e-mails en quelques secondes.<\/span><\/span><\/h2>\n<h2 style=\"text-align: left;\"><span style=\"font-weight: normal;\"><span>Automatisez les t\u00e2ches r\u00e9p\u00e9titives.<\/span><\/span><\/h2>\n<p style=\"text-align: left; --tcb-applied-color:rgb(255, 255, 255); color: rgb(255, 255, 255) !important;\"><span>Nous vous aidons \u00e0<\/span><\/p>\n<p style=\"\"><span data-colors=\"#ffffff\" data-highlight=\"0\" data-speed=\"500\" data-typist=\"automatiser les t\u00e2ches r\u00e9p\u00e9titives.|augmenter la productivit\u00e9.|accro\u00eetre la satisfaction des clients.|am\u00e9liorer la r\u00e9tention des clients.|r\u00e9duire les co\u00fbts.\" style=\"\">am\u00e9liorer le service \u00e0 la client\u00e8le.<\/span><\/p>\n<h1 style=\"text-align: center;\">R\u00e9inventez l&rsquo;exp\u00e9rience client avec une automatisation intelligente du service client de bout en bout.<\/h1>\n<p><span><img decoding=\"async\" alt=\"Increasing email productivity\" data-id=\"3263\" data-init-width=\"128\" data-init-height=\"128\" title=\"Increasing email productivity\" src=\"https:\/\/emailtree.ai\/wp-content\/uploads\/email.png\" data-width=\"80\" data-height=\"80\" style=\"\" width=\"80\" height=\"80\" loading=\"lazy\"><\/span><\/p>\n<p style=\"text-align: center;\"><strong>Augmentez la productivit\u00e9 des emails<\/strong><\/p>\n<p><span><img decoding=\"async\" alt=\"Improve Customer Service\" data-id=\"3257\" data-init-width=\"128\" data-init-height=\"128\" title=\"Improve Customer Service\" src=\"https:\/\/emailtree.ai\/wp-content\/uploads\/customer-service-1.png\" data-width=\"80\" data-height=\"80\" style=\"\" width=\"80\" height=\"80\" loading=\"lazy\"><\/span><\/p>\n<p style=\"text-align: center; color: var(--tcb-color-10)  !important; --tcb-applied-color:var$(--tcb-color-10)  !important;\"><strong>Am\u00e9liorez le service client<\/strong><\/p>\n<\/p>\n<p><span><img decoding=\"async\" alt=\"Reduce SLA using hyperautomation\" data-id=\"3269\" data-init-width=\"128\" data-init-height=\"128\" title=\"Reduce SLA using hyperautomation\" src=\"https:\/\/emailtree.ai\/wp-content\/uploads\/time.png\" data-width=\"80\" data-height=\"80\" style=\"\" width=\"80\" height=\"80\" loading=\"lazy\"><\/span><\/p>\n<p style=\"text-align: center; color: var(--tcb-color-10)  !important; --tcb-applied-color:var$(--tcb-color-10)  !important;\"><strong><\/strong><strong><strong>R\u00e9duisez le temps de traitement moyen<\/strong><\/strong><\/p>\n<p><span><img decoding=\"async\" alt=\"RPA and Hyperautomation\" data-id=\"3275\" data-init-width=\"128\" data-init-height=\"128\" title=\"RPA and Hyperautomation\" src=\"https:\/\/emailtree.ai\/wp-content\/uploads\/automation.png\" data-width=\"80\" data-height=\"80\" style=\"\" width=\"80\" height=\"80\" loading=\"lazy\"><\/span><\/p>\n<p style=\"text-align: center;\"><b>Int\u00e9gration&nbsp;RPA<\/b><\/p>\n<p><span><img decoding=\"async\" alt=\"AUTOMATIC EMAIL CLASSIFICATION\" data-id=\"3282\" title=\"AUTOMATIC EMAIL CLASSIFICATION\" src=\"https:\/\/emailtree.ai\/wp-content\/uploads\/sectionpeopleassign.gif\" data-width=\"577\" data-height=\"324\" data-init-width=\"960\" data-init-height=\"540\" width=\"577\" height=\"324\" loading=\"lazy\"><\/span><\/p>\n<h3 style=\"\">CLASSIFICATION AUTOMATIQUE DES EMAILS<\/h3>\n<h3>Augmentez la productivit\u00e9 de vos agents<\/h3>\n<p>Une bo\u00eete de r\u00e9ception plus rapide, plus intelligente et plus fiable avec un outil de classification automatique des e-mails int\u00e9gr\u00e9.<\/p>\n<p>Avec une bo\u00eete de r\u00e9ception intelligente, le traitement de vos e-mails entrants devient un jeu d&rsquo;enfant !<\/p>\n<p>Cessez de jouer aux devinettes et classez automatiquement les demandes de vos clients pour les transmettre plus rapidement aux bonnes personnes.<\/p>\n<h3 style=\"\">IDENTIFICATION DES PROBL\u00c8MES DE VOS CLIENTS<\/h3>\n<h3>Concentrez-vous sur ce qui compte le plus pour vos clients<\/h3>\n<p dir=\"ltr\">L&rsquo;intelligence artificielle permet d&rsquo;identifier l&rsquo;intention d&rsquo;un client et vous aide \u00e0 r\u00e9soudre son probl\u00e8me plus efficacement.<\/p>\n<p>Le support client peut se concentrer sur les probl\u00e8mes qui doivent \u00eatre trait\u00e9s en priorit\u00e9.<\/p>\n<p>Apportez le plus grand soutien \u00e0 vos clients en allant \u00e0 la source de leurs probl\u00e8mes et am\u00e9liorez leur satisfaction.<\/p>\n<p><span><img decoding=\"async\" alt=\"IDENTIFY CUSTOMER\u2019S ISSUES\" data-id=\"3288\" title=\"IDENTIFY CUSTOMER\u2019S ISSUES\" src=\"https:\/\/emailtree.ai\/wp-content\/uploads\/autointent-1.gif\" style=\"\" data-width=\"577\" data-height=\"296\" data-init-width=\"960\" data-init-height=\"540\" width=\"577\" height=\"296\" loading=\"lazy\"><\/span><span><img decoding=\"async\" alt=\"IDENTIFY CUSTOMER\u2019S ISSUES\" data-id=\"3288\" title=\"IDENTIFY CUSTOMER\u2019S ISSUES\" src=\"https:\/\/emailtree.ai\/wp-content\/uploads\/autointent-1.gif\" style=\"\" data-width=\"579\" data-height=\"326\" data-init-width=\"960\" data-init-height=\"540\" width=\"579\" height=\"326\" loading=\"lazy\"><\/span><\/p>\n<h3>IDENTIFICATION DES PROBL\u00c8MES DE VOS CLIENTS<\/h3>\n<h3>Concentrez-vous sur ce qui compte le plus pour vos clients<\/h3>\n<p dir=\"ltr\">L&rsquo;intelligence artificielle permet d&rsquo;identifier l&rsquo;intention d&rsquo;un client et vous aide \u00e0 r\u00e9soudre son probl\u00e8me plus efficacement.<\/p>\n<p>Le support client peut se concentrer sur les probl\u00e8mes qui doivent \u00eatre trait\u00e9s en priorit\u00e9.<\/p>\n<p>Apportez le plus grand soutien \u00e0 vos clients en allant \u00e0 la source de leurs probl\u00e8mes et am\u00e9liorez leur satisfaction.<\/p>\n<p><span><img decoding=\"async\" alt=\"EMAIL COMPOSER\" data-id=\"3294\" title=\"EMAIL COMPOSER\" src=\"https:\/\/emailtree.ai\/wp-content\/uploads\/Blocks.gif\" data-width=\"577\" data-height=\"324\" data-init-width=\"960\" data-init-height=\"540\" width=\"577\" height=\"324\" loading=\"lazy\"><\/span><\/p>\n<h3>L&rsquo;\u00c9DITEUR D&rsquo;EMAIL LE PLUS RAPIDE<\/h3>\n<h3>R\u00e9pondez plus efficacement, r\u00e9pondez plus rapidement<\/h3>\n<p>Composez un message \u00e0 l&rsquo;aide de blocs de texte pr\u00eats \u00e0 \u00eatre envoy\u00e9s en quelques clics seulement.<\/p>\n<p>R\u00e9digez plus rapidement et mettez en forme des messages sans perdre de temps. Glissez et d\u00e9posez les blocs de texte pour envoyer l&rsquo;e-mail instantan\u00e9ment.<\/p>\n<p>Vous r\u00e9duirez ainsi le temps moyen de traitement des emails.<\/p>\n<h3 style=\"\">R\u00c9PONSE AUTOMATIQUE EN QUELQUES SECONDES<\/h3>\n<h3>Mettez fin aux interminables t\u00e2ches li\u00e9es aux emails<\/h3>\n<p dir=\"ltr\">L&rsquo;intelligence artificielle et le machine learning assurent des r\u00e9ponses parfaitement adapt\u00e9es pour am\u00e9liorer la satisfaction des clients.<\/p>\n<p>Les questions de vos clients seront trait\u00e9es automatiquement avec une r\u00e9ponse comparable \u00e0 celle d&rsquo;un humain.<\/p>\n<p>En cons\u00e9quence, vous pourrez consacrer plus de temps \u00e0 apporter de la valeur aux clients.<\/p>\n<p><span><img decoding=\"async\" alt=\"AUTOMATIC REPLY IN SECONDS\" data-id=\"3300\" title=\"AUTOMATIC REPLY IN SECONDS\" src=\"https:\/\/emailtree.ai\/wp-content\/uploads\/autoreply.gif\" data-width=\"577\" data-height=\"324\" data-init-width=\"960\" data-init-height=\"540\" width=\"577\" height=\"324\" loading=\"lazy\"><\/span><span><img decoding=\"async\" alt=\"AUTOMATIC REPLY IN SECONDS\" data-id=\"3300\" title=\"AUTOMATIC REPLY IN SECONDS\" src=\"https:\/\/emailtree.ai\/wp-content\/uploads\/autoreply.gif\" data-width=\"577\" data-height=\"324\" data-init-width=\"960\" data-init-height=\"540\" width=\"577\" height=\"324\" loading=\"lazy\"><\/span><\/p>\n<h3>R\u00c9PONSE AUTOMATIQUE EN QUELQUES SECONDES<\/h3>\n<h3>Mettez fin aux interminables t\u00e2ches li\u00e9es aux emails<\/h3>\n<p dir=\"ltr\">L&rsquo;intelligence artificielle et le machine learning assurent des r\u00e9ponses parfaitement adapt\u00e9es pour am\u00e9liorer la satisfaction des clients.<\/p>\n<p>Les questions de vos clients seront trait\u00e9es automatiquement avec une r\u00e9ponse comparable \u00e0 celle d&rsquo;un humain.<\/p>\n<p>En cons\u00e9quence, vous pourrez consacrer plus de temps \u00e0 apporter de la valeur aux clients.<\/p>\n<p style=\"text-align: left;\">Donnez un v\u00e9ritable impact \u00e0 vos processus de travail<\/p>\n<p style=\"text-align: center;\">60<\/p>\n<p style=\"text-align: center;\"><span style=\"font-size: 37px;\">%<\/span><\/p>\n<p style=\"text-align: center;\">Diminution du temps moyen de r\u00e9solution par email<\/p>\n<p style=\"text-align: center;\">1<\/p>\n<p style=\"text-align: center;\"><span style=\"font-size: 37px;\">Minute<\/span><\/p>\n<p style=\"text-align: center;\">Temps de r\u00e9solution moyen par email<\/p>\n<p style=\"text-align: center;\">25<\/p>\n<p style=\"text-align: center;\"><span style=\"font-size: 37px;\">%<\/span><\/p>\n<p style=\"text-align: center;\">Progression des ventes<\/p>\n<h2 style=\"text-align: center;\">D\u00e9couvrez pourquoi les plus grandes marques utilisent EmailTree&nbsp;<\/h2>\n<h2 style=\"text-align: center;\">D\u00e9couvrez pourquoi les plus grandes marques utilisent EmailTree&nbsp;<\/h2>\n<p><a href=\"\/customer-service-success-stories\/orange-luxembourg-hyperautomation\/\" rel=\"noopener\" target=\"_blank\">    <span><img decoding=\"async\" alt=\"\" data-id=\"108\" title=\"\" src=\"https:\/\/emailtree.ai\/wp-content\/uploads\/2020\/01\/0004_Orange.png\" style=\"\" data-width=\"150\" data-height=\"150\" data-init-width=\"300\" data-init-height=\"300\" width=\"150\" height=\"150\" loading=\"lazy\"><\/span>   <\/p>\n<p style=\"text-align: center;\">TELECOM<\/p>\n<p style=\"text-align: center;\">Orange Luxembourg<\/p>\n<p style=\"text-align: center;\">D\u00e9couvrez comment Orange Luxembourg a r\u00e9ussi \u00e0 r\u00e9duire la charge de service client, \u00e0 augmenter la productivit\u00e9 lors du traitement des demandes de texte et \u00e0 accro\u00eetre la satisfaction client.<\/p>\n<p>  <\/a><a href=\"\/customer-success-stories\/bwm-mediasoft-customer-service-hyperautomation\/\" rel=\"noopener\" target=\"_blank\">    <span><img decoding=\"async\" alt=\"\" data-id=\"1228\" title=\"\" src=\"https:\/\/emailtree.ai\/wp-content\/uploads\/logo-bwm-white.png\" style=\"\" data-init-width=\"169\" data-init-height=\"68\" data-width=\"150\" data-height=\"61\" width=\"150\" height=\"61\" loading=\"lazy\"><\/span>   <\/p>\n<p style=\"text-align: center;\">ECOMMERCE<\/p>\n<p style=\"text-align: center;\">BWM Mediasoft<\/p>\n<p style=\"text-align: center;\">D\u00e9couvrez comment l&rsquo;hyperautomatisation a aid\u00e9 BWM Mediasoft \u00e0 augmenter son efficacit\u00e9 \/ productivit\u00e9 et \u00e0 r\u00e9duire le temps de r\u00e9ponse, tout en augmentant la satisfaction client.<\/p>\n<p>  <\/a><\/p>\n<h2 style=\"text-align: center;\">Reconnu par des entreprises du monde entier<\/h2>\n<h2 style=\"text-align: center;\">Reconnu par des entreprises du monde entier<\/h2>\n<p><span><img decoding=\"async\" alt=\"\" data-id=\"28\" title=\"orange-logo\" src=\"https:\/\/emailtree.ai\/wp-content\/uploads\/2020\/01\/orange-logo.png\" style=\"\" width=\"225\" height=\"225\" loading=\"lazy\"><\/span><\/p>\n<p style=\"text-align: center;\">Orange Luxembourg<\/p>\n<p><span><img decoding=\"async\" alt=\"\" data-id=\"483\" title=\"1200px-E\u0301lectricite\u0301_de_France.svg\" src=\"https:\/\/emailtree.ai\/wp-content\/uploads\/2020\/01\/1200px-E\u0301lectricite\u0301_de_France.svg_.png\" style=\"\" width=\"227\" height=\"101\" loading=\"lazy\"><\/span><\/p>\n<p style=\"text-align: center;\">EDF France<\/p>\n<p><span><img decoding=\"async\" alt=\"\" data-id=\"478\" title=\"logo-bwm\" src=\"https:\/\/emailtree.ai\/wp-content\/uploads\/2020\/01\/logo-bwm.png\" width=\"169\" height=\"68\" loading=\"lazy\"><\/span><\/p>\n<p>Distributeur officiel de logiciels<\/p>\n<p><span><img decoding=\"async\" alt=\"\" data-id=\"462\" title=\"Microsoft-logo\" src=\"https:\/\/emailtree.ai\/wp-content\/uploads\/2020\/01\/Microsoft-logo.png\" style=\"\" width=\"240\" height=\"51\" loading=\"lazy\"><\/span><span><img decoding=\"async\" alt=\"\" data-id=\"480\" title=\"Bitdefender-logo1\" src=\"https:\/\/emailtree.ai\/wp-content\/uploads\/2020\/01\/Bitdefender-logo1.png\" style=\"\" width=\"119\" height=\"64\" loading=\"lazy\"><\/span><span><img decoding=\"async\" alt=\"\" data-id=\"481\" title=\"1200px-ESET_logo.svg\" src=\"https:\/\/emailtree.ai\/wp-content\/uploads\/2020\/01\/1200px-ESET_logo.svg_.png\" style=\"\" width=\"114\" height=\"45\" loading=\"lazy\"><\/span><span><img decoding=\"async\" alt=\"\" data-id=\"482\" title=\"1200px-G_Data_Software_logo.svg\" src=\"https:\/\/emailtree.ai\/wp-content\/uploads\/2020\/01\/1200px-G_Data_Software_logo.svg_.png\" style=\"\" width=\"54\" height=\"74\" loading=\"lazy\"><\/span><span><img decoding=\"async\" alt=\"\" data-id=\"481\" title=\"1200px-ESET_logo.svg\" src=\"https:\/\/emailtree.ai\/wp-content\/uploads\/2020\/01\/1200px-ESET_logo.svg_.png\" style=\"\" width=\"114\" height=\"45\" loading=\"lazy\"><\/span><span><img decoding=\"async\" alt=\"\" data-id=\"484\" title=\"netregie-logo\" src=\"https:\/\/emailtree.ai\/wp-content\/uploads\/2020\/01\/netregie-logo.png\" style=\"\" width=\"217\" height=\"56\" loading=\"lazy\"><\/span><\/p>\n<p style=\"text-align: center;\">NETREGIE Luxembourg<\/p>\n<h2 style=\"text-align: center;\"><strong><\/strong><strong>Atelier d&rsquo;Audit d&rsquo;Hyperautomatisation EmailTree<\/strong><\/h2>\n<p style=\"text-align: center; --tcb-applied-color:rgb(255, 255, 255); color: rgb(255, 255, 255) !important;\">D\u00e9couvrez les t\u00e2ches que vous pouvez automatiser<\/p>\n<p>L&rsquo;Hyperautomatisation est la tendance num\u00e9ro 1 sur la liste Gartner de <a data-tcb_hover_state_parent=\"\" href=\"https:\/\/www.gartner.com\/smarterwithgartner\/gartner-top-10-strategic-technology-trends-for-2020\/\" style=\"outline: none;\" target=\"_blank\" rel=\"noopener\">Top 10 Strategic Technology Trends for 2020<\/a>.\u202f\u00cates-vous pr\u00eats pour l&rsquo;Hyperautomatisation?<\/p>\n","protected":false},"excerpt":{"rendered":"<p>R\u00e9pondez aux e-mails en quelques secondes. Automatisez les t\u00e2ches r\u00e9p\u00e9titives. Nous vous aidons \u00e0 am\u00e9liorer le service \u00e0 la client\u00e8le. R\u00e9inventez l&rsquo;exp\u00e9rience client avec une automatisation intelligente du service client de bout en bout. Augmentez la productivit\u00e9 des emails Am\u00e9liorez le service client R\u00e9duisez le temps de traitement moyen Int\u00e9gration&nbsp;RPA CLASSIFICATION AUTOMATIQUE DES EMAILS Augmentez [&hellip;]<\/p>\n","protected":false},"author":1,"featured_media":3745,"parent":0,"menu_order":0,"comment_status":"closed","ping_status":"closed","template":"","meta":{"footnotes":""},"class_list":["post-2006","page","type-page","status-publish","has-post-thumbnail","hentry","post-wrapper","thrv_wrapper"],"yoast_head":"<!-- This site is optimized with the Yoast SEO plugin v23.6 - https:\/\/yoast.com\/wordpress\/plugins\/seo\/ -->\n<title>Logiciel automatisation de service client avec IA et ML | EmailTree.ai<\/title>\n<meta name=\"description\" content=\"EmailTree AI associe l&#039;homme et l&#039;IA pour g\u00e9rer des milliers de demandes de clients | R\u00e9pondez aux requ\u00eates clients en quelques secondes\" \/>\n<meta name=\"robots\" content=\"index, follow, max-snippet:-1, max-image-preview:large, max-video-preview:-1\" \/>\n<link rel=\"canonical\" href=\"https:\/\/emailtree.ai\/fr\/customer-service-automation\/\" \/>\n<meta property=\"og:locale\" content=\"fr_FR\" \/>\n<meta property=\"og:type\" content=\"article\" \/>\n<meta property=\"og:title\" content=\"Logiciel automatisation de service client avec IA et ML | EmailTree.ai\" \/>\n<meta property=\"og:description\" content=\"EmailTree AI associe l&#039;homme et l&#039;IA pour g\u00e9rer des milliers de demandes de clients | R\u00e9pondez aux requ\u00eates clients en quelques secondes\" \/>\n<meta property=\"og:url\" content=\"https:\/\/emailtree.ai\/fr\/customer-service-automation\/\" \/>\n<meta property=\"og:site_name\" content=\"EmailTree AI\" \/>\n<meta property=\"article:modified_time\" content=\"2022-05-18T10:32:35+00:00\" \/>\n<meta property=\"og:image\" content=\"https:\/\/emailtree.ai\/wp-content\/uploads\/ET-logo-2.png\" \/>\n\t<meta property=\"og:image:width\" content=\"1400\" \/>\n\t<meta property=\"og:image:height\" content=\"618\" \/>\n\t<meta property=\"og:image:type\" content=\"image\/png\" \/>\n<meta name=\"twitter:card\" content=\"summary_large_image\" \/>\n<meta name=\"twitter:label1\" content=\"Dur\u00e9e de lecture estim\u00e9e\" \/>\n\t<meta name=\"twitter:data1\" content=\"7 minutes\" \/>\n<script type=\"application\/ld+json\" class=\"yoast-schema-graph\">{\"@context\":\"https:\/\/schema.org\",\"@graph\":[{\"@type\":\"WebPage\",\"@id\":\"https:\/\/emailtree.ai\/fr\/customer-service-automation\/\",\"url\":\"https:\/\/emailtree.ai\/fr\/customer-service-automation\/\",\"name\":\"Logiciel automatisation de service client avec IA et ML | EmailTree.ai\",\"isPartOf\":{\"@id\":\"https:\/\/emailtree.ai\/fr\/#website\"},\"primaryImageOfPage\":{\"@id\":\"https:\/\/emailtree.ai\/fr\/customer-service-automation\/#primaryimage\"},\"image\":{\"@id\":\"https:\/\/emailtree.ai\/fr\/customer-service-automation\/#primaryimage\"},\"thumbnailUrl\":\"https:\/\/emailtree.ai\/wp-content\/uploads\/ET-logo-2.png\",\"datePublished\":\"2020-05-04T07:37:53+00:00\",\"dateModified\":\"2022-05-18T10:32:35+00:00\",\"description\":\"EmailTree AI associe l'homme et l'IA pour g\u00e9rer des milliers de demandes de clients | R\u00e9pondez aux requ\u00eates clients en quelques secondes\",\"breadcrumb\":{\"@id\":\"https:\/\/emailtree.ai\/fr\/customer-service-automation\/#breadcrumb\"},\"inLanguage\":\"fr-FR\",\"potentialAction\":[{\"@type\":\"ReadAction\",\"target\":[\"https:\/\/emailtree.ai\/fr\/customer-service-automation\/\"]}]},{\"@type\":\"ImageObject\",\"inLanguage\":\"fr-FR\",\"@id\":\"https:\/\/emailtree.ai\/fr\/customer-service-automation\/#primaryimage\",\"url\":\"https:\/\/emailtree.ai\/wp-content\/uploads\/ET-logo-2.png\",\"contentUrl\":\"https:\/\/emailtree.ai\/wp-content\/uploads\/ET-logo-2.png\",\"width\":1400,\"height\":618},{\"@type\":\"BreadcrumbList\",\"@id\":\"https:\/\/emailtree.ai\/fr\/customer-service-automation\/#breadcrumb\",\"itemListElement\":[{\"@type\":\"ListItem\",\"position\":1,\"name\":\"Home\",\"item\":\"https:\/\/emailtree.ai\/fr\/\"},{\"@type\":\"ListItem\",\"position\":2,\"name\":\"Customer Service Automation\"}]},{\"@type\":\"WebSite\",\"@id\":\"https:\/\/emailtree.ai\/fr\/#website\",\"url\":\"https:\/\/emailtree.ai\/fr\/\",\"name\":\"EmailTree AI\",\"description\":\"Customer Service Hyperautomation\",\"potentialAction\":[{\"@type\":\"SearchAction\",\"target\":{\"@type\":\"EntryPoint\",\"urlTemplate\":\"https:\/\/emailtree.ai\/fr\/?s={search_term_string}\"},\"query-input\":{\"@type\":\"PropertyValueSpecification\",\"valueRequired\":true,\"valueName\":\"search_term_string\"}}],\"inLanguage\":\"fr-FR\"}]}<\/script>\n<!-- \/ Yoast SEO plugin. -->","yoast_head_json":{"title":"Logiciel automatisation de service client avec IA et ML | EmailTree.ai","description":"EmailTree AI associe l'homme et l'IA pour g\u00e9rer des milliers de demandes de clients | R\u00e9pondez aux requ\u00eates clients en quelques secondes","robots":{"index":"index","follow":"follow","max-snippet":"max-snippet:-1","max-image-preview":"max-image-preview:large","max-video-preview":"max-video-preview:-1"},"canonical":"https:\/\/emailtree.ai\/fr\/customer-service-automation\/","og_locale":"fr_FR","og_type":"article","og_title":"Logiciel automatisation de service client avec IA et ML | EmailTree.ai","og_description":"EmailTree AI associe l'homme et l'IA pour g\u00e9rer des milliers de demandes de clients | R\u00e9pondez aux requ\u00eates clients en quelques secondes","og_url":"https:\/\/emailtree.ai\/fr\/customer-service-automation\/","og_site_name":"EmailTree AI","article_modified_time":"2022-05-18T10:32:35+00:00","og_image":[{"width":1400,"height":618,"url":"https:\/\/emailtree.ai\/wp-content\/uploads\/ET-logo-2.png","type":"image\/png"}],"twitter_card":"summary_large_image","twitter_misc":{"Dur\u00e9e de lecture estim\u00e9e":"7 minutes"},"schema":{"@context":"https:\/\/schema.org","@graph":[{"@type":"WebPage","@id":"https:\/\/emailtree.ai\/fr\/customer-service-automation\/","url":"https:\/\/emailtree.ai\/fr\/customer-service-automation\/","name":"Logiciel automatisation de service client avec IA et ML | EmailTree.ai","isPartOf":{"@id":"https:\/\/emailtree.ai\/fr\/#website"},"primaryImageOfPage":{"@id":"https:\/\/emailtree.ai\/fr\/customer-service-automation\/#primaryimage"},"image":{"@id":"https:\/\/emailtree.ai\/fr\/customer-service-automation\/#primaryimage"},"thumbnailUrl":"https:\/\/emailtree.ai\/wp-content\/uploads\/ET-logo-2.png","datePublished":"2020-05-04T07:37:53+00:00","dateModified":"2022-05-18T10:32:35+00:00","description":"EmailTree AI associe l'homme et l'IA pour g\u00e9rer des milliers de demandes de clients | R\u00e9pondez aux requ\u00eates clients en quelques secondes","breadcrumb":{"@id":"https:\/\/emailtree.ai\/fr\/customer-service-automation\/#breadcrumb"},"inLanguage":"fr-FR","potentialAction":[{"@type":"ReadAction","target":["https:\/\/emailtree.ai\/fr\/customer-service-automation\/"]}]},{"@type":"ImageObject","inLanguage":"fr-FR","@id":"https:\/\/emailtree.ai\/fr\/customer-service-automation\/#primaryimage","url":"https:\/\/emailtree.ai\/wp-content\/uploads\/ET-logo-2.png","contentUrl":"https:\/\/emailtree.ai\/wp-content\/uploads\/ET-logo-2.png","width":1400,"height":618},{"@type":"BreadcrumbList","@id":"https:\/\/emailtree.ai\/fr\/customer-service-automation\/#breadcrumb","itemListElement":[{"@type":"ListItem","position":1,"name":"Home","item":"https:\/\/emailtree.ai\/fr\/"},{"@type":"ListItem","position":2,"name":"Customer Service Automation"}]},{"@type":"WebSite","@id":"https:\/\/emailtree.ai\/fr\/#website","url":"https:\/\/emailtree.ai\/fr\/","name":"EmailTree AI","description":"Customer Service Hyperautomation","potentialAction":[{"@type":"SearchAction","target":{"@type":"EntryPoint","urlTemplate":"https:\/\/emailtree.ai\/fr\/?s={search_term_string}"},"query-input":{"@type":"PropertyValueSpecification","valueRequired":true,"valueName":"search_term_string"}}],"inLanguage":"fr-FR"}]}},"_links":{"self":[{"href":"https:\/\/emailtree.ai\/fr\/wp-json\/wp\/v2\/pages\/2006"}],"collection":[{"href":"https:\/\/emailtree.ai\/fr\/wp-json\/wp\/v2\/pages"}],"about":[{"href":"https:\/\/emailtree.ai\/fr\/wp-json\/wp\/v2\/types\/page"}],"author":[{"embeddable":true,"href":"https:\/\/emailtree.ai\/fr\/wp-json\/wp\/v2\/users\/1"}],"replies":[{"embeddable":true,"href":"https:\/\/emailtree.ai\/fr\/wp-json\/wp\/v2\/comments?post=2006"}],"version-history":[{"count":0,"href":"https:\/\/emailtree.ai\/fr\/wp-json\/wp\/v2\/pages\/2006\/revisions"}],"wp:featuredmedia":[{"embeddable":true,"href":"https:\/\/emailtree.ai\/fr\/wp-json\/wp\/v2\/media\/3745"}],"wp:attachment":[{"href":"https:\/\/emailtree.ai\/fr\/wp-json\/wp\/v2\/media?parent=2006"}],"curies":[{"name":"wp","href":"https:\/\/api.w.org\/{rel}","templated":true}]}}