{"id":2012,"date":"2020-01-27T08:59:32","date_gmt":"2020-01-27T08:59:32","guid":{"rendered":"https:\/\/emailtree.ai\/enterprise\/"},"modified":"2022-09-21T14:39:08","modified_gmt":"2022-09-21T14:39:08","slug":"enterprise","status":"publish","type":"page","link":"https:\/\/emailtree.ai\/fr\/enterprise\/","title":{"rendered":"EmailTree Entreprise"},"content":{"rendered":"<h1 style=\"text-align: left;\">EmailTree AI Entreprise<\/h1>\n<p style=\"text-align: left; --tcb-applied-color:rgb(255, 255, 255); color: rgb(255, 255, 255) !important;\"><span lang=\"fr\"><span title=\"\">Nous aidons les entreprises \u00e0<\/span><\/span><\/p>\n<p style=\"text-align: left; --tcb-applied-color:rgb(255, 255, 255); color: rgb(255, 255, 255) !important;\"><span lang=\"fr\"><span title=\"\"><\/span><\/span><span data-typist=\"r\u00e9duire les co\u00fbts.|automatiser les t\u00e2ches r\u00e9p\u00e9titives.|augmenter la productivit\u00e9|am\u00e9liorer la fid\u00e9lisation des clients.\" data-speed=\"500\" data-highlight=\"0\" data-colors=\"\">augmenter la satisfaction client.<\/span><\/p>\n<h2 style=\"text-align: center;\"><strong>Pourquoi choisir EmailTree?<\/strong><\/h2>\n<p style=\"text-align: center;\"><strong><strong>Augmentez La Productivit\u00e9 Des Emails<\/strong><\/strong><\/p>\n<p style=\"text-align: center;\"><strong><strong>Am\u00e9liorer Le Service Client<\/strong><\/strong><\/p>\n<p style=\"text-align: center;\"><strong><strong>R\u00e9duire Le Temps De Traitement Moyen (AHT &#8211; Average Handling Time)<\/strong><\/strong><\/p>\n<p style=\"text-align: center;\"><strong><strong>Int\u00e9gration RPA<\/strong><\/strong><\/p>\n<h2 style=\"text-align: center;\"><strong>Comment \u00e7a marche?<\/strong><\/h2>\n<p style=\"text-align: left;\">COMPR\u00c9HENSION DES EMAILS<\/p>\n<p><strong>Extraire le sens des e-mails<\/strong><\/p>\n<ul>\n<li style=\"\"><span style=\"\">Traitement du langage naturel pour extraire l&rsquo;essence du message<\/span><\/li>\n<li style=\"\"><span style=\"\">Identifier les probl\u00e8mes du client lors de l&rsquo;utilisation du produit \/ service<\/span><\/li>\n<li style=\"\"><span style=\"\">Identifier les actions \/ t\u00e2ches \u00e0 entreprendre<\/span><\/li>\n<\/ul>\n<p>EmailTree comprend le contenu et g\u00e9n\u00e8re automatiquement des rapports pour aider le service client et l&rsquo;\u00e9quipe d&rsquo;assistance.<\/p>\n<p><span><img loading=\"lazy\" decoding=\"async\" alt=\"\" data-id=\"288\" title=\"email-understanding-emailtree\" src=\"https:\/\/emailtree.ai\/wp-content\/uploads\/2020\/01\/email-understanding-emailtree.png\" style=\"\" width=\"718\" height=\"284\"><\/span><\/p>\n<p><strong>Collecte d&rsquo;informations suppl\u00e9mentaires<\/strong><\/p>\n<p>\u00c9liminez la v\u00e9rification manuelle des informations suppl\u00e9mentaires internes et externes:<\/p>\n<ul>\n<li style=\"\"><span style=\"\">Client existant dans la base de donn\u00e9es? Statut de la commande?<\/span><\/li>\n<li style=\"\"><span style=\"\">Utilisez des donn\u00e9es contextuelles pour automatiser la d\u00e9cision finale<\/span><\/li>\n<\/ul>\n<p><span><img loading=\"lazy\" decoding=\"async\" alt=\"\" data-id=\"296\" title=\"gathering-additional-information-emailtree\" src=\"https:\/\/emailtree.ai\/wp-content\/uploads\/2020\/01\/gathering-additional-information-emailtree.png\" style=\"\" width=\"722\" height=\"124\"><\/span>                    <\/p>\n<p style=\"text-align: left;\">AUTOMATISATION DES T\u00c2CHES<\/p>\n<p style=\"\"><strong>Pr\u00e9diction d&rsquo;actions<\/strong><\/p>\n<ul>\n<li><span>Identifiez le probl\u00e8me \/ la situation<\/span><\/li>\n<li style=\"\"><span style=\"\">Comprend le contexte<\/span><\/li>\n<li style=\"\"><span style=\"\">V\u00e9rifie les informations internes \/ externes<\/span><\/li>\n<li><span>G\u00e9n\u00e9rer des actions<\/span><\/li>\n<\/ul>\n<p style=\"\"><strong>Automatisation des t\u00e2ches \u00e0 l&rsquo;aide de la technologie RPA<\/strong><\/p>\n<ul>\n<li><span>Lancez des robots pour effectuer automatiquement des t\u00e2ches<\/span><\/li>\n<li style=\"\"><span style=\"\">Pr\u00e9parer des offres personnalis\u00e9es, acc\u00e9der \u00e0 d&rsquo;autres logiciels, plateformes, bases de donn\u00e9es<\/span><\/li>\n<li style=\"\"><span style=\"\">Escalade vers d&rsquo;autres niveaux de support si n\u00e9cessaire<\/span><\/li>\n<\/ul>\n<p>EmailTree comprend le contenu et g\u00e9n\u00e8re automatiquement des rapports pour aider le service client et l&rsquo;\u00e9quipe d&rsquo;assistance.<\/p>\n<p><span><img loading=\"lazy\" decoding=\"async\" alt=\"\" data-id=\"300\" title=\"tasks-automation-emailtree\" src=\"https:\/\/emailtree.ai\/wp-content\/uploads\/2020\/01\/tasks-automation-emailtree.png\" style=\"\" width=\"544\" height=\"415\"><\/span>                    <\/p>\n<p style=\"text-align: left;\">COMPOSITION DE R\u00c9PONSE<\/p>\n<p style=\"\"><strong>Composition de r\u00e9ponse par e-mail<\/strong><\/p>\n<ul>\n<li style=\"\"><span style=\"\">G\u00e9n\u00e8re un niveau de confiance, bas\u00e9 sur les \u00e9tapes pr\u00e9c\u00e9dentes<\/span><\/li>\n<li style=\"\"><span style=\"\">Compose le contenu de l&rsquo;e-mail et envoie des e-mails<\/span><\/li>\n<li style=\"\"><span style=\"\">L&rsquo;op\u00e9rateur humain peut interf\u00e9rer ou ne pas modifier les \u00e9l\u00e9ments du courrier \u00e9lectronique \u00e0 envoyer<\/span><\/li>\n<li style=\"\"><span style=\"\">Joindre des fichiers si n\u00e9cessaire<\/span><\/li>\n<li style=\"\"><span style=\"\">Envoyez automatiquement l&rsquo;e-mail si le niveau de confiance atteint un pourcentage sp\u00e9cifi\u00e9<\/span><\/li>\n<\/ul>\n<p style=\"\"><strong>Apprenez et agissez<\/strong><\/p>\n<p>Apprenez de chaque action entreprise par l&rsquo;op\u00e9rateur humain. Certaines actions sont d\u00e9j\u00e0 effectu\u00e9es par EmailTree et des e-mails sont envoy\u00e9s. D&rsquo;autres actions doivent \u00eatre examin\u00e9es par un op\u00e9rateur humain avant d&rsquo;envoyer l&rsquo;e-mail. La prochaine fois, dans un sc\u00e9nario similaire, EmailTree enverra automatiquement l&rsquo;e-mail appropri\u00e9.<\/p>\n<p><span><img loading=\"lazy\" decoding=\"async\" alt=\"\" data-id=\"303\" title=\"email-composition-emailtree\" src=\"https:\/\/emailtree.ai\/wp-content\/uploads\/2020\/01\/email-composition-emailtree.png\" style=\"\" width=\"760\" height=\"428\"><\/span><\/p>\n<p style=\"\"><strong>Am\u00e9lioration du score d&rsquo;apprentissage<\/strong><\/p>\n<p>Chaque d\u00e9cision contribue au processus d&rsquo;apprentissage. Jour apr\u00e8s jour, le niveau de confiance s&rsquo;am\u00e9liore et EmailTree fonctionne mieux.<\/p>\n<ul>\n<li style=\"\"><span style=\"\">Utilisez des donn\u00e9es contextuelles pour automatiser la d\u00e9cision finale<\/span><\/li>\n<\/ul>\n<p><span><img loading=\"lazy\" decoding=\"async\" alt=\"\" data-id=\"304\" title=\"supervised-learning-emailtree\" src=\"https:\/\/emailtree.ai\/wp-content\/uploads\/2020\/01\/supervised-learning-emailtree.png\" style=\"\" width=\"449\" height=\"173\"><\/span><\/p>\n<h2 style=\"text-align: center;\"><strong>Clients<\/strong><\/h2>\n<p><span style=\"\"><img loading=\"lazy\" decoding=\"async\" alt=\"\" data-id=\"28\" title=\"orange-logo\" src=\"https:\/\/emailtree.ai\/wp-content\/uploads\/2020\/01\/orange-logo.png\" style=\"\" ml-d=\"0\" mt-d=\"0\" width=\"225\" height=\"225\"><\/span><\/p>\n<p style=\"text-align: center;\">Orange Luxembourg<\/p>\n<p><span style=\"\"><img loading=\"lazy\" decoding=\"async\" alt=\"\" data-id=\"483\" title=\"1200px-E\u0301lectricite\u0301_de_France.svg\" src=\"https:\/\/emailtree.ai\/wp-content\/uploads\/2020\/01\/1200px-E\u0301lectricite\u0301_de_France.svg_.png\" style=\"\" ml-d=\"0\" mt-d=\"0\" width=\"227\" height=\"101\"><\/span><\/p>\n<p style=\"text-align: center;\">EDF France<\/p>\n<p><span style=\"\"><img loading=\"lazy\" decoding=\"async\" alt=\"\" data-id=\"478\" title=\"logo-bwm\" src=\"https:\/\/emailtree.ai\/wp-content\/uploads\/2020\/01\/logo-bwm.png\" style=\"\" ml-d=\"0\" mt-d=\"0\" width=\"169\" height=\"68\"><\/span><\/p>\n<p>Distributeur officiel de logiciels \u00e9lectroniques de:<\/p>\n<p><span><img loading=\"lazy\" decoding=\"async\" alt=\"\" data-id=\"462\" title=\"Microsoft-logo\" src=\"https:\/\/emailtree.ai\/wp-content\/uploads\/2020\/01\/Microsoft-logo.png\" style=\"\" width=\"240\" height=\"51\"><\/span><span><img loading=\"lazy\" decoding=\"async\" alt=\"\" data-id=\"480\" title=\"Bitdefender-logo1\" src=\"https:\/\/emailtree.ai\/wp-content\/uploads\/2020\/01\/Bitdefender-logo1.png\" style=\"\" width=\"119\" height=\"64\"><\/span><span><img loading=\"lazy\" decoding=\"async\" alt=\"\" data-id=\"481\" title=\"1200px-ESET_logo.svg\" src=\"https:\/\/emailtree.ai\/wp-content\/uploads\/2020\/01\/1200px-ESET_logo.svg_.png\" style=\"\" width=\"114\" height=\"45\"><\/span><span><img loading=\"lazy\" decoding=\"async\" alt=\"\" data-id=\"482\" title=\"1200px-G_Data_Software_logo.svg\" src=\"https:\/\/emailtree.ai\/wp-content\/uploads\/2020\/01\/1200px-G_Data_Software_logo.svg_.png\" style=\"\" width=\"54\" height=\"74\"><\/span><span style=\"\"><img loading=\"lazy\" decoding=\"async\" alt=\"\" data-id=\"484\" title=\"netregie-logo\" src=\"https:\/\/emailtree.ai\/wp-content\/uploads\/2020\/01\/netregie-logo.png\" style=\"\" ml-d=\"0\" mt-d=\"0\" width=\"217\" height=\"56\"><\/span><\/p>\n<p style=\"text-align: center;\">NETREGIE Luxembourg<\/p>\n<h2 style=\"text-align: center;\"><strong>Offres<\/strong><\/h2>\n<p><a href=\"#\"><span><span>Instance 1<\/span><\/span><\/a><\/p>\n<h5>starter<\/h5>\n<p>30 000 Emails<\/p>\n<p>Par an<\/p>\n<p>1 An<\/p>\n<p>de License<\/p>\n<p>30 Heures<\/p>\n<p>CRM \/ ERP D\u00e9veloppement et int\u00e9gration personnalis\u00e9s<\/p>\n<h5 style=\"\">moyenne<\/h5>\n<p>100 000 Emails<\/p>\n<p>Par an<\/p>\n<p>1 An<\/p>\n<p>de License<\/p>\n<p>60 Heures<\/p>\n<p>CRM \/ ERP D\u00e9veloppement et int\u00e9gration personnalis\u00e9s<\/p>\n<h5>large<\/h5>\n<p>300 000 Emails<\/p>\n<p>Par an<\/p>\n<p>1 An<\/p>\n<p>de License<\/p>\n<p>100 Heures<\/p>\n<p>CRM \/ ERP D\u00e9veloppement et int\u00e9gration personnalis\u00e9s<\/p>\n<h5>SOCI\u00c9T\u00c9<\/h5>\n<p>Emails Illimit\u00e9s<\/p>\n<p>Par an<\/p>\n<p>1 An<\/p>\n<p>de License<\/p>\n<p>200 Heures<\/p>\n<p>CRM \/ ERP D\u00e9veloppement et int\u00e9gration personnalis\u00e9s<\/p>\n<h2 style=\"text-align: center;\">Customer Success Stories<\/h2>\n<p><a href=\"\/customer-service-success-stories\/orange-luxembourg-hyperautomation\/\" rel=\"noopener\" target=\"_blank\">    <span><img decoding=\"async\" alt=\"\" data-id=\"108\" width=\"150\" height=\"150\" title=\"\" src=\"https:\/\/emailtree.ai\/wp-content\/uploads\/2020\/01\/0004_Orange.png\" style=\"\" data-width=\"150\" data-height=\"150\" data-init-width=\"300\" data-init-height=\"300\" loading=\"lazy\"><\/span>   <\/p>\n<p style=\"text-align: center;\">TELECOM<\/p>\n<p style=\"text-align: center;\">Orange Luxembourg<\/p>\n<p style=\"text-align: center;\">Find out how Orange Luxembourg has succeeded in reducing the customer service load, increasing productivity when handling text requests and increasing customer satisfaction.<\/p>\n<p>  <\/a><a href=\"\/customer-success-stories\/bwm-mediasoft-customer-service-hyperautomation\/\" rel=\"noopener\" target=\"_blank\">    <span><img decoding=\"async\" alt=\"\" data-id=\"1228\" width=\"150\" height=\"61\" title=\"\" src=\"https:\/\/emailtree.ai\/wp-content\/uploads\/logo-bwm-white.png\" style=\"\" data-init-width=\"169\" data-init-height=\"68\" data-width=\"150\" data-height=\"61\" loading=\"lazy\"><\/span>   <\/p>\n<p style=\"text-align: center;\">ECOMMERCE<\/p>\n<p style=\"text-align: center;\">BWM Mediasoft<\/p>\n<p style=\"text-align: center;\">Find out how Hyperautomation has helped BWM Mediasoft increase efficiency \/ productivity and reduce response time, while increasing customer satisfaction.<\/p>\n<p>  <\/a><\/p>\n<p style=\"text-align: left;\">Avoir Un Impact R\u00e9el Sur Votre Flux De Travail<\/p>\n<p style=\"text-align: center;\">60<\/p>\n<p style=\"text-align: center;\"><span style=\"font-size: 37px;\">%<\/span><\/p>\n<p style=\"text-align: center;\">Diminution du temps de r\u00e9solution moyen par e-mail<\/p>\n<p style=\"text-align: center;\">1<\/p>\n<p style=\"text-align: center;\"><span style=\"font-size: 37px;\">Minute<\/span><\/p>\n<p style=\"text-align: center;\">Temps de r\u00e9solution moyen par e-mail<\/p>\n<p style=\"text-align: center;\">25<\/p>\n<p style=\"text-align: center;\"><span style=\"font-size: 37px;\">%<\/span><\/p>\n<p style=\"text-align: center;\">Augmentation des ventes<\/p>\n<h2 style=\"text-align: center;\"><strong>Partenaires<\/strong><\/h2>\n<p><span style=\"\"><img loading=\"lazy\" decoding=\"async\" alt=\"\" data-id=\"462\" title=\"Microsoft-logo\" src=\"https:\/\/emailtree.ai\/wp-content\/uploads\/2020\/01\/Microsoft-logo.png\" style=\"margin-left: 0px;\" ml-d=\"0\" mt-d=\"-1\" width=\"240\" height=\"51\"><\/span><\/p>\n<p>Microsoft ISV Acceleration Lab<\/p>\n<p><span><img loading=\"lazy\" decoding=\"async\" alt=\"\" data-id=\"463\" title=\"NVIDIA-Inception-logo\" src=\"https:\/\/emailtree.ai\/wp-content\/uploads\/2020\/01\/NVIDIA-Inception-logo.png\" style=\"\" width=\"183\" height=\"63\"><\/span><\/p>\n<p>Nvida Virtual Accelerator<\/p>\n<p><span><img loading=\"lazy\" decoding=\"async\" alt=\"\" data-id=\"464\" title=\"bnp-paribas\" src=\"https:\/\/emailtree.ai\/wp-content\/uploads\/2020\/01\/bnp-paribas.png\" style=\"\" width=\"237\" height=\"62\"><\/span><\/p>\n<p>Lux Future Lab Incubator<\/p>\n<p><span><img loading=\"lazy\" decoding=\"async\" alt=\"\" data-id=\"465\" title=\"ey\" src=\"https:\/\/emailtree.ai\/wp-content\/uploads\/2020\/01\/ey.png\" style=\"\" width=\"101\" height=\"49\"><\/span><\/p>\n<p>EY Novation Incubator<\/p>\n<p><span><img loading=\"lazy\" decoding=\"async\" alt=\"\" data-id=\"467\" title=\"orange\" src=\"https:\/\/emailtree.ai\/wp-content\/uploads\/2020\/01\/orange.png\" style=\"\" width=\"123\" height=\"51\"><\/span><\/p>\n<p>Orange Business Accelerator<\/p>\n<h2 style=\"text-align: center;\"><strong>Atelier d&rsquo;Audit d&rsquo;Hyperautomatisation EmailTree<\/strong><\/h2>\n<p style=\"text-align: center; --tcb-applied-color:rgb(255, 255, 255); color: rgb(255, 255, 255) !important;\">D\u00e9couvrez Les T\u00e2ches Que Vous Pouvez Automatiser<\/p>\n<p>L&rsquo;Hyperautomatisation\u202fest num\u00e9ro 1 des tendances sur la liste Gartner de&nbsp;<a data-tcb_hover_state_parent=\"\" href=\"https:\/\/www.gartner.com\/en\/information-technology\/insights\/top-technology-trends\" style=\"outline: none;\" target=\"_blank\" rel=\"noopener\">Top 10 Strategic Technology Trends for 2022<\/a>.\u202f\u00cates-vous pr\u00eats pour l&rsquo;Hyperautomatisation?<\/p>\n","protected":false},"excerpt":{"rendered":"<p>EmailTree AI Entreprise Nous aidons les entreprises \u00e0 augmenter la satisfaction client. Pourquoi choisir EmailTree? Augmentez La Productivit\u00e9 Des Emails Am\u00e9liorer Le Service Client R\u00e9duire Le Temps De Traitement Moyen (AHT &#8211; Average Handling Time) Int\u00e9gration RPA Comment \u00e7a marche? COMPR\u00c9HENSION DES EMAILS Extraire le sens des e-mails Traitement du langage naturel pour extraire l&rsquo;essence [&hellip;]<\/p>\n","protected":false},"author":8,"featured_media":3745,"parent":0,"menu_order":0,"comment_status":"closed","ping_status":"closed","template":"","meta":{"footnotes":""},"class_list":["post-2012","page","type-page","status-publish","has-post-thumbnail","hentry","post-wrapper","thrv_wrapper"],"yoast_head":"<!-- This site is optimized with the Yoast SEO plugin v23.6 - https:\/\/yoast.com\/wordpress\/plugins\/seo\/ -->\n<title>EmailTree Entreprise - EmailTree AI<\/title>\n<meta name=\"description\" content=\"EmailTree AI solution for companies helps any customer service or support team to save time, resources and increase the customer satifaction.\" \/>\n<meta name=\"robots\" content=\"index, follow, max-snippet:-1, max-image-preview:large, max-video-preview:-1\" \/>\n<link rel=\"canonical\" href=\"https:\/\/emailtree.ai\/fr\/enterprise\/\" \/>\n<meta property=\"og:locale\" content=\"fr_FR\" \/>\n<meta property=\"og:type\" content=\"article\" \/>\n<meta property=\"og:title\" content=\"EmailTree Entreprise - EmailTree AI\" \/>\n<meta property=\"og:description\" content=\"EmailTree AI solution for companies helps any customer service or support team to save time, resources and increase the customer satifaction.\" \/>\n<meta property=\"og:url\" content=\"https:\/\/emailtree.ai\/fr\/enterprise\/\" \/>\n<meta property=\"og:site_name\" content=\"EmailTree AI\" \/>\n<meta property=\"article:modified_time\" content=\"2022-09-21T14:39:08+00:00\" \/>\n<meta property=\"og:image\" content=\"https:\/\/emailtree.ai\/wp-content\/uploads\/ET-logo-2.png\" \/>\n\t<meta property=\"og:image:width\" content=\"1400\" \/>\n\t<meta property=\"og:image:height\" content=\"618\" \/>\n\t<meta property=\"og:image:type\" content=\"image\/png\" \/>\n<meta name=\"twitter:card\" content=\"summary_large_image\" \/>\n<meta name=\"twitter:label1\" content=\"Dur\u00e9e de lecture estim\u00e9e\" \/>\n\t<meta name=\"twitter:data1\" content=\"3 minutes\" \/>\n<script type=\"application\/ld+json\" class=\"yoast-schema-graph\">{\"@context\":\"https:\/\/schema.org\",\"@graph\":[{\"@type\":\"WebPage\",\"@id\":\"https:\/\/emailtree.ai\/fr\/enterprise\/\",\"url\":\"https:\/\/emailtree.ai\/fr\/enterprise\/\",\"name\":\"EmailTree Entreprise - EmailTree AI\",\"isPartOf\":{\"@id\":\"https:\/\/emailtree.ai\/fr\/#website\"},\"primaryImageOfPage\":{\"@id\":\"https:\/\/emailtree.ai\/fr\/enterprise\/#primaryimage\"},\"image\":{\"@id\":\"https:\/\/emailtree.ai\/fr\/enterprise\/#primaryimage\"},\"thumbnailUrl\":\"https:\/\/emailtree.ai\/wp-content\/uploads\/ET-logo-2.png\",\"datePublished\":\"2020-01-27T08:59:32+00:00\",\"dateModified\":\"2022-09-21T14:39:08+00:00\",\"description\":\"EmailTree AI solution for companies helps any customer service or support team to save time, resources and increase the customer satifaction.\",\"breadcrumb\":{\"@id\":\"https:\/\/emailtree.ai\/fr\/enterprise\/#breadcrumb\"},\"inLanguage\":\"fr-FR\",\"potentialAction\":[{\"@type\":\"ReadAction\",\"target\":[\"https:\/\/emailtree.ai\/fr\/enterprise\/\"]}]},{\"@type\":\"ImageObject\",\"inLanguage\":\"fr-FR\",\"@id\":\"https:\/\/emailtree.ai\/fr\/enterprise\/#primaryimage\",\"url\":\"https:\/\/emailtree.ai\/wp-content\/uploads\/ET-logo-2.png\",\"contentUrl\":\"https:\/\/emailtree.ai\/wp-content\/uploads\/ET-logo-2.png\",\"width\":1400,\"height\":618},{\"@type\":\"BreadcrumbList\",\"@id\":\"https:\/\/emailtree.ai\/fr\/enterprise\/#breadcrumb\",\"itemListElement\":[{\"@type\":\"ListItem\",\"position\":1,\"name\":\"Home\",\"item\":\"https:\/\/emailtree.ai\/fr\/\"},{\"@type\":\"ListItem\",\"position\":2,\"name\":\"EmailTree Entreprise\"}]},{\"@type\":\"WebSite\",\"@id\":\"https:\/\/emailtree.ai\/fr\/#website\",\"url\":\"https:\/\/emailtree.ai\/fr\/\",\"name\":\"EmailTree AI\",\"description\":\"Customer Service Hyperautomation\",\"potentialAction\":[{\"@type\":\"SearchAction\",\"target\":{\"@type\":\"EntryPoint\",\"urlTemplate\":\"https:\/\/emailtree.ai\/fr\/?s={search_term_string}\"},\"query-input\":{\"@type\":\"PropertyValueSpecification\",\"valueRequired\":true,\"valueName\":\"search_term_string\"}}],\"inLanguage\":\"fr-FR\"}]}<\/script>\n<!-- \/ Yoast SEO plugin. -->","yoast_head_json":{"title":"EmailTree Entreprise - EmailTree AI","description":"EmailTree AI solution for companies helps any customer service or support team to save time, resources and increase the customer satifaction.","robots":{"index":"index","follow":"follow","max-snippet":"max-snippet:-1","max-image-preview":"max-image-preview:large","max-video-preview":"max-video-preview:-1"},"canonical":"https:\/\/emailtree.ai\/fr\/enterprise\/","og_locale":"fr_FR","og_type":"article","og_title":"EmailTree Entreprise - EmailTree AI","og_description":"EmailTree AI solution for companies helps any customer service or support team to save time, resources and increase the customer satifaction.","og_url":"https:\/\/emailtree.ai\/fr\/enterprise\/","og_site_name":"EmailTree AI","article_modified_time":"2022-09-21T14:39:08+00:00","og_image":[{"width":1400,"height":618,"url":"https:\/\/emailtree.ai\/wp-content\/uploads\/ET-logo-2.png","type":"image\/png"}],"twitter_card":"summary_large_image","twitter_misc":{"Dur\u00e9e de lecture estim\u00e9e":"3 minutes"},"schema":{"@context":"https:\/\/schema.org","@graph":[{"@type":"WebPage","@id":"https:\/\/emailtree.ai\/fr\/enterprise\/","url":"https:\/\/emailtree.ai\/fr\/enterprise\/","name":"EmailTree Entreprise - EmailTree AI","isPartOf":{"@id":"https:\/\/emailtree.ai\/fr\/#website"},"primaryImageOfPage":{"@id":"https:\/\/emailtree.ai\/fr\/enterprise\/#primaryimage"},"image":{"@id":"https:\/\/emailtree.ai\/fr\/enterprise\/#primaryimage"},"thumbnailUrl":"https:\/\/emailtree.ai\/wp-content\/uploads\/ET-logo-2.png","datePublished":"2020-01-27T08:59:32+00:00","dateModified":"2022-09-21T14:39:08+00:00","description":"EmailTree AI solution for companies helps any customer service or support team to save time, resources and increase the customer satifaction.","breadcrumb":{"@id":"https:\/\/emailtree.ai\/fr\/enterprise\/#breadcrumb"},"inLanguage":"fr-FR","potentialAction":[{"@type":"ReadAction","target":["https:\/\/emailtree.ai\/fr\/enterprise\/"]}]},{"@type":"ImageObject","inLanguage":"fr-FR","@id":"https:\/\/emailtree.ai\/fr\/enterprise\/#primaryimage","url":"https:\/\/emailtree.ai\/wp-content\/uploads\/ET-logo-2.png","contentUrl":"https:\/\/emailtree.ai\/wp-content\/uploads\/ET-logo-2.png","width":1400,"height":618},{"@type":"BreadcrumbList","@id":"https:\/\/emailtree.ai\/fr\/enterprise\/#breadcrumb","itemListElement":[{"@type":"ListItem","position":1,"name":"Home","item":"https:\/\/emailtree.ai\/fr\/"},{"@type":"ListItem","position":2,"name":"EmailTree Entreprise"}]},{"@type":"WebSite","@id":"https:\/\/emailtree.ai\/fr\/#website","url":"https:\/\/emailtree.ai\/fr\/","name":"EmailTree AI","description":"Customer Service Hyperautomation","potentialAction":[{"@type":"SearchAction","target":{"@type":"EntryPoint","urlTemplate":"https:\/\/emailtree.ai\/fr\/?s={search_term_string}"},"query-input":{"@type":"PropertyValueSpecification","valueRequired":true,"valueName":"search_term_string"}}],"inLanguage":"fr-FR"}]}},"_links":{"self":[{"href":"https:\/\/emailtree.ai\/fr\/wp-json\/wp\/v2\/pages\/2012"}],"collection":[{"href":"https:\/\/emailtree.ai\/fr\/wp-json\/wp\/v2\/pages"}],"about":[{"href":"https:\/\/emailtree.ai\/fr\/wp-json\/wp\/v2\/types\/page"}],"author":[{"embeddable":true,"href":"https:\/\/emailtree.ai\/fr\/wp-json\/wp\/v2\/users\/8"}],"replies":[{"embeddable":true,"href":"https:\/\/emailtree.ai\/fr\/wp-json\/wp\/v2\/comments?post=2012"}],"version-history":[{"count":0,"href":"https:\/\/emailtree.ai\/fr\/wp-json\/wp\/v2\/pages\/2012\/revisions"}],"wp:featuredmedia":[{"embeddable":true,"href":"https:\/\/emailtree.ai\/fr\/wp-json\/wp\/v2\/media\/3745"}],"wp:attachment":[{"href":"https:\/\/emailtree.ai\/fr\/wp-json\/wp\/v2\/media?parent=2012"}],"curies":[{"name":"wp","href":"https:\/\/api.w.org\/{rel}","templated":true}]}}