{"id":2020,"date":"2020-01-24T17:07:09","date_gmt":"2020-01-24T17:07:09","guid":{"rendered":"https:\/\/emailtree.ai\/private-smbs\/"},"modified":"2021-01-13T10:45:31","modified_gmt":"2021-01-13T10:45:31","slug":"particulier-pme","status":"publish","type":"page","link":"https:\/\/emailtree.ai\/fr\/particulier-pme\/","title":{"rendered":"EmailTree Particulier et PME"},"content":{"rendered":"<h2 style=\"text-align: left;\"><span><span lang=\"fr\"><span title=\"\">R\u00e9pondez aux e-mails en quelques secondes!<\/span><\/span><\/span><\/h2>\n<p style=\"text-align: left; --tcb-applied-color:rgb(255, 255, 255); color: rgb(255, 255, 255) !important;\"><span style=\"font-weight: normal;\"><span lang=\"fr\"><span title=\"\">Nous aidons votre entreprise \u00e0 am\u00e9liorer son service client.<\/span><\/span><\/span><\/p>\n<p><span><img loading=\"lazy\" decoding=\"async\" alt=\"\" data-id=\"538\" title=\"reply-email-multiple-languages-emailtree\" src=\"https:\/\/emailtree.ai\/wp-content\/uploads\/2020\/01\/reply-email-multiple-languages-emailtree.png\" width=\"2178\" height=\"698\"><\/span><\/p>\n<h3>R\u00e9pondre en plusieurs langues<\/h3>\n<p>Choisissez entre plusieurs langues: anglais, fran\u00e7ais, allemand, espagnol, italien, n\u00e9erlandais, portugais, luxembourgeois, etc. (langues bas\u00e9es sur l&rsquo;alphabet latin).<\/p>\n<h3>Glissez-d\u00e9posez, envoyez!<\/h3>\n<p>D\u00e9finissez les expressions personnalis\u00e9es et les blocs de textes en fonction de votre activit\u00e9 et de votre secteur d&rsquo;activit\u00e9 sp\u00e9cifique. Pour r\u00e9pondre, faites simplement glisser et d\u00e9posez des blocs de texte et envoyez l&rsquo;e-mail en quelques secondes.<\/p>\n<p><span><img loading=\"lazy\" decoding=\"async\" alt=\"\" data-id=\"535\" title=\"email-reply-drag-drop-emailtree\" src=\"https:\/\/emailtree.ai\/wp-content\/uploads\/2020\/01\/email-reply-drag-drop-emailtree.png\" style=\"\" width=\"2094\" height=\"1076\"><\/span><span><img loading=\"lazy\" decoding=\"async\" alt=\"\" data-id=\"539\" title=\"Machine Learning Email Reply EmailTree AI\" src=\"https:\/\/emailtree.ai\/wp-content\/uploads\/2020\/01\/learning-email-reply-emailtree.png\" width=\"1954\" height=\"1280\"><\/span><\/p>\n<h3>Apprendre pendant que vous r\u00e9pondez<\/h3>\n<p>Former EmailTree afin de comprendre vos besoins sp\u00e9cifiques. Obtenez des suggestions de r\u00e9ponses avec des niveaux de confiance plus \u00e9lev\u00e9s.<\/p>\n<h3>Importer des donn\u00e9es<\/h3>\n<p>G\u00e9n\u00e9rez des r\u00e9ponses hautement personnalis\u00e9es en ins\u00e9rant des donn\u00e9es personnalis\u00e9es g\u00e9r\u00e9es \u00e0 partir de bases de donn\u00e9es internes import\u00e9es dans votre profil.<\/p>\n<p><span><img loading=\"lazy\" decoding=\"async\" alt=\"\" data-id=\"541\" title=\"EmailTree.ai Import Data\" src=\"https:\/\/emailtree.ai\/wp-content\/uploads\/2020\/01\/emailtree-import-data.png\" width=\"1968\" height=\"1308\"><\/span><span><img loading=\"lazy\" decoding=\"async\" alt=\"\" data-id=\"542\" title=\"EmailTree.ai Outlook Plugin\" src=\"https:\/\/emailtree.ai\/wp-content\/uploads\/2020\/01\/emailtree-outlook-plugin.png\" width=\"1906\" height=\"1222\"><\/span><\/p>\n<h3>Plug-ins EmailTree<\/h3>\n<p>Int\u00e9grez EmailTree aux logiciels et plates-formes de gestion de messagerie populaires comme Outlook et Gmail.<\/p>\n<h3>CRM int\u00e9gr\u00e9<\/h3>\n<p>EmailTree comprend une version all\u00e9g\u00e9e de CRM qui vous aide \u00e0 classer les e-mails, \u00e0 les affecter \u00e0 diff\u00e9rents membres de l&rsquo;\u00e9quipe, \u00e0 planifier des t\u00e2ches, \u00e0 configurer et \u00e0 g\u00e9rer des alertes, des actions et plus encore.<\/p>\n<p><span><img loading=\"lazy\" decoding=\"async\" alt=\"\" data-id=\"543\" title=\"Emailtree.ai CRM Integration\" src=\"https:\/\/emailtree.ai\/wp-content\/uploads\/2020\/01\/emailtree-crm-integration.png\" width=\"1950\" height=\"1310\"><\/span><span><img loading=\"lazy\" decoding=\"async\" alt=\"\" data-id=\"545\" title=\"EmailTree Tools Integration\" src=\"https:\/\/emailtree.ai\/wp-content\/uploads\/2020\/01\/emailtree-tools-integration.png\" width=\"1954\" height=\"1272\"><\/span><\/p>\n<h3>Int\u00e9gration avec d&rsquo;autres outils<\/h3>\n<p>EmailTree Connect vous permettra de vous connecter et de vous int\u00e9grer \u00e0 des logiciels et des outils de productivit\u00e9 populaires tels que le CRM, la comptabilit\u00e9 et aux outils et plates-formes populaires d&rsquo;Automatisation des Processus Robotiques (RPA &#8211; Robotic Process Automation).<\/p>\n<h3>EmailTree pour navigateur Tesla<\/h3>\n<p>Utilisez EmailTree sur le tableau de bord d&rsquo;une voiture Tesla. R\u00e9pondez \u00e0 l&rsquo;e-mail en quelques secondes pendant que vous attendez le feu vert et gagnez du temps pour plus tard.<\/p>\n<p><span><img loading=\"lazy\" decoding=\"async\" alt=\"\" data-id=\"547\" title=\"EmailTree Tesla Browser Integration\" src=\"https:\/\/emailtree.ai\/wp-content\/uploads\/2020\/01\/emailtree-tesla-browser-integration.png\" width=\"1972\" height=\"1302\"><\/span><\/p>\n<h2 style=\"text-align: center;\"><strong>Pourquoi choisir EmailTree AI?<\/strong><\/h2>\n<p style=\"text-align: center;\"><strong><strong>Augmentez La Productivit\u00e9 Des Emails<\/strong><\/strong><\/p>\n<p style=\"text-align: center;\"><strong><strong>Am\u00e9liorer Le Service Client<\/strong><\/strong><\/p>\n<p style=\"text-align: center;\"><strong><strong>R\u00e9duire Le Temps De Traitement Moyen (AHT &#8211; Average Handling Time)<\/strong><\/strong><\/p>\n<p style=\"text-align: center;\"><strong><strong>Int\u00e9gration RPA<\/strong><\/strong><\/p>\n<h2 style=\"text-align: center;\"><strong>Clients<\/strong><\/h2>\n<p><span><img loading=\"lazy\" decoding=\"async\" alt=\"\" data-id=\"28\" title=\"orange-logo\" src=\"https:\/\/emailtree.ai\/wp-content\/uploads\/2020\/01\/orange-logo.png\" style=\"\" width=\"225\" height=\"225\"><\/span><\/p>\n<p style=\"text-align: center;\">Orange Luxembourg<\/p>\n<p><span><img loading=\"lazy\" decoding=\"async\" alt=\"\" data-id=\"483\" title=\"1200px-E\u0301lectricite\u0301_de_France.svg\" src=\"https:\/\/emailtree.ai\/wp-content\/uploads\/2020\/01\/1200px-E\u0301lectricite\u0301_de_France.svg_.png\" style=\"\" width=\"227\" height=\"101\"><\/span><\/p>\n<p style=\"text-align: center;\">EDF France<\/p>\n<p><span><img loading=\"lazy\" decoding=\"async\" alt=\"\" data-id=\"478\" title=\"logo-bwm\" src=\"https:\/\/emailtree.ai\/wp-content\/uploads\/2020\/01\/logo-bwm.png\" width=\"169\" height=\"68\"><\/span><\/p>\n<p>Distributeur officiel de logiciels \u00e9lectroniques de:<\/p>\n<p><span><img loading=\"lazy\" decoding=\"async\" alt=\"\" data-id=\"462\" title=\"Microsoft-logo\" src=\"https:\/\/emailtree.ai\/wp-content\/uploads\/2020\/01\/Microsoft-logo.png\" style=\"\" width=\"240\" height=\"51\"><\/span><span><img loading=\"lazy\" decoding=\"async\" alt=\"\" data-id=\"480\" title=\"Bitdefender-logo1\" src=\"https:\/\/emailtree.ai\/wp-content\/uploads\/2020\/01\/Bitdefender-logo1.png\" style=\"\" width=\"119\" height=\"64\"><\/span><span><img loading=\"lazy\" decoding=\"async\" alt=\"\" data-id=\"481\" title=\"1200px-ESET_logo.svg\" src=\"https:\/\/emailtree.ai\/wp-content\/uploads\/2020\/01\/1200px-ESET_logo.svg_.png\" style=\"\" width=\"114\" height=\"45\"><\/span><span><img loading=\"lazy\" decoding=\"async\" alt=\"\" data-id=\"482\" title=\"1200px-G_Data_Software_logo.svg\" src=\"https:\/\/emailtree.ai\/wp-content\/uploads\/2020\/01\/1200px-G_Data_Software_logo.svg_.png\" style=\"\" width=\"54\" height=\"74\"><\/span><span><img loading=\"lazy\" decoding=\"async\" alt=\"\" data-id=\"481\" title=\"1200px-ESET_logo.svg\" src=\"https:\/\/emailtree.ai\/wp-content\/uploads\/2020\/01\/1200px-ESET_logo.svg_.png\" style=\"\" width=\"114\" height=\"45\"><\/span><span><img loading=\"lazy\" decoding=\"async\" alt=\"\" data-id=\"484\" title=\"netregie-logo\" src=\"https:\/\/emailtree.ai\/wp-content\/uploads\/2020\/01\/netregie-logo.png\" style=\"\" width=\"217\" height=\"56\"><\/span><\/p>\n<p style=\"text-align: center;\">NETREGIE Luxembourg<\/p>\n<h2 style=\"text-align: center;\"><strong>Partenaires<\/strong><\/h2>\n<p><span style=\"\"><img loading=\"lazy\" decoding=\"async\" alt=\"\" data-id=\"462\" title=\"Microsoft-logo\" src=\"https:\/\/emailtree.ai\/wp-content\/uploads\/2020\/01\/Microsoft-logo.png\" style=\"\" ml-d=\"0\" mt-d=\"-2\" width=\"240\" height=\"51\"><\/span><\/p>\n<p>Microsoft ISV Acceleration Lab<\/p>\n<p><span style=\"\"><img loading=\"lazy\" decoding=\"async\" alt=\"\" data-id=\"463\" title=\"NVIDIA-Inception-logo\" src=\"https:\/\/emailtree.ai\/wp-content\/uploads\/2020\/01\/NVIDIA-Inception-logo.png\" style=\"\" ml-d=\"0\" mt-d=\"-2\" width=\"183\" height=\"63\"><\/span><\/p>\n<p>Nvida Virtual Accelerator<\/p>\n<p><span style=\"\"><img loading=\"lazy\" decoding=\"async\" alt=\"\" data-id=\"464\" title=\"bnp-paribas\" src=\"https:\/\/emailtree.ai\/wp-content\/uploads\/2020\/01\/bnp-paribas.png\" style=\"\" ml-d=\"0\" mt-d=\"0\" width=\"237\" height=\"62\"><\/span><\/p>\n<p>Lux Future Lab Incubator<\/p>\n<p><span style=\"\"><img loading=\"lazy\" decoding=\"async\" alt=\"\" data-id=\"465\" title=\"ey\" src=\"https:\/\/emailtree.ai\/wp-content\/uploads\/2020\/01\/ey.png\" style=\"\" ml-d=\"0\" mt-d=\"0\" width=\"101\" height=\"49\"><\/span><\/p>\n<p>EY Novation Incubator<\/p>\n<p><span><img loading=\"lazy\" decoding=\"async\" alt=\"\" data-id=\"467\" title=\"orange\" src=\"https:\/\/emailtree.ai\/wp-content\/uploads\/2020\/01\/orange.png\" style=\"\" width=\"123\" height=\"51\"><\/span><\/p>\n<p style=\"\">Orange Business Accelerator<\/p>\n<p style=\"text-align: left;\">Making A Real Impact In Your Workflow<\/p>\n<p style=\"text-align: center;\">60<\/p>\n<p style=\"text-align: center;\"><span style=\"font-size: 37px;\">%<\/span><\/p>\n<p style=\"text-align: center;\">Diminution du temps de r\u00e9solution moyen par e-mail<\/p>\n<p style=\"text-align: center;\">1<\/p>\n<p style=\"text-align: center;\"><span style=\"font-size: 37px;\">Minute<\/span><\/p>\n<p style=\"text-align: center;\">Temps de r\u00e9solution moyen par e-mail<\/p>\n<p style=\"text-align: center;\">25<\/p>\n<p style=\"text-align: center;\"><span style=\"font-size: 37px;\">%<\/span><\/p>\n<p style=\"text-align: center;\">Augmentation des ventes<\/p>\n<h2 style=\"text-align: center;\"><strong>Payez \u00e0 mesure que vous grandissez. Changez \u00e0 tout moment.<\/strong><\/h2>\n<p><a href=\"#\"><span><span>Monthly<\/span><\/span><\/a><\/p>\n<h5>D\u00c9PART<\/h5>\n<h5><span>Allocations<\/span><\/h5>\n<p>1000<\/p>\n<p>E-mails envoy\u00e9s par an<\/p>\n<p>2<\/p>\n<p>Adresses mail<\/p>\n<p style=\"\">2<\/p>\n<p>Langues<\/p>\n<h5><span>Fonctionnalit\u00e9s incluses<\/span><\/h5>\n<ul>\n<li style=\"\"><span style=\"\">Apprendre de vos e-mails<\/span><\/li>\n<li style=\"\"><span style=\"\">Faites glisser et d\u00e9poser des blocs de texte<\/span><\/li>\n<li style=\"\"><span style=\"\">Suggestions de r\u00e9ponses<\/span><\/li>\n<li style=\"\"><span style=\"\">Importer des donn\u00e9es<\/span><\/li>\n<li style=\"\"><span style=\"\">Compl\u00e9ment Outlook<\/span><\/li>\n<li style=\"\"><span style=\"\">CRM<\/span><\/li>\n<li style=\"\"><span style=\"\">Navigateur Tesla<\/span><\/li>\n<\/ul>\n<h5><span>Fonctionnalit\u00e9s \u00e0 venir<\/span><\/h5>\n<ul>\n<li style=\"\"><span style=\"\">Appli iOS<\/span><\/li>\n<li style=\"\"><span style=\"\">Appli Android<\/span><\/li>\n<li style=\"\">                    <span style=\"\">Plug-in Office 365<\/span><\/li>\n<li style=\"\">                    <span style=\"\">Plug-in Gmail<\/span><\/li>\n<li style=\"\">                    <span style=\"\">Robots EmailTree<\/span><\/li>\n<li style=\"\">                    <span style=\"\">Int\u00e9gration avec d&rsquo;autres outils de productivit\u00e9<\/span><\/li>\n<li style=\"\">                    <span style=\"\">Int\u00e9gration avec d&rsquo;autres outils RPA<\/span><\/li>\n<li style=\"\">                    <span>Int\u00e9gration avec d&rsquo;autres canaux de demande client (Facebook, Twitter, Instagram, OCR, Voice to text)<\/span><\/li>\n<\/ul>\n<h5 style=\"color: var(--tcb-color-2)  !important; --tcb-applied-color:var$(--tcb-color-2)  !important;\">GRANDIR<\/h5>\n<h5><span>Allocations<\/span><\/h5>\n<p>2000<\/p>\n<p>E-mails envoy\u00e9s par an<\/p>\n<p>2<\/p>\n<p>Adresses mail<\/p>\n<p>2<\/p>\n<p>Langues<\/p>\n<h5><span>Fonctionnalit\u00e9s incluses<\/span><\/h5>\n<ul>\n<li style=\"\"><span style=\"\">Apprendre de vos e-mails<\/span><\/li>\n<li style=\"\"><span style=\"\">Faites glisser et d\u00e9poser des blocs de texte<\/span><\/li>\n<li style=\"\"><span style=\"\">Suggestions de r\u00e9ponses<\/span><\/li>\n<li style=\"\"><span style=\"\">Importer des donn\u00e9es<\/span><\/li>\n<li style=\"\"><span style=\"\">Compl\u00e9ment Outlook<\/span><\/li>\n<li style=\"\"><span style=\"\">CRM<\/span><\/li>\n<li style=\"\"><span style=\"\">Navigateur Tesla<\/span><\/li>\n<\/ul>\n<h5><span>Fonctionnalit\u00e9s \u00e0 venir<\/span><\/h5>\n<ul>\n<li style=\"\"><span style=\"\">Appli iOS<\/span><\/li>\n<li style=\"\"><span style=\"\">Appli Android<\/span><\/li>\n<li style=\"\"><span style=\"\">Plug-in Office 365<\/span><\/li>\n<li style=\"\"><span style=\"\">Plug-in Gmail<\/span><\/li>\n<li style=\"\">                    <span style=\"\">Robots EmailTree<\/span><\/li>\n<li style=\"\">                    <span style=\"\">Int\u00e9gration avec d&rsquo;autres outils de productivit\u00e9<\/span><\/li>\n<li style=\"\">                    <span style=\"\">Int\u00e9gration avec d&rsquo;autres outils RPA<\/span><\/li>\n<li style=\"\">                    <span>Int\u00e9gration avec d&rsquo;autres canaux de demande client (Facebook, Twitter, Instagram, OCR, Voice to text)<\/span><\/li>\n<\/ul>\n<h5 style=\"color: var(--tcb-color-3)  !important; --tcb-applied-color:var$(--tcb-color-3)  !important;\">\u00c9CHELLE<\/h5>\n<h5><span>Allocations<\/span><\/h5>\n<p>5000<\/p>\n<p>E-mails envoy\u00e9s par an<\/p>\n<p>3<\/p>\n<p>Adresses mail<\/p>\n<p>3<\/p>\n<p>Langues<\/p>\n<h5><span>Fonctionnalit\u00e9s incluses<\/span><\/h5>\n<ul>\n<li style=\"\"><span style=\"\">Apprendre de vos e-mails<\/span><\/li>\n<li style=\"\"><span style=\"\">Faites glisser et d\u00e9poser des blocs de texte<\/span><\/li>\n<li style=\"\"><span style=\"\">Suggestions de r\u00e9ponses<\/span><\/li>\n<li style=\"\"><span style=\"\">Importer des donn\u00e9es<\/span><\/li>\n<li style=\"\"><span style=\"\">Compl\u00e9ment Outlook<\/span><\/li>\n<li style=\"\"><span style=\"\">CRM<\/span><\/li>\n<li style=\"\"><span style=\"\">Navigateur Tesla<\/span><\/li>\n<\/ul>\n<h5><span>Fonctionnalit\u00e9s \u00e0 venir<\/span><\/h5>\n<ul>\n<li style=\"\"><span style=\"\">Appli iOS<\/span><\/li>\n<li style=\"\"><span style=\"\">Appli Android<\/span><\/li>\n<li style=\"\"><span style=\"\">Plug-in Office 365<\/span><\/li>\n<li style=\"\"><span style=\"\">Plug-in Gmail<\/span><\/li>\n<li style=\"\"><span style=\"\">Robots EmailTree<\/span><\/li>\n<li style=\"\"><span style=\"\">Int\u00e9gration avec d&rsquo;autres outils de productivit\u00e9<\/span><\/li>\n<li style=\"\">                    <span style=\"\">Int\u00e9gration avec d&rsquo;autres outils RPA<\/span><\/li>\n<li style=\"\">                    <span>Int\u00e9gration avec d&rsquo;autres canaux de demande client (Facebook, Twitter, Instagram, OCR, Voice to text)<\/span><\/li>\n<\/ul>\n<h5>PREMIUM<\/h5>\n<h5><span>Allocations<\/span><\/h5>\n<p>10000<\/p>\n<p>E-mails envoy\u00e9s par an<\/p>\n<p>3<\/p>\n<p>Adresses mail<\/p>\n<p>3<\/p>\n<p>Langues<\/p>\n<h5><span>Fonctionnalit\u00e9s incluses<\/span><\/h5>\n<ul>\n<li style=\"\"><span style=\"\">Apprendre de vos e-mails<\/span><\/li>\n<li style=\"\"><span style=\"\">Faites glisser et d\u00e9poser des blocs de texte<\/span><\/li>\n<li style=\"\"><span style=\"\">Suggestions de r\u00e9ponses<\/span><\/li>\n<li style=\"\"><span style=\"\">Importer des donn\u00e9es<\/span><\/li>\n<li style=\"\"><span style=\"\">Compl\u00e9ment Outlook<\/span><\/li>\n<li style=\"\"><span style=\"\">CRM<\/span><\/li>\n<li style=\"\"><span style=\"\">Navigateur Tesla<\/span><\/li>\n<\/ul>\n<h5><span>Fonctionnalit\u00e9s \u00e0 venir<\/span><\/h5>\n<ul>\n<li style=\"\"><span style=\"\">Appli iOS<\/span><\/li>\n<li style=\"\"><span style=\"\">Appli Android<\/span><\/li>\n<li style=\"\"><span style=\"\">Plug-in Office 365<\/span><\/li>\n<li style=\"\"><span style=\"\">Plug-in Gmail<\/span><\/li>\n<li style=\"\"><span style=\"\">Robots EmailTree<\/span><\/li>\n<li style=\"\"><span style=\"\">Int\u00e9gration avec d&rsquo;autres outils de productivit\u00e9<\/span><\/li>\n<li style=\"\"><span style=\"\">Int\u00e9gration avec d&rsquo;autres outils RPA<\/span><\/li>\n<li style=\"\"><span>Int\u00e9gration avec d&rsquo;autres canaux de demande client (Facebook, Twitter, Instagram, OCR, Voice to text)<\/span><\/li>\n<\/ul>\n<h2 style=\"text-align: center;\"><strong>Atelier d&rsquo;Audit d&rsquo;Hyperautomatisation EmailTree<\/strong><\/h2>\n<p style=\"text-align: center; --tcb-applied-color:rgb(255, 255, 255); color: rgb(255, 255, 255) !important;\">D\u00e9couvrez Les T\u00e2ches Que Vous Pouvez Automatiser<\/p>\n<p>L&rsquo;Hyperautomatisation\u202fest num\u00e9ro 1 des tendances sur la liste Gartner de\u202f<a data-tcb_hover_state_parent=\"\" href=\"https:\/\/www.gartner.com\/smarterwithgartner\/gartner-top-10-strategic-technology-trends-for-2020\/\" style=\"outline: none;\" target=\"_blank\" rel=\"noopener noreferrer\">Top 10 Strategic Technology Trends for 2020<\/a>.\u202f\u00cates-vous pr\u00eats pour l&rsquo;Hyperautomatisation?<\/p>\n<h2 style=\"text-align: center;\"><strong>T\u00e9moignage Clients<\/strong><\/h2>\n<p><span style=\"\"><a href=\"http:\/\/emailtree.ai\/orange-and-emailtree-ai-the-customer-experience-reinvented\"><img loading=\"lazy\" decoding=\"async\" alt=\"\" data-id=\"28\" width=\"225\" height=\"225\" title=\"orange-logo\" src=\"\/\/emailtree.ai\/wp-content\/uploads\/2020\/01\/orange-logo.png\" style=\"\" ml-m=\"0\" mt-m=\"-27\"><\/a><\/span><\/p>\n<p style=\"text-align: center;\">CASE STUDY<\/p>\n<h2>Orange and EmailTree: the Customer Experience Reinvented<\/h2>\n<p>Find out how Orange managed to reduce the load on the customer service, increased productivity when managing text requests and increased customer satisfaction.<\/p>\n<p><a href=\"\/customer-service-success-stories\/orange-luxembourg-hyperautomation\/\" style=\"\"> <span style=\"\"><span style=\"\">READ MORE<\/span><\/span> <\/a><\/p>\n","protected":false},"excerpt":{"rendered":"<p>R\u00e9pondez aux e-mails en quelques secondes! Nous aidons votre entreprise \u00e0 am\u00e9liorer son service client. R\u00e9pondre en plusieurs langues Choisissez entre plusieurs langues: anglais, fran\u00e7ais, allemand, espagnol, italien, n\u00e9erlandais, portugais, luxembourgeois, etc. (langues bas\u00e9es sur l&rsquo;alphabet latin). Glissez-d\u00e9posez, envoyez! D\u00e9finissez les expressions personnalis\u00e9es et les blocs de textes en fonction de votre activit\u00e9 et de [&hellip;]<\/p>\n","protected":false},"author":8,"featured_media":0,"parent":0,"menu_order":0,"comment_status":"closed","ping_status":"closed","template":"","meta":{"footnotes":""},"class_list":["post-2020","page","type-page","status-publish","hentry","post-wrapper","thrv_wrapper"],"yoast_head":"<!-- This site is optimized with the Yoast SEO plugin v23.6 - https:\/\/yoast.com\/wordpress\/plugins\/seo\/ -->\n<title>EmailTree Particulier et PME - EmailTree AI<\/title>\n<meta name=\"description\" content=\"Reply to emails in seconds. Save precious time and resources, using an intelligent communication and tasks automation solution.\" \/>\n<meta name=\"robots\" content=\"index, follow, max-snippet:-1, max-image-preview:large, max-video-preview:-1\" \/>\n<link rel=\"canonical\" href=\"https:\/\/emailtree.ai\/fr\/particulier-pme\/\" \/>\n<meta property=\"og:locale\" content=\"fr_FR\" \/>\n<meta property=\"og:type\" content=\"article\" \/>\n<meta property=\"og:title\" content=\"EmailTree Particulier et PME - EmailTree AI\" \/>\n<meta property=\"og:description\" content=\"Reply to emails in seconds. Save precious time and resources, using an intelligent communication and tasks automation solution.\" \/>\n<meta property=\"og:url\" content=\"https:\/\/emailtree.ai\/fr\/particulier-pme\/\" \/>\n<meta property=\"og:site_name\" content=\"EmailTree AI\" \/>\n<meta property=\"article:modified_time\" content=\"2021-01-13T10:45:31+00:00\" \/>\n<meta property=\"og:image\" content=\"https:\/\/emailtree.ai\/wp-content\/uploads\/2020\/01\/reply-email-multiple-languages-emailtree.png\" \/>\n<meta name=\"twitter:card\" content=\"summary_large_image\" \/>\n<meta name=\"twitter:label1\" content=\"Dur\u00e9e de lecture estim\u00e9e\" \/>\n\t<meta name=\"twitter:data1\" content=\"4 minutes\" \/>\n<script type=\"application\/ld+json\" class=\"yoast-schema-graph\">{\"@context\":\"https:\/\/schema.org\",\"@graph\":[{\"@type\":\"WebPage\",\"@id\":\"https:\/\/emailtree.ai\/fr\/particulier-pme\/\",\"url\":\"https:\/\/emailtree.ai\/fr\/particulier-pme\/\",\"name\":\"EmailTree Particulier et PME - EmailTree AI\",\"isPartOf\":{\"@id\":\"https:\/\/emailtree.ai\/fr\/#website\"},\"primaryImageOfPage\":{\"@id\":\"https:\/\/emailtree.ai\/fr\/particulier-pme\/#primaryimage\"},\"image\":{\"@id\":\"https:\/\/emailtree.ai\/fr\/particulier-pme\/#primaryimage\"},\"thumbnailUrl\":\"https:\/\/emailtree.ai\/wp-content\/uploads\/2020\/01\/reply-email-multiple-languages-emailtree.png\",\"datePublished\":\"2020-01-24T17:07:09+00:00\",\"dateModified\":\"2021-01-13T10:45:31+00:00\",\"description\":\"Reply to emails in seconds. Save precious time and resources, using an intelligent communication and tasks automation solution.\",\"breadcrumb\":{\"@id\":\"https:\/\/emailtree.ai\/fr\/particulier-pme\/#breadcrumb\"},\"inLanguage\":\"fr-FR\",\"potentialAction\":[{\"@type\":\"ReadAction\",\"target\":[\"https:\/\/emailtree.ai\/fr\/particulier-pme\/\"]}]},{\"@type\":\"ImageObject\",\"inLanguage\":\"fr-FR\",\"@id\":\"https:\/\/emailtree.ai\/fr\/particulier-pme\/#primaryimage\",\"url\":\"https:\/\/emailtree.ai\/wp-content\/uploads\/2020\/01\/reply-email-multiple-languages-emailtree.png\",\"contentUrl\":\"https:\/\/emailtree.ai\/wp-content\/uploads\/2020\/01\/reply-email-multiple-languages-emailtree.png\"},{\"@type\":\"BreadcrumbList\",\"@id\":\"https:\/\/emailtree.ai\/fr\/particulier-pme\/#breadcrumb\",\"itemListElement\":[{\"@type\":\"ListItem\",\"position\":1,\"name\":\"Home\",\"item\":\"https:\/\/emailtree.ai\/fr\/\"},{\"@type\":\"ListItem\",\"position\":2,\"name\":\"EmailTree Particulier et PME\"}]},{\"@type\":\"WebSite\",\"@id\":\"https:\/\/emailtree.ai\/fr\/#website\",\"url\":\"https:\/\/emailtree.ai\/fr\/\",\"name\":\"EmailTree AI\",\"description\":\"Customer Service Hyperautomation\",\"potentialAction\":[{\"@type\":\"SearchAction\",\"target\":{\"@type\":\"EntryPoint\",\"urlTemplate\":\"https:\/\/emailtree.ai\/fr\/?s={search_term_string}\"},\"query-input\":{\"@type\":\"PropertyValueSpecification\",\"valueRequired\":true,\"valueName\":\"search_term_string\"}}],\"inLanguage\":\"fr-FR\"}]}<\/script>\n<!-- \/ Yoast SEO plugin. -->","yoast_head_json":{"title":"EmailTree Particulier et PME - EmailTree AI","description":"Reply to emails in seconds. Save precious time and resources, using an intelligent communication and tasks automation solution.","robots":{"index":"index","follow":"follow","max-snippet":"max-snippet:-1","max-image-preview":"max-image-preview:large","max-video-preview":"max-video-preview:-1"},"canonical":"https:\/\/emailtree.ai\/fr\/particulier-pme\/","og_locale":"fr_FR","og_type":"article","og_title":"EmailTree Particulier et PME - EmailTree AI","og_description":"Reply to emails in seconds. Save precious time and resources, using an intelligent communication and tasks automation solution.","og_url":"https:\/\/emailtree.ai\/fr\/particulier-pme\/","og_site_name":"EmailTree AI","article_modified_time":"2021-01-13T10:45:31+00:00","og_image":[{"url":"https:\/\/emailtree.ai\/wp-content\/uploads\/2020\/01\/reply-email-multiple-languages-emailtree.png"}],"twitter_card":"summary_large_image","twitter_misc":{"Dur\u00e9e de lecture estim\u00e9e":"4 minutes"},"schema":{"@context":"https:\/\/schema.org","@graph":[{"@type":"WebPage","@id":"https:\/\/emailtree.ai\/fr\/particulier-pme\/","url":"https:\/\/emailtree.ai\/fr\/particulier-pme\/","name":"EmailTree Particulier et PME - EmailTree AI","isPartOf":{"@id":"https:\/\/emailtree.ai\/fr\/#website"},"primaryImageOfPage":{"@id":"https:\/\/emailtree.ai\/fr\/particulier-pme\/#primaryimage"},"image":{"@id":"https:\/\/emailtree.ai\/fr\/particulier-pme\/#primaryimage"},"thumbnailUrl":"https:\/\/emailtree.ai\/wp-content\/uploads\/2020\/01\/reply-email-multiple-languages-emailtree.png","datePublished":"2020-01-24T17:07:09+00:00","dateModified":"2021-01-13T10:45:31+00:00","description":"Reply to emails in seconds. Save precious time and resources, using an intelligent communication and tasks automation solution.","breadcrumb":{"@id":"https:\/\/emailtree.ai\/fr\/particulier-pme\/#breadcrumb"},"inLanguage":"fr-FR","potentialAction":[{"@type":"ReadAction","target":["https:\/\/emailtree.ai\/fr\/particulier-pme\/"]}]},{"@type":"ImageObject","inLanguage":"fr-FR","@id":"https:\/\/emailtree.ai\/fr\/particulier-pme\/#primaryimage","url":"https:\/\/emailtree.ai\/wp-content\/uploads\/2020\/01\/reply-email-multiple-languages-emailtree.png","contentUrl":"https:\/\/emailtree.ai\/wp-content\/uploads\/2020\/01\/reply-email-multiple-languages-emailtree.png"},{"@type":"BreadcrumbList","@id":"https:\/\/emailtree.ai\/fr\/particulier-pme\/#breadcrumb","itemListElement":[{"@type":"ListItem","position":1,"name":"Home","item":"https:\/\/emailtree.ai\/fr\/"},{"@type":"ListItem","position":2,"name":"EmailTree Particulier et PME"}]},{"@type":"WebSite","@id":"https:\/\/emailtree.ai\/fr\/#website","url":"https:\/\/emailtree.ai\/fr\/","name":"EmailTree AI","description":"Customer Service Hyperautomation","potentialAction":[{"@type":"SearchAction","target":{"@type":"EntryPoint","urlTemplate":"https:\/\/emailtree.ai\/fr\/?s={search_term_string}"},"query-input":{"@type":"PropertyValueSpecification","valueRequired":true,"valueName":"search_term_string"}}],"inLanguage":"fr-FR"}]}},"_links":{"self":[{"href":"https:\/\/emailtree.ai\/fr\/wp-json\/wp\/v2\/pages\/2020"}],"collection":[{"href":"https:\/\/emailtree.ai\/fr\/wp-json\/wp\/v2\/pages"}],"about":[{"href":"https:\/\/emailtree.ai\/fr\/wp-json\/wp\/v2\/types\/page"}],"author":[{"embeddable":true,"href":"https:\/\/emailtree.ai\/fr\/wp-json\/wp\/v2\/users\/8"}],"replies":[{"embeddable":true,"href":"https:\/\/emailtree.ai\/fr\/wp-json\/wp\/v2\/comments?post=2020"}],"version-history":[{"count":0,"href":"https:\/\/emailtree.ai\/fr\/wp-json\/wp\/v2\/pages\/2020\/revisions"}],"wp:attachment":[{"href":"https:\/\/emailtree.ai\/fr\/wp-json\/wp\/v2\/media?parent=2020"}],"curies":[{"name":"wp","href":"https:\/\/api.w.org\/{rel}","templated":true}]}}