{"id":2025,"date":"2020-01-14T07:56:13","date_gmt":"2020-01-14T07:56:13","guid":{"rendered":"https:\/\/emailtree.ai\/customer-success-stories\/"},"modified":"2022-05-18T10:33:05","modified_gmt":"2022-05-18T10:33:05","slug":"customer-success-stories","status":"publish","type":"page","link":"https:\/\/emailtree.ai\/fr\/customer-success-stories\/","title":{"rendered":"Customer Success Stories"},"content":{"rendered":"<h1 style=\"text-align: center;\"><strong><span lang=\"fr\"><span title=\"\">T\u00e9moignages clients<\/span><\/span><\/strong><\/h1>\n<p style=\"text-align: center;\"><!--StartFragment-->D\u00e9couvrez comment les entreprises b\u00e9n\u00e9ficient des solutions d&rsquo;hyperautomatisation du service client d&rsquo;EmailTree.<!--EndFragment--><\/p>\n<p><a href=\"https:\/\/emailtree.ai\/fr\/customer-success-stories\/orange-luxembourg-hyperautomatisation\/\" rel=\"\"><\/p>\n<p style=\"text-align: center;\">TELECOM<\/p>\n<p style=\"text-align: center;\">Orange Luxembourg<\/p>\n<p style=\"text-align: center;\">D\u00e9couvrez comment Orange Luxembourg a r\u00e9ussi \u00e0 r\u00e9duire la charge de service client, augmenter la productivit\u00e9 lors du traitement des demandes et \u00e0 accro\u00eetre la satisfaction client.<\/p>\n<p><\/a><a href=\"https:\/\/emailtree.ai\/fr\/customer-success-stories\/bwm-mediasoft-hyperautomatisation-service-client\/\" rel=\"\"><\/p>\n<p style=\"text-align: center;\">ECOMMERCE<\/p>\n<p style=\"text-align: center;\">BWM Mediasoft<\/p>\n<p style=\"text-align: center;\">D\u00e9couvrez comment l&rsquo;hyperautomatisation a aid\u00e9 BWM Mediasoft \u00e0 augmenter son efficacit\u00e9 \/ productivit\u00e9 et \u00e0 r\u00e9duire le temps de r\u00e9ponse, tout en augmentant la satisfaction client.<\/p>\n<p><\/a><a href=\"https:\/\/emailtree.ai\/fr\/customer-success-stories\/customer-success-story-jm-band\/\" rel=\"\"><\/p>\n<p style=\"text-align: center;\">ECOMMERCE<\/p>\n<p style=\"text-align: center;\">JM Band<\/p>\n<p style=\"text-align: center;\">D\u00e9couvrez comment r\u00e9pondre \u00e0 des centaines de demandes clients par jour en plus de 11 langues, en utilisant la puissance de l&rsquo;intelligence artificielle<\/p>\n<p><\/a><a href=\"https:\/\/emailtree.ai\/fr\/customer-success-stories\/customer-success-kompass\/\" rel=\"\"><\/p>\n<p style=\"text-align: center;\">ECOMMERCE<\/p>\n<p style=\"text-align: center;\">Kompass<\/p>\n<p style=\"text-align: center;\">D\u00e9couvrez comment automatiser les r\u00e9ponses \u00e0 vos flux quotidien d&#8217;emails et les acheminer vers les bons d\u00e9partements\/contacts au sein de votre organisation.<\/p>\n<p><\/a><\/p>\n<h2 style=\"text-align: center;\"><b>Pr\u00eat&nbsp;\u00e0 faire d\u00e9coller&nbsp;votre service client?<\/b><\/h2>\n<p style=\"text-align: center;\">Laissez-nous r\u00e9pondre \u00e0 vos questions gr\u00e2ce \u00e0 notre atelier d\u00e9di\u00e9 \u00e0 l&rsquo;hyperautomatisation.<\/p>\n","protected":false},"excerpt":{"rendered":"<p>T\u00e9moignages clients D\u00e9couvrez comment les entreprises b\u00e9n\u00e9ficient des solutions d&rsquo;hyperautomatisation du service client d&rsquo;EmailTree. TELECOM Orange Luxembourg D\u00e9couvrez comment Orange Luxembourg a r\u00e9ussi \u00e0 r\u00e9duire la charge de service client, augmenter la productivit\u00e9 lors du traitement des demandes et \u00e0 accro\u00eetre la satisfaction client. ECOMMERCE BWM Mediasoft D\u00e9couvrez comment l&rsquo;hyperautomatisation a aid\u00e9 BWM Mediasoft \u00e0 [&hellip;]<\/p>\n","protected":false},"author":1,"featured_media":0,"parent":0,"menu_order":0,"comment_status":"closed","ping_status":"closed","template":"","meta":{"footnotes":""},"class_list":["post-2025","page","type-page","status-publish","hentry","post-wrapper","thrv_wrapper"],"yoast_head":"<!-- This site is optimized with the Yoast SEO plugin v23.6 - https:\/\/yoast.com\/wordpress\/plugins\/seo\/ -->\n<title>T\u00e9moignages Clients | Hyperautomatisation | EmailTree AI<\/title>\n<meta name=\"description\" content=\"D\u00e9couvrez comment des entreprises de diff\u00e9rents secteurs tirent profit des solutions d&#039;hyperautomatisation du service client d&#039;EmailTree\" \/>\n<meta name=\"robots\" content=\"index, follow, max-snippet:-1, max-image-preview:large, max-video-preview:-1\" \/>\n<link rel=\"canonical\" href=\"https:\/\/emailtree.ai\/fr\/customer-success-stories\/\" \/>\n<meta property=\"og:locale\" content=\"fr_FR\" \/>\n<meta property=\"og:type\" content=\"article\" \/>\n<meta property=\"og:title\" content=\"T\u00e9moignages Clients | Hyperautomatisation | EmailTree AI\" \/>\n<meta property=\"og:description\" content=\"D\u00e9couvrez comment des entreprises de diff\u00e9rents secteurs tirent profit des solutions d&#039;hyperautomatisation du service client d&#039;EmailTree\" \/>\n<meta property=\"og:url\" content=\"https:\/\/emailtree.ai\/fr\/customer-success-stories\/\" \/>\n<meta property=\"og:site_name\" content=\"EmailTree AI\" \/>\n<meta property=\"article:modified_time\" content=\"2022-05-18T10:33:05+00:00\" \/>\n<meta name=\"twitter:card\" content=\"summary_large_image\" \/>\n<meta name=\"twitter:label1\" content=\"Dur\u00e9e de lecture estim\u00e9e\" \/>\n\t<meta name=\"twitter:data1\" content=\"2 minutes\" \/>\n<script type=\"application\/ld+json\" class=\"yoast-schema-graph\">{\"@context\":\"https:\/\/schema.org\",\"@graph\":[{\"@type\":\"WebPage\",\"@id\":\"https:\/\/emailtree.ai\/fr\/customer-success-stories\/\",\"url\":\"https:\/\/emailtree.ai\/fr\/customer-success-stories\/\",\"name\":\"T\u00e9moignages Clients | Hyperautomatisation | EmailTree AI\",\"isPartOf\":{\"@id\":\"https:\/\/emailtree.ai\/fr\/#website\"},\"datePublished\":\"2020-01-14T07:56:13+00:00\",\"dateModified\":\"2022-05-18T10:33:05+00:00\",\"description\":\"D\u00e9couvrez comment des entreprises de diff\u00e9rents secteurs tirent profit des solutions d'hyperautomatisation du service client d'EmailTree\",\"breadcrumb\":{\"@id\":\"https:\/\/emailtree.ai\/fr\/customer-success-stories\/#breadcrumb\"},\"inLanguage\":\"fr-FR\",\"potentialAction\":[{\"@type\":\"ReadAction\",\"target\":[\"https:\/\/emailtree.ai\/fr\/customer-success-stories\/\"]}]},{\"@type\":\"BreadcrumbList\",\"@id\":\"https:\/\/emailtree.ai\/fr\/customer-success-stories\/#breadcrumb\",\"itemListElement\":[{\"@type\":\"ListItem\",\"position\":1,\"name\":\"Home\",\"item\":\"https:\/\/emailtree.ai\/fr\/\"},{\"@type\":\"ListItem\",\"position\":2,\"name\":\"Customer Success Stories\"}]},{\"@type\":\"WebSite\",\"@id\":\"https:\/\/emailtree.ai\/fr\/#website\",\"url\":\"https:\/\/emailtree.ai\/fr\/\",\"name\":\"EmailTree AI\",\"description\":\"Customer Service Hyperautomation\",\"potentialAction\":[{\"@type\":\"SearchAction\",\"target\":{\"@type\":\"EntryPoint\",\"urlTemplate\":\"https:\/\/emailtree.ai\/fr\/?s={search_term_string}\"},\"query-input\":{\"@type\":\"PropertyValueSpecification\",\"valueRequired\":true,\"valueName\":\"search_term_string\"}}],\"inLanguage\":\"fr-FR\"}]}<\/script>\n<!-- \/ Yoast SEO plugin. -->","yoast_head_json":{"title":"T\u00e9moignages Clients | Hyperautomatisation | EmailTree AI","description":"D\u00e9couvrez comment des entreprises de diff\u00e9rents secteurs tirent profit des solutions d'hyperautomatisation du service client d'EmailTree","robots":{"index":"index","follow":"follow","max-snippet":"max-snippet:-1","max-image-preview":"max-image-preview:large","max-video-preview":"max-video-preview:-1"},"canonical":"https:\/\/emailtree.ai\/fr\/customer-success-stories\/","og_locale":"fr_FR","og_type":"article","og_title":"T\u00e9moignages Clients | Hyperautomatisation | EmailTree AI","og_description":"D\u00e9couvrez comment des entreprises de diff\u00e9rents secteurs tirent profit des solutions d'hyperautomatisation du service client d'EmailTree","og_url":"https:\/\/emailtree.ai\/fr\/customer-success-stories\/","og_site_name":"EmailTree AI","article_modified_time":"2022-05-18T10:33:05+00:00","twitter_card":"summary_large_image","twitter_misc":{"Dur\u00e9e de lecture estim\u00e9e":"2 minutes"},"schema":{"@context":"https:\/\/schema.org","@graph":[{"@type":"WebPage","@id":"https:\/\/emailtree.ai\/fr\/customer-success-stories\/","url":"https:\/\/emailtree.ai\/fr\/customer-success-stories\/","name":"T\u00e9moignages Clients | Hyperautomatisation | EmailTree AI","isPartOf":{"@id":"https:\/\/emailtree.ai\/fr\/#website"},"datePublished":"2020-01-14T07:56:13+00:00","dateModified":"2022-05-18T10:33:05+00:00","description":"D\u00e9couvrez comment des entreprises de diff\u00e9rents secteurs tirent profit des solutions d'hyperautomatisation du service client d'EmailTree","breadcrumb":{"@id":"https:\/\/emailtree.ai\/fr\/customer-success-stories\/#breadcrumb"},"inLanguage":"fr-FR","potentialAction":[{"@type":"ReadAction","target":["https:\/\/emailtree.ai\/fr\/customer-success-stories\/"]}]},{"@type":"BreadcrumbList","@id":"https:\/\/emailtree.ai\/fr\/customer-success-stories\/#breadcrumb","itemListElement":[{"@type":"ListItem","position":1,"name":"Home","item":"https:\/\/emailtree.ai\/fr\/"},{"@type":"ListItem","position":2,"name":"Customer Success Stories"}]},{"@type":"WebSite","@id":"https:\/\/emailtree.ai\/fr\/#website","url":"https:\/\/emailtree.ai\/fr\/","name":"EmailTree AI","description":"Customer Service Hyperautomation","potentialAction":[{"@type":"SearchAction","target":{"@type":"EntryPoint","urlTemplate":"https:\/\/emailtree.ai\/fr\/?s={search_term_string}"},"query-input":{"@type":"PropertyValueSpecification","valueRequired":true,"valueName":"search_term_string"}}],"inLanguage":"fr-FR"}]}},"_links":{"self":[{"href":"https:\/\/emailtree.ai\/fr\/wp-json\/wp\/v2\/pages\/2025"}],"collection":[{"href":"https:\/\/emailtree.ai\/fr\/wp-json\/wp\/v2\/pages"}],"about":[{"href":"https:\/\/emailtree.ai\/fr\/wp-json\/wp\/v2\/types\/page"}],"author":[{"embeddable":true,"href":"https:\/\/emailtree.ai\/fr\/wp-json\/wp\/v2\/users\/1"}],"replies":[{"embeddable":true,"href":"https:\/\/emailtree.ai\/fr\/wp-json\/wp\/v2\/comments?post=2025"}],"version-history":[{"count":0,"href":"https:\/\/emailtree.ai\/fr\/wp-json\/wp\/v2\/pages\/2025\/revisions"}],"wp:attachment":[{"href":"https:\/\/emailtree.ai\/fr\/wp-json\/wp\/v2\/media?parent=2025"}],"curies":[{"name":"wp","href":"https:\/\/api.w.org\/{rel}","templated":true}]}}