{"id":2030,"date":"2020-02-20T14:35:26","date_gmt":"2020-02-20T14:35:26","guid":{"rendered":"https:\/\/emailtree.ai\/become-partner\/"},"modified":"2022-09-29T09:57:10","modified_gmt":"2022-09-29T09:57:10","slug":"devenez-partenaire","status":"publish","type":"page","link":"https:\/\/emailtree.ai\/fr\/devenez-partenaire\/","title":{"rendered":"Devenez partenaire avec EmailTree AI"},"content":{"rendered":"<h1 style=\"text-align: center;\"><strong><span lang=\"fr\"><span title=\"\">Postulez pour devenir un partenaire commercial d&rsquo;EmailTree AI<\/span><\/span><\/strong><\/h1>\n<p style=\"text-align: center;\"><!--StartFragment--><span lang=\"fr\"><span title=\"\">Aider les entreprises dans leur parcours de transformation num\u00e9rique.<\/span><\/span><!--EndFragment--><\/p>\n<h2 style=\"text-align: center;\"><strong>Partenaires d&rsquo;EmailTree AI<\/strong><\/h2>\n<p style=\"text-align: center;\"><strong>Une communaut\u00e9 croissante d&rsquo;organisations d\u00e9di\u00e9es \u00e0 fournir les meilleures comp\u00e9tences et expertises possibles tout en \u00e9levant la r\u00e9f\u00e9rence intersectorielle en mati\u00e8re de qualit\u00e9.<\/strong><\/p>\n<p style=\"text-align: center;\">Nous nous int\u00e9ressons \u00e0 nos partenaires et \u00e0 leurs activit\u00e9s. Plut\u00f4t que de d\u00e9terminer le niveau de partenariat uniquement sur la base du chiffre d&rsquo;affaires, nous avons d\u00e9fini un certain nombre de crit\u00e8res qui peuvent am\u00e9liorer le statut de Partenaire. En d&rsquo;autres termes, nous nous adaptons au mod\u00e8le commercial des partenaires, plut\u00f4t que de modeler le leur pour l&rsquo;adapter au n\u00f4tre. Plus une entreprise partenaire remplira de responsabilit\u00e9s, plus votre niveau de partenariat sera \u00e9lev\u00e9 et plus un partenaire b\u00e9n\u00e9ficiera d&rsquo;avantages.<\/p>\n<h3 style=\"\">Partenaires Repr\u00e9sentatifs<\/h3>\n<p>Responsabilit\u00e9s<\/p>\n<ul>\n<li style=\"\"><span style=\"\">Prenez un contact de bonne perspective.<\/span><\/li>\n<li style=\"\"><span style=\"\">Faites une premi\u00e8re pr\u00e9sentation des produits et services d&rsquo;EmailTree.<\/span><\/li>\n<\/ul>\n<h3>Partenaires Commerciaux<\/h3>\n<p>Avec les Partenaires Repr\u00e9sentatifs<\/p>\n<ul>\n<li style=\"\">                    <span style=\"\"><span style=\"font-weight: normal;\">Qualifiez l&rsquo;opportunit\u00e9 en d\u00e9couvrant les besoins.<\/span><\/span><\/li>\n<li style=\"\"><span style=\"\">Prendre en charge la communication et faire le suivi avec le prospect lors de la qualification de l&rsquo;opportunit\u00e9.<\/span><\/li>\n<li style=\"\"><span style=\"\">N\u00e9gociations (g\u00e9r\u00e9es avec l&rsquo;\u00e9quipe de vente EmailTree AI)<\/span><\/li>\n<\/ul>\n<h3>Partenaires Commerciaux Complet<\/h3>\n<p style=\"\">Avec les Partenaires Commerciaux<\/p>\n<ul>\n<li style=\"\">                    <span style=\"\">Faites un premier atelier court\/en ligne et montrez une d\u00e9mo g\u00e9n\u00e9rale<\/span><\/li>\n<li style=\"\"><span style=\"\">R\u00e9aliser l&rsquo;offre (g\u00e9r\u00e9e avec l&rsquo;\u00e9quipe commerciale EmailTree AI)<\/span><\/li>\n<\/ul>\n<h3>Partenaires<\/h3>\n<h3>Techniques<\/h3>\n<p>Partenaires Commerciaux Complet<\/p>\n<ul>\n<li style=\"\">                    <span style=\"\">Faire un atelier complet, une analyse commerciale et g\u00e9n\u00e9rer le rapport technique<\/span><\/li>\n<\/ul>\n<h3>Partenaires<\/h3>\n<h3>Techniques RPA<\/h3>\n<p style=\"\">Avec les Partenaires Techniques<\/p>\n<ul>\n<li style=\"\">                    <span style=\"\">Impl\u00e9mentation RPA compl\u00e8te<\/span><\/li>\n<\/ul>\n<h3>Partenaires Techniques Enti\u00e8rement Certifi\u00e9s<\/h3>\n<p style=\"\">Avec les Partenaires Techniques RPA<\/p>\n<ul>\n<li style=\"\">                    <span style=\"\">Int\u00e9gration EmailTree compl\u00e8te (d\u00e9ployer sur des VM, cloud priv\u00e9, etc.)<\/span><\/li>\n<\/ul>\n<h2 style=\"text-align: center;\"><strong>Soumettez votre candidature<\/strong><\/h2>\n<p style=\"\">Nos partenaires<\/p>\n\n<h2 style=\"text-align: center;\"><strong>Pr\u00eat pour votre propre r\u00e9ussite?<\/strong><\/h2>\n<p style=\"text-align: center;\">Laissez-nous r\u00e9pondre \u00e0 vos questions gr\u00e2ce \u00e0 notre atelier d&rsquo;audit Hyperautomatisation.<\/p>\n","protected":false},"excerpt":{"rendered":"<p>Postulez pour devenir un partenaire commercial d&rsquo;EmailTree AI Aider les entreprises dans leur parcours de transformation num\u00e9rique. Partenaires d&rsquo;EmailTree AI Une communaut\u00e9 croissante d&rsquo;organisations d\u00e9di\u00e9es \u00e0 fournir les meilleures comp\u00e9tences et expertises possibles tout en \u00e9levant la r\u00e9f\u00e9rence intersectorielle en mati\u00e8re de qualit\u00e9. Nous nous int\u00e9ressons \u00e0 nos partenaires et \u00e0 leurs activit\u00e9s. Plut\u00f4t que [&hellip;]<\/p>\n","protected":false},"author":8,"featured_media":10730,"parent":0,"menu_order":0,"comment_status":"closed","ping_status":"closed","template":"","meta":{"footnotes":""},"class_list":["post-2030","page","type-page","status-publish","has-post-thumbnail","hentry","post-wrapper","thrv_wrapper"],"yoast_head":"<!-- This site is optimized with the Yoast SEO plugin v23.6 - https:\/\/yoast.com\/wordpress\/plugins\/seo\/ -->\n<title>Devenez partenaire avec EmailTree AI - EmailTree AI<\/title>\n<meta name=\"description\" content=\"Apply to become a EmailTree AI business partner. Help companies along their digital transformation journeys.\" \/>\n<meta name=\"robots\" content=\"index, follow, max-snippet:-1, max-image-preview:large, max-video-preview:-1\" \/>\n<link rel=\"canonical\" href=\"https:\/\/emailtree.ai\/fr\/devenez-partenaire\/\" \/>\n<meta property=\"og:locale\" content=\"fr_FR\" \/>\n<meta property=\"og:type\" content=\"article\" \/>\n<meta property=\"og:title\" content=\"Devenez partenaire avec EmailTree AI - EmailTree AI\" \/>\n<meta property=\"og:description\" content=\"Apply to become a EmailTree AI business partner. Help companies along their digital transformation journeys.\" \/>\n<meta property=\"og:url\" content=\"https:\/\/emailtree.ai\/fr\/devenez-partenaire\/\" \/>\n<meta property=\"og:site_name\" content=\"EmailTree AI\" \/>\n<meta property=\"article:modified_time\" content=\"2022-09-29T09:57:10+00:00\" \/>\n<meta name=\"twitter:card\" content=\"summary_large_image\" \/>\n<meta name=\"twitter:label1\" content=\"Dur\u00e9e de lecture estim\u00e9e\" \/>\n\t<meta name=\"twitter:data1\" content=\"2 minutes\" \/>\n<script type=\"application\/ld+json\" class=\"yoast-schema-graph\">{\"@context\":\"https:\/\/schema.org\",\"@graph\":[{\"@type\":\"WebPage\",\"@id\":\"https:\/\/emailtree.ai\/fr\/devenez-partenaire\/\",\"url\":\"https:\/\/emailtree.ai\/fr\/devenez-partenaire\/\",\"name\":\"Devenez partenaire avec EmailTree AI - EmailTree AI\",\"isPartOf\":{\"@id\":\"https:\/\/emailtree.ai\/fr\/#website\"},\"primaryImageOfPage\":{\"@id\":\"https:\/\/emailtree.ai\/fr\/devenez-partenaire\/#primaryimage\"},\"image\":{\"@id\":\"https:\/\/emailtree.ai\/fr\/devenez-partenaire\/#primaryimage\"},\"thumbnailUrl\":\"https:\/\/emailtree.ai\/wp-content\/uploads\/emailtreelogo167px.png\",\"datePublished\":\"2020-02-20T14:35:26+00:00\",\"dateModified\":\"2022-09-29T09:57:10+00:00\",\"description\":\"Apply to become a EmailTree AI business partner. Help companies along their digital transformation journeys.\",\"breadcrumb\":{\"@id\":\"https:\/\/emailtree.ai\/fr\/devenez-partenaire\/#breadcrumb\"},\"inLanguage\":\"fr-FR\",\"potentialAction\":[{\"@type\":\"ReadAction\",\"target\":[\"https:\/\/emailtree.ai\/fr\/devenez-partenaire\/\"]}]},{\"@type\":\"ImageObject\",\"inLanguage\":\"fr-FR\",\"@id\":\"https:\/\/emailtree.ai\/fr\/devenez-partenaire\/#primaryimage\",\"url\":\"https:\/\/emailtree.ai\/wp-content\/uploads\/emailtreelogo167px.png\",\"contentUrl\":\"https:\/\/emailtree.ai\/wp-content\/uploads\/emailtreelogo167px.png\",\"width\":167,\"height\":44},{\"@type\":\"BreadcrumbList\",\"@id\":\"https:\/\/emailtree.ai\/fr\/devenez-partenaire\/#breadcrumb\",\"itemListElement\":[{\"@type\":\"ListItem\",\"position\":1,\"name\":\"Home\",\"item\":\"https:\/\/emailtree.ai\/fr\/\"},{\"@type\":\"ListItem\",\"position\":2,\"name\":\"Devenez partenaire avec EmailTree AI\"}]},{\"@type\":\"WebSite\",\"@id\":\"https:\/\/emailtree.ai\/fr\/#website\",\"url\":\"https:\/\/emailtree.ai\/fr\/\",\"name\":\"EmailTree AI\",\"description\":\"Customer Service Hyperautomation\",\"potentialAction\":[{\"@type\":\"SearchAction\",\"target\":{\"@type\":\"EntryPoint\",\"urlTemplate\":\"https:\/\/emailtree.ai\/fr\/?s={search_term_string}\"},\"query-input\":{\"@type\":\"PropertyValueSpecification\",\"valueRequired\":true,\"valueName\":\"search_term_string\"}}],\"inLanguage\":\"fr-FR\"}]}<\/script>\n<!-- \/ Yoast SEO plugin. -->","yoast_head_json":{"title":"Devenez partenaire avec EmailTree AI - EmailTree AI","description":"Apply to become a EmailTree AI business partner. Help companies along their digital transformation journeys.","robots":{"index":"index","follow":"follow","max-snippet":"max-snippet:-1","max-image-preview":"max-image-preview:large","max-video-preview":"max-video-preview:-1"},"canonical":"https:\/\/emailtree.ai\/fr\/devenez-partenaire\/","og_locale":"fr_FR","og_type":"article","og_title":"Devenez partenaire avec EmailTree AI - EmailTree AI","og_description":"Apply to become a EmailTree AI business partner. Help companies along their digital transformation journeys.","og_url":"https:\/\/emailtree.ai\/fr\/devenez-partenaire\/","og_site_name":"EmailTree AI","article_modified_time":"2022-09-29T09:57:10+00:00","twitter_card":"summary_large_image","twitter_misc":{"Dur\u00e9e de lecture estim\u00e9e":"2 minutes"},"schema":{"@context":"https:\/\/schema.org","@graph":[{"@type":"WebPage","@id":"https:\/\/emailtree.ai\/fr\/devenez-partenaire\/","url":"https:\/\/emailtree.ai\/fr\/devenez-partenaire\/","name":"Devenez partenaire avec EmailTree AI - EmailTree AI","isPartOf":{"@id":"https:\/\/emailtree.ai\/fr\/#website"},"primaryImageOfPage":{"@id":"https:\/\/emailtree.ai\/fr\/devenez-partenaire\/#primaryimage"},"image":{"@id":"https:\/\/emailtree.ai\/fr\/devenez-partenaire\/#primaryimage"},"thumbnailUrl":"https:\/\/emailtree.ai\/wp-content\/uploads\/emailtreelogo167px.png","datePublished":"2020-02-20T14:35:26+00:00","dateModified":"2022-09-29T09:57:10+00:00","description":"Apply to become a EmailTree AI business partner. Help companies along their digital transformation journeys.","breadcrumb":{"@id":"https:\/\/emailtree.ai\/fr\/devenez-partenaire\/#breadcrumb"},"inLanguage":"fr-FR","potentialAction":[{"@type":"ReadAction","target":["https:\/\/emailtree.ai\/fr\/devenez-partenaire\/"]}]},{"@type":"ImageObject","inLanguage":"fr-FR","@id":"https:\/\/emailtree.ai\/fr\/devenez-partenaire\/#primaryimage","url":"https:\/\/emailtree.ai\/wp-content\/uploads\/emailtreelogo167px.png","contentUrl":"https:\/\/emailtree.ai\/wp-content\/uploads\/emailtreelogo167px.png","width":167,"height":44},{"@type":"BreadcrumbList","@id":"https:\/\/emailtree.ai\/fr\/devenez-partenaire\/#breadcrumb","itemListElement":[{"@type":"ListItem","position":1,"name":"Home","item":"https:\/\/emailtree.ai\/fr\/"},{"@type":"ListItem","position":2,"name":"Devenez partenaire avec EmailTree AI"}]},{"@type":"WebSite","@id":"https:\/\/emailtree.ai\/fr\/#website","url":"https:\/\/emailtree.ai\/fr\/","name":"EmailTree AI","description":"Customer Service Hyperautomation","potentialAction":[{"@type":"SearchAction","target":{"@type":"EntryPoint","urlTemplate":"https:\/\/emailtree.ai\/fr\/?s={search_term_string}"},"query-input":{"@type":"PropertyValueSpecification","valueRequired":true,"valueName":"search_term_string"}}],"inLanguage":"fr-FR"}]}},"_links":{"self":[{"href":"https:\/\/emailtree.ai\/fr\/wp-json\/wp\/v2\/pages\/2030"}],"collection":[{"href":"https:\/\/emailtree.ai\/fr\/wp-json\/wp\/v2\/pages"}],"about":[{"href":"https:\/\/emailtree.ai\/fr\/wp-json\/wp\/v2\/types\/page"}],"author":[{"embeddable":true,"href":"https:\/\/emailtree.ai\/fr\/wp-json\/wp\/v2\/users\/8"}],"replies":[{"embeddable":true,"href":"https:\/\/emailtree.ai\/fr\/wp-json\/wp\/v2\/comments?post=2030"}],"version-history":[{"count":0,"href":"https:\/\/emailtree.ai\/fr\/wp-json\/wp\/v2\/pages\/2030\/revisions"}],"wp:featuredmedia":[{"embeddable":true,"href":"https:\/\/emailtree.ai\/fr\/wp-json\/wp\/v2\/media\/10730"}],"wp:attachment":[{"href":"https:\/\/emailtree.ai\/fr\/wp-json\/wp\/v2\/media?parent=2030"}],"curies":[{"name":"wp","href":"https:\/\/api.w.org\/{rel}","templated":true}]}}