{"id":2042,"date":"2020-01-29T10:38:14","date_gmt":"2020-01-29T10:38:14","guid":{"rendered":"https:\/\/emailtree.ai\/contact\/"},"modified":"2022-08-10T10:46:49","modified_gmt":"2022-08-10T10:46:49","slug":"contact","status":"publish","type":"page","link":"https:\/\/emailtree.ai\/fr\/contact\/","title":{"rendered":"Contact"},"content":{"rendered":"<h1 style=\"text-align: center;\"><span><span lang=\"fr\"><span title=\"\">Nous serions ravis de vous aider tout au long de votre parcours d&rsquo;Hyperautomatisation.<\/span><\/span><\/span><\/h1>\n<h2 style=\"text-align: center;\"><strong>Pr\u00eat pour votre propre r\u00e9ussite?<\/strong><\/h2>\n<p style=\"text-align: center;\">Laissez-nous r\u00e9pondre \u00e0 vos questions gr\u00e2ce \u00e0 notre atelier d&rsquo;audit Hyperautomatisation.<\/p>\n","protected":false},"excerpt":{"rendered":"<p>Nous serions ravis de vous aider tout au long de votre parcours d&rsquo;Hyperautomatisation. Pr\u00eat pour votre propre r\u00e9ussite? Laissez-nous r\u00e9pondre \u00e0 vos questions gr\u00e2ce \u00e0 notre atelier d&rsquo;audit Hyperautomatisation.<\/p>\n","protected":false},"author":8,"featured_media":0,"parent":0,"menu_order":0,"comment_status":"closed","ping_status":"closed","template":"","meta":{"footnotes":""},"class_list":["post-2042","page","type-page","status-publish","hentry","post-wrapper","thrv_wrapper"],"yoast_head":"<!-- This site is optimized with the Yoast SEO plugin v23.6 - https:\/\/yoast.com\/wordpress\/plugins\/seo\/ -->\n<title>Contact - EmailTree AI<\/title>\n<meta name=\"description\" content=\"We\u2019d love to help you along your Hyperautomation journey. For any questions please contact us.\" \/>\n<meta name=\"robots\" content=\"index, follow, max-snippet:-1, max-image-preview:large, max-video-preview:-1\" \/>\n<link rel=\"canonical\" href=\"https:\/\/emailtree.ai\/fr\/contact\/\" \/>\n<meta property=\"og:locale\" content=\"fr_FR\" \/>\n<meta property=\"og:type\" content=\"article\" \/>\n<meta property=\"og:title\" content=\"Contact - EmailTree AI\" \/>\n<meta property=\"og:description\" content=\"We\u2019d love to help you along your Hyperautomation journey. For any questions please contact us.\" \/>\n<meta property=\"og:url\" content=\"https:\/\/emailtree.ai\/fr\/contact\/\" \/>\n<meta property=\"og:site_name\" content=\"EmailTree AI\" \/>\n<meta property=\"article:modified_time\" content=\"2022-08-10T10:46:49+00:00\" \/>\n<meta name=\"twitter:card\" content=\"summary_large_image\" \/>\n<script type=\"application\/ld+json\" class=\"yoast-schema-graph\">{\"@context\":\"https:\/\/schema.org\",\"@graph\":[{\"@type\":\"WebPage\",\"@id\":\"https:\/\/emailtree.ai\/fr\/contact\/\",\"url\":\"https:\/\/emailtree.ai\/fr\/contact\/\",\"name\":\"Contact - EmailTree AI\",\"isPartOf\":{\"@id\":\"https:\/\/emailtree.ai\/fr\/#website\"},\"datePublished\":\"2020-01-29T10:38:14+00:00\",\"dateModified\":\"2022-08-10T10:46:49+00:00\",\"description\":\"We\u2019d love to help you along your Hyperautomation journey. For any questions please contact us.\",\"breadcrumb\":{\"@id\":\"https:\/\/emailtree.ai\/fr\/contact\/#breadcrumb\"},\"inLanguage\":\"fr-FR\",\"potentialAction\":[{\"@type\":\"ReadAction\",\"target\":[\"https:\/\/emailtree.ai\/fr\/contact\/\"]}]},{\"@type\":\"BreadcrumbList\",\"@id\":\"https:\/\/emailtree.ai\/fr\/contact\/#breadcrumb\",\"itemListElement\":[{\"@type\":\"ListItem\",\"position\":1,\"name\":\"Home\",\"item\":\"https:\/\/emailtree.ai\/fr\/\"},{\"@type\":\"ListItem\",\"position\":2,\"name\":\"Contact\"}]},{\"@type\":\"WebSite\",\"@id\":\"https:\/\/emailtree.ai\/fr\/#website\",\"url\":\"https:\/\/emailtree.ai\/fr\/\",\"name\":\"EmailTree AI\",\"description\":\"Customer Service Hyperautomation\",\"potentialAction\":[{\"@type\":\"SearchAction\",\"target\":{\"@type\":\"EntryPoint\",\"urlTemplate\":\"https:\/\/emailtree.ai\/fr\/?s={search_term_string}\"},\"query-input\":{\"@type\":\"PropertyValueSpecification\",\"valueRequired\":true,\"valueName\":\"search_term_string\"}}],\"inLanguage\":\"fr-FR\"}]}<\/script>\n<!-- \/ Yoast SEO plugin. -->","yoast_head_json":{"title":"Contact - EmailTree AI","description":"We\u2019d love to help you along your Hyperautomation journey. For any questions please contact us.","robots":{"index":"index","follow":"follow","max-snippet":"max-snippet:-1","max-image-preview":"max-image-preview:large","max-video-preview":"max-video-preview:-1"},"canonical":"https:\/\/emailtree.ai\/fr\/contact\/","og_locale":"fr_FR","og_type":"article","og_title":"Contact - EmailTree AI","og_description":"We\u2019d love to help you along your Hyperautomation journey. For any questions please contact us.","og_url":"https:\/\/emailtree.ai\/fr\/contact\/","og_site_name":"EmailTree AI","article_modified_time":"2022-08-10T10:46:49+00:00","twitter_card":"summary_large_image","schema":{"@context":"https:\/\/schema.org","@graph":[{"@type":"WebPage","@id":"https:\/\/emailtree.ai\/fr\/contact\/","url":"https:\/\/emailtree.ai\/fr\/contact\/","name":"Contact - EmailTree AI","isPartOf":{"@id":"https:\/\/emailtree.ai\/fr\/#website"},"datePublished":"2020-01-29T10:38:14+00:00","dateModified":"2022-08-10T10:46:49+00:00","description":"We\u2019d love to help you along your Hyperautomation journey. For any questions please contact us.","breadcrumb":{"@id":"https:\/\/emailtree.ai\/fr\/contact\/#breadcrumb"},"inLanguage":"fr-FR","potentialAction":[{"@type":"ReadAction","target":["https:\/\/emailtree.ai\/fr\/contact\/"]}]},{"@type":"BreadcrumbList","@id":"https:\/\/emailtree.ai\/fr\/contact\/#breadcrumb","itemListElement":[{"@type":"ListItem","position":1,"name":"Home","item":"https:\/\/emailtree.ai\/fr\/"},{"@type":"ListItem","position":2,"name":"Contact"}]},{"@type":"WebSite","@id":"https:\/\/emailtree.ai\/fr\/#website","url":"https:\/\/emailtree.ai\/fr\/","name":"EmailTree AI","description":"Customer Service Hyperautomation","potentialAction":[{"@type":"SearchAction","target":{"@type":"EntryPoint","urlTemplate":"https:\/\/emailtree.ai\/fr\/?s={search_term_string}"},"query-input":{"@type":"PropertyValueSpecification","valueRequired":true,"valueName":"search_term_string"}}],"inLanguage":"fr-FR"}]}},"_links":{"self":[{"href":"https:\/\/emailtree.ai\/fr\/wp-json\/wp\/v2\/pages\/2042"}],"collection":[{"href":"https:\/\/emailtree.ai\/fr\/wp-json\/wp\/v2\/pages"}],"about":[{"href":"https:\/\/emailtree.ai\/fr\/wp-json\/wp\/v2\/types\/page"}],"author":[{"embeddable":true,"href":"https:\/\/emailtree.ai\/fr\/wp-json\/wp\/v2\/users\/8"}],"replies":[{"embeddable":true,"href":"https:\/\/emailtree.ai\/fr\/wp-json\/wp\/v2\/comments?post=2042"}],"version-history":[{"count":0,"href":"https:\/\/emailtree.ai\/fr\/wp-json\/wp\/v2\/pages\/2042\/revisions"}],"wp:attachment":[{"href":"https:\/\/emailtree.ai\/fr\/wp-json\/wp\/v2\/media?parent=2042"}],"curies":[{"name":"wp","href":"https:\/\/api.w.org\/{rel}","templated":true}]}}