{"id":2189,"date":"2020-03-16T15:44:35","date_gmt":"2020-03-16T15:44:35","guid":{"rendered":"https:\/\/emailtree.ai\/start-trial\/"},"modified":"2021-04-26T14:07:06","modified_gmt":"2021-04-26T14:07:06","slug":"commencer-essai","status":"publish","type":"page","link":"https:\/\/emailtree.ai\/fr\/commencer-essai\/","title":{"rendered":"Commencer L&#8217;Essai"},"content":{"rendered":"<h1 style=\"text-align: center;\">D\u00e9couvrez comment l&rsquo;intelligence artificielle d&rsquo;EmailTree peut r\u00e9pondre \u00e0 vos clients 80% plus rapidement<\/h1>\n<p style=\"text-align: center; --tcb-applied-color:rgb(255, 255, 255); color: rgb(255, 255, 255) !important;\"><span style=\"font-weight: normal;\">EmailTree AI se pr\u00e9sente comme une solution de bout en bout bas\u00e9e sur l&rsquo;intelligence artificielle pour doter les services clients et les \u00e9quipes d&rsquo;assistance de plus d&rsquo;outils de productivit\u00e9, tout en augmentant la satisfaction client.<\/span><\/p>\n<h2 style=\"text-align: center;\"><strong>Pourquoi choisir EmailTree AI?<\/strong><\/h2>\n<p><strong>\u00c9conomies de co\u00fbts<\/strong><\/p>\n<p>R\u00e9duisez les co\u00fbts d&rsquo;exploitation et augmentez le d\u00e9bit dans toute l&rsquo;organisation.<\/p>\n<p><strong>Am\u00e9liorations des processus<\/strong><\/p>\n<p>Faites plus en moins de temps. Ajoutez \/ modifiez des processus au besoin.<\/p>\n<p><strong>Red\u00e9ploiement des ressources<\/strong><\/p>\n<p>Permettez aux employ\u00e9s de se d\u00e9charger des t\u00e2ches et de se concentrer davantage sur le client et la t\u00e2che \u00e0 accomplir.<\/p>\n<p><strong>Am\u00e9lioration de la productivit\u00e9<\/strong><\/p>\n<p>R\u00e9duisez au minimum les processus manuels sujets aux erreurs, sans fautes d&rsquo;orthographe dans les r\u00e9ponses envoy\u00e9es.<\/p>\n<p><strong>Transformation digitale<\/strong><\/p>\n<p>Habilitez l&rsquo;organisation avec un outil qui r\u00e9inventera la transformation digitale.<\/p>\n<p><strong>Service client am\u00e9lior\u00e9<\/strong><\/p>\n<p>R\u00e9pondez plus rapidement tout probl\u00e8me client et \u00e9liminez les erreurs humaines pour une meilleure satisfaction client.<\/p>\n<p><strong>Gestion d&rsquo;\u00e9quipe efficace<\/strong><\/p>\n<p>Augmenter l&rsquo;engagement \/ la r\u00e9tention de l&rsquo;\u00e9quipe. Des p\u00e9riodes de formation plus courtes pour les nouveaux membres.<\/p>\n<p><strong>Augmenter les ventes<\/strong><\/p>\n<p>Gagnez un temps pr\u00e9cieux pour investir plus de temps dans les ventes. Les clients satisfaits am\u00e8nent d&rsquo;autres clients.<\/p>\n<h2 style=\"text-align: center; color: var(--tcb-color-11)  !important; --tcb-applied-color:var$(--tcb-color-11)  !important;\">En quelques minutes, vous d\u00e9couvrirez comme EmailTree AI peut fonctionner dans votre entreprise<\/h2>\n<p><span><img decoding=\"async\" alt=\"\" data-id=\"3022\" width=\"57\" data-init-width=\"128\" height=\"57\" data-init-height=\"128\" title=\"down-sketched-arrow\" loading=\"lazy\" src=\"https:\/\/emailtree.ai\/wp-content\/uploads\/down-sketched-arrow.png\" data-width=\"57\" data-height=\"57\" style=\"\"><\/span>[tcb-script type=\u00a0\u00bbtext\/javascript\u00a0\u00bb src=\u00a0\u00bbhttps:\/\/assets.calendly.com\/assets\/external\/widget.js\u00a0\u00bb async=\u00a0\u00bb\u00a0\u00bb][\/tcb-script]<\/p>\n","protected":false},"excerpt":{"rendered":"<p>D\u00e9couvrez comment l&rsquo;intelligence artificielle d&rsquo;EmailTree peut r\u00e9pondre \u00e0 vos clients 80% plus rapidement EmailTree AI se pr\u00e9sente comme une solution de bout en bout bas\u00e9e sur l&rsquo;intelligence artificielle pour doter les services clients et les \u00e9quipes d&rsquo;assistance de plus d&rsquo;outils de productivit\u00e9, tout en augmentant la satisfaction client. Pourquoi choisir EmailTree AI? \u00c9conomies de co\u00fbts [&hellip;]<\/p>\n","protected":false},"author":8,"featured_media":1949,"parent":0,"menu_order":0,"comment_status":"closed","ping_status":"closed","template":"","meta":{"footnotes":""},"class_list":["post-2189","page","type-page","status-publish","has-post-thumbnail","hentry","post-wrapper","thrv_wrapper"],"yoast_head":"<!-- This site is optimized with the Yoast SEO plugin v23.6 - https:\/\/yoast.com\/wordpress\/plugins\/seo\/ -->\n<title>Commencer L&#8217;Essai - EmailTree AI<\/title>\n<meta name=\"description\" content=\"EmailTree AI comes as an end-to-end AI-driven solution to empower customer services &amp; support teams with more productivity tools, while increasing customer satisfaction.\" \/>\n<meta name=\"robots\" content=\"index, follow, max-snippet:-1, max-image-preview:large, max-video-preview:-1\" \/>\n<link rel=\"canonical\" href=\"https:\/\/emailtree.ai\/fr\/commencer-essai\/\" \/>\n<meta property=\"og:locale\" content=\"fr_FR\" \/>\n<meta property=\"og:type\" content=\"article\" \/>\n<meta property=\"og:title\" content=\"Commencer L&#8217;Essai - EmailTree AI\" \/>\n<meta property=\"og:description\" content=\"EmailTree AI comes as an end-to-end AI-driven solution to empower customer services &amp; support teams with more productivity tools, while increasing customer satisfaction.\" \/>\n<meta property=\"og:url\" content=\"https:\/\/emailtree.ai\/fr\/commencer-essai\/\" \/>\n<meta property=\"og:site_name\" content=\"EmailTree AI\" \/>\n<meta property=\"article:modified_time\" content=\"2021-04-26T14:07:06+00:00\" \/>\n<meta property=\"og:image\" content=\"https:\/\/emailtree.ai\/wp-content\/uploads\/Capture.png\" \/>\n\t<meta property=\"og:image:width\" content=\"1198\" \/>\n\t<meta property=\"og:image:height\" content=\"551\" \/>\n\t<meta property=\"og:image:type\" content=\"image\/png\" \/>\n<meta name=\"twitter:card\" content=\"summary_large_image\" \/>\n<meta name=\"twitter:label1\" content=\"Dur\u00e9e de lecture estim\u00e9e\" \/>\n\t<meta name=\"twitter:data1\" content=\"1 minute\" \/>\n<script type=\"application\/ld+json\" class=\"yoast-schema-graph\">{\"@context\":\"https:\/\/schema.org\",\"@graph\":[{\"@type\":\"WebPage\",\"@id\":\"https:\/\/emailtree.ai\/fr\/commencer-essai\/\",\"url\":\"https:\/\/emailtree.ai\/fr\/commencer-essai\/\",\"name\":\"Commencer L&#8217;Essai - EmailTree AI\",\"isPartOf\":{\"@id\":\"https:\/\/emailtree.ai\/fr\/#website\"},\"primaryImageOfPage\":{\"@id\":\"https:\/\/emailtree.ai\/fr\/commencer-essai\/#primaryimage\"},\"image\":{\"@id\":\"https:\/\/emailtree.ai\/fr\/commencer-essai\/#primaryimage\"},\"thumbnailUrl\":\"https:\/\/emailtree.ai\/wp-content\/uploads\/Capture.jpg\",\"datePublished\":\"2020-03-16T15:44:35+00:00\",\"dateModified\":\"2021-04-26T14:07:06+00:00\",\"description\":\"EmailTree AI comes as an end-to-end AI-driven solution to empower customer services & support teams with more productivity tools, while increasing customer satisfaction.\",\"breadcrumb\":{\"@id\":\"https:\/\/emailtree.ai\/fr\/commencer-essai\/#breadcrumb\"},\"inLanguage\":\"fr-FR\",\"potentialAction\":[{\"@type\":\"ReadAction\",\"target\":[\"https:\/\/emailtree.ai\/fr\/commencer-essai\/\"]}]},{\"@type\":\"ImageObject\",\"inLanguage\":\"fr-FR\",\"@id\":\"https:\/\/emailtree.ai\/fr\/commencer-essai\/#primaryimage\",\"url\":\"https:\/\/emailtree.ai\/wp-content\/uploads\/Capture.jpg\",\"contentUrl\":\"https:\/\/emailtree.ai\/wp-content\/uploads\/Capture.jpg\",\"width\":1198,\"height\":551},{\"@type\":\"BreadcrumbList\",\"@id\":\"https:\/\/emailtree.ai\/fr\/commencer-essai\/#breadcrumb\",\"itemListElement\":[{\"@type\":\"ListItem\",\"position\":1,\"name\":\"Home\",\"item\":\"https:\/\/emailtree.ai\/fr\/\"},{\"@type\":\"ListItem\",\"position\":2,\"name\":\"Commencer L&#8217;Essai\"}]},{\"@type\":\"WebSite\",\"@id\":\"https:\/\/emailtree.ai\/fr\/#website\",\"url\":\"https:\/\/emailtree.ai\/fr\/\",\"name\":\"EmailTree AI\",\"description\":\"Customer Service Hyperautomation\",\"potentialAction\":[{\"@type\":\"SearchAction\",\"target\":{\"@type\":\"EntryPoint\",\"urlTemplate\":\"https:\/\/emailtree.ai\/fr\/?s={search_term_string}\"},\"query-input\":{\"@type\":\"PropertyValueSpecification\",\"valueRequired\":true,\"valueName\":\"search_term_string\"}}],\"inLanguage\":\"fr-FR\"}]}<\/script>\n<!-- \/ Yoast SEO plugin. -->","yoast_head_json":{"title":"Commencer L&#8217;Essai - EmailTree AI","description":"EmailTree AI comes as an end-to-end AI-driven solution to empower customer services & support teams with more productivity tools, while increasing customer satisfaction.","robots":{"index":"index","follow":"follow","max-snippet":"max-snippet:-1","max-image-preview":"max-image-preview:large","max-video-preview":"max-video-preview:-1"},"canonical":"https:\/\/emailtree.ai\/fr\/commencer-essai\/","og_locale":"fr_FR","og_type":"article","og_title":"Commencer L&#8217;Essai - EmailTree AI","og_description":"EmailTree AI comes as an end-to-end AI-driven solution to empower customer services & support teams with more productivity tools, while increasing customer satisfaction.","og_url":"https:\/\/emailtree.ai\/fr\/commencer-essai\/","og_site_name":"EmailTree AI","article_modified_time":"2021-04-26T14:07:06+00:00","og_image":[{"width":1198,"height":551,"url":"https:\/\/emailtree.ai\/wp-content\/uploads\/Capture.png","type":"image\/png"}],"twitter_card":"summary_large_image","twitter_misc":{"Dur\u00e9e de lecture estim\u00e9e":"1 minute"},"schema":{"@context":"https:\/\/schema.org","@graph":[{"@type":"WebPage","@id":"https:\/\/emailtree.ai\/fr\/commencer-essai\/","url":"https:\/\/emailtree.ai\/fr\/commencer-essai\/","name":"Commencer L&#8217;Essai - EmailTree AI","isPartOf":{"@id":"https:\/\/emailtree.ai\/fr\/#website"},"primaryImageOfPage":{"@id":"https:\/\/emailtree.ai\/fr\/commencer-essai\/#primaryimage"},"image":{"@id":"https:\/\/emailtree.ai\/fr\/commencer-essai\/#primaryimage"},"thumbnailUrl":"https:\/\/emailtree.ai\/wp-content\/uploads\/Capture.jpg","datePublished":"2020-03-16T15:44:35+00:00","dateModified":"2021-04-26T14:07:06+00:00","description":"EmailTree AI comes as an end-to-end AI-driven solution to empower customer services & support teams with more productivity tools, while increasing customer satisfaction.","breadcrumb":{"@id":"https:\/\/emailtree.ai\/fr\/commencer-essai\/#breadcrumb"},"inLanguage":"fr-FR","potentialAction":[{"@type":"ReadAction","target":["https:\/\/emailtree.ai\/fr\/commencer-essai\/"]}]},{"@type":"ImageObject","inLanguage":"fr-FR","@id":"https:\/\/emailtree.ai\/fr\/commencer-essai\/#primaryimage","url":"https:\/\/emailtree.ai\/wp-content\/uploads\/Capture.jpg","contentUrl":"https:\/\/emailtree.ai\/wp-content\/uploads\/Capture.jpg","width":1198,"height":551},{"@type":"BreadcrumbList","@id":"https:\/\/emailtree.ai\/fr\/commencer-essai\/#breadcrumb","itemListElement":[{"@type":"ListItem","position":1,"name":"Home","item":"https:\/\/emailtree.ai\/fr\/"},{"@type":"ListItem","position":2,"name":"Commencer L&#8217;Essai"}]},{"@type":"WebSite","@id":"https:\/\/emailtree.ai\/fr\/#website","url":"https:\/\/emailtree.ai\/fr\/","name":"EmailTree AI","description":"Customer Service Hyperautomation","potentialAction":[{"@type":"SearchAction","target":{"@type":"EntryPoint","urlTemplate":"https:\/\/emailtree.ai\/fr\/?s={search_term_string}"},"query-input":{"@type":"PropertyValueSpecification","valueRequired":true,"valueName":"search_term_string"}}],"inLanguage":"fr-FR"}]}},"_links":{"self":[{"href":"https:\/\/emailtree.ai\/fr\/wp-json\/wp\/v2\/pages\/2189"}],"collection":[{"href":"https:\/\/emailtree.ai\/fr\/wp-json\/wp\/v2\/pages"}],"about":[{"href":"https:\/\/emailtree.ai\/fr\/wp-json\/wp\/v2\/types\/page"}],"author":[{"embeddable":true,"href":"https:\/\/emailtree.ai\/fr\/wp-json\/wp\/v2\/users\/8"}],"replies":[{"embeddable":true,"href":"https:\/\/emailtree.ai\/fr\/wp-json\/wp\/v2\/comments?post=2189"}],"version-history":[{"count":0,"href":"https:\/\/emailtree.ai\/fr\/wp-json\/wp\/v2\/pages\/2189\/revisions"}],"wp:featuredmedia":[{"embeddable":true,"href":"https:\/\/emailtree.ai\/fr\/wp-json\/wp\/v2\/media\/1949"}],"wp:attachment":[{"href":"https:\/\/emailtree.ai\/fr\/wp-json\/wp\/v2\/media?parent=2189"}],"curies":[{"name":"wp","href":"https:\/\/api.w.org\/{rel}","templated":true}]}}