{"id":2208,"date":"2020-03-11T12:47:51","date_gmt":"2020-03-11T12:47:51","guid":{"rendered":"https:\/\/emailtree.ai\/business-partner-registration-confirmation\/"},"modified":"2020-12-07T11:04:47","modified_gmt":"2020-12-07T11:04:47","slug":"business-partner-registration-confirmation","status":"publish","type":"page","link":"https:\/\/emailtree.ai\/fr\/business-partner-registration-confirmation\/","title":{"rendered":"Confirmation d&rsquo;inscription du Partenaire Commercial"},"content":{"rendered":"<h1 style=\"text-align: center;\"><strong>Postulez pour devenir partenaire commercial d&rsquo;EmailTree AI<\/strong><\/h1>\n<p style=\"text-align: center;\">Aider les entreprises dans leur parcours de transformation num\u00e9rique.<\/p>\n<p style=\"\">Merci d&rsquo;avoir exprim\u00e9 votre int\u00e9r\u00eat pour notre programme de partenariat.<\/p>\n<p style=\"\">Bient\u00f4t, nous vous r\u00e9pondrons avec des informations suppl\u00e9mentaires et les prochaines \u00e9tapes pour \u00eatre officiellement inscrit sur EmailTree Business Partner Network.<\/p>\n<p style=\"\">En attendant, vous pouvez consulter notre solution Entreprise d\u00e9di\u00e9e aux moyennes et grandes entreprises mais aussi notre solution pour les PME et les particuliers.<\/p>\n<p style=\"\">Si vous souhaitez essayer notre solution et en savoir plus, vous pouvez r\u00e9server un atelier. L&rsquo;atelier peut vous aider \u00e0 d\u00e9couvrir les t\u00e2ches que vous pouvez automatiser dans votre organisation et \u00e0 v\u00e9rifier l&rsquo;\u00e9tat de pr\u00e9paration de votre organisation pour l&rsquo;Hyperautomatisation.<\/p>\n<h2 style=\"text-align: center;\"><strong>Pr\u00eat pour votre propre r\u00e9ussite?<\/strong><\/h2>\n<p style=\"text-align: center;\">Laissez-nous r\u00e9pondre \u00e0 vos questions gr\u00e2ce \u00e0 notre atelier d&rsquo;audit Hyperautomatisation.<\/p>\n","protected":false},"excerpt":{"rendered":"<p>Postulez pour devenir partenaire commercial d&rsquo;EmailTree AI Aider les entreprises dans leur parcours de transformation num\u00e9rique. Merci d&rsquo;avoir exprim\u00e9 votre int\u00e9r\u00eat pour notre programme de partenariat. Bient\u00f4t, nous vous r\u00e9pondrons avec des informations suppl\u00e9mentaires et les prochaines \u00e9tapes pour \u00eatre officiellement inscrit sur EmailTree Business Partner Network. En attendant, vous pouvez consulter notre solution Entreprise [&hellip;]<\/p>\n","protected":false},"author":8,"featured_media":0,"parent":0,"menu_order":0,"comment_status":"closed","ping_status":"closed","template":"","meta":{"footnotes":""},"class_list":["post-2208","page","type-page","status-publish","hentry","post-wrapper","thrv_wrapper"],"yoast_head":"<!-- This site is optimized with the Yoast SEO plugin v23.6 - https:\/\/yoast.com\/wordpress\/plugins\/seo\/ -->\n<title>Confirmation d&#039;inscription du Partenaire Commercial - EmailTree AI<\/title>\n<meta name=\"robots\" content=\"index, follow, max-snippet:-1, max-image-preview:large, max-video-preview:-1\" \/>\n<link rel=\"canonical\" href=\"https:\/\/emailtree.ai\/fr\/business-partner-registration-confirmation\/\" \/>\n<meta property=\"og:locale\" content=\"fr_FR\" \/>\n<meta property=\"og:type\" content=\"article\" \/>\n<meta property=\"og:title\" content=\"Confirmation d&#039;inscription du Partenaire Commercial - EmailTree AI\" \/>\n<meta property=\"og:description\" content=\"Postulez pour devenir partenaire commercial d&rsquo;EmailTree AI Aider les entreprises dans leur parcours de transformation num\u00e9rique. Merci d&rsquo;avoir exprim\u00e9 votre int\u00e9r\u00eat pour notre programme de partenariat. Bient\u00f4t, nous vous r\u00e9pondrons avec des informations suppl\u00e9mentaires et les prochaines \u00e9tapes pour \u00eatre officiellement inscrit sur EmailTree Business Partner Network. En attendant, vous pouvez consulter notre solution Entreprise [&hellip;]\" \/>\n<meta property=\"og:url\" content=\"https:\/\/emailtree.ai\/fr\/business-partner-registration-confirmation\/\" \/>\n<meta property=\"og:site_name\" content=\"EmailTree AI\" \/>\n<meta property=\"article:modified_time\" content=\"2020-12-07T11:04:47+00:00\" \/>\n<meta name=\"twitter:card\" content=\"summary_large_image\" \/>\n<meta name=\"twitter:label1\" content=\"Dur\u00e9e de lecture estim\u00e9e\" \/>\n\t<meta name=\"twitter:data1\" content=\"1 minute\" \/>\n<script type=\"application\/ld+json\" class=\"yoast-schema-graph\">{\"@context\":\"https:\/\/schema.org\",\"@graph\":[{\"@type\":\"WebPage\",\"@id\":\"https:\/\/emailtree.ai\/fr\/business-partner-registration-confirmation\/\",\"url\":\"https:\/\/emailtree.ai\/fr\/business-partner-registration-confirmation\/\",\"name\":\"Confirmation d'inscription du Partenaire Commercial - EmailTree AI\",\"isPartOf\":{\"@id\":\"https:\/\/emailtree.ai\/fr\/#website\"},\"datePublished\":\"2020-03-11T12:47:51+00:00\",\"dateModified\":\"2020-12-07T11:04:47+00:00\",\"breadcrumb\":{\"@id\":\"https:\/\/emailtree.ai\/fr\/business-partner-registration-confirmation\/#breadcrumb\"},\"inLanguage\":\"fr-FR\",\"potentialAction\":[{\"@type\":\"ReadAction\",\"target\":[\"https:\/\/emailtree.ai\/fr\/business-partner-registration-confirmation\/\"]}]},{\"@type\":\"BreadcrumbList\",\"@id\":\"https:\/\/emailtree.ai\/fr\/business-partner-registration-confirmation\/#breadcrumb\",\"itemListElement\":[{\"@type\":\"ListItem\",\"position\":1,\"name\":\"Home\",\"item\":\"https:\/\/emailtree.ai\/fr\/\"},{\"@type\":\"ListItem\",\"position\":2,\"name\":\"Confirmation d&rsquo;inscription du Partenaire Commercial\"}]},{\"@type\":\"WebSite\",\"@id\":\"https:\/\/emailtree.ai\/fr\/#website\",\"url\":\"https:\/\/emailtree.ai\/fr\/\",\"name\":\"EmailTree AI\",\"description\":\"Customer Service Hyperautomation\",\"potentialAction\":[{\"@type\":\"SearchAction\",\"target\":{\"@type\":\"EntryPoint\",\"urlTemplate\":\"https:\/\/emailtree.ai\/fr\/?s={search_term_string}\"},\"query-input\":{\"@type\":\"PropertyValueSpecification\",\"valueRequired\":true,\"valueName\":\"search_term_string\"}}],\"inLanguage\":\"fr-FR\"}]}<\/script>\n<!-- \/ Yoast SEO plugin. -->","yoast_head_json":{"title":"Confirmation d'inscription du Partenaire Commercial - EmailTree AI","robots":{"index":"index","follow":"follow","max-snippet":"max-snippet:-1","max-image-preview":"max-image-preview:large","max-video-preview":"max-video-preview:-1"},"canonical":"https:\/\/emailtree.ai\/fr\/business-partner-registration-confirmation\/","og_locale":"fr_FR","og_type":"article","og_title":"Confirmation d'inscription du Partenaire Commercial - EmailTree AI","og_description":"Postulez pour devenir partenaire commercial d&rsquo;EmailTree AI Aider les entreprises dans leur parcours de transformation num\u00e9rique. Merci d&rsquo;avoir exprim\u00e9 votre int\u00e9r\u00eat pour notre programme de partenariat. Bient\u00f4t, nous vous r\u00e9pondrons avec des informations suppl\u00e9mentaires et les prochaines \u00e9tapes pour \u00eatre officiellement inscrit sur EmailTree Business Partner Network. En attendant, vous pouvez consulter notre solution Entreprise [&hellip;]","og_url":"https:\/\/emailtree.ai\/fr\/business-partner-registration-confirmation\/","og_site_name":"EmailTree AI","article_modified_time":"2020-12-07T11:04:47+00:00","twitter_card":"summary_large_image","twitter_misc":{"Dur\u00e9e de lecture estim\u00e9e":"1 minute"},"schema":{"@context":"https:\/\/schema.org","@graph":[{"@type":"WebPage","@id":"https:\/\/emailtree.ai\/fr\/business-partner-registration-confirmation\/","url":"https:\/\/emailtree.ai\/fr\/business-partner-registration-confirmation\/","name":"Confirmation d'inscription du Partenaire Commercial - EmailTree AI","isPartOf":{"@id":"https:\/\/emailtree.ai\/fr\/#website"},"datePublished":"2020-03-11T12:47:51+00:00","dateModified":"2020-12-07T11:04:47+00:00","breadcrumb":{"@id":"https:\/\/emailtree.ai\/fr\/business-partner-registration-confirmation\/#breadcrumb"},"inLanguage":"fr-FR","potentialAction":[{"@type":"ReadAction","target":["https:\/\/emailtree.ai\/fr\/business-partner-registration-confirmation\/"]}]},{"@type":"BreadcrumbList","@id":"https:\/\/emailtree.ai\/fr\/business-partner-registration-confirmation\/#breadcrumb","itemListElement":[{"@type":"ListItem","position":1,"name":"Home","item":"https:\/\/emailtree.ai\/fr\/"},{"@type":"ListItem","position":2,"name":"Confirmation d&rsquo;inscription du Partenaire Commercial"}]},{"@type":"WebSite","@id":"https:\/\/emailtree.ai\/fr\/#website","url":"https:\/\/emailtree.ai\/fr\/","name":"EmailTree AI","description":"Customer Service Hyperautomation","potentialAction":[{"@type":"SearchAction","target":{"@type":"EntryPoint","urlTemplate":"https:\/\/emailtree.ai\/fr\/?s={search_term_string}"},"query-input":{"@type":"PropertyValueSpecification","valueRequired":true,"valueName":"search_term_string"}}],"inLanguage":"fr-FR"}]}},"_links":{"self":[{"href":"https:\/\/emailtree.ai\/fr\/wp-json\/wp\/v2\/pages\/2208"}],"collection":[{"href":"https:\/\/emailtree.ai\/fr\/wp-json\/wp\/v2\/pages"}],"about":[{"href":"https:\/\/emailtree.ai\/fr\/wp-json\/wp\/v2\/types\/page"}],"author":[{"embeddable":true,"href":"https:\/\/emailtree.ai\/fr\/wp-json\/wp\/v2\/users\/8"}],"replies":[{"embeddable":true,"href":"https:\/\/emailtree.ai\/fr\/wp-json\/wp\/v2\/comments?post=2208"}],"version-history":[{"count":0,"href":"https:\/\/emailtree.ai\/fr\/wp-json\/wp\/v2\/pages\/2208\/revisions"}],"wp:attachment":[{"href":"https:\/\/emailtree.ai\/fr\/wp-json\/wp\/v2\/media?parent=2208"}],"curies":[{"name":"wp","href":"https:\/\/api.w.org\/{rel}","templated":true}]}}