{"id":2218,"date":"2020-01-13T21:17:04","date_gmt":"2020-01-13T21:17:04","guid":{"rendered":"https:\/\/emailtree.ai\/hyperautomation-workshop\/"},"modified":"2022-09-21T14:34:34","modified_gmt":"2022-09-21T14:34:34","slug":"atelier-hyperautomatisation","status":"publish","type":"page","link":"https:\/\/emailtree.ai\/fr\/atelier-hyperautomatisation\/","title":{"rendered":"Atelier Hyperautomatisation"},"content":{"rendered":"<h1 style=\"text-align: center;\"><strong>Atelier d&rsquo;Audit d&rsquo;Hyperautomatisation EmailTree<\/strong><\/h1>\n<p style=\"text-align: center; --tcb-applied-color:rgb(255, 255, 255); color: rgb(255, 255, 255) !important;\">D\u00e9couvrez Les T\u00e2ches Que Vous Pouvez Automatiser<\/p>\n<p>L&rsquo;Hyperautomatisation\u202fest num\u00e9ro 1 des tendances sur la liste Gartner de\u202f<a data-tcb_hover_state_parent=\"\" href=\"https:\/\/www.gartner.com\/en\/information-technology\/insights\/top-technology-trends\" style=\"outline: none;\" target=\"_blank\" rel=\"noopener\">Top 10 Strategic Technology Trends for 2022<\/a>.\u202f\u00cates-vous pr\u00eats pour l&rsquo;Hyperautomatisation?<\/p>\n<h2 style=\"text-align: center;\"><strong>Avantages de l&rsquo;Atelier<\/strong><\/h2>\n<p style=\"text-align: center;\"><!--StartFragment-->Comment l&rsquo;Hyperautomatisation peut-elle vous aider?<!--EndFragment--><\/p>\n<p style=\"text-align: center;\"><strong>\u00c9conomies de co\u00fbts<\/strong><\/p>\n<p style=\"text-align: center;\">R\u00e9duisez les co\u00fbts d&rsquo;exploitation et augmentez le d\u00e9bit dans toute l&rsquo;organisation.<\/p>\n<p style=\"text-align: center;\"><strong>Am\u00e9liorations des processus<\/strong><\/p>\n<p style=\"text-align: center;\">Faites plus en moins de temps. Ajoutez\/modifiez des processus au besoin.<\/p>\n<p style=\"text-align: center;\"><strong>Red\u00e9ploiement des ressources<\/strong><\/p>\n<p style=\"text-align: center;\">Permettez aux employ\u00e9s de se d\u00e9charger des t\u00e2ches et de se concentrer davantage sur le client et la t\u00e2che \u00e0 accomplir.<\/p>\n<p style=\"text-align: center;\"><strong>Am\u00e9lioration de la productivit\u00e9<\/strong><\/p>\n<p style=\"text-align: center;\">R\u00e9duisez au minimum les processus manuels sujets aux erreurs, sans fautes d&rsquo;orthographe dans les r\u00e9ponses envoy\u00e9es.<\/p>\n<p style=\"text-align: center;\"><strong>Transformation digitale<\/strong><\/p>\n<p style=\"text-align: center;\">Le r\u00e9sultat de l&rsquo;atelier sera une feuille de route de transformation num\u00e9rique qui peut \u00eatre mise en \u0153uvre \u00e0 tout moment.<\/p>\n<p style=\"text-align: center;\"><strong>Service client am\u00e9lior\u00e9<\/strong><\/p>\n<p style=\"text-align: center;\">R\u00e9pondez plus rapidement \u00e0 tout probl\u00e8me client et \u00e9liminez les erreurs humaines pour une meilleure satisfaction client.<\/p>\n<p style=\"text-align: center;\"><strong>Gestion d&rsquo;\u00e9quipe efficace<\/strong><\/p>\n<p style=\"text-align: center;\">Augmenter l&rsquo;engagement \/ la r\u00e9tention de l&rsquo;\u00e9quipe. Des p\u00e9riodes de formation plus courtes pour les nouveaux membres.<\/p>\n<p style=\"text-align: center;\"><strong>Augmenter les ventes<\/strong><\/p>\n<p style=\"text-align: center;\">Gagnez un temps pr\u00e9cieux pour investir plus de temps dans les ventes. Les clients satisfaits am\u00e8nent d&rsquo;autres clients.<\/p>\n<h2 style=\"text-align: center;\">Modules d&rsquo;Atelier<\/h2>\n<p style=\"text-align: center;\"><strong>1<\/strong><\/p>\n<h6><strong>COMPR\u00c9HENSION DES FLUX DE TRAVAIL<\/strong><\/h6>\n<p><!--StartFragment--><span style=\"font-size: 15px;\">Analysez diff\u00e9rents flux de processus m\u00e9tier afin de d\u00e9couvrir comment l&rsquo;hyperautomatisation peut vous aider. Observez comment votre \u00e9quipe ex\u00e9cute les t\u00e2ches li\u00e9es au service client \u00e0 partir de diverses sources: e-mails, syst\u00e8mes de tickets de support, CRM, syst\u00e8mes de gestion de documents, syst\u00e8mes de paiement.<\/span><\/p>\n<p><!--StartFragment-->\u00c0 ce stade, nous cherchons \u00e0 comprendre ce qui suit:<\/p>\n<ul>\n<li><span style=\"\">Quelles sont les t\u00e2ches les plus chronophages?<\/span><\/li>\n<li><span style=\"\">Quels sont les flux r\u00e9p\u00e9titifs que vous traversez?<\/span><\/li>\n<li><span style=\"\">Combien de temps cela prend-il?<\/span><\/li>\n<li><span>Identifier les t\u00e2ches r\u00e9p\u00e9titives avec la plus haute priorit\u00e9<\/span><\/li>\n<li><span>Compr\u00e9hension de votre environnement informatique existant<\/span><\/li>\n<li><span>Quelles donn\u00e9es doivent \u00eatre utilis\u00e9es dans les diff\u00e9rents processus<\/span><\/li>\n<li><span>Options de d\u00e9ploiement: sur site complet, hybride ou cloud?<\/span><\/li>\n<\/ul>\n<p style=\"text-align: center;\"><strong>2<\/strong><\/p>\n<h6><strong>ENVIRONNEMENT TECHNIQUE<\/strong><\/h6>\n<p><!--StartFragment-->Analyse approfondie de votre environnement informatique, des piles technologiques, des entr\u00e9es et sorties de donn\u00e9es qui doivent \u00eatre pr\u00e9par\u00e9es pour une mise en \u0153uvre efficace de l&rsquo;hyperautomatisation.<!--EndFragment--><\/p>\n<p><!--StartFragment-->\u00c0 ce stade, nous cherchons \u00e0 comprendre ce qui suit:<\/p>\n<ul>\n<li><span style=\"\">Quel type d&rsquo;entr\u00e9es utilisez-vous?<\/span><\/li>\n<li><span>De quel type de r\u00e9sultats avez-vous besoin?<\/span><\/li>\n<li><span>Quelle est votre infrastructure technologique?<\/span><\/li>\n<li><span>Environnement de s\u00e9curit\u00e9 et exigences de conformit\u00e9.<\/span><\/li>\n<\/ul>\n<p style=\"text-align: center;\"><strong>3<\/strong><\/p>\n<h6><strong>OUTILS ET COMPOSANTS<\/strong><\/h6>\n<p><!--StartFragment-->Processus de d\u00e9couverte pour trouver les solutions les plus adapt\u00e9es telles que:<\/p>\n<p><strong>Extraction de Processus<\/strong><\/p>\n<p>Analysis of business processes based on event logs to improve process efficiency and understanding of business processes.<\/p>\n<p><strong><strong>Compr\u00e9hension de Processus<\/strong><\/strong><\/p>\n<p>Comprendre les demandes provenant de diff\u00e9rentes sources (emails, r\u00e9seaux sociaux, CRM &#8230;), d\u00e9finir le contexte et pr\u00e9dire les actions \u00e0 entreprendre par l&rsquo;op\u00e9rateur humain ou par les robots.<\/p>\n<p><strong>Ex\u00e9cution des T\u00e2ches<\/strong><\/p>\n<p>Une fois les actions d\u00e9finies et si les flux sont automatis\u00e9s, des robots peuvent \u00eatre lanc\u00e9s pour ex\u00e9cuter ces t\u00e2ches.<\/p>\n<p><strong>G\u00e9n\u00e9ration de R\u00e9ponses<\/strong><\/p>\n<p>Analyse des processus m\u00e9tier bas\u00e9e sur les journaux d&rsquo;\u00e9v\u00e9nements pour am\u00e9liorer l&rsquo;efficacit\u00e9 des processus et la compr\u00e9hension des processus m\u00e9tier.<\/p>\n<p style=\"text-align: center;\"><strong>4<\/strong><\/p>\n<h6><strong>RAPPORTS ET ESTIMATIONS<\/strong><\/h6>\n<p><!--StartFragment-->Les rapports finaux utilisables dans la phase de transformation num\u00e9rique vers l&rsquo;hyperautomatisation.<\/p>\n<p><!--StartFragment-->\u00c0 ce stade, nous cherchons \u00e0 comprendre ce qui suit:<\/p>\n<ul>\n<li style=\"margin-bottom: 1px !important;\"><span style=\"\">Combien de temps peut-on gagner?<\/span><\/li>\n<li style=\"margin-bottom: 1px !important;\"><span>Combien pouvez-vous r\u00e9duire le co\u00fbt du support?<\/span><\/li>\n<li style=\"margin-bottom: 1px !important;\"><span>Comment l&rsquo;exp\u00e9rience client sera-t-elle am\u00e9lior\u00e9e?<\/span><\/li>\n<li style=\"margin-bottom: 1px !important;\"><span>Quel est le ROI (Retour Sur Investissement) global?<\/span><\/li>\n<li style=\"margin-bottom: 1px !important;\"><span>Quel est le plan de mise en \u0153uvre?<\/span><\/li>\n<li style=\"margin-bottom: 1px !important;\"><span>Quel est le co\u00fbt total de la solution?<\/span><\/li>\n<\/ul>\n<h2 style=\"text-align: center;\">Customer Success Stories<\/h2>\n<p><a href=\"\/customer-service-success-stories\/orange-luxembourg-hyperautomation\/\" rel=\"noopener\" target=\"_blank\">    <span><img decoding=\"async\" alt=\"\" data-id=\"108\" width=\"150\" height=\"150\" title=\"\" src=\"https:\/\/emailtree.ai\/wp-content\/uploads\/2020\/01\/0004_Orange.png\" style=\"\" data-width=\"150\" data-height=\"150\" data-init-width=\"300\" data-init-height=\"300\" loading=\"lazy\"><\/span>   <\/p>\n<p style=\"text-align: center;\">TELECOM<\/p>\n<p style=\"text-align: center;\">Orange Luxembourg<\/p>\n<p style=\"text-align: center;\">Find out how Orange Luxembourg has succeeded in reducing the customer service load, increasing productivity when handling text requests and increasing customer satisfaction.<\/p>\n<p>  <\/a><a href=\"\/customer-success-stories\/bwm-mediasoft-customer-service-hyperautomation\/\" rel=\"noopener\" target=\"_blank\">    <span><img decoding=\"async\" alt=\"\" data-id=\"1228\" width=\"150\" height=\"61\" title=\"\" src=\"https:\/\/emailtree.ai\/wp-content\/uploads\/logo-bwm-white.png\" style=\"\" data-init-width=\"169\" data-init-height=\"68\" data-width=\"150\" data-height=\"61\" loading=\"lazy\"><\/span>   <\/p>\n<p style=\"text-align: center;\">ECOMMERCE<\/p>\n<p style=\"text-align: center;\">BWM Mediasoft<\/p>\n<p style=\"text-align: center;\">Find out how Hyperautomation has helped BWM Mediasoft increase efficiency \/ productivity and reduce response time, while increasing customer satisfaction.<\/p>\n<p>  <\/a><\/p>\n<p style=\"text-align: center;\">R\u00e9servez un appel en remplissant le formulaire et nous vous aiderons \u00e0 aider vos clients.<\/p>\n","protected":false},"excerpt":{"rendered":"<p>Atelier d&rsquo;Audit d&rsquo;Hyperautomatisation EmailTree D\u00e9couvrez Les T\u00e2ches Que Vous Pouvez Automatiser L&rsquo;Hyperautomatisation\u202fest num\u00e9ro 1 des tendances sur la liste Gartner de\u202fTop 10 Strategic Technology Trends for 2022.\u202f\u00cates-vous pr\u00eats pour l&rsquo;Hyperautomatisation? Avantages de l&rsquo;Atelier Comment l&rsquo;Hyperautomatisation peut-elle vous aider? \u00c9conomies de co\u00fbts R\u00e9duisez les co\u00fbts d&rsquo;exploitation et augmentez le d\u00e9bit dans toute l&rsquo;organisation. Am\u00e9liorations des processus [&hellip;]<\/p>\n","protected":false},"author":8,"featured_media":0,"parent":0,"menu_order":0,"comment_status":"closed","ping_status":"closed","template":"","meta":{"footnotes":""},"class_list":["post-2218","page","type-page","status-publish","hentry","post-wrapper","thrv_wrapper"],"yoast_head":"<!-- This site is optimized with the Yoast SEO plugin v23.6 - https:\/\/yoast.com\/wordpress\/plugins\/seo\/ -->\n<title>Atelier Hyperautomatisation - EmailTree AI<\/title>\n<meta name=\"description\" content=\"Discover which tasks and workflows you can automate in order to save time, reduce costs, improve the customer service and productivity.\" \/>\n<meta name=\"robots\" content=\"index, follow, max-snippet:-1, max-image-preview:large, max-video-preview:-1\" \/>\n<link rel=\"canonical\" href=\"https:\/\/emailtree.ai\/fr\/atelier-hyperautomatisation\/\" \/>\n<meta property=\"og:locale\" content=\"fr_FR\" \/>\n<meta property=\"og:type\" content=\"article\" \/>\n<meta property=\"og:title\" content=\"Atelier Hyperautomatisation - EmailTree AI\" \/>\n<meta property=\"og:description\" content=\"Discover which tasks and workflows you can automate in order to save time, reduce costs, improve the customer service and productivity.\" \/>\n<meta property=\"og:url\" content=\"https:\/\/emailtree.ai\/fr\/atelier-hyperautomatisation\/\" \/>\n<meta property=\"og:site_name\" content=\"EmailTree AI\" \/>\n<meta property=\"article:modified_time\" content=\"2022-09-21T14:34:34+00:00\" \/>\n<meta property=\"og:image\" content=\"https:\/\/emailtree.ai\/wp-content\/uploads\/2020\/01\/0004_Orange.png\" \/>\n<meta name=\"twitter:card\" content=\"summary_large_image\" \/>\n<meta name=\"twitter:label1\" content=\"Dur\u00e9e de lecture estim\u00e9e\" \/>\n\t<meta name=\"twitter:data1\" content=\"3 minutes\" \/>\n<script type=\"application\/ld+json\" class=\"yoast-schema-graph\">{\"@context\":\"https:\/\/schema.org\",\"@graph\":[{\"@type\":\"WebPage\",\"@id\":\"https:\/\/emailtree.ai\/fr\/atelier-hyperautomatisation\/\",\"url\":\"https:\/\/emailtree.ai\/fr\/atelier-hyperautomatisation\/\",\"name\":\"Atelier Hyperautomatisation - EmailTree AI\",\"isPartOf\":{\"@id\":\"https:\/\/emailtree.ai\/fr\/#website\"},\"primaryImageOfPage\":{\"@id\":\"https:\/\/emailtree.ai\/fr\/atelier-hyperautomatisation\/#primaryimage\"},\"image\":{\"@id\":\"https:\/\/emailtree.ai\/fr\/atelier-hyperautomatisation\/#primaryimage\"},\"thumbnailUrl\":\"https:\/\/emailtree.ai\/wp-content\/uploads\/2020\/01\/0004_Orange.png\",\"datePublished\":\"2020-01-13T21:17:04+00:00\",\"dateModified\":\"2022-09-21T14:34:34+00:00\",\"description\":\"Discover which tasks and workflows you can automate in order to save time, reduce costs, improve the customer service and productivity.\",\"breadcrumb\":{\"@id\":\"https:\/\/emailtree.ai\/fr\/atelier-hyperautomatisation\/#breadcrumb\"},\"inLanguage\":\"fr-FR\",\"potentialAction\":[{\"@type\":\"ReadAction\",\"target\":[\"https:\/\/emailtree.ai\/fr\/atelier-hyperautomatisation\/\"]}]},{\"@type\":\"ImageObject\",\"inLanguage\":\"fr-FR\",\"@id\":\"https:\/\/emailtree.ai\/fr\/atelier-hyperautomatisation\/#primaryimage\",\"url\":\"https:\/\/emailtree.ai\/wp-content\/uploads\/2020\/01\/0004_Orange.png\",\"contentUrl\":\"https:\/\/emailtree.ai\/wp-content\/uploads\/2020\/01\/0004_Orange.png\"},{\"@type\":\"BreadcrumbList\",\"@id\":\"https:\/\/emailtree.ai\/fr\/atelier-hyperautomatisation\/#breadcrumb\",\"itemListElement\":[{\"@type\":\"ListItem\",\"position\":1,\"name\":\"Home\",\"item\":\"https:\/\/emailtree.ai\/fr\/\"},{\"@type\":\"ListItem\",\"position\":2,\"name\":\"Atelier Hyperautomatisation\"}]},{\"@type\":\"WebSite\",\"@id\":\"https:\/\/emailtree.ai\/fr\/#website\",\"url\":\"https:\/\/emailtree.ai\/fr\/\",\"name\":\"EmailTree AI\",\"description\":\"Customer Service Hyperautomation\",\"potentialAction\":[{\"@type\":\"SearchAction\",\"target\":{\"@type\":\"EntryPoint\",\"urlTemplate\":\"https:\/\/emailtree.ai\/fr\/?s={search_term_string}\"},\"query-input\":{\"@type\":\"PropertyValueSpecification\",\"valueRequired\":true,\"valueName\":\"search_term_string\"}}],\"inLanguage\":\"fr-FR\"}]}<\/script>\n<!-- \/ Yoast SEO plugin. -->","yoast_head_json":{"title":"Atelier Hyperautomatisation - EmailTree AI","description":"Discover which tasks and workflows you can automate in order to save time, reduce costs, improve the customer service and productivity.","robots":{"index":"index","follow":"follow","max-snippet":"max-snippet:-1","max-image-preview":"max-image-preview:large","max-video-preview":"max-video-preview:-1"},"canonical":"https:\/\/emailtree.ai\/fr\/atelier-hyperautomatisation\/","og_locale":"fr_FR","og_type":"article","og_title":"Atelier Hyperautomatisation - EmailTree AI","og_description":"Discover which tasks and workflows you can automate in order to save time, reduce costs, improve the customer service and productivity.","og_url":"https:\/\/emailtree.ai\/fr\/atelier-hyperautomatisation\/","og_site_name":"EmailTree AI","article_modified_time":"2022-09-21T14:34:34+00:00","og_image":[{"url":"https:\/\/emailtree.ai\/wp-content\/uploads\/2020\/01\/0004_Orange.png"}],"twitter_card":"summary_large_image","twitter_misc":{"Dur\u00e9e de lecture estim\u00e9e":"3 minutes"},"schema":{"@context":"https:\/\/schema.org","@graph":[{"@type":"WebPage","@id":"https:\/\/emailtree.ai\/fr\/atelier-hyperautomatisation\/","url":"https:\/\/emailtree.ai\/fr\/atelier-hyperautomatisation\/","name":"Atelier Hyperautomatisation - EmailTree AI","isPartOf":{"@id":"https:\/\/emailtree.ai\/fr\/#website"},"primaryImageOfPage":{"@id":"https:\/\/emailtree.ai\/fr\/atelier-hyperautomatisation\/#primaryimage"},"image":{"@id":"https:\/\/emailtree.ai\/fr\/atelier-hyperautomatisation\/#primaryimage"},"thumbnailUrl":"https:\/\/emailtree.ai\/wp-content\/uploads\/2020\/01\/0004_Orange.png","datePublished":"2020-01-13T21:17:04+00:00","dateModified":"2022-09-21T14:34:34+00:00","description":"Discover which tasks and workflows you can automate in order to save time, reduce costs, improve the customer service and productivity.","breadcrumb":{"@id":"https:\/\/emailtree.ai\/fr\/atelier-hyperautomatisation\/#breadcrumb"},"inLanguage":"fr-FR","potentialAction":[{"@type":"ReadAction","target":["https:\/\/emailtree.ai\/fr\/atelier-hyperautomatisation\/"]}]},{"@type":"ImageObject","inLanguage":"fr-FR","@id":"https:\/\/emailtree.ai\/fr\/atelier-hyperautomatisation\/#primaryimage","url":"https:\/\/emailtree.ai\/wp-content\/uploads\/2020\/01\/0004_Orange.png","contentUrl":"https:\/\/emailtree.ai\/wp-content\/uploads\/2020\/01\/0004_Orange.png"},{"@type":"BreadcrumbList","@id":"https:\/\/emailtree.ai\/fr\/atelier-hyperautomatisation\/#breadcrumb","itemListElement":[{"@type":"ListItem","position":1,"name":"Home","item":"https:\/\/emailtree.ai\/fr\/"},{"@type":"ListItem","position":2,"name":"Atelier Hyperautomatisation"}]},{"@type":"WebSite","@id":"https:\/\/emailtree.ai\/fr\/#website","url":"https:\/\/emailtree.ai\/fr\/","name":"EmailTree AI","description":"Customer Service Hyperautomation","potentialAction":[{"@type":"SearchAction","target":{"@type":"EntryPoint","urlTemplate":"https:\/\/emailtree.ai\/fr\/?s={search_term_string}"},"query-input":{"@type":"PropertyValueSpecification","valueRequired":true,"valueName":"search_term_string"}}],"inLanguage":"fr-FR"}]}},"_links":{"self":[{"href":"https:\/\/emailtree.ai\/fr\/wp-json\/wp\/v2\/pages\/2218"}],"collection":[{"href":"https:\/\/emailtree.ai\/fr\/wp-json\/wp\/v2\/pages"}],"about":[{"href":"https:\/\/emailtree.ai\/fr\/wp-json\/wp\/v2\/types\/page"}],"author":[{"embeddable":true,"href":"https:\/\/emailtree.ai\/fr\/wp-json\/wp\/v2\/users\/8"}],"replies":[{"embeddable":true,"href":"https:\/\/emailtree.ai\/fr\/wp-json\/wp\/v2\/comments?post=2218"}],"version-history":[{"count":0,"href":"https:\/\/emailtree.ai\/fr\/wp-json\/wp\/v2\/pages\/2218\/revisions"}],"wp:attachment":[{"href":"https:\/\/emailtree.ai\/fr\/wp-json\/wp\/v2\/media?parent=2218"}],"curies":[{"name":"wp","href":"https:\/\/api.w.org\/{rel}","templated":true}]}}