{"id":2248,"date":"2020-03-16T10:11:16","date_gmt":"2020-03-16T10:11:16","guid":{"rendered":"https:\/\/emailtree.ai\/privacy-policy\/"},"modified":"2021-09-03T06:24:27","modified_gmt":"2021-09-03T06:24:27","slug":"politique-de-confidentialite","status":"publish","type":"page","link":"https:\/\/emailtree.ai\/fr\/politique-de-confidentialite\/","title":{"rendered":"Politique de Confidentialit\u00e9"},"content":{"rendered":"<p dir=\"ltr\">Chez EmailTree.AI, accessible \u00e0 partir de www.emailtree.ai, l&rsquo;une de nos principales priorit\u00e9s est la confidentialit\u00e9 de nos visiteurs. Ce document de politique de confidentialit\u00e9 contient des types d&rsquo;informations qui sont collect\u00e9es et enregistr\u00e9es par emailtree.ai et comment nous les utilisons.<\/p>\n<p dir=\"ltr\">Si vous avez des questions suppl\u00e9mentaires ou avez besoin de plus d&rsquo;informations sur notre politique de confidentialit\u00e9, n&rsquo;h\u00e9sitez pas \u00e0 nous contacter.<\/p>\n<p dir=\"ltr\">Cette politique de confidentialit\u00e9 s&rsquo;applique uniquement \u00e0 nos activit\u00e9s en ligne et est valable pour les visiteurs de notre site Web en ce qui concerne les informations qu&rsquo;ils ont partag\u00e9es et \/ ou collect\u00e9es dans EmailTree.AI. Cette politique ne s&rsquo;applique \u00e0 aucune information collect\u00e9e hors ligne ou via des canaux autres que ce site Web.<\/p>\n<h2 dir=\"ltr\">Consentement<\/h2>\n<p dir=\"ltr\">En utilisant notre site Web, vous consentez par la pr\u00e9sente \u00e0 notre politique de confidentialit\u00e9 et acceptez ses conditions.<\/p>\n<h2 dir=\"ltr\">Les informations que nous collectons<\/h2>\n<p dir=\"ltr\">Les informations personnelles que vous \u00eates invit\u00e9 \u00e0 fournir, et les raisons pour lesquelles vous \u00eates invit\u00e9 \u00e0 les fournir, vous seront expliqu\u00e9es clairement au moment o\u00f9 nous vous demandons de fournir vos informations personnelles.<\/p>\n<p dir=\"ltr\">Si vous nous contactez directement, nous pouvons recevoir des informations suppl\u00e9mentaires \u00e0 votre sujet telles que votre nom, votre adresse e-mail, votre num\u00e9ro de t\u00e9l\u00e9phone, le contenu du message et \/ ou des pi\u00e8ces jointes que vous pouvez nous envoyer, ainsi que toute autre information que vous pouvez choisir de fournir.<\/p>\n<p dir=\"ltr\">Lorsque vous vous inscrivez pour un compte, nous pouvons vous demander vos coordonn\u00e9es, y compris des \u00e9l\u00e9ments tels que le nom, le nom de l&rsquo;entreprise, l&rsquo;adresse, l&rsquo;adresse e-mail et le num\u00e9ro de t\u00e9l\u00e9phone.<\/p>\n<h2 dir=\"ltr\">Comment nous utilisons vos informations<\/h2>\n<p dir=\"ltr\">Nous utilisons les informations que nous collectons de diff\u00e9rentes mani\u00e8res, notamment pour:<\/p>\n<ul>\n<li dir=\"ltr\">Fournir, exploiter et maintenir notre site Web<\/li>\n<li dir=\"ltr\">Am\u00e9liorez, personnalisez et d\u00e9veloppez notre site Web<\/li>\n<li dir=\"ltr\">Comprendre et analyser comment vous utilisez notre site Web<\/li>\n<li dir=\"ltr\">Develop new products, services, features, and functionality<\/li>\n<li dir=\"ltr\">Communiquer avec vous, directement ou par l&rsquo;interm\u00e9diaire de l&rsquo;un de nos partenaires, y compris pour le service client, pour vous fournir des mises \u00e0 jour et d&rsquo;autres informations relatives au site Web, et \u00e0 des fins de marketing et de promotion<\/li>\n<li dir=\"ltr\">Vous envoyer des e-mails<\/li>\n<li dir=\"ltr\">Pr\u00e9venir et trouver une \u00e9ventuelle fraude<\/li>\n<\/ul>\n<h2 dir=\"ltr\">Fichiers Registres<\/h2>\n<p dir=\"ltr\">EmailTree.AI suit une proc\u00e9dure standard d&rsquo;utilisation des fichiers registres. Ces fichiers enregistrent les visiteurs lorsqu&rsquo;ils visitent des sites Web. Toutes les soci\u00e9t\u00e9s d&rsquo;h\u00e9bergement font cela, et font partie de l&rsquo;analyse des services d&rsquo;h\u00e9bergement. Les informations collect\u00e9es par les fichiers registres comprennent les adresses de protocole Internet (IP), le type de navigateur, le fournisseur d&rsquo;acc\u00e8s Internet (FAI), la date et l&rsquo;heure, les pages de renvoi \/ sortie et \u00e9ventuellement le nombre de clics. Ceux-ci ne sont li\u00e9s \u00e0 aucune information personnellement identifiable. Le but de ces informations est d&rsquo;analyser les tendances, d&rsquo;administrer le site, de suivre les mouvements des utilisateurs sur le site Web et de collecter des informations d\u00e9mographiques.<\/p>\n<h2 dir=\"ltr\">Cookies&nbsp;<\/h2>\n<p dir=\"ltr\">Comme tout autre site Web, EmailTree.AI utilise des \u00abcookies\u00bb. Ces cookies sont utilis\u00e9s pour stocker des informations, y compris les pr\u00e9f\u00e9rences des visiteurs et les pages du site Web auxquelles le visiteur a acc\u00e9d\u00e9 ou visit\u00e9. Les informations sont utilis\u00e9es pour optimiser l&rsquo;exp\u00e9rience des utilisateurs en personnalisant le contenu de notre page Web en fonction du type de navigateur des visiteurs et \/ ou d&rsquo;autres informations. Cookies utilis\u00e9s : Google Analytics, Google Ads, Leadfeeder, LinkdIn Ads.<\/p>\n<h2 dir=\"ltr\">Droits de Confidentialit\u00e9 de la CCPA (Ne Pas Vendre Mes Informations Personnelles)<\/h2>\n<p dir=\"ltr\">En vertu de la CCPA, et d&rsquo;autres droits, les consommateurs californiens ont le droit de:<\/p>\n<p dir=\"ltr\">Demander qu&rsquo;une entreprise qui recueille les donn\u00e9es personnelles d&rsquo;un consommateur divulgue les cat\u00e9gories et les \u00e9l\u00e9ments sp\u00e9cifiques de donn\u00e9es personnelles qu&rsquo;une entreprise a&nbsp;<span data-end-index=\"188\" data-start-index=\"180\" data-type=\"Grammar\">collect\u00e9<\/span> sur les consommateurs.<\/p>\n<p dir=\"ltr\">Demander \u00e0 une entreprise de supprimer toutes les donn\u00e9es personnelles sur le consommateur qu&rsquo;elle a collect\u00e9es.<\/p>\n<p dir=\"ltr\">Demander qu&rsquo;une entreprise qui vend les donn\u00e9es personnelles d&rsquo;un consommateur ne vende pas les donn\u00e9es personnelles du consommateur.<\/p>\n<p dir=\"ltr\">Si vous faites une demande, nous avons un mois pour vous r\u00e9pondre. Si vous souhaitez exercer l&rsquo;un de ces droits, veuillez nous contacter.<\/p>\n<h2 dir=\"ltr\">Droits de Protection des Donn\u00e9es RGPD (GDPR Data Protection Rights)<\/h2>\n<p dir=\"ltr\">Nous souhaitons nous assurer que vous connaissez pleinement tous vos droits en mati\u00e8re de protection des donn\u00e9es. Chaque utilisateur a droit aux avantages suivants:<\/p>\n<p dir=\"ltr\">Le droit d&rsquo;acc\u00e8s &#8211; Vous avez le droit de demander des copies de vos donn\u00e9es personnelles. Nous pouvons vous facturer des frais minimes pour ce service.<\/p>\n<p dir=\"ltr\">Le droit de rectification &#8211; Vous avez le droit de demander que nous corrigions toute information que vous estimez inexacte. Vous avez \u00e9galement le droit de demander que nous compl\u00e9tions les informations que vous estimez incompl\u00e8tes.<\/p>\n<p dir=\"ltr\">Le droit d&rsquo;effacement &#8211; Vous avez le droit de demander que nous effacions vos donn\u00e9es personnelles, sous certaines conditions.<\/p>\n<p dir=\"ltr\">Le droit de restreindre le traitement &#8211; Vous avez le droit de demander que nous restreignions le traitement de vos donn\u00e9es personnelles, sous certaines conditions.<\/p>\n<p dir=\"ltr\">Le droit de vous opposer au traitement &#8211; Vous avez le droit de vous opposer au traitement de vos donn\u00e9es personnelles, sous certaines conditions.<\/p>\n<p dir=\"ltr\">Le droit \u00e0 la portabilit\u00e9 des donn\u00e9es &#8211; Vous avez le droit de demander que nous transf\u00e9rions les donn\u00e9es que nous avons collect\u00e9es \u00e0 une autre organisation, ou directement \u00e0 vous, sous certaines conditions.<\/p>\n<p dir=\"ltr\">Si vous faites une demande, nous avons un mois pour vous r\u00e9pondre. Si vous souhaitez exercer l&rsquo;un de ces droits, veuillez nous contacter.<\/p>\n","protected":false},"excerpt":{"rendered":"<p>Chez EmailTree.AI, accessible \u00e0 partir de www.emailtree.ai, l&rsquo;une de nos principales priorit\u00e9s est la confidentialit\u00e9 de nos visiteurs. Ce document de politique de confidentialit\u00e9 contient des types d&rsquo;informations qui sont collect\u00e9es et enregistr\u00e9es par emailtree.ai et comment nous les utilisons. Si vous avez des questions suppl\u00e9mentaires ou avez besoin de plus d&rsquo;informations sur notre politique [&hellip;]<\/p>\n","protected":false},"author":8,"featured_media":0,"parent":0,"menu_order":0,"comment_status":"closed","ping_status":"closed","template":"","meta":{"footnotes":""},"class_list":["post-2248","page","type-page","status-publish","hentry","post-wrapper","thrv_wrapper"],"yoast_head":"<!-- This site is optimized with the Yoast SEO plugin v23.6 - https:\/\/yoast.com\/wordpress\/plugins\/seo\/ -->\n<title>Politique de Confidentialit\u00e9 - EmailTree AI<\/title>\n<meta name=\"description\" content=\"The EmailTree AI Privacy Policy\" \/>\n<meta name=\"robots\" content=\"index, follow, max-snippet:-1, max-image-preview:large, max-video-preview:-1\" \/>\n<link rel=\"canonical\" href=\"https:\/\/emailtree.ai\/fr\/politique-de-confidentialite\/\" \/>\n<meta property=\"og:locale\" content=\"fr_FR\" \/>\n<meta property=\"og:type\" content=\"article\" \/>\n<meta property=\"og:title\" content=\"Politique de Confidentialit\u00e9 - EmailTree AI\" \/>\n<meta property=\"og:description\" content=\"The EmailTree AI Privacy Policy\" \/>\n<meta property=\"og:url\" content=\"https:\/\/emailtree.ai\/fr\/politique-de-confidentialite\/\" \/>\n<meta property=\"og:site_name\" content=\"EmailTree AI\" \/>\n<meta property=\"article:modified_time\" content=\"2021-09-03T06:24:27+00:00\" \/>\n<meta name=\"twitter:card\" content=\"summary_large_image\" \/>\n<meta name=\"twitter:label1\" content=\"Dur\u00e9e de lecture estim\u00e9e\" \/>\n\t<meta name=\"twitter:data1\" content=\"5 minutes\" \/>\n<script type=\"application\/ld+json\" class=\"yoast-schema-graph\">{\"@context\":\"https:\/\/schema.org\",\"@graph\":[{\"@type\":\"WebPage\",\"@id\":\"https:\/\/emailtree.ai\/fr\/politique-de-confidentialite\/\",\"url\":\"https:\/\/emailtree.ai\/fr\/politique-de-confidentialite\/\",\"name\":\"Politique de Confidentialit\u00e9 - EmailTree AI\",\"isPartOf\":{\"@id\":\"https:\/\/emailtree.ai\/fr\/#website\"},\"datePublished\":\"2020-03-16T10:11:16+00:00\",\"dateModified\":\"2021-09-03T06:24:27+00:00\",\"description\":\"The EmailTree AI Privacy Policy\",\"breadcrumb\":{\"@id\":\"https:\/\/emailtree.ai\/fr\/politique-de-confidentialite\/#breadcrumb\"},\"inLanguage\":\"fr-FR\",\"potentialAction\":[{\"@type\":\"ReadAction\",\"target\":[\"https:\/\/emailtree.ai\/fr\/politique-de-confidentialite\/\"]}]},{\"@type\":\"BreadcrumbList\",\"@id\":\"https:\/\/emailtree.ai\/fr\/politique-de-confidentialite\/#breadcrumb\",\"itemListElement\":[{\"@type\":\"ListItem\",\"position\":1,\"name\":\"Home\",\"item\":\"https:\/\/emailtree.ai\/fr\/\"},{\"@type\":\"ListItem\",\"position\":2,\"name\":\"Politique de Confidentialit\u00e9\"}]},{\"@type\":\"WebSite\",\"@id\":\"https:\/\/emailtree.ai\/fr\/#website\",\"url\":\"https:\/\/emailtree.ai\/fr\/\",\"name\":\"EmailTree AI\",\"description\":\"Customer Service Hyperautomation\",\"potentialAction\":[{\"@type\":\"SearchAction\",\"target\":{\"@type\":\"EntryPoint\",\"urlTemplate\":\"https:\/\/emailtree.ai\/fr\/?s={search_term_string}\"},\"query-input\":{\"@type\":\"PropertyValueSpecification\",\"valueRequired\":true,\"valueName\":\"search_term_string\"}}],\"inLanguage\":\"fr-FR\"}]}<\/script>\n<!-- \/ Yoast SEO plugin. -->","yoast_head_json":{"title":"Politique de Confidentialit\u00e9 - EmailTree AI","description":"The EmailTree AI Privacy Policy","robots":{"index":"index","follow":"follow","max-snippet":"max-snippet:-1","max-image-preview":"max-image-preview:large","max-video-preview":"max-video-preview:-1"},"canonical":"https:\/\/emailtree.ai\/fr\/politique-de-confidentialite\/","og_locale":"fr_FR","og_type":"article","og_title":"Politique de Confidentialit\u00e9 - EmailTree AI","og_description":"The EmailTree AI Privacy Policy","og_url":"https:\/\/emailtree.ai\/fr\/politique-de-confidentialite\/","og_site_name":"EmailTree AI","article_modified_time":"2021-09-03T06:24:27+00:00","twitter_card":"summary_large_image","twitter_misc":{"Dur\u00e9e de lecture estim\u00e9e":"5 minutes"},"schema":{"@context":"https:\/\/schema.org","@graph":[{"@type":"WebPage","@id":"https:\/\/emailtree.ai\/fr\/politique-de-confidentialite\/","url":"https:\/\/emailtree.ai\/fr\/politique-de-confidentialite\/","name":"Politique de Confidentialit\u00e9 - EmailTree AI","isPartOf":{"@id":"https:\/\/emailtree.ai\/fr\/#website"},"datePublished":"2020-03-16T10:11:16+00:00","dateModified":"2021-09-03T06:24:27+00:00","description":"The EmailTree AI Privacy Policy","breadcrumb":{"@id":"https:\/\/emailtree.ai\/fr\/politique-de-confidentialite\/#breadcrumb"},"inLanguage":"fr-FR","potentialAction":[{"@type":"ReadAction","target":["https:\/\/emailtree.ai\/fr\/politique-de-confidentialite\/"]}]},{"@type":"BreadcrumbList","@id":"https:\/\/emailtree.ai\/fr\/politique-de-confidentialite\/#breadcrumb","itemListElement":[{"@type":"ListItem","position":1,"name":"Home","item":"https:\/\/emailtree.ai\/fr\/"},{"@type":"ListItem","position":2,"name":"Politique de Confidentialit\u00e9"}]},{"@type":"WebSite","@id":"https:\/\/emailtree.ai\/fr\/#website","url":"https:\/\/emailtree.ai\/fr\/","name":"EmailTree AI","description":"Customer Service Hyperautomation","potentialAction":[{"@type":"SearchAction","target":{"@type":"EntryPoint","urlTemplate":"https:\/\/emailtree.ai\/fr\/?s={search_term_string}"},"query-input":{"@type":"PropertyValueSpecification","valueRequired":true,"valueName":"search_term_string"}}],"inLanguage":"fr-FR"}]}},"_links":{"self":[{"href":"https:\/\/emailtree.ai\/fr\/wp-json\/wp\/v2\/pages\/2248"}],"collection":[{"href":"https:\/\/emailtree.ai\/fr\/wp-json\/wp\/v2\/pages"}],"about":[{"href":"https:\/\/emailtree.ai\/fr\/wp-json\/wp\/v2\/types\/page"}],"author":[{"embeddable":true,"href":"https:\/\/emailtree.ai\/fr\/wp-json\/wp\/v2\/users\/8"}],"replies":[{"embeddable":true,"href":"https:\/\/emailtree.ai\/fr\/wp-json\/wp\/v2\/comments?post=2248"}],"version-history":[{"count":0,"href":"https:\/\/emailtree.ai\/fr\/wp-json\/wp\/v2\/pages\/2248\/revisions"}],"wp:attachment":[{"href":"https:\/\/emailtree.ai\/fr\/wp-json\/wp\/v2\/media?parent=2248"}],"curies":[{"name":"wp","href":"https:\/\/api.w.org\/{rel}","templated":true}]}}