{"id":2268,"date":"2020-01-16T08:20:10","date_gmt":"2020-01-16T08:20:10","guid":{"rendered":"https:\/\/emailtree.ai\/newsroom\/"},"modified":"2020-01-16T08:20:10","modified_gmt":"2020-01-16T08:20:10","slug":"newsroom","status":"publish","type":"page","link":"https:\/\/emailtree.ai\/fr\/newsroom\/","title":{"rendered":"Newsroom"},"content":{"rendered":"<h1 style=\"text-align: left;\"><span>EMAILTREE NEWSROOM<\/span><\/h1>\n<p>FEATURED NEWS<\/p>\n<div class=\"tcb-post-list tve-content-list thrv_wrapper\" data-type=\"grid\" data-pagination-type=\"none\" data-pages_near_current=\"2\" data-css=\"tve-u-16ffc040656\" data-total_post_count=\"4\" data-total_sticky_count=\"0\" data-disabled-links=\"0\" data-featured-list=\"tve-u-16fa0edabe4\" data-no_posts_text=\"There are no posts to display.\"><article id=\"post-15623\" class=\"post-15623 post type-post status-publish format-standard has-post-thumbnail hentry category-blog-fr category-news-fr post-wrapper thrv_wrapper thrive-animated-item \" tcb_hover_state_parent=\"\" shortcode=\"tcb_post_list\" data-id=\"15623\" data-selector=\".post-wrapper\"><style class=\"tcb-post-list-dynamic-style\" type=\"text\/css\">@media (min-width: 300px){[].tcb-post-list #post-15623 []{background-image: url(\u00ab\u00a0https:\/\/emailtree.ai\/wp-content\/uploads\/EmailTree-AI-strenghtens-its-partnership.jpg\u00ab\u00a0) !important;}[].tcb-post-list #post-15623 []{background-image: url(\u00ab\u00a0https:\/\/emailtree.ai\/wp-content\/uploads\/EmailTree-AI-strenghtens-its-partnership.jpg\u00ab\u00a0) !important;}}<\/style><a href=\"https:\/\/emailtree.ai\/fr\/blog-fr\/emailtree-renforce-son-partenariat-avec-webhelp\/\" dynamic-postlink=\"tcb_post_the_permalink\" data-shortcode-id=\"731\"><\/a><\/p>\n<p><span style=\"text-decoration: none; display: inline-block;\"><span data-extra_key=\"\" data-option-inline=\"1\" data-shortcode=\"tcb_post_title\" data-shortcode-name=\"Post Title\" data-attr-static-link=\"{&quot;className&quot;:&quot;tve-dynamic-link tve-froala fr-basic&quot;,&quot;class&quot;:&quot;tve-dynamic-link tve-froala fr-basic&quot;,&quot;data-css&quot;:&quot;tve-u-16ffc040668&quot;,&quot;data-dynamic-link&quot;:&quot;tcb_post_the_permalink&quot;,&quot;data-shortcode-id&quot;:&quot;731&quot;,&quot;dynamic-postlink&quot;:&quot;tcb_post_the_permalink&quot;,&quot;href&quot;:&quot;((tcb_post_the_permalink))&quot;,&quot;style&quot;:&quot;outline: none;&quot;}\"><a class=\"tve-dynamic-link tve-froala fr-basic\" class=\"tve-dynamic-link tve-froala fr-basic\" data-css=\"tve-u-16ffc040668\" data-dynamic-link=\"tcb_post_the_permalink\" data-shortcode-id=\"731\" dynamic-postlink=\"tcb_post_the_permalink\" href=\"https:\/\/emailtree.ai\/fr\/blog-fr\/emailtree-renforce-son-partenariat-avec-webhelp\/\" style=\"outline: none;\">EmailTree AI renforce son partenariat avec Webhelp pour servir Samsung Electronics<\/a><\/span><\/span><\/p>\n<p><span data-attr-link=\"0\" data-extra_key=\"\" data-option-inline=\"1\" data-shortcode=\"tcb_post_categories\" data-shortcode-name=\"Post Categories\" style=\"font-size: 15px;\">Blog, News<\/span><a href=\"https:\/\/emailtree.ai\/newsroom\/press\/\" style=\"outline: none;\" target=\"_blank\" title=\"Press\" rel=\"noopener noreferrer\">\u200b<\/a><\/p>\n<p><section class=\"tcb-post-content tcb-shortcode thrv_wrapper\" data-css=\"tve-u-16ffc040659\"><p>EmailTree AI annonce des am\u00e9liorations significatives de son partenariat avec Webhelp, pour servir ensemble Samsung Electronics et d'autres clients. Gr\u00e2ce \u00e0 l'int\u00e9gration <a class=\"more-link\" href=\"https:\/\/emailtree.ai\/fr\/blog-fr\/emailtree-renforce-son-partenariat-avec-webhelp\/#more-15623\"><\/a><\/p><\/section><a href=\"https:\/\/emailtree.ai\/fr\/blog-fr\/emailtree-renforce-son-partenariat-avec-webhelp\/\" style=\"border-radius: 5px; overflow: hidden;\"><span style=\"\">                    <\/span><span style=\"\"><span style=\"\" data-tcb_hover_state_parent=\"\">Read More<\/span><\/span><\/a><\/article><article id=\"post-2072\" class=\"post-2072 post type-post status-publish format-video has-post-thumbnail hentry category-news-fr category-uncategorized post_format-post-format-video post-wrapper thrv_wrapper thrive-animated-item \" tcb_hover_state_parent=\"\" shortcode=\"tcb_post_list\" data-id=\"2072\" data-selector=\".post-wrapper\"><style class=\"tcb-post-list-dynamic-style\" type=\"text\/css\">@media (min-width: 300px){[].tcb-post-list #post-2072 []{background-image: url(\u00ab\u00a0https:\/\/emailtree.ai\/wp-content\/uploads\/emailtree-finalist-village-awards-2020-scaled.jpg\u00ab\u00a0) !important;}[].tcb-post-list #post-2072 []{background-image: url(\u00ab\u00a0https:\/\/emailtree.ai\/wp-content\/uploads\/emailtree-finalist-village-awards-2020-scaled.jpg\u00ab\u00a0) !important;}}<\/style><a href=\"https:\/\/emailtree.ai\/fr\/news-fr\/emailtree-finaliste-village-awards-2020\/\" dynamic-postlink=\"tcb_post_the_permalink\" data-shortcode-id=\"731\"><\/a><\/p>\n<p><span style=\"text-decoration: none; display: inline-block;\"><span data-extra_key=\"\" data-option-inline=\"1\" data-shortcode=\"tcb_post_title\" data-shortcode-name=\"Post Title\" data-attr-static-link=\"{&quot;className&quot;:&quot;tve-dynamic-link tve-froala fr-basic&quot;,&quot;class&quot;:&quot;tve-dynamic-link tve-froala fr-basic&quot;,&quot;data-css&quot;:&quot;tve-u-16ffc040668&quot;,&quot;data-dynamic-link&quot;:&quot;tcb_post_the_permalink&quot;,&quot;data-shortcode-id&quot;:&quot;731&quot;,&quot;dynamic-postlink&quot;:&quot;tcb_post_the_permalink&quot;,&quot;href&quot;:&quot;((tcb_post_the_permalink))&quot;,&quot;style&quot;:&quot;outline: none;&quot;}\"><a class=\"tve-dynamic-link tve-froala fr-basic\" class=\"tve-dynamic-link tve-froala fr-basic\" data-css=\"tve-u-16ffc040668\" data-dynamic-link=\"tcb_post_the_permalink\" data-shortcode-id=\"731\" dynamic-postlink=\"tcb_post_the_permalink\" href=\"https:\/\/emailtree.ai\/fr\/news-fr\/emailtree-finaliste-village-awards-2020\/\" style=\"outline: none;\">EmailTree AI s\u00e9lectionn\u00e9 comme finaliste des Village Awards 2020<\/a><\/span><\/span><\/p>\n<p><span data-attr-link=\"0\" data-extra_key=\"\" data-option-inline=\"1\" data-shortcode=\"tcb_post_categories\" data-shortcode-name=\"Post Categories\" style=\"font-size: 15px;\">News, Uncategorized<\/span><a href=\"https:\/\/emailtree.ai\/newsroom\/press\/\" style=\"outline: none;\" target=\"_blank\" title=\"Press\" rel=\"noopener noreferrer\">\u200b<\/a><\/p>\n<p><section class=\"tcb-post-content tcb-shortcode thrv_wrapper\" data-css=\"tve-u-16ffc040659\"><p>Le Village Awards r\u00e9compensent la meilleure coop\u00e9ration entre startups et grandes entreprises et aident les startups \u00e0 se d\u00e9velopper et grandir en <a class=\"more-link\" href=\"https:\/\/emailtree.ai\/fr\/news-fr\/emailtree-finaliste-village-awards-2020\/#more-2072\"><\/a><\/p><\/section><a href=\"https:\/\/emailtree.ai\/fr\/news-fr\/emailtree-finaliste-village-awards-2020\/\" style=\"border-radius: 5px; overflow: hidden;\"><span style=\"\">                    <\/span><span style=\"\"><span style=\"\" data-tcb_hover_state_parent=\"\">Read More<\/span><\/span><\/a><\/article><article id=\"post-2083\" class=\"post-2083 post type-post status-publish format-standard has-post-thumbnail hentry category-news-fr category-uncategorized post-wrapper thrv_wrapper thrive-animated-item \" tcb_hover_state_parent=\"\" shortcode=\"tcb_post_list\" data-id=\"2083\" data-selector=\".post-wrapper\"><style class=\"tcb-post-list-dynamic-style\" type=\"text\/css\">@media (min-width: 300px){[].tcb-post-list #post-2083 []{background-image: url(\u00ab\u00a0https:\/\/emailtree.ai\/wp-content\/uploads\/qmlqxcsahdqmetdofhes-scaled.jpg\u00ab\u00a0) !important;}[].tcb-post-list #post-2083 []{background-image: url(\u00ab\u00a0https:\/\/emailtree.ai\/wp-content\/uploads\/qmlqxcsahdqmetdofhes-scaled.jpg\u00ab\u00a0) !important;}}<\/style><a href=\"https:\/\/emailtree.ai\/fr\/news-fr\/emailtree-ai-blue-turtle-partenariat-strategique-afrique\/\" dynamic-postlink=\"tcb_post_the_permalink\" data-shortcode-id=\"731\"><\/a><\/p>\n<p><span style=\"text-decoration: none; display: inline-block;\"><span data-extra_key=\"\" data-option-inline=\"1\" data-shortcode=\"tcb_post_title\" data-shortcode-name=\"Post Title\" data-attr-static-link=\"{&quot;className&quot;:&quot;tve-dynamic-link tve-froala fr-basic&quot;,&quot;class&quot;:&quot;tve-dynamic-link tve-froala fr-basic&quot;,&quot;data-css&quot;:&quot;tve-u-16ffc040668&quot;,&quot;data-dynamic-link&quot;:&quot;tcb_post_the_permalink&quot;,&quot;data-shortcode-id&quot;:&quot;731&quot;,&quot;dynamic-postlink&quot;:&quot;tcb_post_the_permalink&quot;,&quot;href&quot;:&quot;((tcb_post_the_permalink))&quot;,&quot;style&quot;:&quot;outline: none;&quot;}\"><a class=\"tve-dynamic-link tve-froala fr-basic\" class=\"tve-dynamic-link tve-froala fr-basic\" data-css=\"tve-u-16ffc040668\" data-dynamic-link=\"tcb_post_the_permalink\" data-shortcode-id=\"731\" dynamic-postlink=\"tcb_post_the_permalink\" href=\"https:\/\/emailtree.ai\/fr\/news-fr\/emailtree-ai-blue-turtle-partenariat-strategique-afrique\/\" style=\"outline: none;\">EmailTree AI s&#8217;associe \u00e0 Blue Turtle Technologies en Afrique<\/a><\/span><\/span><\/p>\n<p><span data-attr-link=\"0\" data-extra_key=\"\" data-option-inline=\"1\" data-shortcode=\"tcb_post_categories\" data-shortcode-name=\"Post Categories\" style=\"font-size: 15px;\">News, Uncategorized<\/span><a href=\"https:\/\/emailtree.ai\/newsroom\/press\/\" style=\"outline: none;\" target=\"_blank\" title=\"Press\" rel=\"noopener noreferrer\">\u200b<\/a><\/p>\n<p><section class=\"tcb-post-content tcb-shortcode thrv_wrapper\" data-css=\"tve-u-16ffc040659\"><p>Le 11 juin 2020, EmailTree AI, la solution d'hyperautomatisation de bout en bout bas\u00e9e sur l'IA pour r\u00e9inventer les services clients, et&nbsp;Blue <a class=\"more-link\" href=\"https:\/\/emailtree.ai\/fr\/news-fr\/emailtree-ai-blue-turtle-partenariat-strategique-afrique\/#more-2083\"><\/a><\/p><\/section><a href=\"https:\/\/emailtree.ai\/fr\/news-fr\/emailtree-ai-blue-turtle-partenariat-strategique-afrique\/\" style=\"border-radius: 5px; overflow: hidden;\"><span style=\"\">                    <\/span><span style=\"\"><span style=\"\" data-tcb_hover_state_parent=\"\">Read More<\/span><\/span><\/a><\/article><\/div>\n<p>EXPLORE EMAILTREE NEWSROOM<\/p>\n<div class=\"tcb-post-list tve-content-list thrv_wrapper\" data-type=\"list\" data-pagination-type=\"none\" data-pages_near_current=\"2\" data-css=\"tve-u-16ffc001608\" data-total_post_count=\"4\" data-total_sticky_count=\"0\" data-disabled-links=\"1\" data-featured-list=\"tve-u-16fa0edabe4\" data-no_posts_text=\"There are no posts to display.\"><article id=\"post-15623\" class=\"post-15623 post type-post status-publish format-standard has-post-thumbnail hentry category-blog-fr category-news-fr post-wrapper thrv_wrapper thrive-animated-item \" tcb_hover_state_parent=\"\" data-id=\"15623\" data-selector=\".post-wrapper\"><style class=\"tcb-post-list-dynamic-style\" type=\"text\/css\">@media (min-width: 300px){[].tcb-post-list #post-15623 []{background-image: url(\u00ab\u00a0https:\/\/emailtree.ai\/wp-content\/uploads\/EmailTree-AI-strenghtens-its-partnership.jpg\u00ab\u00a0) !important;}[].tcb-post-list #post-15623 []{background-image: url(\u00ab\u00a0https:\/\/emailtree.ai\/wp-content\/uploads\/EmailTree-AI-strenghtens-its-partnership.jpg\u00ab\u00a0) !important;}}<\/style><span class=\"tcb-post-categories tcb-shortcode tcb-plain-text thrv_wrapper\" data-css=\"tve-u-16ffc00160e\"><a href=\"https:\/\/emailtree.ai\/fr\/category\/blog-fr\/\" title=\"Blog\" data-css=\"tve-u-16ffc00160e\">Blog<\/a>, <a href=\"https:\/\/emailtree.ai\/fr\/category\/news-fr\/\" title=\"News\" data-css=\"tve-u-16ffc00160e\">News<\/a><\/span><h2 class=\"tcb-post-title tcb-shortcode thrv_wrapper tcb-shortcode thrive-shortcode\" data-css=\"tve-u-16ffc001610\"><a href=\"https:\/\/emailtree.ai\/fr\/blog-fr\/emailtree-renforce-son-partenariat-avec-webhelp\/\" title=\"EmailTree AI renforce son partenariat avec Webhelp pour servir Samsung Electronics\" data-css=\"tve-u-16ffc001610\">EmailTree AI renforce son partenariat avec Webhelp pour servir Samsung Electronics<\/a><\/h2><section class=\"tcb-post-content tcb-shortcode thrv_wrapper\" data-css=\"tve-u-16ffc001611\"><p>EmailTree AI annonce des am\u00e9liorations significatives de son partenariat avec Webhelp, pour <a class=\"more-link\" href=\"https:\/\/emailtree.ai\/fr\/blog-fr\/emailtree-renforce-son-partenariat-avec-webhelp\/#more-15623\"><\/a><\/p><\/section><div class=\"tve-article-cover\"><a class=\"tcb-article-cover-link\" href=\"https:\/\/emailtree.ai\/fr\/blog-fr\/emailtree-renforce-son-partenariat-avec-webhelp\/\">EmailTree AI renforce son partenariat avec Webhelp pour servir Samsung Electronics<\/a><\/div><\/article><article id=\"post-2072\" class=\"post-2072 post type-post status-publish format-video has-post-thumbnail hentry category-news-fr category-uncategorized post_format-post-format-video post-wrapper thrv_wrapper thrive-animated-item \" tcb_hover_state_parent=\"\" data-id=\"2072\" data-selector=\".post-wrapper\"><style class=\"tcb-post-list-dynamic-style\" type=\"text\/css\">@media (min-width: 300px){[].tcb-post-list #post-2072 []{background-image: url(\u00ab\u00a0https:\/\/emailtree.ai\/wp-content\/uploads\/emailtree-finalist-village-awards-2020-scaled.jpg\u00ab\u00a0) !important;}[].tcb-post-list #post-2072 []{background-image: url(\u00ab\u00a0https:\/\/emailtree.ai\/wp-content\/uploads\/emailtree-finalist-village-awards-2020-scaled.jpg\u00ab\u00a0) !important;}}<\/style><span class=\"tcb-post-categories tcb-shortcode tcb-plain-text thrv_wrapper\" data-css=\"tve-u-16ffc00160e\"><a href=\"https:\/\/emailtree.ai\/fr\/category\/news-fr\/\" title=\"News\" data-css=\"tve-u-16ffc00160e\">News<\/a>, <a href=\"https:\/\/emailtree.ai\/category\/uncategorized\/\" title=\"Uncategorized\" data-css=\"tve-u-16ffc00160e\">Uncategorized<\/a><\/span><h2 class=\"tcb-post-title tcb-shortcode thrv_wrapper tcb-shortcode thrive-shortcode\" data-css=\"tve-u-16ffc001610\"><a href=\"https:\/\/emailtree.ai\/fr\/news-fr\/emailtree-finaliste-village-awards-2020\/\" title=\"EmailTree AI s\u00e9lectionn\u00e9 comme finaliste des Village Awards 2020\" data-css=\"tve-u-16ffc001610\">EmailTree AI s\u00e9lectionn\u00e9 comme finaliste des Village Awards 2020<\/a><\/h2><section class=\"tcb-post-content tcb-shortcode thrv_wrapper\" data-css=\"tve-u-16ffc001611\"><p>Le Village Awards r\u00e9compensent la meilleure coop\u00e9ration entre startups et grandes entreprises <a class=\"more-link\" href=\"https:\/\/emailtree.ai\/fr\/news-fr\/emailtree-finaliste-village-awards-2020\/#more-2072\"><\/a><\/p><\/section><div class=\"tve-article-cover\"><a class=\"tcb-article-cover-link\" href=\"https:\/\/emailtree.ai\/fr\/news-fr\/emailtree-finaliste-village-awards-2020\/\">EmailTree AI s\u00e9lectionn\u00e9 comme finaliste des Village Awards 2020<\/a><\/div><\/article><article id=\"post-2083\" class=\"post-2083 post type-post status-publish format-standard has-post-thumbnail hentry category-news-fr category-uncategorized post-wrapper thrv_wrapper thrive-animated-item \" tcb_hover_state_parent=\"\" data-id=\"2083\" data-selector=\".post-wrapper\"><style class=\"tcb-post-list-dynamic-style\" type=\"text\/css\">@media (min-width: 300px){[].tcb-post-list #post-2083 []{background-image: url(\u00ab\u00a0https:\/\/emailtree.ai\/wp-content\/uploads\/qmlqxcsahdqmetdofhes-scaled.jpg\u00ab\u00a0) !important;}[].tcb-post-list #post-2083 []{background-image: url(\u00ab\u00a0https:\/\/emailtree.ai\/wp-content\/uploads\/qmlqxcsahdqmetdofhes-scaled.jpg\u00ab\u00a0) !important;}}<\/style><span class=\"tcb-post-categories tcb-shortcode tcb-plain-text thrv_wrapper\" data-css=\"tve-u-16ffc00160e\"><a href=\"https:\/\/emailtree.ai\/fr\/category\/news-fr\/\" title=\"News\" data-css=\"tve-u-16ffc00160e\">News<\/a>, <a href=\"https:\/\/emailtree.ai\/category\/uncategorized\/\" title=\"Uncategorized\" data-css=\"tve-u-16ffc00160e\">Uncategorized<\/a><\/span><h2 class=\"tcb-post-title tcb-shortcode thrv_wrapper tcb-shortcode thrive-shortcode\" data-css=\"tve-u-16ffc001610\"><a href=\"https:\/\/emailtree.ai\/fr\/news-fr\/emailtree-ai-blue-turtle-partenariat-strategique-afrique\/\" title=\"EmailTree AI s&#8217;associe \u00e0 Blue Turtle Technologies en Afrique\" data-css=\"tve-u-16ffc001610\">EmailTree AI s&#8217;associe \u00e0 Blue Turtle Technologies en Afrique<\/a><\/h2><section class=\"tcb-post-content tcb-shortcode thrv_wrapper\" data-css=\"tve-u-16ffc001611\"><p>Le 11 juin 2020, EmailTree AI, la solution d'hyperautomatisation de bout en <a class=\"more-link\" href=\"https:\/\/emailtree.ai\/fr\/news-fr\/emailtree-ai-blue-turtle-partenariat-strategique-afrique\/#more-2083\"><\/a><\/p><\/section><div class=\"tve-article-cover\"><a class=\"tcb-article-cover-link\" href=\"https:\/\/emailtree.ai\/fr\/news-fr\/emailtree-ai-blue-turtle-partenariat-strategique-afrique\/\">EmailTree AI s&#8217;associe \u00e0 Blue Turtle Technologies en Afrique<\/a><\/div><\/article><article id=\"post-2092\" class=\"post-2092 post type-post status-publish format-standard has-post-thumbnail hentry category-events-fr category-news-fr category-uncategorized tag-past-events-fr post-wrapper thrv_wrapper thrive-animated-item \" tcb_hover_state_parent=\"\" data-id=\"2092\" data-selector=\".post-wrapper\"><style class=\"tcb-post-list-dynamic-style\" type=\"text\/css\">@media (min-width: 300px){[].tcb-post-list #post-2092 []{background-image: url(\u00ab\u00a0https:\/\/emailtree.ai\/wp-content\/uploads\/emailtree-winner-hack-the-crisis-luxembourg.jpg\u00ab\u00a0) !important;}[].tcb-post-list #post-2092 []{background-image: url(\u00ab\u00a0https:\/\/emailtree.ai\/wp-content\/uploads\/emailtree-winner-hack-the-crisis-luxembourg.jpg\u00ab\u00a0) !important;}}<\/style><span class=\"tcb-post-categories tcb-shortcode tcb-plain-text thrv_wrapper\" data-css=\"tve-u-16ffc00160e\"><a href=\"https:\/\/emailtree.ai\/fr\/category\/events-fr\/\" title=\"Events\" data-css=\"tve-u-16ffc00160e\">Events<\/a>, <a href=\"https:\/\/emailtree.ai\/fr\/category\/news-fr\/\" title=\"News\" data-css=\"tve-u-16ffc00160e\">News<\/a>, <a href=\"https:\/\/emailtree.ai\/category\/uncategorized\/\" title=\"Uncategorized\" data-css=\"tve-u-16ffc00160e\">Uncategorized<\/a><\/span><h2 class=\"tcb-post-title tcb-shortcode thrv_wrapper tcb-shortcode thrive-shortcode\" data-css=\"tve-u-16ffc001610\"><a href=\"https:\/\/emailtree.ai\/fr\/news-fr\/emailtree-ai-vainqueur-du-hackathon-hack-the-crisis\/\" title=\"EmailTree AI Vainqueur du Hackathon Hack The Crisis\" data-css=\"tve-u-16ffc001610\">EmailTree AI Vainqueur du Hackathon Hack The Crisis<\/a><\/h2><section class=\"tcb-post-content tcb-shortcode thrv_wrapper\" data-css=\"tve-u-16ffc001611\"><p>25 Avril 2020 - EmailTree AI, la solution de bout en bout <a class=\"more-link\" href=\"https:\/\/emailtree.ai\/fr\/news-fr\/emailtree-ai-vainqueur-du-hackathon-hack-the-crisis\/#more-2092\"><\/a><\/p><\/section><div class=\"tve-article-cover\"><a class=\"tcb-article-cover-link\" href=\"https:\/\/emailtree.ai\/fr\/news-fr\/emailtree-ai-vainqueur-du-hackathon-hack-the-crisis\/\">EmailTree AI Vainqueur du Hackathon Hack The Crisis<\/a><\/div><\/article><\/div>\n<h2 style=\"text-align: center;\"><strong>Ready for your own success story?<\/strong><\/h2>\n<p style=\"text-align: center;\">Let us answer your questions through our Hyperautomation Audit Workshop.<\/p>\n","protected":false},"excerpt":{"rendered":"<p>EMAILTREE NEWSROOM FEATURED NEWS EXPLORE EMAILTREE NEWSROOM Ready for your own success story? Let us answer your questions through our Hyperautomation Audit Workshop.<\/p>\n","protected":false},"author":1,"featured_media":0,"parent":0,"menu_order":0,"comment_status":"closed","ping_status":"closed","template":"","meta":{"footnotes":""},"class_list":{"0":"post-2268","1":"page","2":"type-page","3":"status-publish","4":"hentry","5":"post-wrapper","6":"thrv_wrapper","9":"thrive-animated-item"},"yoast_head":"<!-- This site is optimized with the Yoast SEO plugin v23.6 - https:\/\/yoast.com\/wordpress\/plugins\/seo\/ -->\n<title>Newsroom - EmailTree AI<\/title>\n<meta name=\"description\" content=\"Check out the news, corporate announcements, trending stories and more. Enjoy hundreds of popular articles on EmailTree AI newsroom.\" \/>\n<meta name=\"robots\" content=\"index, follow, max-snippet:-1, max-image-preview:large, max-video-preview:-1\" \/>\n<link rel=\"canonical\" href=\"https:\/\/emailtree.ai\/fr\/newsroom\/\" \/>\n<meta property=\"og:locale\" content=\"fr_FR\" \/>\n<meta property=\"og:type\" content=\"article\" \/>\n<meta property=\"og:title\" content=\"Newsroom - EmailTree AI\" \/>\n<meta property=\"og:description\" content=\"Check out the news, corporate announcements, trending stories and more. Enjoy hundreds of popular articles on EmailTree AI newsroom.\" \/>\n<meta property=\"og:url\" content=\"https:\/\/emailtree.ai\/fr\/newsroom\/\" \/>\n<meta property=\"og:site_name\" content=\"EmailTree AI\" \/>\n<meta name=\"twitter:card\" content=\"summary_large_image\" \/>\n<meta name=\"twitter:label1\" content=\"Dur\u00e9e de lecture estim\u00e9e\" \/>\n\t<meta name=\"twitter:data1\" content=\"2 minutes\" \/>\n<script type=\"application\/ld+json\" class=\"yoast-schema-graph\">{\"@context\":\"https:\/\/schema.org\",\"@graph\":[{\"@type\":\"WebPage\",\"@id\":\"https:\/\/emailtree.ai\/fr\/newsroom\/\",\"url\":\"https:\/\/emailtree.ai\/fr\/newsroom\/\",\"name\":\"Newsroom - EmailTree AI\",\"isPartOf\":{\"@id\":\"https:\/\/emailtree.ai\/fr\/#website\"},\"datePublished\":\"2020-01-16T08:20:10+00:00\",\"dateModified\":\"2020-01-16T08:20:10+00:00\",\"description\":\"Check out the news, corporate announcements, trending stories and more. Enjoy hundreds of popular articles on EmailTree AI newsroom.\",\"breadcrumb\":{\"@id\":\"https:\/\/emailtree.ai\/fr\/newsroom\/#breadcrumb\"},\"inLanguage\":\"fr-FR\",\"potentialAction\":[{\"@type\":\"ReadAction\",\"target\":[\"https:\/\/emailtree.ai\/fr\/newsroom\/\"]}]},{\"@type\":\"BreadcrumbList\",\"@id\":\"https:\/\/emailtree.ai\/fr\/newsroom\/#breadcrumb\",\"itemListElement\":[{\"@type\":\"ListItem\",\"position\":1,\"name\":\"Home\",\"item\":\"https:\/\/emailtree.ai\/fr\/\"},{\"@type\":\"ListItem\",\"position\":2,\"name\":\"Newsroom\"}]},{\"@type\":\"WebSite\",\"@id\":\"https:\/\/emailtree.ai\/fr\/#website\",\"url\":\"https:\/\/emailtree.ai\/fr\/\",\"name\":\"EmailTree AI\",\"description\":\"Customer Service Hyperautomation\",\"potentialAction\":[{\"@type\":\"SearchAction\",\"target\":{\"@type\":\"EntryPoint\",\"urlTemplate\":\"https:\/\/emailtree.ai\/fr\/?s={search_term_string}\"},\"query-input\":{\"@type\":\"PropertyValueSpecification\",\"valueRequired\":true,\"valueName\":\"search_term_string\"}}],\"inLanguage\":\"fr-FR\"}]}<\/script>\n<!-- \/ Yoast SEO plugin. -->","yoast_head_json":{"title":"Newsroom - EmailTree AI","description":"Check out the news, corporate announcements, trending stories and more. Enjoy hundreds of popular articles on EmailTree AI newsroom.","robots":{"index":"index","follow":"follow","max-snippet":"max-snippet:-1","max-image-preview":"max-image-preview:large","max-video-preview":"max-video-preview:-1"},"canonical":"https:\/\/emailtree.ai\/fr\/newsroom\/","og_locale":"fr_FR","og_type":"article","og_title":"Newsroom - EmailTree AI","og_description":"Check out the news, corporate announcements, trending stories and more. Enjoy hundreds of popular articles on EmailTree AI newsroom.","og_url":"https:\/\/emailtree.ai\/fr\/newsroom\/","og_site_name":"EmailTree AI","twitter_card":"summary_large_image","twitter_misc":{"Dur\u00e9e de lecture estim\u00e9e":"2 minutes"},"schema":{"@context":"https:\/\/schema.org","@graph":[{"@type":"WebPage","@id":"https:\/\/emailtree.ai\/fr\/newsroom\/","url":"https:\/\/emailtree.ai\/fr\/newsroom\/","name":"Newsroom - EmailTree AI","isPartOf":{"@id":"https:\/\/emailtree.ai\/fr\/#website"},"datePublished":"2020-01-16T08:20:10+00:00","dateModified":"2020-01-16T08:20:10+00:00","description":"Check out the news, corporate announcements, trending stories and more. Enjoy hundreds of popular articles on EmailTree AI newsroom.","breadcrumb":{"@id":"https:\/\/emailtree.ai\/fr\/newsroom\/#breadcrumb"},"inLanguage":"fr-FR","potentialAction":[{"@type":"ReadAction","target":["https:\/\/emailtree.ai\/fr\/newsroom\/"]}]},{"@type":"BreadcrumbList","@id":"https:\/\/emailtree.ai\/fr\/newsroom\/#breadcrumb","itemListElement":[{"@type":"ListItem","position":1,"name":"Home","item":"https:\/\/emailtree.ai\/fr\/"},{"@type":"ListItem","position":2,"name":"Newsroom"}]},{"@type":"WebSite","@id":"https:\/\/emailtree.ai\/fr\/#website","url":"https:\/\/emailtree.ai\/fr\/","name":"EmailTree AI","description":"Customer Service Hyperautomation","potentialAction":[{"@type":"SearchAction","target":{"@type":"EntryPoint","urlTemplate":"https:\/\/emailtree.ai\/fr\/?s={search_term_string}"},"query-input":{"@type":"PropertyValueSpecification","valueRequired":true,"valueName":"search_term_string"}}],"inLanguage":"fr-FR"}]}},"_links":{"self":[{"href":"https:\/\/emailtree.ai\/fr\/wp-json\/wp\/v2\/pages\/2268"}],"collection":[{"href":"https:\/\/emailtree.ai\/fr\/wp-json\/wp\/v2\/pages"}],"about":[{"href":"https:\/\/emailtree.ai\/fr\/wp-json\/wp\/v2\/types\/page"}],"author":[{"embeddable":true,"href":"https:\/\/emailtree.ai\/fr\/wp-json\/wp\/v2\/users\/1"}],"replies":[{"embeddable":true,"href":"https:\/\/emailtree.ai\/fr\/wp-json\/wp\/v2\/comments?post=2268"}],"version-history":[{"count":0,"href":"https:\/\/emailtree.ai\/fr\/wp-json\/wp\/v2\/pages\/2268\/revisions"}],"wp:attachment":[{"href":"https:\/\/emailtree.ai\/fr\/wp-json\/wp\/v2\/media?parent=2268"}],"curies":[{"name":"wp","href":"https:\/\/api.w.org\/{rel}","templated":true}]}}