{"id":2347,"date":"2020-03-18T15:51:00","date_gmt":"2020-03-18T15:51:00","guid":{"rendered":"https:\/\/emailtree.ai\/generated-homepage\/"},"modified":"2020-12-14T20:21:30","modified_gmt":"2020-12-14T20:21:30","slug":"page-accueil-generee","status":"publish","type":"page","link":"https:\/\/emailtree.ai\/fr\/page-accueil-generee\/","title":{"rendered":"Page d&#8217;Accueil G\u00e9n\u00e9r\u00e9e"},"content":{"rendered":"<p>Cela a \u00e9t\u00e9 g\u00e9n\u00e9r\u00e9 automatiquement en tant qu&rsquo;espace r\u00e9serv\u00e9 pour la page d&rsquo;accueil.<\/p><\/p>\n","protected":false},"excerpt":{"rendered":"<p>Cela a \u00e9t\u00e9 g\u00e9n\u00e9r\u00e9 automatiquement en tant qu&rsquo;espace r\u00e9serv\u00e9 pour la page d&rsquo;accueil.<\/p>\n","protected":false},"author":8,"featured_media":0,"parent":0,"menu_order":0,"comment_status":"closed","ping_status":"closed","template":"","meta":{"footnotes":""},"class_list":["post-2347","page","type-page","status-publish","hentry","post-wrapper","thrv_wrapper"],"yoast_head":"<!-- This site is optimized with the Yoast SEO plugin v23.6 - https:\/\/yoast.com\/wordpress\/plugins\/seo\/ -->\n<title>Page d&#8217;Accueil G\u00e9n\u00e9r\u00e9e - EmailTree AI<\/title>\n<meta name=\"robots\" content=\"index, follow, max-snippet:-1, max-image-preview:large, max-video-preview:-1\" \/>\n<link rel=\"canonical\" href=\"https:\/\/emailtree.ai\/fr\/page-accueil-generee\/\" \/>\n<meta property=\"og:locale\" content=\"fr_FR\" \/>\n<meta property=\"og:type\" content=\"article\" \/>\n<meta property=\"og:title\" content=\"Page d&#8217;Accueil G\u00e9n\u00e9r\u00e9e - EmailTree AI\" \/>\n<meta property=\"og:description\" content=\"Cela a \u00e9t\u00e9 g\u00e9n\u00e9r\u00e9 automatiquement en tant qu&rsquo;espace r\u00e9serv\u00e9 pour la page d&rsquo;accueil.\" \/>\n<meta property=\"og:url\" content=\"https:\/\/emailtree.ai\/fr\/page-accueil-generee\/\" \/>\n<meta property=\"og:site_name\" content=\"EmailTree AI\" \/>\n<meta property=\"article:modified_time\" content=\"2020-12-14T20:21:30+00:00\" \/>\n<meta name=\"twitter:card\" content=\"summary_large_image\" \/>\n<script type=\"application\/ld+json\" class=\"yoast-schema-graph\">{\"@context\":\"https:\/\/schema.org\",\"@graph\":[{\"@type\":\"WebPage\",\"@id\":\"https:\/\/emailtree.ai\/fr\/page-accueil-generee\/\",\"url\":\"https:\/\/emailtree.ai\/fr\/page-accueil-generee\/\",\"name\":\"Page d&#8217;Accueil G\u00e9n\u00e9r\u00e9e - EmailTree AI\",\"isPartOf\":{\"@id\":\"https:\/\/emailtree.ai\/fr\/#website\"},\"datePublished\":\"2020-03-18T15:51:00+00:00\",\"dateModified\":\"2020-12-14T20:21:30+00:00\",\"breadcrumb\":{\"@id\":\"https:\/\/emailtree.ai\/fr\/page-accueil-generee\/#breadcrumb\"},\"inLanguage\":\"fr-FR\",\"potentialAction\":[{\"@type\":\"ReadAction\",\"target\":[\"https:\/\/emailtree.ai\/fr\/page-accueil-generee\/\"]}]},{\"@type\":\"BreadcrumbList\",\"@id\":\"https:\/\/emailtree.ai\/fr\/page-accueil-generee\/#breadcrumb\",\"itemListElement\":[{\"@type\":\"ListItem\",\"position\":1,\"name\":\"Home\",\"item\":\"https:\/\/emailtree.ai\/fr\/\"},{\"@type\":\"ListItem\",\"position\":2,\"name\":\"Page d&#8217;Accueil G\u00e9n\u00e9r\u00e9e\"}]},{\"@type\":\"WebSite\",\"@id\":\"https:\/\/emailtree.ai\/fr\/#website\",\"url\":\"https:\/\/emailtree.ai\/fr\/\",\"name\":\"EmailTree AI\",\"description\":\"Customer Service Hyperautomation\",\"potentialAction\":[{\"@type\":\"SearchAction\",\"target\":{\"@type\":\"EntryPoint\",\"urlTemplate\":\"https:\/\/emailtree.ai\/fr\/?s={search_term_string}\"},\"query-input\":{\"@type\":\"PropertyValueSpecification\",\"valueRequired\":true,\"valueName\":\"search_term_string\"}}],\"inLanguage\":\"fr-FR\"}]}<\/script>\n<!-- \/ Yoast SEO plugin. -->","yoast_head_json":{"title":"Page d&#8217;Accueil G\u00e9n\u00e9r\u00e9e - EmailTree AI","robots":{"index":"index","follow":"follow","max-snippet":"max-snippet:-1","max-image-preview":"max-image-preview:large","max-video-preview":"max-video-preview:-1"},"canonical":"https:\/\/emailtree.ai\/fr\/page-accueil-generee\/","og_locale":"fr_FR","og_type":"article","og_title":"Page d&#8217;Accueil G\u00e9n\u00e9r\u00e9e - EmailTree AI","og_description":"Cela a \u00e9t\u00e9 g\u00e9n\u00e9r\u00e9 automatiquement en tant qu&rsquo;espace r\u00e9serv\u00e9 pour la page d&rsquo;accueil.","og_url":"https:\/\/emailtree.ai\/fr\/page-accueil-generee\/","og_site_name":"EmailTree AI","article_modified_time":"2020-12-14T20:21:30+00:00","twitter_card":"summary_large_image","schema":{"@context":"https:\/\/schema.org","@graph":[{"@type":"WebPage","@id":"https:\/\/emailtree.ai\/fr\/page-accueil-generee\/","url":"https:\/\/emailtree.ai\/fr\/page-accueil-generee\/","name":"Page d&#8217;Accueil G\u00e9n\u00e9r\u00e9e - EmailTree AI","isPartOf":{"@id":"https:\/\/emailtree.ai\/fr\/#website"},"datePublished":"2020-03-18T15:51:00+00:00","dateModified":"2020-12-14T20:21:30+00:00","breadcrumb":{"@id":"https:\/\/emailtree.ai\/fr\/page-accueil-generee\/#breadcrumb"},"inLanguage":"fr-FR","potentialAction":[{"@type":"ReadAction","target":["https:\/\/emailtree.ai\/fr\/page-accueil-generee\/"]}]},{"@type":"BreadcrumbList","@id":"https:\/\/emailtree.ai\/fr\/page-accueil-generee\/#breadcrumb","itemListElement":[{"@type":"ListItem","position":1,"name":"Home","item":"https:\/\/emailtree.ai\/fr\/"},{"@type":"ListItem","position":2,"name":"Page d&#8217;Accueil G\u00e9n\u00e9r\u00e9e"}]},{"@type":"WebSite","@id":"https:\/\/emailtree.ai\/fr\/#website","url":"https:\/\/emailtree.ai\/fr\/","name":"EmailTree AI","description":"Customer Service Hyperautomation","potentialAction":[{"@type":"SearchAction","target":{"@type":"EntryPoint","urlTemplate":"https:\/\/emailtree.ai\/fr\/?s={search_term_string}"},"query-input":{"@type":"PropertyValueSpecification","valueRequired":true,"valueName":"search_term_string"}}],"inLanguage":"fr-FR"}]}},"_links":{"self":[{"href":"https:\/\/emailtree.ai\/fr\/wp-json\/wp\/v2\/pages\/2347"}],"collection":[{"href":"https:\/\/emailtree.ai\/fr\/wp-json\/wp\/v2\/pages"}],"about":[{"href":"https:\/\/emailtree.ai\/fr\/wp-json\/wp\/v2\/types\/page"}],"author":[{"embeddable":true,"href":"https:\/\/emailtree.ai\/fr\/wp-json\/wp\/v2\/users\/8"}],"replies":[{"embeddable":true,"href":"https:\/\/emailtree.ai\/fr\/wp-json\/wp\/v2\/comments?post=2347"}],"version-history":[{"count":0,"href":"https:\/\/emailtree.ai\/fr\/wp-json\/wp\/v2\/pages\/2347\/revisions"}],"wp:attachment":[{"href":"https:\/\/emailtree.ai\/fr\/wp-json\/wp\/v2\/media?parent=2347"}],"curies":[{"name":"wp","href":"https:\/\/api.w.org\/{rel}","templated":true}]}}