{"id":2353,"date":"2020-01-16T10:28:37","date_gmt":"2020-01-16T10:28:37","guid":{"rendered":"https:\/\/emailtree.ai\/events\/"},"modified":"2022-04-28T08:45:48","modified_gmt":"2022-04-28T08:45:48","slug":"evenements","status":"publish","type":"page","link":"https:\/\/emailtree.ai\/fr\/evenements\/","title":{"rendered":"\u00c9v\u00e9nements"},"content":{"rendered":"<h1 style=\"text-align: left;\"><span>\u00c9V\u00c9NEMENTS EMAILTREE<\/span><\/h1>\n<p>\u00c9V\u00c8NEMENTS \u00c0 VENIR<\/p>\n<p>\u00c9V\u00c9NEMENTS PASS\u00c9S<\/p>\n<div class=\"tcb-post-list tve-content-list thrv_wrapper\" data-type=\"list\" data-pagination-type=\"none\" data-pages_near_current=\"2\" data-css=\"tve-u-16fd8113c37\" data-total_post_count=\"1\" data-total_sticky_count=\"0\" data-no_posts_text=\"There are no posts to display.\"><article id=\"post-2092\" class=\"post-2092 post type-post status-publish format-standard has-post-thumbnail hentry category-events-fr category-news-fr category-uncategorized tag-past-events-fr post-wrapper thrv_wrapper thrive-animated-item \" tcb_hover_state_parent=\"\" data-id=\"2092\" data-selector=\".post-wrapper\"><style class=\"tcb-post-list-dynamic-style\" type=\"text\/css\">@media (min-width: 300px){[].tcb-post-list #post-2092 []{background-image: url(\u00ab\u00a0https:\/\/emailtree.ai\/wp-content\/uploads\/emailtree-winner-hack-the-crisis-luxembourg.jpg\u00ab\u00a0) !important;}}<\/style><\/p>\n<p><span data-extra_key=\"\" data-option-inline=\"1\" data-shortcode=\"tcb_post_title\" data-shortcode-name=\"Post Title\" data-attr-static-link=\"{&quot;className&quot;:&quot;tve-dynamic-link tve-froala fr-basic&quot;,&quot;class&quot;:&quot;tve-dynamic-link tve-froala fr-basic&quot;,&quot;data-css&quot;:&quot;tve-u-16fd828c9dc&quot;,&quot;data-dynamic-link&quot;:&quot;tcb_post_the_permalink&quot;,&quot;data-shortcode-id&quot;:&quot;2092&quot;,&quot;dynamic-postlink&quot;:&quot;tcb_post_the_permalink&quot;,&quot;href&quot;:&quot;((tcb_post_the_permalink))&quot;,&quot;style&quot;:&quot;outline: none;&quot;}\"><a class=\"tve-dynamic-link tve-froala fr-basic\" class=\"tve-dynamic-link tve-froala fr-basic\" data-css=\"tve-u-16fd828c9dc\" data-dynamic-link=\"tcb_post_the_permalink\" data-shortcode-id=\"2092\" dynamic-postlink=\"tcb_post_the_permalink\" href=\"https:\/\/emailtree.ai\/fr\/news-fr\/emailtree-ai-vainqueur-du-hackathon-hack-the-crisis\/\" style=\"outline: none;\">EmailTree AI Vainqueur du Hackathon Hack The Crisis<\/a><\/span><a data-dynamic-link=\"tcb_post_the_permalink\" data-shortcode-id=\"2092\" dynamic-postlink=\"tcb_post_the_permalink\" href=\"https:\/\/emailtree.ai\/fr\/news-fr\/emailtree-ai-vainqueur-du-hackathon-hack-the-crisis\/\" style=\"outline: none;\"><\/a><\/p>\n<p><span data-attr-id=\"Event Date\" data-extra_key=\"CFP\" data-option-inline=\"1\" data-shortcode=\"tcb_post_custom_field\" data-shortcode-name=\"[Custom Fields] Event Date\"><span>25 April 2020<\/span><\/span><\/p>\n<p style=\"\">&nbsp;|&nbsp;<\/p>\n<p style=\"\"><span data-attr-id=\"Event Location\" data-extra_key=\"CFP\" data-option-inline=\"1\" data-shortcode=\"tcb_post_custom_field\" data-shortcode-name=\"[Custom Fields] Event Location\"><span>Luxembourg<\/span><\/span><\/p>\n<p><a href=\"https:\/\/emailtree.ai\/fr\/news-fr\/emailtree-ai-vainqueur-du-hackathon-hack-the-crisis\/\" dynamic-postlink=\"tcb_post_the_permalink\" data-shortcode-id=\"2092\"><\/a><\/article><\/div>\n<h2 style=\"text-align: center;\"><strong>Pr\u00eat pour votre propre r\u00e9ussite?<\/strong><\/h2>\n<p style=\"text-align: center;\">Laissez-nous r\u00e9pondre \u00e0 vos questions gr\u00e2ce \u00e0 notre atelier d&rsquo;audit Hyperautomatisation.<\/p>\n","protected":false},"excerpt":{"rendered":"<p>\u00c9V\u00c9NEMENTS EMAILTREE \u00c9V\u00c8NEMENTS \u00c0 VENIR \u00c9V\u00c9NEMENTS PASS\u00c9S Pr\u00eat pour votre propre r\u00e9ussite? Laissez-nous r\u00e9pondre \u00e0 vos questions gr\u00e2ce \u00e0 notre atelier d&rsquo;audit Hyperautomatisation.<\/p>\n","protected":false},"author":8,"featured_media":0,"parent":0,"menu_order":0,"comment_status":"closed","ping_status":"closed","template":"","meta":{"footnotes":""},"class_list":{"0":"post-2353","1":"page","2":"type-page","3":"status-publish","4":"hentry","5":"post-wrapper","6":"thrv_wrapper","9":"thrive-animated-item"},"yoast_head":"<!-- This site is optimized with the Yoast SEO plugin v23.6 - https:\/\/yoast.com\/wordpress\/plugins\/seo\/ -->\n<title>\u00c9v\u00e9nements - EmailTree AI<\/title>\n<meta name=\"description\" content=\"Check out and join all offline and online events such as conferences, presentations, forums, webinars, meetings.\" \/>\n<meta name=\"robots\" content=\"index, follow, max-snippet:-1, max-image-preview:large, max-video-preview:-1\" \/>\n<link rel=\"canonical\" href=\"https:\/\/emailtree.ai\/fr\/evenements\/\" \/>\n<meta property=\"og:locale\" content=\"fr_FR\" \/>\n<meta property=\"og:type\" content=\"article\" \/>\n<meta property=\"og:title\" content=\"\u00c9v\u00e9nements - EmailTree AI\" \/>\n<meta property=\"og:description\" content=\"Check out and join all offline and online events such as conferences, presentations, forums, webinars, meetings.\" \/>\n<meta property=\"og:url\" content=\"https:\/\/emailtree.ai\/fr\/evenements\/\" \/>\n<meta property=\"og:site_name\" content=\"EmailTree AI\" \/>\n<meta property=\"article:modified_time\" content=\"2022-04-28T08:45:48+00:00\" \/>\n<meta name=\"twitter:card\" content=\"summary_large_image\" \/>\n<meta name=\"twitter:label1\" content=\"Dur\u00e9e de lecture estim\u00e9e\" \/>\n\t<meta name=\"twitter:data1\" content=\"1 minute\" \/>\n<script type=\"application\/ld+json\" class=\"yoast-schema-graph\">{\"@context\":\"https:\/\/schema.org\",\"@graph\":[{\"@type\":\"WebPage\",\"@id\":\"https:\/\/emailtree.ai\/fr\/evenements\/\",\"url\":\"https:\/\/emailtree.ai\/fr\/evenements\/\",\"name\":\"\u00c9v\u00e9nements - EmailTree AI\",\"isPartOf\":{\"@id\":\"https:\/\/emailtree.ai\/fr\/#website\"},\"datePublished\":\"2020-01-16T10:28:37+00:00\",\"dateModified\":\"2022-04-28T08:45:48+00:00\",\"description\":\"Check out and join all offline and online events such as conferences, presentations, forums, webinars, meetings.\",\"breadcrumb\":{\"@id\":\"https:\/\/emailtree.ai\/fr\/evenements\/#breadcrumb\"},\"inLanguage\":\"fr-FR\",\"potentialAction\":[{\"@type\":\"ReadAction\",\"target\":[\"https:\/\/emailtree.ai\/fr\/evenements\/\"]}]},{\"@type\":\"BreadcrumbList\",\"@id\":\"https:\/\/emailtree.ai\/fr\/evenements\/#breadcrumb\",\"itemListElement\":[{\"@type\":\"ListItem\",\"position\":1,\"name\":\"Home\",\"item\":\"https:\/\/emailtree.ai\/fr\/\"},{\"@type\":\"ListItem\",\"position\":2,\"name\":\"\u00c9v\u00e9nements\"}]},{\"@type\":\"WebSite\",\"@id\":\"https:\/\/emailtree.ai\/fr\/#website\",\"url\":\"https:\/\/emailtree.ai\/fr\/\",\"name\":\"EmailTree AI\",\"description\":\"Customer Service Hyperautomation\",\"potentialAction\":[{\"@type\":\"SearchAction\",\"target\":{\"@type\":\"EntryPoint\",\"urlTemplate\":\"https:\/\/emailtree.ai\/fr\/?s={search_term_string}\"},\"query-input\":{\"@type\":\"PropertyValueSpecification\",\"valueRequired\":true,\"valueName\":\"search_term_string\"}}],\"inLanguage\":\"fr-FR\"}]}<\/script>\n<!-- \/ Yoast SEO plugin. -->","yoast_head_json":{"title":"\u00c9v\u00e9nements - EmailTree AI","description":"Check out and join all offline and online events such as conferences, presentations, forums, webinars, meetings.","robots":{"index":"index","follow":"follow","max-snippet":"max-snippet:-1","max-image-preview":"max-image-preview:large","max-video-preview":"max-video-preview:-1"},"canonical":"https:\/\/emailtree.ai\/fr\/evenements\/","og_locale":"fr_FR","og_type":"article","og_title":"\u00c9v\u00e9nements - EmailTree AI","og_description":"Check out and join all offline and online events such as conferences, presentations, forums, webinars, meetings.","og_url":"https:\/\/emailtree.ai\/fr\/evenements\/","og_site_name":"EmailTree AI","article_modified_time":"2022-04-28T08:45:48+00:00","twitter_card":"summary_large_image","twitter_misc":{"Dur\u00e9e de lecture estim\u00e9e":"1 minute"},"schema":{"@context":"https:\/\/schema.org","@graph":[{"@type":"WebPage","@id":"https:\/\/emailtree.ai\/fr\/evenements\/","url":"https:\/\/emailtree.ai\/fr\/evenements\/","name":"\u00c9v\u00e9nements - EmailTree AI","isPartOf":{"@id":"https:\/\/emailtree.ai\/fr\/#website"},"datePublished":"2020-01-16T10:28:37+00:00","dateModified":"2022-04-28T08:45:48+00:00","description":"Check out and join all offline and online events such as conferences, presentations, forums, webinars, meetings.","breadcrumb":{"@id":"https:\/\/emailtree.ai\/fr\/evenements\/#breadcrumb"},"inLanguage":"fr-FR","potentialAction":[{"@type":"ReadAction","target":["https:\/\/emailtree.ai\/fr\/evenements\/"]}]},{"@type":"BreadcrumbList","@id":"https:\/\/emailtree.ai\/fr\/evenements\/#breadcrumb","itemListElement":[{"@type":"ListItem","position":1,"name":"Home","item":"https:\/\/emailtree.ai\/fr\/"},{"@type":"ListItem","position":2,"name":"\u00c9v\u00e9nements"}]},{"@type":"WebSite","@id":"https:\/\/emailtree.ai\/fr\/#website","url":"https:\/\/emailtree.ai\/fr\/","name":"EmailTree AI","description":"Customer Service Hyperautomation","potentialAction":[{"@type":"SearchAction","target":{"@type":"EntryPoint","urlTemplate":"https:\/\/emailtree.ai\/fr\/?s={search_term_string}"},"query-input":{"@type":"PropertyValueSpecification","valueRequired":true,"valueName":"search_term_string"}}],"inLanguage":"fr-FR"}]}},"_links":{"self":[{"href":"https:\/\/emailtree.ai\/fr\/wp-json\/wp\/v2\/pages\/2353"}],"collection":[{"href":"https:\/\/emailtree.ai\/fr\/wp-json\/wp\/v2\/pages"}],"about":[{"href":"https:\/\/emailtree.ai\/fr\/wp-json\/wp\/v2\/types\/page"}],"author":[{"embeddable":true,"href":"https:\/\/emailtree.ai\/fr\/wp-json\/wp\/v2\/users\/8"}],"replies":[{"embeddable":true,"href":"https:\/\/emailtree.ai\/fr\/wp-json\/wp\/v2\/comments?post=2353"}],"version-history":[{"count":0,"href":"https:\/\/emailtree.ai\/fr\/wp-json\/wp\/v2\/pages\/2353\/revisions"}],"wp:attachment":[{"href":"https:\/\/emailtree.ai\/fr\/wp-json\/wp\/v2\/media?parent=2353"}],"curies":[{"name":"wp","href":"https:\/\/api.w.org\/{rel}","templated":true}]}}