{"id":2529,"date":"2020-01-14T09:36:04","date_gmt":"2020-01-14T09:36:04","guid":{"rendered":"https:\/\/emailtree.ai\/customer-success-stories\/orange-luxembourg-hyperautomation\/"},"modified":"2020-12-19T08:19:14","modified_gmt":"2020-12-19T08:19:14","slug":"orange-luxembourg-hyperautomatisation","status":"publish","type":"page","link":"https:\/\/emailtree.ai\/fr\/customer-success-stories\/orange-luxembourg-hyperautomatisation\/","title":{"rendered":"Orange et EmailTree: l&#8217;Exp\u00e9rience Client R\u00e9invent\u00e9e"},"content":{"rendered":"<h1 style=\"text-align: left;\"><strong>Orange et EmailTree:&nbsp;<\/strong><strong>l&rsquo;Exp\u00e9rience Client R\u00e9invent\u00e9e<\/strong><\/h1>\n<p style=\"text-align: left;\">D\u00e9couvrez comment les entreprises tirent parti des solutions d&rsquo;hyperautomatisation du service client EmailTree<\/p>\n<p>CLIENT:&nbsp;<strong>ORANGE<\/strong><\/p>\n<p>PAYS: <strong>LUXEMBOURG<\/strong><\/p>\n<p>INDUSTRIE: <strong>TELECOMUNICATIONS<\/strong><\/p>\n<p><span><img loading=\"lazy\" decoding=\"async\" alt=\"\" data-id=\"28\" width=\"225\" height=\"225\" title=\"orange-logo\" src=\"https:\/\/emailtree.ai\/wp-content\/uploads\/2020\/01\/orange-logo.png\" style=\"\"><\/span><\/p>\n<p><span style=\"color: var(--tcb-color-4);\">DESCRIPTION DU CLIENT<\/span><\/p>\n<p><span style=\"font-weight: normal;\">Orange Communications Luxembourg S.A. est un op\u00e9rateur de t\u00e9l\u00e9communications totalement convergent proposant des services de t\u00e9l\u00e9phonie fixe et mobile, de l&rsquo;internet mobile tr\u00e8s haut d\u00e9bit, de la fibre ainsi que de la t\u00e9l\u00e9vision par c\u00e2ble ou internet pour les march\u00e9s professionnels et r\u00e9sidentiels au Luxembourg. Orange Luxembourg SA est une filiale \u00e0 100% d&rsquo;Orange Belgium implant\u00e9e en Belgique et exploite le march\u00e9 luxembourgeois des t\u00e9l\u00e9communications depuis mai 2004. Orange Fab est un acc\u00e9l\u00e9rateur de start-up, qui accompagne et permet le d\u00e9ploiement de solutions innovantes au sein du groupe Orange et de ses filiales.<\/span><\/p>\n<p><span style=\"color: var(--tcb-color-4);\">SOLUTION<\/span><\/p>\n<p><span style=\"font-weight: normal;\">Composition d&rsquo;E-mail<\/span><\/p>\n<p><span><img loading=\"lazy\" decoding=\"async\" alt=\"\" data-id=\"28\" width=\"225\" height=\"225\" title=\"orange-logo\" src=\"https:\/\/emailtree.ai\/wp-content\/uploads\/2020\/01\/orange-logo.png\" style=\"\"><\/span><\/p>\n<p><span style=\"color: var(--tcb-color-4);\">CLIENT DESCRIPTION<\/span><\/p>\n<p><span style=\"font-weight: normal;\">Orange Communications Luxembourg S.A. is a fully convergent telecommunications operator offering fixed and mobile telephony services, very high-speed mobile internet, fibre as well as cable TV or internet for the professional and residential markets in Luxembourg. Orange Luxembourg S.A is a wholly-owned subsidiary of Orange Belgium established in Belgium and operates the Luxembourg telecommunications market since May 2004. Orange Fab is a start-up accelerator, which supports and enables the deployment of innovative solutions to the group Orange and its subsidiaries.<\/span><\/p>\n<p><span style=\"color: var(--tcb-color-4);\">SOLUTION<\/span><\/p>\n<p><span style=\"font-weight: normal;\">Email Composition<\/span><\/p>\n<p>Une start-up IA a aussi des r\u00eaves: d\u00e9ployer nos technologies de pointe sous l&rsquo;\u00e9gide d&rsquo;un groupe t\u00e9l\u00e9com international. Et cela se produit lors de la construction du partenariat entre Orange et EmailTree AI.<\/p>\n<p>EmailTree AI se pr\u00e9sente comme une solution de bout en bout bas\u00e9e sur l&rsquo;IA (AI &#8211; Artificial Intelligence) pour doter les services clients et les \u00e9quipes d&rsquo;assistance de plus d&rsquo;outils de productivit\u00e9, tout en augmentant la satisfaction client.<\/p>\n<p>Le Traitement Automatique des Langues (NLP &#8211; Natural Language Processing), la Compr\u00e9hension du Langage Naturel (NLU &#8211; Natural Language Understanding), l&rsquo;Apprentissage Machine (ML &#8211; Machine Learning) et l&rsquo;Automatisation du Traitement Robotique (RPA &#8211; Robotic Process Automation) sont des techniques utilis\u00e9es pour r\u00e9pondre plus rapidement aux e-mails, automatiser la composition des e-mails et d\u00e9clencher des actions automatiques dans les bases de donn\u00e9es.<\/p>\n<p>Au sein d&rsquo;Orange Luxembourg, l&rsquo;intelligence artificielle d&rsquo;EmailTree s&rsquo;applique \u00e0 des probl\u00e9matiques et des questions complexes et techniques, sp\u00e9cifiques \u00e0 l&rsquo;industrie des t\u00e9l\u00e9coms. En plus de cela, 5 langues sont utilis\u00e9es dans les dialogues entre les clients et les \u00e9quipes Service &amp; Support Client. Il arrive assez souvent qu&rsquo;un message commence dans une langue (comme le fran\u00e7ais) et se termine dans une autre langue (l&rsquo;anglais par exemple). Un environnement cosmopolite.<\/p>\n<h3><strong>Comment fonctionne EmailTree AI?<\/strong><\/h3>\n<p>L&rsquo;algorithme est capable de lire les e-mails, de comprendre les diff\u00e9rentes situations et probl\u00e8mes, afin de pr\u00e9parer des suggestions de r\u00e9ponses optimales et rapides. Les demandes et les \u00e9changes sont class\u00e9s par types de t\u00e2ches. Des suggestions de r\u00e9ponses sont propos\u00e9es et les diff\u00e9rentes \u00e9quipes (service client et support) choisissent celles qui conviennent. Chaque action et r\u00e9ponse est une ressource \u00e0 apprendre \u00e0 l&rsquo;aide du processus d&rsquo;apprentissage automatique supervis\u00e9 et non supervis\u00e9. EmailTree AI apprend \u00e9tape par \u00e9tape.<\/p>\n<h3><strong>Quels sont les objectifs d&rsquo;Orange?<\/strong><\/h3>\n<ul>\n<li>r\u00e9duire la charge sur le service client<\/li>\n<li>augmentation de la productivit\u00e9 lors de la gestion des demandes de texte<\/li>\n<li>augmenter la satisfaction du client<\/li>\n<\/ul>\n<h3><strong>Quels sont les objectifs d&rsquo;EmailTree AI?<\/strong><\/h3>\n<ul>\n<li>d\u00e9ploiement \u00e0 grande \u00e9chelle de nos technologies avanc\u00e9es<\/li>\n<li>am\u00e9liorer les diff\u00e9rentes fonctionnalit\u00e9s et en d\u00e9velopper de nouvelles<\/li>\n<li>prouver l&rsquo;efficacit\u00e9 dans un groupe t\u00e9l\u00e9com international<\/li>\n<\/ul>\n<p>Avant tout, EmailTree AI est un outil de productivit\u00e9. L&rsquo;intelligence artificielle aide l&rsquo;humain \u00e0 atteindre une valeur ajout\u00e9e plus \u00e9lev\u00e9e. Et c&rsquo;est toujours l&rsquo;humain qui garde le contr\u00f4le. Les suggestions de r\u00e9ponses propos\u00e9es par l&rsquo;IA (AI &#8211; Artificial Intelligence) peuvent toujours \u00eatre am\u00e9lior\u00e9es par le toucher humain.<\/p>\n<p><span style=\"width: 100%;\"><img loading=\"lazy\" decoding=\"async\" alt=\"\" width=\"106\" height=\"83\" title=\"Quotation_marks_image_white_03\" data-id=\"41612\" src=\"\/\/emailtree.ai\/wp-content\/uploads\/tcb_content_templates\/contentblock\/images\/Quotation_marks_image_white_03.png\" style=\"\"><\/span><\/p>\n<p>\u201cNous sommes tr\u00e8s fiers de cette r\u00e9alisation, <strong>l&rsquo;innovation <\/strong>et la <strong>transformation digitale <\/strong>sont au c\u0153ur de notre strat\u00e9gie et nous souhaitons renforcer les <strong>partenariats <\/strong>avec les startups.\u201d<\/p>\n<p>Corinne Loz\u00e9, PDG Orange Luxembourg<\/p>\n<p>D\u00e9couvrez l&rsquo;article complet dans l&rsquo;\u00e9dition de janvier 2020 de #PaperJam ICT, <strong><a href=\"https:\/\/emailtree.ai\/news\/press\/paperjam-for-a-reinvented-customer-experience-orange-luxembourg\/\" style=\"outline: none;\" target=\"_blank\" rel=\"noopener noreferrer\">Pr\u00e9vision Sp\u00e9ciale: 25 experts parlent des d\u00e9fis de l&rsquo;ann\u00e9e<\/a>.<\/strong><\/p>\n<p>Consultez le&nbsp;<a href=\"http:\/\/corporate.orange.lu\/fr\/actualites\/orange-luxembourg-innove-et-ouvre-son-service-client-a-l-intelligence-artificielle\" style=\"outline: none;\" target=\"_blank\" rel=\"noopener noreferrer\">communiqu\u00e9 de presse officiel d&rsquo;Orange Luxembourg<\/a>.<\/p>\n<h2 style=\"text-align: center;\"><strong>Pr\u00eat pour votre propre r\u00e9ussite?<\/strong><\/h2>\n<p style=\"text-align: center;\">Laissez-nous r\u00e9pondre \u00e0 vos questions gr\u00e2ce \u00e0 notre atelier d&rsquo;audit Hyperautomatisation.<\/p>\n","protected":false},"excerpt":{"rendered":"<p>Orange et EmailTree:&nbsp;l&rsquo;Exp\u00e9rience Client R\u00e9invent\u00e9e D\u00e9couvrez comment les entreprises tirent parti des solutions d&rsquo;hyperautomatisation du service client EmailTree CLIENT:&nbsp;ORANGE PAYS: LUXEMBOURG INDUSTRIE: TELECOMUNICATIONS DESCRIPTION DU CLIENT Orange Communications Luxembourg S.A. est un op\u00e9rateur de t\u00e9l\u00e9communications totalement convergent proposant des services de t\u00e9l\u00e9phonie fixe et mobile, de l&rsquo;internet mobile tr\u00e8s haut d\u00e9bit, de la fibre ainsi [&hellip;]<\/p>\n","protected":false},"author":8,"featured_media":0,"parent":2025,"menu_order":0,"comment_status":"closed","ping_status":"closed","template":"","meta":{"footnotes":""},"class_list":["post-2529","page","type-page","status-publish","hentry","post-wrapper","thrv_wrapper"],"yoast_head":"<!-- This site is optimized with the Yoast SEO plugin v23.6 - https:\/\/yoast.com\/wordpress\/plugins\/seo\/ -->\n<title>Orange et EmailTree: l&#8217;Exp\u00e9rience Client R\u00e9invent\u00e9e - EmailTree AI<\/title>\n<meta name=\"description\" content=\"Learn how the companies from the telecom industry can improve customer service, increase productivity and increasing customer satisfaction.\" \/>\n<meta name=\"robots\" content=\"index, follow, max-snippet:-1, max-image-preview:large, max-video-preview:-1\" \/>\n<link rel=\"canonical\" href=\"https:\/\/emailtree.ai\/fr\/customer-success-stories\/orange-luxembourg-hyperautomatisation\/\" \/>\n<meta property=\"og:locale\" content=\"fr_FR\" \/>\n<meta property=\"og:type\" content=\"article\" \/>\n<meta property=\"og:title\" content=\"Orange et EmailTree: l&#8217;Exp\u00e9rience Client R\u00e9invent\u00e9e - EmailTree AI\" \/>\n<meta property=\"og:description\" content=\"Learn how the companies from the telecom industry can improve customer service, increase productivity and increasing customer satisfaction.\" \/>\n<meta property=\"og:url\" content=\"https:\/\/emailtree.ai\/fr\/customer-success-stories\/orange-luxembourg-hyperautomatisation\/\" \/>\n<meta property=\"og:site_name\" content=\"EmailTree AI\" \/>\n<meta property=\"article:modified_time\" content=\"2020-12-19T08:19:14+00:00\" \/>\n<meta property=\"og:image\" content=\"https:\/\/emailtree.ai\/wp-content\/uploads\/2020\/01\/orange-logo.png\" \/>\n<meta name=\"twitter:card\" content=\"summary_large_image\" \/>\n<meta name=\"twitter:label1\" content=\"Dur\u00e9e de lecture estim\u00e9e\" \/>\n\t<meta name=\"twitter:data1\" content=\"4 minutes\" \/>\n<script type=\"application\/ld+json\" class=\"yoast-schema-graph\">{\"@context\":\"https:\/\/schema.org\",\"@graph\":[{\"@type\":\"WebPage\",\"@id\":\"https:\/\/emailtree.ai\/fr\/customer-success-stories\/orange-luxembourg-hyperautomatisation\/\",\"url\":\"https:\/\/emailtree.ai\/fr\/customer-success-stories\/orange-luxembourg-hyperautomatisation\/\",\"name\":\"Orange et EmailTree: l&#8217;Exp\u00e9rience Client R\u00e9invent\u00e9e - EmailTree AI\",\"isPartOf\":{\"@id\":\"https:\/\/emailtree.ai\/fr\/#website\"},\"primaryImageOfPage\":{\"@id\":\"https:\/\/emailtree.ai\/fr\/customer-success-stories\/orange-luxembourg-hyperautomatisation\/#primaryimage\"},\"image\":{\"@id\":\"https:\/\/emailtree.ai\/fr\/customer-success-stories\/orange-luxembourg-hyperautomatisation\/#primaryimage\"},\"thumbnailUrl\":\"https:\/\/emailtree.ai\/wp-content\/uploads\/2020\/01\/orange-logo.png\",\"datePublished\":\"2020-01-14T09:36:04+00:00\",\"dateModified\":\"2020-12-19T08:19:14+00:00\",\"description\":\"Learn how the companies from the telecom industry can improve customer service, increase productivity and increasing customer satisfaction.\",\"breadcrumb\":{\"@id\":\"https:\/\/emailtree.ai\/fr\/customer-success-stories\/orange-luxembourg-hyperautomatisation\/#breadcrumb\"},\"inLanguage\":\"fr-FR\",\"potentialAction\":[{\"@type\":\"ReadAction\",\"target\":[\"https:\/\/emailtree.ai\/fr\/customer-success-stories\/orange-luxembourg-hyperautomatisation\/\"]}]},{\"@type\":\"ImageObject\",\"inLanguage\":\"fr-FR\",\"@id\":\"https:\/\/emailtree.ai\/fr\/customer-success-stories\/orange-luxembourg-hyperautomatisation\/#primaryimage\",\"url\":\"https:\/\/emailtree.ai\/wp-content\/uploads\/2020\/01\/orange-logo.png\",\"contentUrl\":\"https:\/\/emailtree.ai\/wp-content\/uploads\/2020\/01\/orange-logo.png\"},{\"@type\":\"BreadcrumbList\",\"@id\":\"https:\/\/emailtree.ai\/fr\/customer-success-stories\/orange-luxembourg-hyperautomatisation\/#breadcrumb\",\"itemListElement\":[{\"@type\":\"ListItem\",\"position\":1,\"name\":\"Home\",\"item\":\"https:\/\/emailtree.ai\/fr\/\"},{\"@type\":\"ListItem\",\"position\":2,\"name\":\"Customer Success Stories\",\"item\":\"https:\/\/emailtree.ai\/fr\/customer-success-stories\/\"},{\"@type\":\"ListItem\",\"position\":3,\"name\":\"Orange et EmailTree: l&#8217;Exp\u00e9rience Client R\u00e9invent\u00e9e\"}]},{\"@type\":\"WebSite\",\"@id\":\"https:\/\/emailtree.ai\/fr\/#website\",\"url\":\"https:\/\/emailtree.ai\/fr\/\",\"name\":\"EmailTree AI\",\"description\":\"Customer Service Hyperautomation\",\"potentialAction\":[{\"@type\":\"SearchAction\",\"target\":{\"@type\":\"EntryPoint\",\"urlTemplate\":\"https:\/\/emailtree.ai\/fr\/?s={search_term_string}\"},\"query-input\":{\"@type\":\"PropertyValueSpecification\",\"valueRequired\":true,\"valueName\":\"search_term_string\"}}],\"inLanguage\":\"fr-FR\"}]}<\/script>\n<!-- \/ Yoast SEO plugin. -->","yoast_head_json":{"title":"Orange et EmailTree: l&#8217;Exp\u00e9rience Client R\u00e9invent\u00e9e - EmailTree AI","description":"Learn how the companies from the telecom industry can improve customer service, increase productivity and increasing customer satisfaction.","robots":{"index":"index","follow":"follow","max-snippet":"max-snippet:-1","max-image-preview":"max-image-preview:large","max-video-preview":"max-video-preview:-1"},"canonical":"https:\/\/emailtree.ai\/fr\/customer-success-stories\/orange-luxembourg-hyperautomatisation\/","og_locale":"fr_FR","og_type":"article","og_title":"Orange et EmailTree: l&#8217;Exp\u00e9rience Client R\u00e9invent\u00e9e - EmailTree AI","og_description":"Learn how the companies from the telecom industry can improve customer service, increase productivity and increasing customer satisfaction.","og_url":"https:\/\/emailtree.ai\/fr\/customer-success-stories\/orange-luxembourg-hyperautomatisation\/","og_site_name":"EmailTree AI","article_modified_time":"2020-12-19T08:19:14+00:00","og_image":[{"url":"https:\/\/emailtree.ai\/wp-content\/uploads\/2020\/01\/orange-logo.png"}],"twitter_card":"summary_large_image","twitter_misc":{"Dur\u00e9e de lecture estim\u00e9e":"4 minutes"},"schema":{"@context":"https:\/\/schema.org","@graph":[{"@type":"WebPage","@id":"https:\/\/emailtree.ai\/fr\/customer-success-stories\/orange-luxembourg-hyperautomatisation\/","url":"https:\/\/emailtree.ai\/fr\/customer-success-stories\/orange-luxembourg-hyperautomatisation\/","name":"Orange et EmailTree: l&#8217;Exp\u00e9rience Client R\u00e9invent\u00e9e - EmailTree AI","isPartOf":{"@id":"https:\/\/emailtree.ai\/fr\/#website"},"primaryImageOfPage":{"@id":"https:\/\/emailtree.ai\/fr\/customer-success-stories\/orange-luxembourg-hyperautomatisation\/#primaryimage"},"image":{"@id":"https:\/\/emailtree.ai\/fr\/customer-success-stories\/orange-luxembourg-hyperautomatisation\/#primaryimage"},"thumbnailUrl":"https:\/\/emailtree.ai\/wp-content\/uploads\/2020\/01\/orange-logo.png","datePublished":"2020-01-14T09:36:04+00:00","dateModified":"2020-12-19T08:19:14+00:00","description":"Learn how the companies from the telecom industry can improve customer service, increase productivity and increasing customer satisfaction.","breadcrumb":{"@id":"https:\/\/emailtree.ai\/fr\/customer-success-stories\/orange-luxembourg-hyperautomatisation\/#breadcrumb"},"inLanguage":"fr-FR","potentialAction":[{"@type":"ReadAction","target":["https:\/\/emailtree.ai\/fr\/customer-success-stories\/orange-luxembourg-hyperautomatisation\/"]}]},{"@type":"ImageObject","inLanguage":"fr-FR","@id":"https:\/\/emailtree.ai\/fr\/customer-success-stories\/orange-luxembourg-hyperautomatisation\/#primaryimage","url":"https:\/\/emailtree.ai\/wp-content\/uploads\/2020\/01\/orange-logo.png","contentUrl":"https:\/\/emailtree.ai\/wp-content\/uploads\/2020\/01\/orange-logo.png"},{"@type":"BreadcrumbList","@id":"https:\/\/emailtree.ai\/fr\/customer-success-stories\/orange-luxembourg-hyperautomatisation\/#breadcrumb","itemListElement":[{"@type":"ListItem","position":1,"name":"Home","item":"https:\/\/emailtree.ai\/fr\/"},{"@type":"ListItem","position":2,"name":"Customer Success Stories","item":"https:\/\/emailtree.ai\/fr\/customer-success-stories\/"},{"@type":"ListItem","position":3,"name":"Orange et EmailTree: l&#8217;Exp\u00e9rience Client R\u00e9invent\u00e9e"}]},{"@type":"WebSite","@id":"https:\/\/emailtree.ai\/fr\/#website","url":"https:\/\/emailtree.ai\/fr\/","name":"EmailTree AI","description":"Customer Service Hyperautomation","potentialAction":[{"@type":"SearchAction","target":{"@type":"EntryPoint","urlTemplate":"https:\/\/emailtree.ai\/fr\/?s={search_term_string}"},"query-input":{"@type":"PropertyValueSpecification","valueRequired":true,"valueName":"search_term_string"}}],"inLanguage":"fr-FR"}]}},"_links":{"self":[{"href":"https:\/\/emailtree.ai\/fr\/wp-json\/wp\/v2\/pages\/2529"}],"collection":[{"href":"https:\/\/emailtree.ai\/fr\/wp-json\/wp\/v2\/pages"}],"about":[{"href":"https:\/\/emailtree.ai\/fr\/wp-json\/wp\/v2\/types\/page"}],"author":[{"embeddable":true,"href":"https:\/\/emailtree.ai\/fr\/wp-json\/wp\/v2\/users\/8"}],"replies":[{"embeddable":true,"href":"https:\/\/emailtree.ai\/fr\/wp-json\/wp\/v2\/comments?post=2529"}],"version-history":[{"count":0,"href":"https:\/\/emailtree.ai\/fr\/wp-json\/wp\/v2\/pages\/2529\/revisions"}],"up":[{"embeddable":true,"href":"https:\/\/emailtree.ai\/fr\/wp-json\/wp\/v2\/pages\/2025"}],"wp:attachment":[{"href":"https:\/\/emailtree.ai\/fr\/wp-json\/wp\/v2\/media?parent=2529"}],"curies":[{"name":"wp","href":"https:\/\/api.w.org\/{rel}","templated":true}]}}