{"id":2531,"date":"2020-03-30T22:19:34","date_gmt":"2020-03-30T22:19:34","guid":{"rendered":"https:\/\/emailtree.ai\/tech4good-offer\/"},"modified":"2021-01-06T18:31:40","modified_gmt":"2021-01-06T18:31:40","slug":"offre-tech4good","status":"publish","type":"page","link":"https:\/\/emailtree.ai\/fr\/offre-tech4good\/","title":{"rendered":"Tech4Good &#8211; Nous Vous Aidons dans Votre Transformation Digitale"},"content":{"rendered":"<h1 style=\"text-align: center;\"><strong>Tech4Good &#8211; Nous Vous Aidons dans Votre Transformation Digitale<\/strong><\/h1>\n<p style=\"text-align: center; --tcb-applied-color:rgb(255, 255, 255); color: rgb(255, 255, 255) !important;\"><span style=\"font-weight: normal;\">EmailTree AI se pr\u00e9sente comme une solution de bout en bout bas\u00e9e sur l&rsquo;IA pour doter les services clients et les \u00e9quipes d&rsquo;assistance de plus d&rsquo;outils de productivit\u00e9, tout en augmentant la satisfaction client.<\/span><\/p>\n<h2 style=\"text-align: center;\"><strong>Why choose EmailTree AI?<\/strong><\/h2>\n<p><strong>\u00c9conomies de co\u00fbts<\/strong><\/p>\n<p>R\u00e9duisez les co\u00fbts d&rsquo;exploitation et augmentez le d\u00e9bit dans toute l&rsquo;organisation.<\/p>\n<p><strong>Am\u00e9liorations des processus<\/strong><\/p>\n<p>Faites plus en moins de temps. Ajoutez \/ modifiez des processus au besoin.<\/p>\n<p><strong><strong>Red\u00e9ploiement des ressources<\/strong><\/strong><\/p>\n<p>Permettez aux employ\u00e9s de se d\u00e9charger des t\u00e2ches et de se concentrer davantage sur le client et la t\u00e2che \u00e0 accomplir.<\/p>\n<p><strong><strong>Am\u00e9lioration de la productivit\u00e9<\/strong><\/strong><\/p>\n<p>R\u00e9duisez au minimum les processus manuels sujets aux erreurs, sans fautes d&rsquo;orthographe dans les r\u00e9ponses envoy\u00e9es.<\/p>\n<p><strong><strong>Transformation digitale<\/strong><\/strong><\/p>\n<p>Habilitez l&rsquo;organisation avec un outil qui r\u00e9inventera la transformation digitale.<\/p>\n<p><strong><strong>Service client am\u00e9lior\u00e9<\/strong><\/strong><\/p>\n<p>R\u00e9pondez plus rapidement tout probl\u00e8me client et \u00e9liminez les erreurs humaines pour une meilleure satisfaction client.<\/p>\n<p><strong><strong>Gestion d&rsquo;\u00e9quipe efficace<\/strong><\/strong><\/p>\n<p>Augmenter l&rsquo;engagement \/ la r\u00e9tention de l&rsquo;\u00e9quipe. Des p\u00e9riodes de formation plus courtes pour les nouveaux membres.<\/p>\n<p><strong><strong>Augmenter les ventes<\/strong><\/strong><\/p>\n<p>Gagnez un temps pr\u00e9cieux pour investir plus de temps dans les ventes. Les clients satisfaits am\u00e8nent d&rsquo;autres clients.<\/p>\n<p style=\"text-align: center;\">Le forfait que nous offrons GRATUITEMENT<\/p>\n<p><a href=\"#\"><span><span>Monthly<\/span><\/span><\/a><span style=\"\"><img loading=\"lazy\" decoding=\"async\" alt=\"\" data-id=\"587\" width=\"77\" height=\"79\" title=\"emailtree-favicon\" src=\"https:\/\/emailtree.ai\/wp-content\/uploads\/2020\/01\/emailtree-favicon.png\" style=\"\" mt-d=\"-5\"><\/span><\/p>\n<h5>EMAILTREE PRO LITE<\/h5>\n<h5>1000 E-MAILS<\/h5>\n<p style=\"color: var(--tcb-color-5)  !important; --tcb-applied-color:var$(--tcb-color-5)  !important;\">\n<p>599 \u20ac<\/p>\n<p>0 \u20ac<\/p>\n<h5><span style=\"font-weight: normal;\">Allocations<\/span><\/h5>\n<\/p>\n<p><strong>1000<\/strong><\/p>\n<p><strong>Les e-mails trait\u00e9s par nos algorithmes d&rsquo;IA (AI &#8211; Artificial Intelligence) aident le service client, le support et les services administratifs \u00e0 r\u00e9pondre plus rapidement aux demandes des clients.<\/strong><\/p>\n<p><strong>2<\/strong><\/p>\n<p><strong>Heures d&rsquo;installation et de configuration gratuites avec l&rsquo;un de nos employ\u00e9s<\/strong><\/p>\n<p><strong>(divis\u00e9 en deux s\u00e9ances d&rsquo;une heure chacune)<\/strong><\/p>\n<p><strong>2<\/strong><\/p>\n<p><strong>Adresses mail<\/strong><\/p>\n<p><strong>2<\/strong><\/p>\n<p><strong>Langues<\/strong><\/p>\n<p><strong>50%<\/strong><\/p>\n<p><strong>Au terme du \u00abcr\u00e9dit email\u00bb de 1000 emails, la PME peut continuer avec un forfait de son choix et b\u00e9n\u00e9ficier d&rsquo;une remise de 50%.<\/strong><\/p>\n<h5><span style=\"font-weight: normal;\">Fonctionnalit\u00e9s incluses<\/span><\/h5>\n<ul>\n<li style=\"\"><span style=\"\">Apprendre de vos e-mails<\/span><\/li>\n<li style=\"\"><span style=\"\">Faites glisser et d\u00e9posez des blocs de texte<\/span><\/li>\n<li style=\"\"><span style=\"\">Suggestions de r\u00e9ponses<\/span><\/li>\n<li style=\"\"><span style=\"\">Importer des donn\u00e9es, CRM<\/span><\/li>\n<li style=\"\"><span style=\"\">Compl\u00e9ment Outlook<\/span><\/li>\n<li style=\"\"><span style=\"\">Navigateur Tesla<\/span><\/li>\n<\/ul>\n<p style=\"text-align: center;\">D\u00e9marrez Avec EmailTree aujourd&rsquo;hui<\/p>\n<p>[tcb-script charset=\u00a0\u00bbutf-8&Prime; type=\u00a0\u00bbtext\/javascript\u00a0\u00bb src=\u00a0\u00bb\/\/js.hsforms.net\/forms\/v2.js\u00a0\u00bb][\/tcb-script][tcb-script]  hbspt.forms.create({portalId: \u00ab\u00a06753142\u00a0\u00bb,formId: \u00ab\u00a02dbc0cf7-9566-4593-8f15-a02bec83daaa\u00a0\u00bb});[\/tcb-script]<\/p>\n","protected":false},"excerpt":{"rendered":"<p>Tech4Good &#8211; Nous Vous Aidons dans Votre Transformation Digitale EmailTree AI se pr\u00e9sente comme une solution de bout en bout bas\u00e9e sur l&rsquo;IA pour doter les services clients et les \u00e9quipes d&rsquo;assistance de plus d&rsquo;outils de productivit\u00e9, tout en augmentant la satisfaction client. Why choose EmailTree AI? \u00c9conomies de co\u00fbts R\u00e9duisez les co\u00fbts d&rsquo;exploitation et [&hellip;]<\/p>\n","protected":false},"author":8,"featured_media":0,"parent":0,"menu_order":0,"comment_status":"closed","ping_status":"closed","template":"","meta":{"footnotes":""},"class_list":["post-2531","page","type-page","status-publish","hentry","post-wrapper","thrv_wrapper"],"yoast_head":"<!-- This site is optimized with the Yoast SEO plugin v23.6 - https:\/\/yoast.com\/wordpress\/plugins\/seo\/ -->\n<title>Tech4Good &#8211; Nous Vous Aidons dans Votre Transformation Digitale - EmailTree AI<\/title>\n<meta name=\"description\" content=\"EmailTree AI comes as an end-to-end AI-driven solution to empower customer services &amp; support teams with more productivity tools, while increasing customer satisfaction.\" \/>\n<meta name=\"robots\" content=\"index, follow, max-snippet:-1, max-image-preview:large, max-video-preview:-1\" \/>\n<link rel=\"canonical\" href=\"https:\/\/emailtree.ai\/fr\/offre-tech4good\/\" \/>\n<meta property=\"og:locale\" content=\"fr_FR\" \/>\n<meta property=\"og:type\" content=\"article\" \/>\n<meta property=\"og:title\" content=\"Tech4Good &#8211; Nous Vous Aidons dans Votre Transformation Digitale - EmailTree AI\" \/>\n<meta property=\"og:description\" content=\"EmailTree AI comes as an end-to-end AI-driven solution to empower customer services &amp; support teams with more productivity tools, while increasing customer satisfaction.\" \/>\n<meta property=\"og:url\" content=\"https:\/\/emailtree.ai\/fr\/offre-tech4good\/\" \/>\n<meta property=\"og:site_name\" content=\"EmailTree AI\" \/>\n<meta property=\"article:modified_time\" content=\"2021-01-06T18:31:40+00:00\" \/>\n<meta property=\"og:image\" content=\"https:\/\/emailtree.ai\/wp-content\/uploads\/2020\/01\/emailtree-favicon.png\" \/>\n<meta name=\"twitter:card\" content=\"summary_large_image\" \/>\n<meta name=\"twitter:label1\" content=\"Dur\u00e9e de lecture estim\u00e9e\" \/>\n\t<meta name=\"twitter:data1\" content=\"2 minutes\" \/>\n<script type=\"application\/ld+json\" class=\"yoast-schema-graph\">{\"@context\":\"https:\/\/schema.org\",\"@graph\":[{\"@type\":\"WebPage\",\"@id\":\"https:\/\/emailtree.ai\/fr\/offre-tech4good\/\",\"url\":\"https:\/\/emailtree.ai\/fr\/offre-tech4good\/\",\"name\":\"Tech4Good &#8211; Nous Vous Aidons dans Votre Transformation Digitale - EmailTree AI\",\"isPartOf\":{\"@id\":\"https:\/\/emailtree.ai\/fr\/#website\"},\"primaryImageOfPage\":{\"@id\":\"https:\/\/emailtree.ai\/fr\/offre-tech4good\/#primaryimage\"},\"image\":{\"@id\":\"https:\/\/emailtree.ai\/fr\/offre-tech4good\/#primaryimage\"},\"thumbnailUrl\":\"https:\/\/emailtree.ai\/wp-content\/uploads\/2020\/01\/emailtree-favicon.png\",\"datePublished\":\"2020-03-30T22:19:34+00:00\",\"dateModified\":\"2021-01-06T18:31:40+00:00\",\"description\":\"EmailTree AI comes as an end-to-end AI-driven solution to empower customer services & support teams with more productivity tools, while increasing customer satisfaction.\",\"breadcrumb\":{\"@id\":\"https:\/\/emailtree.ai\/fr\/offre-tech4good\/#breadcrumb\"},\"inLanguage\":\"fr-FR\",\"potentialAction\":[{\"@type\":\"ReadAction\",\"target\":[\"https:\/\/emailtree.ai\/fr\/offre-tech4good\/\"]}]},{\"@type\":\"ImageObject\",\"inLanguage\":\"fr-FR\",\"@id\":\"https:\/\/emailtree.ai\/fr\/offre-tech4good\/#primaryimage\",\"url\":\"https:\/\/emailtree.ai\/wp-content\/uploads\/2020\/01\/emailtree-favicon.png\",\"contentUrl\":\"https:\/\/emailtree.ai\/wp-content\/uploads\/2020\/01\/emailtree-favicon.png\"},{\"@type\":\"BreadcrumbList\",\"@id\":\"https:\/\/emailtree.ai\/fr\/offre-tech4good\/#breadcrumb\",\"itemListElement\":[{\"@type\":\"ListItem\",\"position\":1,\"name\":\"Home\",\"item\":\"https:\/\/emailtree.ai\/fr\/\"},{\"@type\":\"ListItem\",\"position\":2,\"name\":\"Tech4Good &#8211; Nous Vous Aidons dans Votre Transformation Digitale\"}]},{\"@type\":\"WebSite\",\"@id\":\"https:\/\/emailtree.ai\/fr\/#website\",\"url\":\"https:\/\/emailtree.ai\/fr\/\",\"name\":\"EmailTree AI\",\"description\":\"Customer Service Hyperautomation\",\"potentialAction\":[{\"@type\":\"SearchAction\",\"target\":{\"@type\":\"EntryPoint\",\"urlTemplate\":\"https:\/\/emailtree.ai\/fr\/?s={search_term_string}\"},\"query-input\":{\"@type\":\"PropertyValueSpecification\",\"valueRequired\":true,\"valueName\":\"search_term_string\"}}],\"inLanguage\":\"fr-FR\"}]}<\/script>\n<!-- \/ Yoast SEO plugin. -->","yoast_head_json":{"title":"Tech4Good &#8211; Nous Vous Aidons dans Votre Transformation Digitale - EmailTree AI","description":"EmailTree AI comes as an end-to-end AI-driven solution to empower customer services & support teams with more productivity tools, while increasing customer satisfaction.","robots":{"index":"index","follow":"follow","max-snippet":"max-snippet:-1","max-image-preview":"max-image-preview:large","max-video-preview":"max-video-preview:-1"},"canonical":"https:\/\/emailtree.ai\/fr\/offre-tech4good\/","og_locale":"fr_FR","og_type":"article","og_title":"Tech4Good &#8211; Nous Vous Aidons dans Votre Transformation Digitale - EmailTree AI","og_description":"EmailTree AI comes as an end-to-end AI-driven solution to empower customer services & support teams with more productivity tools, while increasing customer satisfaction.","og_url":"https:\/\/emailtree.ai\/fr\/offre-tech4good\/","og_site_name":"EmailTree AI","article_modified_time":"2021-01-06T18:31:40+00:00","og_image":[{"url":"https:\/\/emailtree.ai\/wp-content\/uploads\/2020\/01\/emailtree-favicon.png"}],"twitter_card":"summary_large_image","twitter_misc":{"Dur\u00e9e de lecture estim\u00e9e":"2 minutes"},"schema":{"@context":"https:\/\/schema.org","@graph":[{"@type":"WebPage","@id":"https:\/\/emailtree.ai\/fr\/offre-tech4good\/","url":"https:\/\/emailtree.ai\/fr\/offre-tech4good\/","name":"Tech4Good &#8211; Nous Vous Aidons dans Votre Transformation Digitale - EmailTree AI","isPartOf":{"@id":"https:\/\/emailtree.ai\/fr\/#website"},"primaryImageOfPage":{"@id":"https:\/\/emailtree.ai\/fr\/offre-tech4good\/#primaryimage"},"image":{"@id":"https:\/\/emailtree.ai\/fr\/offre-tech4good\/#primaryimage"},"thumbnailUrl":"https:\/\/emailtree.ai\/wp-content\/uploads\/2020\/01\/emailtree-favicon.png","datePublished":"2020-03-30T22:19:34+00:00","dateModified":"2021-01-06T18:31:40+00:00","description":"EmailTree AI comes as an end-to-end AI-driven solution to empower customer services & support teams with more productivity tools, while increasing customer satisfaction.","breadcrumb":{"@id":"https:\/\/emailtree.ai\/fr\/offre-tech4good\/#breadcrumb"},"inLanguage":"fr-FR","potentialAction":[{"@type":"ReadAction","target":["https:\/\/emailtree.ai\/fr\/offre-tech4good\/"]}]},{"@type":"ImageObject","inLanguage":"fr-FR","@id":"https:\/\/emailtree.ai\/fr\/offre-tech4good\/#primaryimage","url":"https:\/\/emailtree.ai\/wp-content\/uploads\/2020\/01\/emailtree-favicon.png","contentUrl":"https:\/\/emailtree.ai\/wp-content\/uploads\/2020\/01\/emailtree-favicon.png"},{"@type":"BreadcrumbList","@id":"https:\/\/emailtree.ai\/fr\/offre-tech4good\/#breadcrumb","itemListElement":[{"@type":"ListItem","position":1,"name":"Home","item":"https:\/\/emailtree.ai\/fr\/"},{"@type":"ListItem","position":2,"name":"Tech4Good &#8211; Nous Vous Aidons dans Votre Transformation Digitale"}]},{"@type":"WebSite","@id":"https:\/\/emailtree.ai\/fr\/#website","url":"https:\/\/emailtree.ai\/fr\/","name":"EmailTree AI","description":"Customer Service Hyperautomation","potentialAction":[{"@type":"SearchAction","target":{"@type":"EntryPoint","urlTemplate":"https:\/\/emailtree.ai\/fr\/?s={search_term_string}"},"query-input":{"@type":"PropertyValueSpecification","valueRequired":true,"valueName":"search_term_string"}}],"inLanguage":"fr-FR"}]}},"_links":{"self":[{"href":"https:\/\/emailtree.ai\/fr\/wp-json\/wp\/v2\/pages\/2531"}],"collection":[{"href":"https:\/\/emailtree.ai\/fr\/wp-json\/wp\/v2\/pages"}],"about":[{"href":"https:\/\/emailtree.ai\/fr\/wp-json\/wp\/v2\/types\/page"}],"author":[{"embeddable":true,"href":"https:\/\/emailtree.ai\/fr\/wp-json\/wp\/v2\/users\/8"}],"replies":[{"embeddable":true,"href":"https:\/\/emailtree.ai\/fr\/wp-json\/wp\/v2\/comments?post=2531"}],"version-history":[{"count":0,"href":"https:\/\/emailtree.ai\/fr\/wp-json\/wp\/v2\/pages\/2531\/revisions"}],"wp:attachment":[{"href":"https:\/\/emailtree.ai\/fr\/wp-json\/wp\/v2\/media?parent=2531"}],"curies":[{"name":"wp","href":"https:\/\/api.w.org\/{rel}","templated":true}]}}