{"id":6415,"date":"2022-03-31T07:11:27","date_gmt":"2022-03-31T07:11:27","guid":{"rendered":"https:\/\/emailtree.ai\/customer-success-stories\/customer-success-kompass\/"},"modified":"2022-03-31T13:03:01","modified_gmt":"2022-03-31T13:03:01","slug":"customer-success-kompass","status":"publish","type":"page","link":"https:\/\/emailtree.ai\/fr\/customer-success-stories\/customer-success-kompass\/","title":{"rendered":"Customer Success Story: KOMPASS France"},"content":{"rendered":"<h1 style=\"text-align: left;\"><strong>T\u00e9moignage Client: Kompass France<\/strong><\/h1>\n<p>&nbsp;<!--EndFragment--><\/p>\n<p style=\"text-align: center;\"><em>\u00ab\u00a0Faites le Tree dans vos emails en s\u2019attaquant \u00e0 la racine\u201d<\/em><\/p>\n<p style=\"text-align: center;\"><em><strong>&nbsp;Raymond RAKOTONIRINA (Responsable du service client\u00e8le KOMPASS France)&nbsp;<\/strong><\/em><\/p>\n<p><span><a href=\"https:\/\/jmband.dk\/\" target=\"_blank\" rel=\"noopener\"><img decoding=\"async\" alt=\"\" data-id=\"6306\" width=\"321\" data-init-width=\"1600\" height=\"119\" data-init-height=\"596\" title=\"Logo Kompass France\" loading=\"lazy\" src=\"https:\/\/emailtree.ai\/wp-content\/uploads\/Logo_kompass_transparent_HD-1.png\" data-width=\"321\" data-height=\"119\" data-link-wrap=\"true\"><\/a><\/span><\/p>\n<p><span>DESCRIPTION DU CLIENT<\/span><\/p>\n<p><span>\u00ab\u00a0<\/span>Depuis ses d\u00e9buts, la mission de Kompass est claire : vous mettre en relation avec vos potentiels acheteurs. Pour cela, nous nous appuyons sur des donn\u00e9es de qualit\u00e9 : couverture g\u00e9ographique, profondeur des donn\u00e9es, fiabilit\u00e9 et fra\u00eecheur de l\u2019information.<\/p>\n<p>Base de donn\u00e9es de r\u00e9f\u00e9rence en marketing B2B et B2C en France et \u00e0 l\u2019international, Kompass propose des solutions de prospection cl\u00e9 en main innovantes et des services de data consulting sur mesure (nettoyage, enrichissement, segmentation). Nous r\u00e9pondons aux besoins op\u00e9rationnels des directions marketing et commerciales : prise de part de march\u00e9, am\u00e9lioration de la connaissance clients, d\u00e9veloppement de la visibilit\u00e9.<span>\u00ab\u00a0<\/span><\/p>\n<h3><strong><span><span style=\"font-size: 24px;\">1.<\/span>&nbsp;<\/span>Quel(s) probl\u00e8me(s) essayez-vous de r\u00e9soudre avec notre solution ?<\/strong><\/h3>\n<p dir=\"ltr\">Notre objectif \u00e9tait d\u2019automatiser les r\u00e9ponses \u00e0 nos flux de mails quotidien et l\u2019orientation des messages vers les bons services\/interlocuteurs internes.<\/p>\n<h3><strong>2.&nbsp;<\/strong>Qu&rsquo;est-ce qui a fait que notre solution se d\u00e9marque des autres options ?<\/h3>\n<p dir=\"ltr\">La facilit\u00e9 de prise en main et le c\u00f4t\u00e9 ludique dans l&rsquo;\u00e9ducation de l\u2019outil doubl\u00e9e d\u2019une bonne ergonomie.<\/p>\n<h3 dir=\"ltr\">3. Qu&rsquo;est-ce qui vous a rendu le plus heureux de travailler avec notre entreprise ?<\/h3>\n<p dir=\"ltr\">Un outil efficace et une \u00e9quipe toujours disponible. L\u2019accompagnement tout au long de la mise en place et pendant les premiers mois d\u2019utilisation. Points r\u00e9guliers avec notre chef de projet et ajustement des param\u00e8tres pour r\u00e9pondre au plus juste \u00e0 nos besoins.&nbsp;<\/p>\n<h3 dir=\"ltr\">4. Qu&rsquo;avez-vous pu accomplir depuis que vous utilisez notre solution ?<\/h3>\n<p dir=\"ltr\">Mon \u00e9quipe et moi-m\u00eame avons pu nous d\u00e9lester de certains mails qui d\u2019ordinaire nous prenaient du temps, par l\u2019automatisation de leur envoi vers les destinataires pr\u00e9s\u00e9lectionn\u00e9s.<\/p>\n<h3 dir=\"ltr\">5. Que diriez-vous \u00e0 quelqu&rsquo;un qui envisage notre solution ?<\/h3>\n<p><span><img decoding=\"async\" alt=\"\" data-id=\"6406\" width=\"128\" data-init-width=\"1707\" height=\"192\" data-init-height=\"2560\" title=\"Raymond RAKOTONIRINA\" loading=\"lazy\" src=\"https:\/\/emailtree.ai\/wp-content\/uploads\/Photo-Ray-scaled.jpg\" data-width=\"128\" data-height=\"192\" style=\"\"><\/span><\/p>\n<h4 style=\"\">\u201c<\/h4>\n<p>\u201cVous ne souhaitez plus passer votre temps \u00e0 trier les spams, \u00e0 forwarder manuellement des mails vers vos destinataires habituels,\u2026 bref vous voulez gagner du temps, adoptez EmailTree.\u00a0\u00bb<\/p>\n<p dir=\"ltr\" style=\"color: rgb(245, 246, 248) !important; --tcb-applied-color:rgb(245, 246, 248)  !important;\"><strong>&nbsp;Raymond RAKOTONIRINA (<em><strong>Responsable du service client\u00e8le KOMPASS France<\/strong><\/em>)&nbsp;<\/strong><\/p>\n<h3 dir=\"ltr\">6. S&rsquo;il y avait un mot que vous pourriez utiliser pour d\u00e9crire votre exp\u00e9rience avec nous, quel serait-il et pourquoi ?<\/h3>\n<p dir=\"ltr\">\u201cConquis\u201d parce que l\u2019outil m\u2019a persuad\u00e9 de ses capacit\u00e9s et de son potentiel.<\/p>\n<h3 dir=\"ltr\">7. Quel a \u00e9t\u00e9 un avantage inattendu que vous avez ressenti en utilisant notre solution ?<strong><\/strong><\/h3>\n<p dir=\"ltr\"><strong><\/strong>Simplicit\u00e9 de prise en mains et d\u2019adoption par mon \u00e9quipe.<\/p>\n<h2 style=\"text-align: center;\"><strong>Pr\u00eat \u00e0 \u00e9crire votre propre r\u00e9ussite ?<\/strong><\/h2>\n<p style=\"text-align: center;\">Laissez-nous r\u00e9pondre \u00e0 vos questions gr\u00e2ce \u00e0 notre atelier consacr\u00e9 \u00e0 l&rsquo;hyperautomatisation.<\/p>\n","protected":false},"excerpt":{"rendered":"<p>T\u00e9moignage Client: Kompass France &nbsp; \u00ab\u00a0Faites le Tree dans vos emails en s\u2019attaquant \u00e0 la racine\u201d &nbsp;Raymond RAKOTONIRINA (Responsable du service client\u00e8le KOMPASS France)&nbsp; DESCRIPTION DU CLIENT \u00ab\u00a0Depuis ses d\u00e9buts, la mission de Kompass est claire : vous mettre en relation avec vos potentiels acheteurs. Pour cela, nous nous appuyons sur des donn\u00e9es de qualit\u00e9 [&hellip;]<\/p>\n","protected":false},"author":8,"featured_media":0,"parent":2025,"menu_order":0,"comment_status":"closed","ping_status":"closed","template":"","meta":{"footnotes":""},"class_list":["post-6415","page","type-page","status-publish","hentry","post-wrapper","thrv_wrapper"],"yoast_head":"<!-- This site is optimized with the Yoast SEO plugin v23.6 - https:\/\/yoast.com\/wordpress\/plugins\/seo\/ -->\n<title>Customer Success Story: KOMPASS France - EmailTree AI<\/title>\n<meta name=\"description\" content=\"Our goal was to automate responses to our daily email flow and route messages to the correct departments\/contacts inside our organization.\" \/>\n<meta name=\"robots\" content=\"index, follow, max-snippet:-1, max-image-preview:large, max-video-preview:-1\" \/>\n<link rel=\"canonical\" href=\"https:\/\/emailtree.ai\/fr\/customer-success-stories\/customer-success-kompass\/\" \/>\n<meta property=\"og:locale\" content=\"fr_FR\" \/>\n<meta property=\"og:type\" content=\"article\" \/>\n<meta property=\"og:title\" content=\"Customer Success Story: KOMPASS France - EmailTree AI\" \/>\n<meta property=\"og:description\" content=\"Our goal was to automate responses to our daily email flow and route messages to the correct departments\/contacts inside our organization.\" \/>\n<meta property=\"og:url\" content=\"https:\/\/emailtree.ai\/fr\/customer-success-stories\/customer-success-kompass\/\" \/>\n<meta property=\"og:site_name\" content=\"EmailTree AI\" \/>\n<meta property=\"article:modified_time\" content=\"2022-03-31T13:03:01+00:00\" \/>\n<meta property=\"og:image\" content=\"https:\/\/emailtree.ai\/wp-content\/uploads\/Logo_kompass_transparent_HD-1.png\" \/>\n<meta name=\"twitter:card\" content=\"summary_large_image\" \/>\n<meta name=\"twitter:label1\" content=\"Dur\u00e9e de lecture estim\u00e9e\" \/>\n\t<meta name=\"twitter:data1\" content=\"3 minutes\" \/>\n<script type=\"application\/ld+json\" class=\"yoast-schema-graph\">{\"@context\":\"https:\/\/schema.org\",\"@graph\":[{\"@type\":\"WebPage\",\"@id\":\"https:\/\/emailtree.ai\/fr\/customer-success-stories\/customer-success-kompass\/\",\"url\":\"https:\/\/emailtree.ai\/fr\/customer-success-stories\/customer-success-kompass\/\",\"name\":\"Customer Success Story: KOMPASS France - EmailTree AI\",\"isPartOf\":{\"@id\":\"https:\/\/emailtree.ai\/fr\/#website\"},\"primaryImageOfPage\":{\"@id\":\"https:\/\/emailtree.ai\/fr\/customer-success-stories\/customer-success-kompass\/#primaryimage\"},\"image\":{\"@id\":\"https:\/\/emailtree.ai\/fr\/customer-success-stories\/customer-success-kompass\/#primaryimage\"},\"thumbnailUrl\":\"https:\/\/emailtree.ai\/wp-content\/uploads\/Logo_kompass_transparent_HD-1.png\",\"datePublished\":\"2022-03-31T07:11:27+00:00\",\"dateModified\":\"2022-03-31T13:03:01+00:00\",\"description\":\"Our goal was to automate responses to our daily email flow and route messages to the correct departments\/contacts inside our organization.\",\"breadcrumb\":{\"@id\":\"https:\/\/emailtree.ai\/fr\/customer-success-stories\/customer-success-kompass\/#breadcrumb\"},\"inLanguage\":\"fr-FR\",\"potentialAction\":[{\"@type\":\"ReadAction\",\"target\":[\"https:\/\/emailtree.ai\/fr\/customer-success-stories\/customer-success-kompass\/\"]}]},{\"@type\":\"ImageObject\",\"inLanguage\":\"fr-FR\",\"@id\":\"https:\/\/emailtree.ai\/fr\/customer-success-stories\/customer-success-kompass\/#primaryimage\",\"url\":\"https:\/\/emailtree.ai\/wp-content\/uploads\/Logo_kompass_transparent_HD-1.png\",\"contentUrl\":\"https:\/\/emailtree.ai\/wp-content\/uploads\/Logo_kompass_transparent_HD-1.png\"},{\"@type\":\"BreadcrumbList\",\"@id\":\"https:\/\/emailtree.ai\/fr\/customer-success-stories\/customer-success-kompass\/#breadcrumb\",\"itemListElement\":[{\"@type\":\"ListItem\",\"position\":1,\"name\":\"Home\",\"item\":\"https:\/\/emailtree.ai\/fr\/\"},{\"@type\":\"ListItem\",\"position\":2,\"name\":\"Customer Success Stories\",\"item\":\"https:\/\/emailtree.ai\/fr\/customer-success-stories\/\"},{\"@type\":\"ListItem\",\"position\":3,\"name\":\"Customer Success Story: KOMPASS France\"}]},{\"@type\":\"WebSite\",\"@id\":\"https:\/\/emailtree.ai\/fr\/#website\",\"url\":\"https:\/\/emailtree.ai\/fr\/\",\"name\":\"EmailTree AI\",\"description\":\"Customer Service Hyperautomation\",\"potentialAction\":[{\"@type\":\"SearchAction\",\"target\":{\"@type\":\"EntryPoint\",\"urlTemplate\":\"https:\/\/emailtree.ai\/fr\/?s={search_term_string}\"},\"query-input\":{\"@type\":\"PropertyValueSpecification\",\"valueRequired\":true,\"valueName\":\"search_term_string\"}}],\"inLanguage\":\"fr-FR\"}]}<\/script>\n<!-- \/ Yoast SEO plugin. -->","yoast_head_json":{"title":"Customer Success Story: KOMPASS France - EmailTree AI","description":"Our goal was to automate responses to our daily email flow and route messages to the correct departments\/contacts inside our organization.","robots":{"index":"index","follow":"follow","max-snippet":"max-snippet:-1","max-image-preview":"max-image-preview:large","max-video-preview":"max-video-preview:-1"},"canonical":"https:\/\/emailtree.ai\/fr\/customer-success-stories\/customer-success-kompass\/","og_locale":"fr_FR","og_type":"article","og_title":"Customer Success Story: KOMPASS France - EmailTree AI","og_description":"Our goal was to automate responses to our daily email flow and route messages to the correct departments\/contacts inside our organization.","og_url":"https:\/\/emailtree.ai\/fr\/customer-success-stories\/customer-success-kompass\/","og_site_name":"EmailTree AI","article_modified_time":"2022-03-31T13:03:01+00:00","og_image":[{"url":"https:\/\/emailtree.ai\/wp-content\/uploads\/Logo_kompass_transparent_HD-1.png"}],"twitter_card":"summary_large_image","twitter_misc":{"Dur\u00e9e de lecture estim\u00e9e":"3 minutes"},"schema":{"@context":"https:\/\/schema.org","@graph":[{"@type":"WebPage","@id":"https:\/\/emailtree.ai\/fr\/customer-success-stories\/customer-success-kompass\/","url":"https:\/\/emailtree.ai\/fr\/customer-success-stories\/customer-success-kompass\/","name":"Customer Success Story: KOMPASS France - EmailTree AI","isPartOf":{"@id":"https:\/\/emailtree.ai\/fr\/#website"},"primaryImageOfPage":{"@id":"https:\/\/emailtree.ai\/fr\/customer-success-stories\/customer-success-kompass\/#primaryimage"},"image":{"@id":"https:\/\/emailtree.ai\/fr\/customer-success-stories\/customer-success-kompass\/#primaryimage"},"thumbnailUrl":"https:\/\/emailtree.ai\/wp-content\/uploads\/Logo_kompass_transparent_HD-1.png","datePublished":"2022-03-31T07:11:27+00:00","dateModified":"2022-03-31T13:03:01+00:00","description":"Our goal was to automate responses to our daily email flow and route messages to the correct departments\/contacts inside our organization.","breadcrumb":{"@id":"https:\/\/emailtree.ai\/fr\/customer-success-stories\/customer-success-kompass\/#breadcrumb"},"inLanguage":"fr-FR","potentialAction":[{"@type":"ReadAction","target":["https:\/\/emailtree.ai\/fr\/customer-success-stories\/customer-success-kompass\/"]}]},{"@type":"ImageObject","inLanguage":"fr-FR","@id":"https:\/\/emailtree.ai\/fr\/customer-success-stories\/customer-success-kompass\/#primaryimage","url":"https:\/\/emailtree.ai\/wp-content\/uploads\/Logo_kompass_transparent_HD-1.png","contentUrl":"https:\/\/emailtree.ai\/wp-content\/uploads\/Logo_kompass_transparent_HD-1.png"},{"@type":"BreadcrumbList","@id":"https:\/\/emailtree.ai\/fr\/customer-success-stories\/customer-success-kompass\/#breadcrumb","itemListElement":[{"@type":"ListItem","position":1,"name":"Home","item":"https:\/\/emailtree.ai\/fr\/"},{"@type":"ListItem","position":2,"name":"Customer Success Stories","item":"https:\/\/emailtree.ai\/fr\/customer-success-stories\/"},{"@type":"ListItem","position":3,"name":"Customer Success Story: KOMPASS France"}]},{"@type":"WebSite","@id":"https:\/\/emailtree.ai\/fr\/#website","url":"https:\/\/emailtree.ai\/fr\/","name":"EmailTree AI","description":"Customer Service Hyperautomation","potentialAction":[{"@type":"SearchAction","target":{"@type":"EntryPoint","urlTemplate":"https:\/\/emailtree.ai\/fr\/?s={search_term_string}"},"query-input":{"@type":"PropertyValueSpecification","valueRequired":true,"valueName":"search_term_string"}}],"inLanguage":"fr-FR"}]}},"_links":{"self":[{"href":"https:\/\/emailtree.ai\/fr\/wp-json\/wp\/v2\/pages\/6415"}],"collection":[{"href":"https:\/\/emailtree.ai\/fr\/wp-json\/wp\/v2\/pages"}],"about":[{"href":"https:\/\/emailtree.ai\/fr\/wp-json\/wp\/v2\/types\/page"}],"author":[{"embeddable":true,"href":"https:\/\/emailtree.ai\/fr\/wp-json\/wp\/v2\/users\/8"}],"replies":[{"embeddable":true,"href":"https:\/\/emailtree.ai\/fr\/wp-json\/wp\/v2\/comments?post=6415"}],"version-history":[{"count":0,"href":"https:\/\/emailtree.ai\/fr\/wp-json\/wp\/v2\/pages\/6415\/revisions"}],"up":[{"embeddable":true,"href":"https:\/\/emailtree.ai\/fr\/wp-json\/wp\/v2\/pages\/2025"}],"wp:attachment":[{"href":"https:\/\/emailtree.ai\/fr\/wp-json\/wp\/v2\/media?parent=6415"}],"curies":[{"name":"wp","href":"https:\/\/api.w.org\/{rel}","templated":true}]}}