{"id":6682,"date":"2022-03-22T13:10:59","date_gmt":"2022-03-22T13:10:59","guid":{"rendered":"https:\/\/emailtree.ai\/hyperautomation-center-of-excellence\/"},"modified":"2022-08-02T12:01:09","modified_gmt":"2022-08-02T12:01:09","slug":"hyperautomation-center-d-excellence","status":"publish","type":"page","link":"https:\/\/emailtree.ai\/fr\/hyperautomation-center-d-excellence\/","title":{"rendered":"Integration"},"content":{"rendered":"<h1 style=\"text-align: left;\">Int\u00e9grez et connectez rapidement vos donn\u00e9es<\/h1>\n<h2 style=\"\"><span>Cr\u00e9ez votre centre d&rsquo;excellence en hyperautomatisation et automatisez 80 % de votre activit\u00e9 d\u00e8s le premier mois.<\/span><\/h2>\n<p><span><img decoding=\"async\" alt=\"Automated workflows in customer service\" data-id=\"5972\" width=\"101\" data-init-width=\"101\" height=\"100\" data-init-height=\"100\" title=\"Automated workflows in customer service\" src=\"https:\/\/emailtree.ai\/wp-content\/uploads\/Frame-556-1.png\" data-width=\"101\" data-height=\"100\" style=\"\" loading=\"lazy\"><\/span><\/p>\n<h3 style=\"text-align: left; color: var(--tcb-color-10)  !important; --tcb-applied-color:var$(--tcb-color-10)  !important;\">Flux de travail automatis\u00e9s<\/h3>\n<p style=\"text-align: left; color: var(--tcb-color-5)  !important; --tcb-applied-color:var$(--tcb-color-5)  !important;\">Faites l&rsquo;exp\u00e9rience de l&rsquo;automatisation de bout en bout de votre service Client et profitez d&rsquo;un temps de r\u00e9solution imm\u00e9diat.<\/p>\n<p><span><img decoding=\"async\" alt=\"Increase productivity with Customer service automation\" data-id=\"5978\" width=\"101\" data-init-width=\"101\" height=\"100\" data-init-height=\"100\" title=\"Increase productivity with Customer service automation\" src=\"https:\/\/emailtree.ai\/wp-content\/uploads\/Frame-554.png\" data-width=\"101\" data-height=\"100\" style=\"\" loading=\"lazy\"><\/span><\/p>\n<h3 style=\"text-align: left;\">Augmentez votre productivit\u00e9<\/h3>\n<p style=\"text-align: left; color: var(--tcb-color-5)  !important; --tcb-applied-color:var$(--tcb-color-5)  !important;\">Obtenez un avantage concurrentiel et r\u00e9duisez vos co\u00fbts, en permettant \u00e0 vos agents de fournir une assistance proactive et plus rapide.<\/p>\n<p><span><img decoding=\"async\" alt=\"Happier customers with AI Customer service\" data-id=\"5984\" width=\"101\" data-init-width=\"101\" height=\"100\" data-init-height=\"100\" title=\"Happier customers with AI Customer service\" src=\"https:\/\/emailtree.ai\/wp-content\/uploads\/Frame-555-1.png\" data-width=\"101\" data-height=\"100\" style=\"\" loading=\"lazy\"><\/span><\/p>\n<h3 style=\"text-align: left;\">Des clients plus heureux<\/h3>\n<p style=\"text-align: left; color: var(--tcb-color-5)  !important; --tcb-applied-color:var$(--tcb-color-5)  !important;\">Offrez une exp\u00e9rience client coh\u00e9rente en r\u00e9pondant aux questions des clients de mani\u00e8re plus pr\u00e9cise et plus efficace gr\u00e2ce aux capacit\u00e9s d&rsquo;automatisation.<\/p>\n<h2 style=\"\">La meilleure exp\u00e9rience client jamais offerte<\/h2>\n<h3 style=\"\"><strong>EmailTree permet aux entreprises de concevoir, de d\u00e9ployer et de g\u00e9rer un support client 24 heures sur 24 et 7 jours sur 7.<\/strong><\/h3>\n<p dir=\"ltr\" style=\"\">La plupart des entreprises ne saisissent pas les avantages de la transformation num\u00e9rique en raison de lacunes dans leurs fonctionnalit\u00e9s d&rsquo;automatisation. C&rsquo;est pourquoi EmailTree est un point de d\u00e9part id\u00e9al pour b\u00e2tir votre portfolio en mati\u00e8re d&rsquo;hyperautomatisation.<\/p>\n<h3 style=\"\"><strong>\u00c9voluer vers l&rsquo;excellence en mati\u00e8re de service \u00e0 la client\u00e8le.<\/strong><\/h3>\n<p>Nous vous aidons \u00e0 \u00e9tablir un Centre d&rsquo;Excellence (CoE) pour hyperautomatiser votre service client, ce qui encourage la collaboration, r\u00e9duit les risques et maximise votre succ\u00e8s vers une automatisation plus compl\u00e8te des processus de bout en bout. Nous assistons les organisations dans le d\u00e9veloppement de l&rsquo;expertise interne et dans la gestion du changement n\u00e9cessaire \u00e0 la cr\u00e9ation, l&rsquo;ex\u00e9cution, la mont\u00e9e en puissance et la gouvernance de solutions d&rsquo;hyperautomatisation.Laissez notre intelligence artificielle travailler en arri\u00e8re-plan pendant que vous vous concentrez sur vos t\u00e2ches principales.<\/p>\n<p><span><img decoding=\"async\" alt=\"Evolve toward excellence in customer service.\" data-id=\"5991\" width=\"474\" data-init-width=\"474\" height=\"474\" data-init-height=\"474\" title=\"Evolve toward excellence in customer service\" src=\"https:\/\/emailtree.ai\/wp-content\/uploads\/Frame-542-2.png\" data-width=\"474\" data-height=\"474\" loading=\"lazy\"><\/span><\/p>\n\n<h2 style=\"\">Impressionnez vos clients gr\u00e2ce \u00e0 l&rsquo;automatisation de bout en bout de votre service client\u00e8le.<\/h2>\n<p style=\"\">Scale your customer service teams to handle higher volumes and challenging requests.Our state-of-the-art AI engine will take care of your customers: 24\/7, on demand, and without the need of agents intervention.Whether your customers reach out through email, voice calls, messaging or social media for customer onboarding, order taking, update, payments, returns or a refund and customer data update,etc, EmailTree hyperautomation enables the needed scalability to resolve their issues instantly and proactively.Common use cases for hyperautomation are found in most front-, middle- and back-office processes, all of which are typically highly manual and feature multiple systems.<\/p>\n<h2 style=\"\">Connectez et automatisez la totalit\u00e9 de vos outils d&rsquo;assistance et de support en un seul endroit.<\/h2>\n<p style=\"\"><span>EmailTree offre une int\u00e9gration transparente \u00e0 toutes les principales platesformes de support et de ticketing telles que Zendesk, ServiceNow et Salesforce, afin que vos agents puissent am\u00e9liorer leur productivit\u00e9 et se consacrer pleinement \u00e0 leur travail.Les composants d&rsquo;hyperautomatisation d&rsquo;EmailTree comprennent \u00e9galement l&rsquo;automatisation robotis\u00e9e des processus (RPA) comme UiPath, Automation Anywhere, Blueprism, Power Automate, etc. ainsi que Microsoft Office 365 et Google.R\u00e9duisez votre temps de r\u00e9ponse jusqu&rsquo;\u00e0 80 % gr\u00e2ce \u00e0 l&rsquo;automatisation des processus de bout en bout et am\u00e9liorez la satisfaction des clients en automatisant vos tickets et flux de travail r\u00e9p\u00e9titifs.<\/span><\/p>\n<p><span style=\"\"><img decoding=\"async\" alt=\"Connect EmailTree to ticketing platforms like Zendesk, ServiceNow\" data-id=\"6009\" title=\"Connect EmailTree to ticketing platforms like Zendesk, ServiceNow\" src=\"https:\/\/emailtree.ai\/wp-content\/uploads\/Frame-572.png\" style=\"\" width=\"475\" height=\"475\" data-width=\"475\" data-height=\"475\" data-init-width=\"475\" data-init-height=\"475\" mt-d=\"0\" mt-t=\"0\" ml-m=\"-3\" mt-m=\"-4.114000000000004\" loading=\"lazy\"><\/span><span style=\"\"><img decoding=\"async\" alt=\"80% of your customer service work automated\" data-id=\"6015\" title=\"80% of your customer service work automated\" src=\"https:\/\/emailtree.ai\/wp-content\/uploads\/Frame-550-2.png\" style=\"\" width=\"474\" height=\"474\" data-width=\"474\" data-height=\"474\" data-init-width=\"474\" data-init-height=\"474\" mt-d=\"-1.25\" mt-t=\"-5\" mt-m=\"-0.06900000000001683\" ml-m=\"0\" loading=\"lazy\"><\/span><\/p>\n<h2 style=\"\">Automatisez 80 % de votre travail d\u00e8s le premier mois.<\/h2>\n<p style=\"color: var(--tcb-color-5)  !important; --tcb-applied-color:var$(--tcb-color-5)  !important;\">Gr\u00e2ce \u00e0 notre moteur NLP propri\u00e9taire et \u00e0 notre tableau de bord de performance, nous permettons une hyperautomatisation \u00e9volutive et agile, lib\u00e9rant vos employ\u00e9s pour qu&rsquo;ils effectuent des t\u00e2ches \u00e0 plus forte valeur ajout\u00e9e.Nous vous aidons \u00e0 identifier les cas pratiques d&rsquo;automatisation de votre service client, qui vous procureront des gains rapides et vous conduiront \u00e0 la maturit\u00e9 de vos capacit\u00e9s d&rsquo;hyperautomatisation au sein de votre entreprise.En orchestrant l&rsquo;am\u00e9lioration des flux de travail complexes et non structur\u00e9s du service client de bout en bout, nous vous faisons r\u00e9aliser d&rsquo;importantes \u00e9conomies de co\u00fbts et de temps. Cela augmentera consid\u00e9rablement l&rsquo;engagement de vos clients et l&rsquo;exp\u00e9rience globale.<\/p>\n<p style=\"\">Nos clients<\/p>\n<p><span><img decoding=\"async\" alt=\"Orange Luxembourg Logo\" data-id=\"5833\" width=\"105\" data-init-width=\"150\" height=\"105\" data-init-height=\"150\" title=\"Orange Luxembourg Logo\" src=\"https:\/\/emailtree.ai\/wp-content\/uploads\/orange-logo-150x150-4.png\" data-width=\"105\" data-height=\"105\" style=\"\" loading=\"lazy\"><\/span><span><img decoding=\"async\" alt=\"EDF logo\" data-id=\"5839\" width=\"150\" data-init-width=\"150\" height=\"67\" data-init-height=\"67\" title=\"EDF logo\" src=\"https:\/\/emailtree.ai\/wp-content\/uploads\/1200px-E\u0301lectricite\u0301_de_France.svg_-150x67-1-3.png\" data-width=\"150\" data-height=\"67\" loading=\"lazy\"><\/span><span><img decoding=\"async\" alt=\"BWM Mediasoft Logo\" data-id=\"5845\" width=\"150\" data-init-width=\"149\" height=\"60\" data-init-height=\"60\" title=\"BWM Mediasoft Logo\" src=\"https:\/\/emailtree.ai\/wp-content\/uploads\/logo-bwm-150x60-4.png\" data-width=\"150\" data-height=\"60\" loading=\"lazy\"><\/span><span><img decoding=\"async\" alt=\"Samsung Electronics Logo\" data-id=\"5851\" width=\"120\" data-init-width=\"120\" height=\"60\" data-init-height=\"60\" title=\"Samsung Electronics Logo\" src=\"https:\/\/emailtree.ai\/wp-content\/uploads\/Rectangle-101-1-3.png\" data-width=\"120\" data-height=\"60\" loading=\"lazy\"><\/span><span><img decoding=\"async\" alt=\"One Life Logo\" data-id=\"5881\" width=\"121\" data-init-width=\"121\" height=\"60\" data-init-height=\"60\" title=\"One Life Logo\" src=\"https:\/\/emailtree.ai\/wp-content\/uploads\/Rectangle-106-3.png\" data-width=\"121\" data-height=\"60\" style=\"\" loading=\"lazy\"><\/span><span><img decoding=\"async\" alt=\"Webhelp Logo\" data-id=\"5857\" width=\"120\" data-init-width=\"120\" height=\"60\" data-init-height=\"60\" title=\"Webhelp Logo\" src=\"https:\/\/emailtree.ai\/wp-content\/uploads\/Rectangle-102-3.png\" data-width=\"120\" data-height=\"60\" loading=\"lazy\"><\/span><span><img decoding=\"async\" alt=\"CFL Logo\" data-id=\"5863\" width=\"120\" data-init-width=\"120\" height=\"14\" data-init-height=\"14\" title=\"CFL Logo\" src=\"https:\/\/emailtree.ai\/wp-content\/uploads\/CFL-3.png\" data-width=\"120\" data-height=\"14\" loading=\"lazy\"><\/span><span><img decoding=\"async\" alt=\"Eltrona Logo\" data-id=\"5869\" width=\"121\" data-init-width=\"121\" height=\"60\" data-init-height=\"60\" title=\"Eltrona Logo\" src=\"https:\/\/emailtree.ai\/wp-content\/uploads\/Rectangle-104-3.png\" data-width=\"121\" data-height=\"60\" loading=\"lazy\"><\/span><span><img decoding=\"async\" alt=\"\" data-id=\"4802\" width=\"120\" data-init-width=\"120\" height=\"60\" data-init-height=\"60\" title=\"Rectangle 105\" src=\"https:\/\/emailtree.ai\/wp-content\/uploads\/Rectangle-105-3.png\" data-width=\"120\" data-height=\"60\" style=\"\" loading=\"lazy\"><\/span><span><img decoding=\"async\" alt=\"\" data-id=\"7080\" width=\"153\" data-init-width=\"153\" height=\"52\" data-init-height=\"52\" title=\"montley zoo 1\" loading=\"lazy\" src=\"https:\/\/emailtree.ai\/wp-content\/uploads\/montley-zoo-1.png\" data-width=\"153\" data-height=\"52\"><\/span><span><img decoding=\"async\" alt=\"\" data-id=\"6306\" width=\"150\" data-init-width=\"1600\" height=\"56\" data-init-height=\"596\" title=\"Logo_kompass_transparent_HD\" src=\"https:\/\/emailtree.ai\/wp-content\/uploads\/Logo_kompass_transparent_HD-1.png\" data-width=\"150\" data-height=\"56\" style=\"\" loading=\"lazy\"><\/span><span><img decoding=\"async\" alt=\"\" data-id=\"7791\" width=\"198\" data-init-width=\"467\" height=\"46\" data-init-height=\"108\" title=\"image_2022_06_17T11_11_51_368Z\" loading=\"lazy\" src=\"https:\/\/emailtree.ai\/wp-content\/uploads\/image_2022_06_17T11_11_51_368Z.png\" data-width=\"198\" data-height=\"46\"><\/span><\/p>\n<p style=\"\">Nos partenaires<\/p>\n<p><span><img decoding=\"async\" alt=\"\" data-id=\"5893\" width=\"150\" data-init-width=\"150\" height=\"32\" data-init-height=\"32\" title=\"Microsoft-logo-150x32-1\" src=\"https:\/\/emailtree.ai\/wp-content\/uploads\/Microsoft-logo-150x32-1-3.png\" data-width=\"150\" data-height=\"32\" loading=\"lazy\"><\/span><span><img decoding=\"async\" alt=\"\" data-id=\"5899\" width=\"150\" data-init-width=\"150\" height=\"52\" data-init-height=\"52\" title=\"NVIDIA-Inception-logo-150x52-1\" src=\"https:\/\/emailtree.ai\/wp-content\/uploads\/NVIDIA-Inception-logo-150x52-1-3.png\" data-width=\"150\" data-height=\"52\" loading=\"lazy\"><\/span><span><img decoding=\"async\" alt=\"\" data-id=\"5905\" width=\"149\" data-init-width=\"149\" height=\"39\" data-init-height=\"39\" title=\"bnp-paribas-logo\" src=\"https:\/\/emailtree.ai\/wp-content\/uploads\/bnp-paribas-150x39-1-3.png\" data-width=\"149\" data-height=\"39\" loading=\"lazy\"><\/span><span><img decoding=\"async\" alt=\"\" data-id=\"5911\" width=\"101\" data-init-width=\"101\" height=\"49\" data-init-height=\"49\" title=\"ey\" src=\"https:\/\/emailtree.ai\/wp-content\/uploads\/ey-3.png\" data-width=\"101\" data-height=\"49\" loading=\"lazy\"><\/span><\/p>\n<p style=\"text-align: center;\">Il n&rsquo;y a pas que la classification des emails pour nous.<\/p>\n<p style=\"text-align: center;\">EmailTree vous aide \u00e0 comprendre et \u00e0 r\u00e9pondre plus efficacement \u00e0 vos clients, tout en permettant de leur apporter des r\u00e9ponses personnalis\u00e9es et emphatiques.<\/p>\n<p style=\"\">Comprenez les demandes de vos clients<\/p>\n<p style=\"\">Identifiez les donn\u00e9es cl\u00e9s, en contextualisant les questions et les informations de vos clients, telles que la langue et le sentiment, afin d&rsquo;am\u00e9liorer de mani\u00e8re significative vos \u00ab\u00a0moments de v\u00e9rit\u00e9\u00a0\u00bb au sein du service client.<\/p>\n<p style=\"\">Classification<\/p>\n<p>Automatisez la vitesse de classification, le filtrage et la hi\u00e9rarchisation de vos emails, ce qui facilite l&rsquo;attribution automatique des emails au bon service, \u00e0 la bonne \u00e9quipe ou \u00e0 la bonne personne.<\/p>\n<p>Int\u00e9grez rapidement vos donn\u00e9es<\/p>\n<p style=\"\">Acc\u00e9l\u00e9rez le temps de recherche d&rsquo;informations\/documents pour r\u00e9pondre \u00e0 vos emails en s&rsquo;int\u00e9grant de mani\u00e8re transparente \u00e0 O365, Google, aux principales plateformes de ticketing comme Zendesk, ServiceNow et Salesforce, ainsi qu&rsquo;aux outils RPA.<\/p>\n<p style=\"\">Smart Reply avec IA<\/p>\n<p style=\"\">Donnez \u00e0 vos \u00e9quipes de support de premier niveau les moyens d&rsquo;am\u00e9liorer l&rsquo;efficacit\u00e9 de la relation client. En utilisant le moteur d&rsquo;IA \u00ab\u00a0Smart Reply\u00a0\u00bb, vous \u00e9conomiserez jusqu&rsquo;\u00e0 40 % de vos co\u00fbts et am\u00e9liorerez la qualit\u00e9 des r\u00e9ponses de plus de 70 %.<\/p>\n<h2 style=\"text-align: center;\">Il n&rsquo;y a pas que la classification des emails pour nous.<\/h2>\n<h3 style=\"text-align: center;\">EmailTree vous aide \u00e0 comprendre et \u00e0 r\u00e9pondre plus efficacement \u00e0 vos clients, tout en permettant de leur apporter des r\u00e9ponses personnalis\u00e9es et emphatiques.<\/h3>\n<h4 style=\"color: var(--tcb-color-11)  !important; --tcb-applied-color:var$(--tcb-color-11)  !important;\">Comprenez les demandes de vos clients<\/h4>\n<p style=\"color: var(--tcb-color-11)  !important; --tcb-applied-color:var$(--tcb-color-11)  !important;\">Identifiez les donn\u00e9es cl\u00e9s, en contextualisant les questions et les informations de vos clients, telles que la langue et le sentiment, afin d&rsquo;am\u00e9liorer de mani\u00e8re significative vos \u00ab\u00a0moments de v\u00e9rit\u00e9\u00a0\u00bb au sein du service client.<\/p>\n<h4 style=\"color: var(--tcb-color-11)  !important; --tcb-applied-color:var$(--tcb-color-11)  !important;\">Int\u00e9grez rapidement vos donn\u00e9es<\/h4>\n<p style=\"color: var(--tcb-color-11)  !important; --tcb-applied-color:var$(--tcb-color-11)  !important;\">Acc\u00e9l\u00e9rez le temps de recherche d&rsquo;informations\/documents pour r\u00e9pondre \u00e0 vos emails en s&rsquo;int\u00e9grant de mani\u00e8re transparente \u00e0 O365, Google, aux principales plateformes de ticketing comme Zendesk, ServiceNow et Salesforce, ainsi qu&rsquo;aux outils RPA.<\/p>\n<h4 style=\"color: var(--tcb-color-11)  !important; --tcb-applied-color:var$(--tcb-color-11)  !important;\">Classification<\/h4>\n<p style=\"color: var(--tcb-color-11)  !important; --tcb-applied-color:var$(--tcb-color-11)  !important;\">Automatisez la vitesse de classification, le filtrage et la hi\u00e9rarchisation de vos emails, ce qui facilite l&rsquo;attribution automatique des emails au bon service, \u00e0 la bonne \u00e9quipe ou \u00e0 la bonne personne.<\/p>\n<h4 style=\"color: var(--tcb-color-11)  !important; --tcb-applied-color:var$(--tcb-color-11)  !important;\">Smart Reply avec IA<\/h4>\n<p style=\"color: var(--tcb-color-11)  !important; --tcb-applied-color:var$(--tcb-color-11)  !important;\">Donnez \u00e0 vos \u00e9quipes de support de premier niveau les moyens d&rsquo;am\u00e9liorer l&rsquo;efficacit\u00e9 de la relation client. En utilisant le moteur d&rsquo;IA \u00ab\u00a0Smart Reply\u00a0\u00bb, vous \u00e9conomiserez jusqu&rsquo;\u00e0 40 % de vos co\u00fbts et am\u00e9liorerez la qualit\u00e9 des r\u00e9ponses de plus de 70 %.<\/p>\n","protected":false},"excerpt":{"rendered":"<p>Int\u00e9grez et connectez rapidement vos donn\u00e9es Cr\u00e9ez votre centre d&rsquo;excellence en hyperautomatisation et automatisez 80 % de votre activit\u00e9 d\u00e8s le premier mois. Flux de travail automatis\u00e9s Faites l&rsquo;exp\u00e9rience de l&rsquo;automatisation de bout en bout de votre service Client et profitez d&rsquo;un temps de r\u00e9solution imm\u00e9diat. Augmentez votre productivit\u00e9 Obtenez un avantage concurrentiel et r\u00e9duisez [&hellip;]<\/p>\n","protected":false},"author":8,"featured_media":6260,"parent":0,"menu_order":0,"comment_status":"closed","ping_status":"closed","template":"","meta":{"footnotes":""},"class_list":["post-6682","page","type-page","status-publish","has-post-thumbnail","hentry","post-wrapper","thrv_wrapper"],"yoast_head":"<!-- This site is optimized with the Yoast SEO plugin v23.6 - https:\/\/yoast.com\/wordpress\/plugins\/seo\/ -->\n<title>CX Hyperautomation | Int\u00e9grez et connectez vos donn\u00e9es | EmailTree.ai<\/title>\n<meta name=\"description\" content=\"Cr\u00e9ez votre centre d&#039;excellence en hyperautomatisation et automatisez 80 % de votre travail d\u00e8s le premier mois.\" \/>\n<meta name=\"robots\" content=\"index, follow, max-snippet:-1, max-image-preview:large, max-video-preview:-1\" \/>\n<link rel=\"canonical\" href=\"https:\/\/emailtree.ai\/fr\/hyperautomation-center-d-excellence\/\" \/>\n<meta property=\"og:locale\" content=\"fr_FR\" \/>\n<meta property=\"og:type\" content=\"article\" \/>\n<meta property=\"og:title\" content=\"CX Hyperautomation | Int\u00e9grez et connectez vos donn\u00e9es | EmailTree.ai\" \/>\n<meta property=\"og:description\" content=\"Cr\u00e9ez votre centre d&#039;excellence en hyperautomatisation et automatisez 80 % de votre travail d\u00e8s le premier mois.\" \/>\n<meta property=\"og:url\" content=\"https:\/\/emailtree.ai\/fr\/hyperautomation-center-d-excellence\/\" \/>\n<meta property=\"og:site_name\" content=\"EmailTree AI\" \/>\n<meta property=\"article:modified_time\" content=\"2022-08-02T12:01:09+00:00\" \/>\n<meta property=\"og:image\" content=\"https:\/\/emailtree.ai\/wp-content\/uploads\/Feature-image-ET-quickly-integrate-620x628-1.png\" \/>\n\t<meta property=\"og:image:width\" content=\"620\" \/>\n\t<meta property=\"og:image:height\" content=\"628\" \/>\n\t<meta property=\"og:image:type\" content=\"image\/png\" \/>\n<meta name=\"twitter:card\" content=\"summary_large_image\" \/>\n<meta name=\"twitter:label1\" content=\"Dur\u00e9e de lecture estim\u00e9e\" \/>\n\t<meta name=\"twitter:data1\" content=\"9 minutes\" \/>\n<script type=\"application\/ld+json\" class=\"yoast-schema-graph\">{\"@context\":\"https:\/\/schema.org\",\"@graph\":[{\"@type\":\"WebPage\",\"@id\":\"https:\/\/emailtree.ai\/fr\/hyperautomation-center-d-excellence\/\",\"url\":\"https:\/\/emailtree.ai\/fr\/hyperautomation-center-d-excellence\/\",\"name\":\"CX Hyperautomation | Int\u00e9grez et connectez vos donn\u00e9es | EmailTree.ai\",\"isPartOf\":{\"@id\":\"https:\/\/emailtree.ai\/fr\/#website\"},\"primaryImageOfPage\":{\"@id\":\"https:\/\/emailtree.ai\/fr\/hyperautomation-center-d-excellence\/#primaryimage\"},\"image\":{\"@id\":\"https:\/\/emailtree.ai\/fr\/hyperautomation-center-d-excellence\/#primaryimage\"},\"thumbnailUrl\":\"https:\/\/emailtree.ai\/wp-content\/uploads\/Feature-image-ET-quickly-integrate-620x628-1.png\",\"datePublished\":\"2022-03-22T13:10:59+00:00\",\"dateModified\":\"2022-08-02T12:01:09+00:00\",\"description\":\"Cr\u00e9ez votre centre d'excellence en hyperautomatisation et automatisez 80 % de votre travail d\u00e8s le premier mois.\",\"breadcrumb\":{\"@id\":\"https:\/\/emailtree.ai\/fr\/hyperautomation-center-d-excellence\/#breadcrumb\"},\"inLanguage\":\"fr-FR\",\"potentialAction\":[{\"@type\":\"ReadAction\",\"target\":[\"https:\/\/emailtree.ai\/fr\/hyperautomation-center-d-excellence\/\"]}]},{\"@type\":\"ImageObject\",\"inLanguage\":\"fr-FR\",\"@id\":\"https:\/\/emailtree.ai\/fr\/hyperautomation-center-d-excellence\/#primaryimage\",\"url\":\"https:\/\/emailtree.ai\/wp-content\/uploads\/Feature-image-ET-quickly-integrate-620x628-1.png\",\"contentUrl\":\"https:\/\/emailtree.ai\/wp-content\/uploads\/Feature-image-ET-quickly-integrate-620x628-1.png\",\"width\":620,\"height\":628,\"caption\":\"Quickly integrate your data into EmailTree.ai\"},{\"@type\":\"BreadcrumbList\",\"@id\":\"https:\/\/emailtree.ai\/fr\/hyperautomation-center-d-excellence\/#breadcrumb\",\"itemListElement\":[{\"@type\":\"ListItem\",\"position\":1,\"name\":\"Home\",\"item\":\"https:\/\/emailtree.ai\/fr\/\"},{\"@type\":\"ListItem\",\"position\":2,\"name\":\"Integration\"}]},{\"@type\":\"WebSite\",\"@id\":\"https:\/\/emailtree.ai\/fr\/#website\",\"url\":\"https:\/\/emailtree.ai\/fr\/\",\"name\":\"EmailTree AI\",\"description\":\"Customer Service Hyperautomation\",\"potentialAction\":[{\"@type\":\"SearchAction\",\"target\":{\"@type\":\"EntryPoint\",\"urlTemplate\":\"https:\/\/emailtree.ai\/fr\/?s={search_term_string}\"},\"query-input\":{\"@type\":\"PropertyValueSpecification\",\"valueRequired\":true,\"valueName\":\"search_term_string\"}}],\"inLanguage\":\"fr-FR\"}]}<\/script>\n<!-- \/ Yoast SEO plugin. -->","yoast_head_json":{"title":"CX Hyperautomation | Int\u00e9grez et connectez vos donn\u00e9es | EmailTree.ai","description":"Cr\u00e9ez votre centre d'excellence en hyperautomatisation et automatisez 80 % de votre travail d\u00e8s le premier mois.","robots":{"index":"index","follow":"follow","max-snippet":"max-snippet:-1","max-image-preview":"max-image-preview:large","max-video-preview":"max-video-preview:-1"},"canonical":"https:\/\/emailtree.ai\/fr\/hyperautomation-center-d-excellence\/","og_locale":"fr_FR","og_type":"article","og_title":"CX Hyperautomation | Int\u00e9grez et connectez vos donn\u00e9es | EmailTree.ai","og_description":"Cr\u00e9ez votre centre d'excellence en hyperautomatisation et automatisez 80 % de votre travail d\u00e8s le premier mois.","og_url":"https:\/\/emailtree.ai\/fr\/hyperautomation-center-d-excellence\/","og_site_name":"EmailTree AI","article_modified_time":"2022-08-02T12:01:09+00:00","og_image":[{"width":620,"height":628,"url":"https:\/\/emailtree.ai\/wp-content\/uploads\/Feature-image-ET-quickly-integrate-620x628-1.png","type":"image\/png"}],"twitter_card":"summary_large_image","twitter_misc":{"Dur\u00e9e de lecture estim\u00e9e":"9 minutes"},"schema":{"@context":"https:\/\/schema.org","@graph":[{"@type":"WebPage","@id":"https:\/\/emailtree.ai\/fr\/hyperautomation-center-d-excellence\/","url":"https:\/\/emailtree.ai\/fr\/hyperautomation-center-d-excellence\/","name":"CX Hyperautomation | Int\u00e9grez et connectez vos donn\u00e9es | EmailTree.ai","isPartOf":{"@id":"https:\/\/emailtree.ai\/fr\/#website"},"primaryImageOfPage":{"@id":"https:\/\/emailtree.ai\/fr\/hyperautomation-center-d-excellence\/#primaryimage"},"image":{"@id":"https:\/\/emailtree.ai\/fr\/hyperautomation-center-d-excellence\/#primaryimage"},"thumbnailUrl":"https:\/\/emailtree.ai\/wp-content\/uploads\/Feature-image-ET-quickly-integrate-620x628-1.png","datePublished":"2022-03-22T13:10:59+00:00","dateModified":"2022-08-02T12:01:09+00:00","description":"Cr\u00e9ez votre centre d'excellence en hyperautomatisation et automatisez 80 % de votre travail d\u00e8s le premier mois.","breadcrumb":{"@id":"https:\/\/emailtree.ai\/fr\/hyperautomation-center-d-excellence\/#breadcrumb"},"inLanguage":"fr-FR","potentialAction":[{"@type":"ReadAction","target":["https:\/\/emailtree.ai\/fr\/hyperautomation-center-d-excellence\/"]}]},{"@type":"ImageObject","inLanguage":"fr-FR","@id":"https:\/\/emailtree.ai\/fr\/hyperautomation-center-d-excellence\/#primaryimage","url":"https:\/\/emailtree.ai\/wp-content\/uploads\/Feature-image-ET-quickly-integrate-620x628-1.png","contentUrl":"https:\/\/emailtree.ai\/wp-content\/uploads\/Feature-image-ET-quickly-integrate-620x628-1.png","width":620,"height":628,"caption":"Quickly integrate your data into EmailTree.ai"},{"@type":"BreadcrumbList","@id":"https:\/\/emailtree.ai\/fr\/hyperautomation-center-d-excellence\/#breadcrumb","itemListElement":[{"@type":"ListItem","position":1,"name":"Home","item":"https:\/\/emailtree.ai\/fr\/"},{"@type":"ListItem","position":2,"name":"Integration"}]},{"@type":"WebSite","@id":"https:\/\/emailtree.ai\/fr\/#website","url":"https:\/\/emailtree.ai\/fr\/","name":"EmailTree AI","description":"Customer Service Hyperautomation","potentialAction":[{"@type":"SearchAction","target":{"@type":"EntryPoint","urlTemplate":"https:\/\/emailtree.ai\/fr\/?s={search_term_string}"},"query-input":{"@type":"PropertyValueSpecification","valueRequired":true,"valueName":"search_term_string"}}],"inLanguage":"fr-FR"}]}},"_links":{"self":[{"href":"https:\/\/emailtree.ai\/fr\/wp-json\/wp\/v2\/pages\/6682"}],"collection":[{"href":"https:\/\/emailtree.ai\/fr\/wp-json\/wp\/v2\/pages"}],"about":[{"href":"https:\/\/emailtree.ai\/fr\/wp-json\/wp\/v2\/types\/page"}],"author":[{"embeddable":true,"href":"https:\/\/emailtree.ai\/fr\/wp-json\/wp\/v2\/users\/8"}],"replies":[{"embeddable":true,"href":"https:\/\/emailtree.ai\/fr\/wp-json\/wp\/v2\/comments?post=6682"}],"version-history":[{"count":0,"href":"https:\/\/emailtree.ai\/fr\/wp-json\/wp\/v2\/pages\/6682\/revisions"}],"wp:featuredmedia":[{"embeddable":true,"href":"https:\/\/emailtree.ai\/fr\/wp-json\/wp\/v2\/media\/6260"}],"wp:attachment":[{"href":"https:\/\/emailtree.ai\/fr\/wp-json\/wp\/v2\/media?parent=6682"}],"curies":[{"name":"wp","href":"https:\/\/api.w.org\/{rel}","templated":true}]}}