{"id":6719,"date":"2022-02-01T14:34:44","date_gmt":"2022-02-01T14:34:44","guid":{"rendered":"https:\/\/emailtree.ai\/customer-success-stories\/customer-success-story-jm-band\/"},"modified":"2022-04-07T11:54:22","modified_gmt":"2022-04-07T11:54:22","slug":"customer-success-story-jm-band","status":"publish","type":"page","link":"https:\/\/emailtree.ai\/fr\/customer-success-stories\/customer-success-story-jm-band\/","title":{"rendered":"Customer Success Story: JM Band"},"content":{"rendered":"<h1 style=\"text-align: left;\"><strong>Customer Success Story: JM Band<\/strong><\/h1>\n<p>&nbsp;<!--EndFragment--><\/p>\n<p style=\"\">CLIENT:&nbsp;<strong>JM Band<\/strong><\/p>\n<p style=\"\">PAYS : DANEMARK<\/p>\n<p style=\"\">INDUSTRIE : ecommerce<\/p>\n<p style=\"text-align: center;\"><em>\u00ab\u00a0Vous \u00eates en mission, vous \u00eates en avance sur votre temps et nous voulons \u00eatre vos partenaires\u00a0\u00bb.<\/em><\/p>\n<p style=\"text-align: center;\"><em>&nbsp; &nbsp; &nbsp; &nbsp; &nbsp; &nbsp; &nbsp; &nbsp; &nbsp; &nbsp; &nbsp; &nbsp; &nbsp; &nbsp; &nbsp; &nbsp; &nbsp;Hans Christian H\u00f8rup Hellstern (General Manager)<\/em><\/p>\n<p><span><a href=\"https:\/\/jmband.dk\/\" target=\"_blank\" rel=\"noopener\"><img decoding=\"async\" alt=\"\" data-id=\"4529\" width=\"150\" data-init-width=\"150\" height=\"150\" data-init-height=\"150\" title=\"Picture2\" loading=\"lazy\" src=\"https:\/\/emailtree.ai\/wp-content\/uploads\/Picture2-150x150-1.png\" data-width=\"150\" data-height=\"150\" data-link-wrap=\"true\"><\/a><\/span><\/p>\n<p><span style=\"color: inherit;\">DESCRIPTION DU CLIENT<\/span><\/p>\n<p style=\"\"><span style=\"color: inherit;\">\u00ab\u00a0JM Band est l&rsquo;un des principaux fournisseurs de bracelets en papier personnalis\u00e9s, de bracelets de festival et de billets. Depuis 1993, JM Band fournit \u00e0 des organisations et \u00e0 des clients priv\u00e9s des produits de grande qualit\u00e9 et des niveaux de service \u00e9lev\u00e9s.\u00a0\u00bb<\/span><\/p>\n<p style=\"\"><strong><span style=\"font-size: 26px;\">1. Le challenge<\/span><\/strong><a href=\"https:\/\/jmband.dk\/\" target=\"_blank\" style=\"outline: none;\" rel=\"noopener\">JM Band<\/a> re\u00e7oit des milliers de demandes de clients par mois, dans 11 langues diff\u00e9rentes, concernant des produits tr\u00e8s divers (nouvelles commandes, prix de diff\u00e9rents produits, d\u00e9lai de livraison dans diff\u00e9rents pays, etc.)Il est tr\u00e8s difficile pour une petite \u00e9quipe de service \u00e0 la client\u00e8le de r\u00e9pondre aux demandes des clients en temps voulu (en respectant le SLA) tout en utilisant plusieurs langues.Parall\u00e8lement, il est n\u00e9cessaire de disposer d&rsquo;une visibilit\u00e9 sur l&rsquo;\u00e9tat des e-mails pour faciliter la gestion.En outre, il est essentiel de trouver un moyen efficace de classer les emails importants par ordre de priorit\u00e9 pour maintenir un niveau \u00e9lev\u00e9 de satisfaction des clients et des partenaires.<\/p>\n<p><strong>2. La solution<\/strong><\/p>\n<p>EmailTree AI rel\u00e8ve tous les d\u00e9fis mentionn\u00e9s ci-dessus en utilisant l&rsquo;intelligence artificielle (ML, NLP, NLU), gr\u00e2ce \u00e0 une s\u00e9rie de fonctionnalit\u00e9s intelligentes :<\/p>\n<p>&#8211; <a href=\"https:\/\/emailtree.ai\/fr\/classification-automatique\/\"><span style=\"text-decoration: underline;\">Classification automatique des emails<\/span><\/a> en sections pr\u00e9d\u00e9finies &#8211; apporte une grande visibilit\u00e9 et hi\u00e9rarchise les emails en fonction de leur typologie ;<span style=\"text-decoration: underline;\">&#8211; Dispach des emails<\/span> &#8211; tr\u00e8s utile lorsque plusieurs agents du Service Client utilisent la m\u00eame bo\u00eete aux lettres partag\u00e9e ; <span style=\"text-decoration: underline;\">&#8211; Smart Reply<\/span> &#8211; EmailTree pr\u00e9pare des suggestions de r\u00e9ponse que les agents n&rsquo;ont plus qu&rsquo;\u00e0 approuver ;<span style=\"text-decoration: underline;\">&#8211; Mod\u00e8les<\/span> &#8211; lors de l&rsquo;envoi d&#8217;emails standards aux partenaires ;<span style=\"text-decoration: underline;\">&#8211; D\u00e9tection de la langue<\/span> et service de traduction &#8211; r\u00e9pondre \u00e0 un email m\u00eame s&rsquo;il est r\u00e9dig\u00e9 dans une autre langue ;<span style=\"text-decoration: underline;\">&#8211; Gestionnaire d&rsquo;actions<\/span> &#8211; pour g\u00e9rer l&rsquo;activit\u00e9 globale ;<span style=\"text-decoration: underline;\">&#8211; Tableau de bord quotidien<\/span> (rapports) &#8211; visibilit\u00e9 sur le volume des emails, leur statut, l&rsquo;AHT, etc.<\/p>\n<p><strong><span style=\"font-size: 26px;\">3. Les&nbsp;<\/span><\/strong><span style=\"font-size: 26px;\"><b>b\u00e9n\u00e9fices<\/b><\/span><\/p>\n<p><span style=\"\"><a href=\"https:\/\/jmband.eu\/\" target=\"_blank\" rel=\"noopener\"><img decoding=\"async\" alt=\"\" data-id=\"4523\" width=\"201\" data-init-width=\"300\" height=\"98\" data-init-height=\"147\" title=\"Picture1\" loading=\"lazy\" src=\"https:\/\/emailtree.ai\/wp-content\/uploads\/Picture1-1-300x147-1.png\" data-width=\"201\" data-height=\"98\" style=\"\" mt-d=\"0\" data-link-wrap=\"true\" ml-d=\"0\"><\/a><\/span><\/p>\n<h4 style=\"\">\u201c<\/h4>\n<p dir=\"ltr\" style=\"\">\u00ab\u00a0Apr\u00e8s seulement quelques mois, EmailTree nous fait d\u00e9j\u00e0 gagner du temps\u00a0\u00bb.<\/p>\n<p dir=\"ltr\" style=\"\">\u00ab\u00a0Nous sommes pr\u00eats \u00e0 consacrer du temps, pour gagner du temps.\u00a0\u00bb<\/p>\n<p dir=\"ltr\" style=\"color: rgb(245, 246, 248) !important; --tcb-applied-color:rgb(245, 246, 248)  !important;\"><strong>Hans Christian H\u00f8rup Hellstern (General Manager) <\/strong><\/p>\n<p style=\"\"><strong><span style=\"font-size: 26px;\">4. Attentes et projets pour l&rsquo;avenir<\/span><\/strong><em><strong>\u00ab\u00a0Nous avons cherch\u00e9 un syst\u00e8me de messagerie pour nous aider \u00e0 r\u00e9pondre aux e-mails et le v\u00f4tre est le plus \u00e9volutif. Je suis purement dans une optique d&rsquo;efficacit\u00e9. Mon objectif est d&rsquo;activer la r\u00e9ponse automatique prochainement.\u00a0\u00bb<\/strong><\/em><\/p>\n<p style=\"text-align: right;\"><em>Hans Christian H\u00f8rup Hellstern (General Manager)<\/em><\/p>\n<p style=\"\"><em><span style=\"font-size: 14px;\">*R\u00e9ponse automatique = la capacit\u00e9 de la plateforme \u00e0 automatiser de bout en bout le processus de r\u00e9ponse. L&rsquo;IA d&rsquo;EmailTree comprend le texte, g\u00e9n\u00e8re la r\u00e9ponse et l&rsquo;envoie directement au client sans intervention humaine.<\/span><\/em><\/p>\n<h2 style=\"text-align: center;\"><strong><\/strong><strong>Pr\u00eat pour votre propre r\u00e9ussite?<\/strong><\/h2>\n<p style=\"text-align: center;\">Laissez-nous r\u00e9pondre \u00e0 vos questions gr\u00e2ce \u00e0 notre atelier d&rsquo;audit de l&rsquo;hyperautomatisation.<\/p>\n","protected":false},"excerpt":{"rendered":"<p>Customer Success Story: JM Band &nbsp; CLIENT:&nbsp;JM Band PAYS : DANEMARK INDUSTRIE : ecommerce \u00ab\u00a0Vous \u00eates en mission, vous \u00eates en avance sur votre temps et nous voulons \u00eatre vos partenaires\u00a0\u00bb. &nbsp; &nbsp; &nbsp; &nbsp; &nbsp; &nbsp; &nbsp; &nbsp; &nbsp; &nbsp; &nbsp; &nbsp; &nbsp; &nbsp; &nbsp; &nbsp; &nbsp;Hans Christian H\u00f8rup Hellstern (General Manager) DESCRIPTION DU [&hellip;]<\/p>\n","protected":false},"author":8,"featured_media":7496,"parent":2025,"menu_order":0,"comment_status":"closed","ping_status":"closed","template":"","meta":{"footnotes":""},"class_list":["post-6719","page","type-page","status-publish","has-post-thumbnail","hentry","post-wrapper","thrv_wrapper"],"yoast_head":"<!-- This site is optimized with the Yoast SEO plugin v23.6 - https:\/\/yoast.com\/wordpress\/plugins\/seo\/ -->\n<title>JM Band et EmailTree.ai | T\u00e9moignage client | Hyperautomatisation<\/title>\n<meta name=\"description\" content=\"EmailTree rel\u00e8ve les d\u00e9fis de relation client de JM Band, dont la gestion des demandes clients en 11 langues gr\u00e2ce \u00e0 l&#039;IA\" \/>\n<meta name=\"robots\" content=\"index, follow, max-snippet:-1, max-image-preview:large, max-video-preview:-1\" \/>\n<link rel=\"canonical\" href=\"https:\/\/emailtree.ai\/fr\/customer-success-stories\/customer-success-story-jm-band\/\" \/>\n<meta property=\"og:locale\" content=\"fr_FR\" \/>\n<meta property=\"og:type\" content=\"article\" \/>\n<meta property=\"og:title\" content=\"JM Band et EmailTree.ai | T\u00e9moignage client | Hyperautomatisation\" \/>\n<meta property=\"og:description\" content=\"EmailTree rel\u00e8ve les d\u00e9fis de relation client de JM Band, dont la gestion des demandes clients en 11 langues gr\u00e2ce \u00e0 l&#039;IA\" \/>\n<meta property=\"og:url\" content=\"https:\/\/emailtree.ai\/fr\/customer-success-stories\/customer-success-story-jm-band\/\" \/>\n<meta property=\"og:site_name\" content=\"EmailTree AI\" \/>\n<meta property=\"article:modified_time\" content=\"2022-04-07T11:54:22+00:00\" \/>\n<meta property=\"og:image\" content=\"https:\/\/emailtree.ai\/wp-content\/uploads\/Picture2-150x150-1.png\" \/>\n<meta name=\"twitter:card\" content=\"summary_large_image\" \/>\n<meta name=\"twitter:label1\" content=\"Dur\u00e9e de lecture estim\u00e9e\" \/>\n\t<meta name=\"twitter:data1\" content=\"3 minutes\" \/>\n<script type=\"application\/ld+json\" class=\"yoast-schema-graph\">{\"@context\":\"https:\/\/schema.org\",\"@graph\":[{\"@type\":\"WebPage\",\"@id\":\"https:\/\/emailtree.ai\/fr\/customer-success-stories\/customer-success-story-jm-band\/\",\"url\":\"https:\/\/emailtree.ai\/fr\/customer-success-stories\/customer-success-story-jm-band\/\",\"name\":\"JM Band et EmailTree.ai | T\u00e9moignage client | Hyperautomatisation\",\"isPartOf\":{\"@id\":\"https:\/\/emailtree.ai\/fr\/#website\"},\"primaryImageOfPage\":{\"@id\":\"https:\/\/emailtree.ai\/fr\/customer-success-stories\/customer-success-story-jm-band\/#primaryimage\"},\"image\":{\"@id\":\"https:\/\/emailtree.ai\/fr\/customer-success-stories\/customer-success-story-jm-band\/#primaryimage\"},\"thumbnailUrl\":\"https:\/\/emailtree.ai\/wp-content\/uploads\/JMband.jpg\",\"datePublished\":\"2022-02-01T14:34:44+00:00\",\"dateModified\":\"2022-04-07T11:54:22+00:00\",\"description\":\"EmailTree rel\u00e8ve les d\u00e9fis de relation client de JM Band, dont la gestion des demandes clients en 11 langues gr\u00e2ce \u00e0 l'IA\",\"breadcrumb\":{\"@id\":\"https:\/\/emailtree.ai\/fr\/customer-success-stories\/customer-success-story-jm-band\/#breadcrumb\"},\"inLanguage\":\"fr-FR\",\"potentialAction\":[{\"@type\":\"ReadAction\",\"target\":[\"https:\/\/emailtree.ai\/fr\/customer-success-stories\/customer-success-story-jm-band\/\"]}]},{\"@type\":\"ImageObject\",\"inLanguage\":\"fr-FR\",\"@id\":\"https:\/\/emailtree.ai\/fr\/customer-success-stories\/customer-success-story-jm-band\/#primaryimage\",\"url\":\"https:\/\/emailtree.ai\/wp-content\/uploads\/JMband.jpg\",\"contentUrl\":\"https:\/\/emailtree.ai\/wp-content\/uploads\/JMband.jpg\",\"width\":1400,\"height\":760},{\"@type\":\"BreadcrumbList\",\"@id\":\"https:\/\/emailtree.ai\/fr\/customer-success-stories\/customer-success-story-jm-band\/#breadcrumb\",\"itemListElement\":[{\"@type\":\"ListItem\",\"position\":1,\"name\":\"Home\",\"item\":\"https:\/\/emailtree.ai\/fr\/\"},{\"@type\":\"ListItem\",\"position\":2,\"name\":\"Customer Success Stories\",\"item\":\"https:\/\/emailtree.ai\/fr\/customer-success-stories\/\"},{\"@type\":\"ListItem\",\"position\":3,\"name\":\"Customer Success Story: JM Band\"}]},{\"@type\":\"WebSite\",\"@id\":\"https:\/\/emailtree.ai\/fr\/#website\",\"url\":\"https:\/\/emailtree.ai\/fr\/\",\"name\":\"EmailTree AI\",\"description\":\"Customer Service Hyperautomation\",\"potentialAction\":[{\"@type\":\"SearchAction\",\"target\":{\"@type\":\"EntryPoint\",\"urlTemplate\":\"https:\/\/emailtree.ai\/fr\/?s={search_term_string}\"},\"query-input\":{\"@type\":\"PropertyValueSpecification\",\"valueRequired\":true,\"valueName\":\"search_term_string\"}}],\"inLanguage\":\"fr-FR\"}]}<\/script>\n<!-- \/ Yoast SEO plugin. -->","yoast_head_json":{"title":"JM Band et EmailTree.ai | T\u00e9moignage client | Hyperautomatisation","description":"EmailTree rel\u00e8ve les d\u00e9fis de relation client de JM Band, dont la gestion des demandes clients en 11 langues gr\u00e2ce \u00e0 l'IA","robots":{"index":"index","follow":"follow","max-snippet":"max-snippet:-1","max-image-preview":"max-image-preview:large","max-video-preview":"max-video-preview:-1"},"canonical":"https:\/\/emailtree.ai\/fr\/customer-success-stories\/customer-success-story-jm-band\/","og_locale":"fr_FR","og_type":"article","og_title":"JM Band et EmailTree.ai | T\u00e9moignage client | Hyperautomatisation","og_description":"EmailTree rel\u00e8ve les d\u00e9fis de relation client de JM Band, dont la gestion des demandes clients en 11 langues gr\u00e2ce \u00e0 l'IA","og_url":"https:\/\/emailtree.ai\/fr\/customer-success-stories\/customer-success-story-jm-band\/","og_site_name":"EmailTree AI","article_modified_time":"2022-04-07T11:54:22+00:00","og_image":[{"url":"https:\/\/emailtree.ai\/wp-content\/uploads\/Picture2-150x150-1.png"}],"twitter_card":"summary_large_image","twitter_misc":{"Dur\u00e9e de lecture estim\u00e9e":"3 minutes"},"schema":{"@context":"https:\/\/schema.org","@graph":[{"@type":"WebPage","@id":"https:\/\/emailtree.ai\/fr\/customer-success-stories\/customer-success-story-jm-band\/","url":"https:\/\/emailtree.ai\/fr\/customer-success-stories\/customer-success-story-jm-band\/","name":"JM Band et EmailTree.ai | T\u00e9moignage client | Hyperautomatisation","isPartOf":{"@id":"https:\/\/emailtree.ai\/fr\/#website"},"primaryImageOfPage":{"@id":"https:\/\/emailtree.ai\/fr\/customer-success-stories\/customer-success-story-jm-band\/#primaryimage"},"image":{"@id":"https:\/\/emailtree.ai\/fr\/customer-success-stories\/customer-success-story-jm-band\/#primaryimage"},"thumbnailUrl":"https:\/\/emailtree.ai\/wp-content\/uploads\/JMband.jpg","datePublished":"2022-02-01T14:34:44+00:00","dateModified":"2022-04-07T11:54:22+00:00","description":"EmailTree rel\u00e8ve les d\u00e9fis de relation client de JM Band, dont la gestion des demandes clients en 11 langues gr\u00e2ce \u00e0 l'IA","breadcrumb":{"@id":"https:\/\/emailtree.ai\/fr\/customer-success-stories\/customer-success-story-jm-band\/#breadcrumb"},"inLanguage":"fr-FR","potentialAction":[{"@type":"ReadAction","target":["https:\/\/emailtree.ai\/fr\/customer-success-stories\/customer-success-story-jm-band\/"]}]},{"@type":"ImageObject","inLanguage":"fr-FR","@id":"https:\/\/emailtree.ai\/fr\/customer-success-stories\/customer-success-story-jm-band\/#primaryimage","url":"https:\/\/emailtree.ai\/wp-content\/uploads\/JMband.jpg","contentUrl":"https:\/\/emailtree.ai\/wp-content\/uploads\/JMband.jpg","width":1400,"height":760},{"@type":"BreadcrumbList","@id":"https:\/\/emailtree.ai\/fr\/customer-success-stories\/customer-success-story-jm-band\/#breadcrumb","itemListElement":[{"@type":"ListItem","position":1,"name":"Home","item":"https:\/\/emailtree.ai\/fr\/"},{"@type":"ListItem","position":2,"name":"Customer Success Stories","item":"https:\/\/emailtree.ai\/fr\/customer-success-stories\/"},{"@type":"ListItem","position":3,"name":"Customer Success Story: JM Band"}]},{"@type":"WebSite","@id":"https:\/\/emailtree.ai\/fr\/#website","url":"https:\/\/emailtree.ai\/fr\/","name":"EmailTree AI","description":"Customer Service Hyperautomation","potentialAction":[{"@type":"SearchAction","target":{"@type":"EntryPoint","urlTemplate":"https:\/\/emailtree.ai\/fr\/?s={search_term_string}"},"query-input":{"@type":"PropertyValueSpecification","valueRequired":true,"valueName":"search_term_string"}}],"inLanguage":"fr-FR"}]}},"_links":{"self":[{"href":"https:\/\/emailtree.ai\/fr\/wp-json\/wp\/v2\/pages\/6719"}],"collection":[{"href":"https:\/\/emailtree.ai\/fr\/wp-json\/wp\/v2\/pages"}],"about":[{"href":"https:\/\/emailtree.ai\/fr\/wp-json\/wp\/v2\/types\/page"}],"author":[{"embeddable":true,"href":"https:\/\/emailtree.ai\/fr\/wp-json\/wp\/v2\/users\/8"}],"replies":[{"embeddable":true,"href":"https:\/\/emailtree.ai\/fr\/wp-json\/wp\/v2\/comments?post=6719"}],"version-history":[{"count":0,"href":"https:\/\/emailtree.ai\/fr\/wp-json\/wp\/v2\/pages\/6719\/revisions"}],"up":[{"embeddable":true,"href":"https:\/\/emailtree.ai\/fr\/wp-json\/wp\/v2\/pages\/2025"}],"wp:featuredmedia":[{"embeddable":true,"href":"https:\/\/emailtree.ai\/fr\/wp-json\/wp\/v2\/media\/7496"}],"wp:attachment":[{"href":"https:\/\/emailtree.ai\/fr\/wp-json\/wp\/v2\/media?parent=6719"}],"curies":[{"name":"wp","href":"https:\/\/api.w.org\/{rel}","templated":true}]}}