{"id":7307,"date":"2022-04-21T15:39:20","date_gmt":"2022-04-21T15:39:20","guid":{"rendered":"https:\/\/emailtree.ai\/book-a-demo-today\/"},"modified":"2022-05-02T09:08:11","modified_gmt":"2022-05-02T09:08:11","slug":"reserver-une-demo","status":"publish","type":"page","link":"https:\/\/emailtree.ai\/fr\/reserver-une-demo\/","title":{"rendered":"Book a demo today"},"content":{"rendered":"<a class=\"tcb-logo thrv_wrapper\" href=\"https:\/\/emailtree.ai\/fr\/\" data-dynamic-link=\"thrive_global_shortcode_url\" data-shortcode-id=\"0\" data-img-style=\"\"><img decoding=\"async\" src=\"https:\/\/emailtree.ai\/wp-content\/uploads\/Logo-Dark-1.png\" height=\"185\" width=\"704\" alt=\"\" style=\"\" class=\"tve-not-lazy-loaded\"><\/img><\/a>\n<h1 style=\"text-align: left;\">Acc\u00e9dez aujourd&rsquo;hui \u00e0 une d\u00e9monstration gratuite et sans obligation d&rsquo;EmailTree.<\/h1>\n<h2 style=\"\"><span>Il suffit d&rsquo;utiliser le formulaire Calendly pour confirmer votre inscription.\ud83d\udc49<\/span><\/h2>\n<h2 style=\"\"><span>Just use the Calendly embed below to book your time. \ud83d\udc47<\/span><\/h2>\n<p style=\"\">Durant votre d\u00e9mo, nous allons :<\/p>\n<ul>\n<li style=\"\"><span style=\"\"><strong>Examiner les d\u00e9fis<\/strong> auxquels vous vous heurtez au sein de votre entreprise.<\/span><\/li>\n<li style=\"\"><span style=\"\">D\u00e9couvrez comment nous pouvons \u00e9laborer une <strong>solution sur mesure<\/strong> pour r\u00e9pondre \u00e0 VOS besoins.<\/span><\/li>\n<li style=\"\"><span style=\"\">Exp\u00e9rimentez concr\u00e8tement les r\u00e9sultats d&rsquo;un service client de bout en bout<\/span><\/li>\n<li style=\"\"><span style=\"\">B\u00e9n\u00e9ficier de notre simulateur unique de <strong>retour sur investissement<\/strong><\/span><\/li>\n<li style=\"\"><span style=\"\">R\u00e9pondre \u00e0 <strong>toutes les questions<\/strong> que vous pouvez avoir concernant EmailTree<\/span><\/li>\n<\/ul>\n<p style=\"\">Une reconnaissance pr\u00e9cise \u00e0 95% des questions de nos clients gr\u00e2ce \u00e0 l&rsquo;IA et des r\u00e9ponses structur\u00e9es quel que soit le correspondant, en cinq langues et cinq fois plus vite qu&rsquo;avant.<\/p>\n<p><span><img decoding=\"async\" alt=\"\" data-id=\"7220\" width=\"99\" data-init-width=\"400\" height=\"99\" data-init-height=\"400\" title=\"2MUFzDKR_400x400\" src=\"https:\/\/emailtree.ai\/wp-content\/uploads\/2MUFzDKR_400x400.jpg\" data-width=\"99\" data-height=\"99\" style=\"\" loading=\"lazy\"><\/span><\/p>\n<p><strong><span style=\"font-size: 16px;\">France-Diane Hardy<\/span><\/strong><span style=\"font-size: 14px;\">Directeur de la relation clientOrange Luxembourg<\/span><\/p>\n<p><!-- Calendly inline widget begin -->[tcb-script type=\u00a0\u00bbtext\/javascript\u00a0\u00bb src=\u00a0\u00bbhttps:\/\/assets.calendly.com\/assets\/external\/widget.js\u00a0\u00bb async=\u00a0\u00bb\u00a0\u00bb][\/tcb-script]<!-- Calendly inline widget end --><\/p>\n<p style=\"\">In your demo, we will:<\/p>\n<ul>\n<li><span style=\"\">Cover the <strong>main challenges<\/strong> you\u2019re facing within your organization<\/span><\/li>\n<li><span style=\"\">Find out how we can <strong>customize a solution<\/strong> to suit YOUR needs<\/span><\/li>\n<li><span style=\"\">Experience our <strong>End to End customer service<\/strong> in action<\/span><\/li>\n<li><span style=\"\">Take advantage of our <strong>unique ROI simulator<\/strong><\/span><\/li>\n<li><span style=\"\">Answer <strong>any questions you may have<\/strong> regarding EmailTree<\/span><\/li>\n<\/ul>\n<p style=\"\">95% accurate recognition of our customers&rsquo; questions thanks to AI and structured answers regardless of the correspondent, in five languages and five times faster than before.<\/p>\n<p><span><img decoding=\"async\" alt=\"\" data-id=\"7220\" width=\"0\" data-init-width=\"400\" height=\"0\" data-init-height=\"400\" title=\"2MUFzDKR_400x400\" src=\"https:\/\/emailtree.ai\/wp-content\/uploads\/2MUFzDKR_400x400.jpg\" data-width=\"0\" data-height=\"0\" style=\"\" loading=\"lazy\"><\/span><\/p>\n<p><strong><span style=\"font-size: 16px;\">France-Diane Hardy<\/span><\/strong><span style=\"font-size: 14px;\">Customer Relationship DirectorOrange Luxembourg<\/span><\/p>\n<p style=\"\">Nos clients<\/p>\n<p><span><img decoding=\"async\" alt=\"\" data-id=\"28\" data-init-width=\"150\" data-init-height=\"150\" title=\"orange-logo\" src=\"https:\/\/emailtree.ai\/wp-content\/uploads\/2020\/01\/orange-logo-150x150.png\" data-width=\"101\" data-height=\"101\" width=\"101\" height=\"101\" loading=\"lazy\"><\/span><span><img decoding=\"async\" alt=\"\" data-id=\"3935\" data-init-width=\"150\" data-init-height=\"67\" title=\"1200px-E\u0301lectricite\u0301_de_France.svg_-150x67\" src=\"https:\/\/emailtree.ai\/wp-content\/uploads\/1200px-E\u0301lectricite\u0301_de_France.svg_-150x67-1.png\" data-width=\"150\" data-height=\"67\" width=\"150\" height=\"67\" loading=\"lazy\"><\/span><span><img decoding=\"async\" alt=\"\" data-id=\"478\" data-init-width=\"150\" data-init-height=\"60\" title=\"logo-bwm\" src=\"https:\/\/emailtree.ai\/wp-content\/uploads\/2020\/01\/logo-bwm-150x60.png\" data-width=\"150\" data-height=\"60\" width=\"150\" height=\"60\" loading=\"lazy\"><\/span><span><img decoding=\"async\" alt=\"\" data-id=\"4778\" data-init-width=\"120\" data-init-height=\"60\" title=\"Rectangle 101 (1)\" src=\"https:\/\/emailtree.ai\/wp-content\/uploads\/Rectangle-101-1.png\" data-width=\"120\" data-height=\"60\" width=\"120\" height=\"60\" style=\"\" loading=\"lazy\"><\/span><span><img decoding=\"async\" alt=\"\" data-id=\"4808\" data-init-width=\"121\" data-init-height=\"60\" title=\"Rectangle 106\" src=\"https:\/\/emailtree.ai\/wp-content\/uploads\/Rectangle-106.png\" data-width=\"153\" data-height=\"76\" style=\"\" width=\"153\" height=\"76\" loading=\"lazy\"><\/span><span><img decoding=\"async\" alt=\"\" data-id=\"4784\" width=\"120\" data-init-width=\"120\" height=\"60\" data-init-height=\"60\" title=\"Rectangle 102\" src=\"https:\/\/emailtree.ai\/wp-content\/uploads\/Rectangle-102.png\" data-width=\"120\" data-height=\"60\" loading=\"lazy\"><\/span><span><img decoding=\"async\" alt=\"\" data-id=\"4790\" data-init-width=\"120\" data-init-height=\"14\" title=\"CFL\" src=\"https:\/\/emailtree.ai\/wp-content\/uploads\/CFL.png\" data-width=\"150\" data-height=\"18\" width=\"150\" height=\"18\" style=\"\" loading=\"lazy\"><\/span><span><img decoding=\"async\" alt=\"\" data-id=\"4796\" data-init-width=\"121\" data-init-height=\"60\" title=\"Rectangle 104\" src=\"https:\/\/emailtree.ai\/wp-content\/uploads\/Rectangle-104.png\" data-width=\"150\" data-height=\"74\" width=\"150\" height=\"74\" loading=\"lazy\"><\/span><span><img decoding=\"async\" alt=\"\" data-id=\"4802\" data-init-width=\"120\" data-init-height=\"60\" title=\"Rectangle 105\" src=\"https:\/\/emailtree.ai\/wp-content\/uploads\/Rectangle-105.png\" data-width=\"120\" data-height=\"60\" style=\"\" width=\"120\" height=\"60\" loading=\"lazy\"><\/span><span><img decoding=\"async\" alt=\"\" data-id=\"7079\" width=\"153\" data-init-width=\"153\" height=\"52\" data-init-height=\"52\" title=\"montley zoo 1\" src=\"https:\/\/emailtree.ai\/wp-content\/uploads\/montley-zoo-1.png\" data-width=\"153\" data-height=\"52\" loading=\"lazy\"><\/span><span><img decoding=\"async\" alt=\"\" data-id=\"6299\" width=\"150\" data-init-width=\"1600\" height=\"56\" data-init-height=\"596\" title=\"Logo_kompass_transparent_HD\" src=\"https:\/\/emailtree.ai\/wp-content\/uploads\/Logo_kompass_transparent_HD.png\" data-width=\"150\" data-height=\"56\" loading=\"lazy\"><\/span><\/p>\n<p style=\"\">Nos partenaires<\/p>\n<p><span><img decoding=\"async\" alt=\"\" data-id=\"3953\" data-init-width=\"150\" data-init-height=\"32\" title=\"Microsoft-logo-150x32\" src=\"https:\/\/emailtree.ai\/wp-content\/uploads\/Microsoft-logo-150x32-1.png\" data-width=\"150\" data-height=\"32\" width=\"150\" height=\"32\" loading=\"lazy\"><\/span><span><img decoding=\"async\" alt=\"\" data-id=\"3959\" data-init-width=\"150\" data-init-height=\"52\" title=\"NVIDIA-Inception-logo-150x52\" src=\"https:\/\/emailtree.ai\/wp-content\/uploads\/NVIDIA-Inception-logo-150x52-1.png\" data-width=\"150\" data-height=\"52\" width=\"150\" height=\"52\" loading=\"lazy\"><\/span><span><img decoding=\"async\" alt=\"\" data-id=\"3965\" data-init-width=\"149\" data-init-height=\"39\" title=\"bnp-paribas-150x39\" src=\"https:\/\/emailtree.ai\/wp-content\/uploads\/bnp-paribas-150x39-1.png\" data-width=\"149\" data-height=\"39\" width=\"149\" height=\"39\" loading=\"lazy\"><\/span><span><img decoding=\"async\" alt=\"\" data-id=\"3971\" data-init-width=\"101\" data-init-height=\"49\" title=\"ey\" src=\"https:\/\/emailtree.ai\/wp-content\/uploads\/ey.png\" data-width=\"101\" data-height=\"49\" width=\"101\" height=\"49\" loading=\"lazy\"><\/span><\/p>\n","protected":false},"excerpt":{"rendered":"<p>Acc\u00e9dez aujourd&rsquo;hui \u00e0 une d\u00e9monstration gratuite et sans obligation d&rsquo;EmailTree. Il suffit d&rsquo;utiliser le formulaire Calendly pour confirmer votre inscription.\ud83d\udc49 Just use the Calendly embed below to book your time. \ud83d\udc47 Durant votre d\u00e9mo, nous allons : Examiner les d\u00e9fis auxquels vous vous heurtez au sein de votre entreprise. D\u00e9couvrez comment nous pouvons \u00e9laborer une [&hellip;]<\/p>\n","protected":false},"author":8,"featured_media":4881,"parent":0,"menu_order":0,"comment_status":"closed","ping_status":"closed","template":"","meta":{"footnotes":""},"class_list":["post-7307","page","type-page","status-publish","has-post-thumbnail","hentry","post-wrapper","thrv_wrapper"],"yoast_head":"<!-- This site is optimized with the Yoast SEO plugin v23.6 - https:\/\/yoast.com\/wordpress\/plugins\/seo\/ -->\n<title>R\u00e9servez une d\u00e9monstration | Service Client avec IA | EmailTree.ai<\/title>\n<meta name=\"description\" content=\"Vous cherchez \u00e0 vous engager aupr\u00e8s des clients gr\u00e2ce \u00e0 l&#039;automatisation? Ou vous \u00eates int\u00e9ress\u00e9 par l&#039;automatisation du service client ?\" \/>\n<meta name=\"robots\" content=\"index, follow, max-snippet:-1, max-image-preview:large, max-video-preview:-1\" \/>\n<link rel=\"canonical\" href=\"https:\/\/emailtree.ai\/fr\/reserver-une-demo\/\" \/>\n<meta property=\"og:locale\" content=\"fr_FR\" \/>\n<meta property=\"og:type\" content=\"article\" \/>\n<meta property=\"og:title\" content=\"R\u00e9servez une d\u00e9monstration | Service Client avec IA | EmailTree.ai\" \/>\n<meta property=\"og:description\" content=\"Vous cherchez \u00e0 vous engager aupr\u00e8s des clients gr\u00e2ce \u00e0 l&#039;automatisation? Ou vous \u00eates int\u00e9ress\u00e9 par l&#039;automatisation du service client ?\" \/>\n<meta property=\"og:url\" content=\"https:\/\/emailtree.ai\/fr\/reserver-une-demo\/\" \/>\n<meta property=\"og:site_name\" content=\"EmailTree AI\" \/>\n<meta property=\"article:modified_time\" content=\"2022-05-02T09:08:11+00:00\" \/>\n<meta property=\"og:image\" content=\"https:\/\/emailtree.ai\/wp-content\/uploads\/Frame-523.png\" \/>\n\t<meta property=\"og:image:width\" content=\"474\" \/>\n\t<meta property=\"og:image:height\" content=\"475\" \/>\n\t<meta property=\"og:image:type\" content=\"image\/png\" \/>\n<meta name=\"twitter:card\" content=\"summary_large_image\" \/>\n<meta name=\"twitter:label1\" content=\"Dur\u00e9e de lecture estim\u00e9e\" \/>\n\t<meta name=\"twitter:data1\" content=\"5 minutes\" \/>\n<script type=\"application\/ld+json\" class=\"yoast-schema-graph\">{\"@context\":\"https:\/\/schema.org\",\"@graph\":[{\"@type\":\"WebPage\",\"@id\":\"https:\/\/emailtree.ai\/fr\/reserver-une-demo\/\",\"url\":\"https:\/\/emailtree.ai\/fr\/reserver-une-demo\/\",\"name\":\"R\u00e9servez une d\u00e9monstration | Service Client avec IA | EmailTree.ai\",\"isPartOf\":{\"@id\":\"https:\/\/emailtree.ai\/fr\/#website\"},\"primaryImageOfPage\":{\"@id\":\"https:\/\/emailtree.ai\/fr\/reserver-une-demo\/#primaryimage\"},\"image\":{\"@id\":\"https:\/\/emailtree.ai\/fr\/reserver-une-demo\/#primaryimage\"},\"thumbnailUrl\":\"https:\/\/emailtree.ai\/wp-content\/uploads\/Frame-523.png\",\"datePublished\":\"2022-04-21T15:39:20+00:00\",\"dateModified\":\"2022-05-02T09:08:11+00:00\",\"description\":\"Vous cherchez \u00e0 vous engager aupr\u00e8s des clients gr\u00e2ce \u00e0 l'automatisation? Ou vous \u00eates int\u00e9ress\u00e9 par l'automatisation du service client ?\",\"breadcrumb\":{\"@id\":\"https:\/\/emailtree.ai\/fr\/reserver-une-demo\/#breadcrumb\"},\"inLanguage\":\"fr-FR\",\"potentialAction\":[{\"@type\":\"ReadAction\",\"target\":[\"https:\/\/emailtree.ai\/fr\/reserver-une-demo\/\"]}]},{\"@type\":\"ImageObject\",\"inLanguage\":\"fr-FR\",\"@id\":\"https:\/\/emailtree.ai\/fr\/reserver-une-demo\/#primaryimage\",\"url\":\"https:\/\/emailtree.ai\/wp-content\/uploads\/Frame-523.png\",\"contentUrl\":\"https:\/\/emailtree.ai\/wp-content\/uploads\/Frame-523.png\",\"width\":474,\"height\":475,\"caption\":\"Book a demo of EmailTree\"},{\"@type\":\"BreadcrumbList\",\"@id\":\"https:\/\/emailtree.ai\/fr\/reserver-une-demo\/#breadcrumb\",\"itemListElement\":[{\"@type\":\"ListItem\",\"position\":1,\"name\":\"Home\",\"item\":\"https:\/\/emailtree.ai\/fr\/\"},{\"@type\":\"ListItem\",\"position\":2,\"name\":\"Book a demo today\"}]},{\"@type\":\"WebSite\",\"@id\":\"https:\/\/emailtree.ai\/fr\/#website\",\"url\":\"https:\/\/emailtree.ai\/fr\/\",\"name\":\"EmailTree AI\",\"description\":\"Customer Service Hyperautomation\",\"potentialAction\":[{\"@type\":\"SearchAction\",\"target\":{\"@type\":\"EntryPoint\",\"urlTemplate\":\"https:\/\/emailtree.ai\/fr\/?s={search_term_string}\"},\"query-input\":{\"@type\":\"PropertyValueSpecification\",\"valueRequired\":true,\"valueName\":\"search_term_string\"}}],\"inLanguage\":\"fr-FR\"}]}<\/script>\n<!-- \/ Yoast SEO plugin. -->","yoast_head_json":{"title":"R\u00e9servez une d\u00e9monstration | Service Client avec IA | EmailTree.ai","description":"Vous cherchez \u00e0 vous engager aupr\u00e8s des clients gr\u00e2ce \u00e0 l'automatisation? Ou vous \u00eates int\u00e9ress\u00e9 par l'automatisation du service client ?","robots":{"index":"index","follow":"follow","max-snippet":"max-snippet:-1","max-image-preview":"max-image-preview:large","max-video-preview":"max-video-preview:-1"},"canonical":"https:\/\/emailtree.ai\/fr\/reserver-une-demo\/","og_locale":"fr_FR","og_type":"article","og_title":"R\u00e9servez une d\u00e9monstration | Service Client avec IA | EmailTree.ai","og_description":"Vous cherchez \u00e0 vous engager aupr\u00e8s des clients gr\u00e2ce \u00e0 l'automatisation? Ou vous \u00eates int\u00e9ress\u00e9 par l'automatisation du service client ?","og_url":"https:\/\/emailtree.ai\/fr\/reserver-une-demo\/","og_site_name":"EmailTree AI","article_modified_time":"2022-05-02T09:08:11+00:00","og_image":[{"width":474,"height":475,"url":"https:\/\/emailtree.ai\/wp-content\/uploads\/Frame-523.png","type":"image\/png"}],"twitter_card":"summary_large_image","twitter_misc":{"Dur\u00e9e de lecture estim\u00e9e":"5 minutes"},"schema":{"@context":"https:\/\/schema.org","@graph":[{"@type":"WebPage","@id":"https:\/\/emailtree.ai\/fr\/reserver-une-demo\/","url":"https:\/\/emailtree.ai\/fr\/reserver-une-demo\/","name":"R\u00e9servez une d\u00e9monstration | Service Client avec IA | EmailTree.ai","isPartOf":{"@id":"https:\/\/emailtree.ai\/fr\/#website"},"primaryImageOfPage":{"@id":"https:\/\/emailtree.ai\/fr\/reserver-une-demo\/#primaryimage"},"image":{"@id":"https:\/\/emailtree.ai\/fr\/reserver-une-demo\/#primaryimage"},"thumbnailUrl":"https:\/\/emailtree.ai\/wp-content\/uploads\/Frame-523.png","datePublished":"2022-04-21T15:39:20+00:00","dateModified":"2022-05-02T09:08:11+00:00","description":"Vous cherchez \u00e0 vous engager aupr\u00e8s des clients gr\u00e2ce \u00e0 l'automatisation? Ou vous \u00eates int\u00e9ress\u00e9 par l'automatisation du service client ?","breadcrumb":{"@id":"https:\/\/emailtree.ai\/fr\/reserver-une-demo\/#breadcrumb"},"inLanguage":"fr-FR","potentialAction":[{"@type":"ReadAction","target":["https:\/\/emailtree.ai\/fr\/reserver-une-demo\/"]}]},{"@type":"ImageObject","inLanguage":"fr-FR","@id":"https:\/\/emailtree.ai\/fr\/reserver-une-demo\/#primaryimage","url":"https:\/\/emailtree.ai\/wp-content\/uploads\/Frame-523.png","contentUrl":"https:\/\/emailtree.ai\/wp-content\/uploads\/Frame-523.png","width":474,"height":475,"caption":"Book a demo of EmailTree"},{"@type":"BreadcrumbList","@id":"https:\/\/emailtree.ai\/fr\/reserver-une-demo\/#breadcrumb","itemListElement":[{"@type":"ListItem","position":1,"name":"Home","item":"https:\/\/emailtree.ai\/fr\/"},{"@type":"ListItem","position":2,"name":"Book a demo today"}]},{"@type":"WebSite","@id":"https:\/\/emailtree.ai\/fr\/#website","url":"https:\/\/emailtree.ai\/fr\/","name":"EmailTree AI","description":"Customer Service Hyperautomation","potentialAction":[{"@type":"SearchAction","target":{"@type":"EntryPoint","urlTemplate":"https:\/\/emailtree.ai\/fr\/?s={search_term_string}"},"query-input":{"@type":"PropertyValueSpecification","valueRequired":true,"valueName":"search_term_string"}}],"inLanguage":"fr-FR"}]}},"_links":{"self":[{"href":"https:\/\/emailtree.ai\/fr\/wp-json\/wp\/v2\/pages\/7307"}],"collection":[{"href":"https:\/\/emailtree.ai\/fr\/wp-json\/wp\/v2\/pages"}],"about":[{"href":"https:\/\/emailtree.ai\/fr\/wp-json\/wp\/v2\/types\/page"}],"author":[{"embeddable":true,"href":"https:\/\/emailtree.ai\/fr\/wp-json\/wp\/v2\/users\/8"}],"replies":[{"embeddable":true,"href":"https:\/\/emailtree.ai\/fr\/wp-json\/wp\/v2\/comments?post=7307"}],"version-history":[{"count":0,"href":"https:\/\/emailtree.ai\/fr\/wp-json\/wp\/v2\/pages\/7307\/revisions"}],"wp:featuredmedia":[{"embeddable":true,"href":"https:\/\/emailtree.ai\/fr\/wp-json\/wp\/v2\/media\/4881"}],"wp:attachment":[{"href":"https:\/\/emailtree.ai\/fr\/wp-json\/wp\/v2\/media?parent=7307"}],"curies":[{"name":"wp","href":"https:\/\/api.w.org\/{rel}","templated":true}]}}